{"id":3545,"date":"2025-10-19T08:53:58","date_gmt":"2025-10-19T08:53:58","guid":{"rendered":"https:\/\/wavexia.com\/product\/beauty-of-joseon-revive-eye-serum-ginseng-retinal-30ml\/"},"modified":"2026-03-10T07:30:55","modified_gmt":"2026-03-10T07:30:55","slug":"beauty-of-joseon-revive-eye-serum-ginseng-retinal-30ml","status":"publish","type":"product","link":"https:\/\/wavexia.com\/?product=beauty-of-joseon-revive-eye-serum-ginseng-retinal-30ml","title":{"rendered":"Beauty of Joseon Revive Eye Serum Ginseng + Retinal 30ml"},"content":{"rendered":"<h2>Description<\/h2>\n<p>Le Beauty of Joseon Revive Eye Serum Ginseng + Retinal est un incontournable pour la peau sensible du contour des yeux ! Ce s\u00e9rum s\u2019attaque efficacement aux rides et ridules et regorge de ginseng et de r\u00e9tinol.<\/p>\n<p>La formule sp\u00e9ciale raffermit, revitalise et lisse la peau du contour des yeux. Vous aurez l\u2019air plus repos\u00e9 et votre peau sera \u00e9clatante ! Vous \u00eates toujours \u00e0 la recherche d\u2019une cr\u00e8me contour des yeux qui pr\u00e9vient visiblement les signes de l\u2019\u00e2ge ? Ne cherchez plus, ce s\u00e9rum sera votre nouveau Saint Graal !<\/p>\n<p><strong>Ce s\u00e9rum :<\/strong><\/p>\n<ul>\n<li>surtout pour le contour des yeux<\/li>\n<li>combat efficacement les rides et ridules<\/li>\n<li>la formule raffermit, revitalise et lisse la peau autour des yeux<\/li>\n<li>la peau brillera<\/li>\n<li>sans parfum<\/li>\n<li>sans cruaut\u00e9<\/li>\n<li>v\u00e9g\u00e9talien<\/li>\n<\/ul>\n<p><strong>Comment utiliser:<\/strong><\/p>\n<ul>\n<li>Nettoyez votre peau comme d\u2019habitude et appliquez un tonique.<\/li>\n<li>Prenez 1-2 pompes de s\u00e9rum et tamponnez-le sur la peau autour de vos yeux avec votre annulaire.<\/li>\n<li>Peut \u00eatre utilis\u00e9 sur tout le visage.<\/li>\n<\/ul>\n<p><strong>Ingr\u00e9dients:<\/strong><br \/>Water, Panax Ginseng Root Extract, Glycerin, Dipropylene Glycol, Caprylic\/capric Triglyceride, 1,2-Hexanediol, Pentaerythrityl Tetraethylhexanoate, Niacinamide, Butylene Glycol Dicaprylate\/dicaprate, Cetearyl Alcohol, Sorbitan Olivate, Cetearyl Olivate, Butylene Glycol, Hydromergenated Lecithin, Hydromergenated Glycol, , Glyceryl Stearate,macadamia Ternifolia Seed Oil, Adenosine, Theobroma Cacao (Cocoa) Extract, Dextrin,cholesterol, Polyglyceryl-10 Oleate, Retinal, Brassica Campestris (Rapeseed) Sterols,phytosteryl\/behenyl\/octyldodecyl, Sotopherateal Siluroyl Glutadium , Aluminum\/magnesium Hydroxide Stearate, Potassium Cetyl Phosphate,pentaerythrityl Tetra-di-t-butyl Hydroxyhydrocinnamate, Ceramide Np, Palmitoyltripeptide-5, Disodium Edta, Ethylhexylglycerin<\/p>\n","protected":false},"excerpt":{"rendered":"<p>Description Le Beauty of Joseon Revive Eye Serum Ginseng + Retinal est un incontournable pour la peau sensible du contour des yeux ! Ce s\u00e9rum s\u2019attaque efficacement aux rides et ridules et regorge de ginseng et de r\u00e9tinol. La formule sp\u00e9ciale raffermit, revitalise et lisse la peau du contour des yeux. Vous aurez l\u2019air plus [&hellip;]<\/p>\n","protected":false},"featured_media":2207,"comment_status":"open","ping_status":"closed","template":"","meta":{"content-type":"","_uag_custom_page_level_css":""},"pwb-brand":[],"product_brand":[],"product_cat":[357,354,352,327,334],"product_tag":[],"class_list":{"0":"post-3545","1":"product","2":"type-product","3":"status-publish","4":"has-post-thumbnail","6":"product_cat-anti-age-rides","7":"product_cat-beauty-of-joseon","8":"product_cat-contour-des-yeux","9":"product_cat-hmizat","10":"product_cat-produits-coreens","12":"first","13":"instock","14":"sale","15":"shipping-taxable","16":"purchasable","17":"product-type-simple"},"aioseo_notices":[],"uagb_featured_image_src":{"full":["https:\/\/wavexia.com\/wp-content\/uploads\/2025\/10\/800x800_66d8c156-5594-4d88-8654-978ddb0cc111.webp",800,800,false],"thumbnail":["https:\/\/wavexia.com\/wp-content\/uploads\/2025\/10\/800x800_66d8c156-5594-4d88-8654-978ddb0cc111-150x150.webp",150,150,true],"medium":["https:\/\/wavexia.com\/wp-content\/uploads\/2025\/10\/800x800_66d8c156-5594-4d88-8654-978ddb0cc111-300x300.webp",300,300,true],"medium_large":["https:\/\/wavexia.com\/wp-content\/uploads\/2025\/10\/800x800_66d8c156-5594-4d88-8654-978ddb0cc111-768x768.webp",768,768,true],"large":["https:\/\/wavexia.com\/wp-content\/uploads\/2025\/10\/800x800_66d8c156-5594-4d88-8654-978ddb0cc111.webp",800,800,false],"1536x1536":["https:\/\/wavexia.com\/wp-content\/uploads\/2025\/10\/800x800_66d8c156-5594-4d88-8654-978ddb0cc111.webp",800,800,false],"2048x2048":["https:\/\/wavexia.com\/wp-content\/uploads\/2025\/10\/800x800_66d8c156-5594-4d88-8654-978ddb0cc111.webp",800,800,false],"woocommerce_archive_thumbnail":["https:\/\/wavexia.com\/wp-content\/uploads\/2025\/10\/800x800_66d8c156-5594-4d88-8654-978ddb0cc111-300x300.webp",300,300,true],"woocommerce_thumbnail":["https:\/\/wavexia.com\/wp-content\/uploads\/2025\/10\/800x800_66d8c156-5594-4d88-8654-978ddb0cc111-300x300.webp",300,300,true],"woocommerce_single":["https:\/\/wavexia.com\/wp-content\/uploads\/2025\/10\/800x800_66d8c156-5594-4d88-8654-978ddb0cc111-600x600.webp",600,600,true],"woocommerce_gallery_thumbnail":["https:\/\/wavexia.com\/wp-content\/uploads\/2025\/10\/800x800_66d8c156-5594-4d88-8654-978ddb0cc111-100x100.webp",100,100,true]},"uagb_author_info":{"display_name":"zineddine.ayoub98@gmail.com","author_link":"https:\/\/wavexia.com\/?author=0"},"uagb_comment_info":0,"uagb_excerpt":"Description Le Beauty of Joseon Revive Eye Serum Ginseng + Retinal est un incontournable pour la peau sensible du contour des yeux ! Ce s\u00e9rum s\u2019attaque efficacement aux rides et ridules et regorge de ginseng et de r\u00e9tinol. La formule sp\u00e9ciale raffermit, revitalise et lisse la peau du contour des yeux. Vous aurez l\u2019air plus&hellip;","brands":[],"_links":{"self":[{"href":"https:\/\/wavexia.com\/index.php?rest_route=\/wp\/v2\/product\/3545","targetHints":{"allow":["GET"]}}],"collection":[{"href":"https:\/\/wavexia.com\/index.php?rest_route=\/wp\/v2\/product"}],"about":[{"href":"https:\/\/wavexia.com\/index.php?rest_route=\/wp\/v2\/types\/product"}],"replies":[{"embeddable":true,"href":"https:\/\/wavexia.com\/index.php?rest_route=%2Fwp%2Fv2%2Fcomments&post=3545"}],"wp:featuredmedia":[{"embeddable":true,"href":"https:\/\/wavexia.com\/index.php?rest_route=\/wp\/v2\/media\/2207"}],"wp:attachment":[{"href":"https:\/\/wavexia.com\/index.php?rest_route=%2Fwp%2Fv2%2Fmedia&parent=3545"}],"wp:term":[{"taxonomy":"pwb-brand","embeddable":true,"href":"https:\/\/wavexia.com\/index.php?rest_route=%2Fwp%2Fv2%2Fpwb-brand&post=3545"},{"taxonomy":"product_brand","embeddable":true,"href":"https:\/\/wavexia.com\/index.php?rest_route=%2Fwp%2Fv2%2Fproduct_brand&post=3545"},{"taxonomy":"product_cat","embeddable":true,"href":"https:\/\/wavexia.com\/index.php?rest_route=%2Fwp%2Fv2%2Fproduct_cat&post=3545"},{"taxonomy":"product_tag","embeddable":true,"href":"https:\/\/wavexia.com\/index.php?rest_route=%2Fwp%2Fv2%2Fproduct_tag&post=3545"}],"curies":[{"name":"wp","href":"https:\/\/api.w.org\/{rel}","templated":true}]}}