{"id":3541,"date":"2025-10-19T08:53:55","date_gmt":"2025-10-19T08:53:55","guid":{"rendered":"https:\/\/wavexia.com\/product\/shiseido-fino-premium-touch-hair-oil-70ml\/"},"modified":"2026-03-10T07:30:55","modified_gmt":"2026-03-10T07:30:55","slug":"shiseido-fino-premium-touch-hair-oil-70ml","status":"publish","type":"product","link":"https:\/\/wavexia.com\/?product=shiseido-fino-premium-touch-hair-oil-70ml","title":{"rendered":"Shiseido Fino \u2013 Premium Touch Hair Oil 70ml"},"content":{"rendered":"<h2>Description<\/h2>\n<div class=\"woocommerce-tabs wc-tabs-wrapper\">\n<div id=\"tab-description\" class=\"woocommerce-Tabs-panel woocommerce-Tabs-panel--description panel entry-content wc-tab\" role=\"tabpanel\" aria-labelledby=\"tab-title-description\" style=\"display: none;\">\n<p>Ce produit \u00e0 base d\u2019huile capillaire du Japon est con\u00e7u pour r\u00e9parer intens\u00e9ment les dommages, laissant vos cheveux lisses et soyeux pendant longtemps. Il convient \u00e0 tous les types de cheveux et p\u00e9n\u00e8tre profond\u00e9ment dans les cheveux pour fournir un traitement complet. Le produit contient de l\u2019huile W concentr\u00e9e, qui non seulement r\u00e9pare mais recouvre \u00e9galement la surface des cuticules pour maintenir la texture lisse et soyeuse de vos cheveux. Malgr\u00e9 sa formulation dense, il offre une finition l\u00e9g\u00e8re sans aucun effet collant. Il pr\u00e9sente \u00e9galement un parfum floral gracieux \u00e9l\u00e9gant et agr\u00e9able.<\/p>\n<h5>Sp\u00e9cifications du produit<\/h5>\n<p>Pays d\u2019origine : Japon<br \/>Texture des cheveux : Convient \u00e0 tous les types de cheveux<br \/>Ingr\u00e9dients cl\u00e9s : Huile de W concentr\u00e9e (dim\u00e9thiconol et polysilicone-13)<br \/>Parfum : Floral gracieux<br \/>Finition : Dense mais l\u00e9ger, non collant<\/p>\n<h5>Ingr\u00e9dients<\/h5>\n<p>Polyisobut\u00e8ne hydrog\u00e9n\u00e9, dim\u00e9thiconol, myristate d\u2019isopropyle, isodod\u00e9cane, polysilicone-13, parfum, squalane, dim\u00e9thicone, tocoph\u00e9rol.<\/p>\n<h5>Usage<\/h5>\n<p>Ce produit peut \u00eatre appliqu\u00e9 sur cheveux secs ou \u00e0 moiti\u00e9 s\u00e9ch\u00e9s apr\u00e8s s\u00e9chage \u00e0 la serviette, et peut \u00eatre utilis\u00e9 \u00e0 tout moment de la journ\u00e9e \u2013 matin, midi ou soir. Pour une brillance naturelle et une finition l\u00e9g\u00e8re, appliquez une quantit\u00e9 appropri\u00e9e sur cheveux semi-secs apr\u00e8s s\u00e9chage \u00e0 la serviette, r\u00e9partissez-la sur les deux mains et appliquez-la sur l\u2019ensemble de la chevelure en insistant sur les pointes. Une pression est une indication approximative pour les cheveux mi-longs, mais ajustez en fonction de la quantit\u00e9 de cheveux et du degr\u00e9 de dommage. Pour un look mouill\u00e9, appliquez une quantit\u00e9 appropri\u00e9e d\u2019apr\u00e8s-shampooing sur les zones que vous souhaitez rendre brillantes.<\/p>\n<\/div>\n<p><span id=\"more-1622\"><\/span><\/p>\n<\/div>\n","protected":false},"excerpt":{"rendered":"<p>Description Ce produit \u00e0 base d\u2019huile capillaire du Japon est con\u00e7u pour r\u00e9parer intens\u00e9ment les dommages, laissant vos cheveux lisses et soyeux pendant longtemps. Il convient \u00e0 tous les types de cheveux et p\u00e9n\u00e8tre profond\u00e9ment dans les cheveux pour fournir un traitement complet. Le produit contient de l\u2019huile W concentr\u00e9e, qui non seulement r\u00e9pare mais [&hellip;]<\/p>\n","protected":false},"featured_media":3540,"comment_status":"open","ping_status":"closed","template":"","meta":{"content-type":"","_uag_custom_page_level_css":""},"pwb-brand":[],"product_brand":[],"product_cat":[377,327,334,399],"product_tag":[],"class_list":{"0":"post-3541","1":"product","2":"type-product","3":"status-publish","4":"has-post-thumbnail","6":"product_cat-cheveux","7":"product_cat-hmizat","8":"product_cat-produits-coreens","9":"product_cat-shiseido","11":"first","12":"instock","13":"sale","14":"shipping-taxable","15":"purchasable","16":"product-type-simple"},"aioseo_notices":[],"uagb_featured_image_src":{"full":["https:\/\/wavexia.com\/wp-content\/uploads\/2025\/10\/ShiseidoFinoPremiumTouchHairOilSerumAirySmooth70ml.webp",500,500,false],"thumbnail":["https:\/\/wavexia.com\/wp-content\/uploads\/2025\/10\/ShiseidoFinoPremiumTouchHairOilSerumAirySmooth70ml-150x150.webp",150,150,true],"medium":["https:\/\/wavexia.com\/wp-content\/uploads\/2025\/10\/ShiseidoFinoPremiumTouchHairOilSerumAirySmooth70ml-300x300.webp",300,300,true],"medium_large":["https:\/\/wavexia.com\/wp-content\/uploads\/2025\/10\/ShiseidoFinoPremiumTouchHairOilSerumAirySmooth70ml.webp",500,500,false],"large":["https:\/\/wavexia.com\/wp-content\/uploads\/2025\/10\/ShiseidoFinoPremiumTouchHairOilSerumAirySmooth70ml.webp",500,500,false],"1536x1536":["https:\/\/wavexia.com\/wp-content\/uploads\/2025\/10\/ShiseidoFinoPremiumTouchHairOilSerumAirySmooth70ml.webp",500,500,false],"2048x2048":["https:\/\/wavexia.com\/wp-content\/uploads\/2025\/10\/ShiseidoFinoPremiumTouchHairOilSerumAirySmooth70ml.webp",500,500,false],"woocommerce_archive_thumbnail":["https:\/\/wavexia.com\/wp-content\/uploads\/2025\/10\/ShiseidoFinoPremiumTouchHairOilSerumAirySmooth70ml-300x300.webp",300,300,true],"woocommerce_thumbnail":["https:\/\/wavexia.com\/wp-content\/uploads\/2025\/10\/ShiseidoFinoPremiumTouchHairOilSerumAirySmooth70ml-300x300.webp",300,300,true],"woocommerce_single":["https:\/\/wavexia.com\/wp-content\/uploads\/2025\/10\/ShiseidoFinoPremiumTouchHairOilSerumAirySmooth70ml.webp",500,500,false],"woocommerce_gallery_thumbnail":["https:\/\/wavexia.com\/wp-content\/uploads\/2025\/10\/ShiseidoFinoPremiumTouchHairOilSerumAirySmooth70ml-100x100.webp",100,100,true]},"uagb_author_info":{"display_name":"zineddine.ayoub98@gmail.com","author_link":"https:\/\/wavexia.com\/?author=0"},"uagb_comment_info":0,"uagb_excerpt":"Description Ce produit \u00e0 base d\u2019huile capillaire du Japon est con\u00e7u pour r\u00e9parer intens\u00e9ment les dommages, laissant vos cheveux lisses et soyeux pendant longtemps. Il convient \u00e0 tous les types de cheveux et p\u00e9n\u00e8tre profond\u00e9ment dans les cheveux pour fournir un traitement complet. Le produit contient de l\u2019huile W concentr\u00e9e, qui non seulement r\u00e9pare mais&hellip;","brands":[],"_links":{"self":[{"href":"https:\/\/wavexia.com\/index.php?rest_route=\/wp\/v2\/product\/3541","targetHints":{"allow":["GET"]}}],"collection":[{"href":"https:\/\/wavexia.com\/index.php?rest_route=\/wp\/v2\/product"}],"about":[{"href":"https:\/\/wavexia.com\/index.php?rest_route=\/wp\/v2\/types\/product"}],"replies":[{"embeddable":true,"href":"https:\/\/wavexia.com\/index.php?rest_route=%2Fwp%2Fv2%2Fcomments&post=3541"}],"wp:featuredmedia":[{"embeddable":true,"href":"https:\/\/wavexia.com\/index.php?rest_route=\/wp\/v2\/media\/3540"}],"wp:attachment":[{"href":"https:\/\/wavexia.com\/index.php?rest_route=%2Fwp%2Fv2%2Fmedia&parent=3541"}],"wp:term":[{"taxonomy":"pwb-brand","embeddable":true,"href":"https:\/\/wavexia.com\/index.php?rest_route=%2Fwp%2Fv2%2Fpwb-brand&post=3541"},{"taxonomy":"product_brand","embeddable":true,"href":"https:\/\/wavexia.com\/index.php?rest_route=%2Fwp%2Fv2%2Fproduct_brand&post=3541"},{"taxonomy":"product_cat","embeddable":true,"href":"https:\/\/wavexia.com\/index.php?rest_route=%2Fwp%2Fv2%2Fproduct_cat&post=3541"},{"taxonomy":"product_tag","embeddable":true,"href":"https:\/\/wavexia.com\/index.php?rest_route=%2Fwp%2Fv2%2Fproduct_tag&post=3541"}],"curies":[{"name":"wp","href":"https:\/\/api.w.org\/{rel}","templated":true}]}}