{"id":3532,"date":"2025-10-19T08:53:50","date_gmt":"2025-10-19T08:53:50","guid":{"rendered":"https:\/\/wavexia.com\/product\/anua-rice-7-ceramide-hydrating-barrier-serum-50-ml\/"},"modified":"2026-03-10T07:30:55","modified_gmt":"2026-03-10T07:30:55","slug":"anua-rice-7-ceramide-hydrating-barrier-serum-50-ml","status":"publish","type":"product","link":"https:\/\/wavexia.com\/?product=anua-rice-7-ceramide-hydrating-barrier-serum-50-ml","title":{"rendered":"Anua \u2013 Rice 7 Ceramide Hydrating Barrier Serum 50 ml"},"content":{"rendered":"<h2>Description<\/h2>\n<p>Le Rice 7 Ceramide Hydrating Barrier Serum d\u2019Anua est votre nouvelle arme secr\u00e8te pour une peau hydrat\u00e9e et saine ! Ce s\u00e9rum luxueux est un m\u00e9lange puissant de sept types de riz diff\u00e9rents, enrichi en c\u00e9ramides qui agissent ensemble pour renforcer et prot\u00e9ger la barri\u00e8re cutan\u00e9e. Avec sa texture l\u00e9g\u00e8re, le s\u00e9rum est rapidement absorb\u00e9, offrant \u00e0 votre peau un regain d\u2019hydratation imm\u00e9diat.<\/p>\n<p>La formule unique aide non seulement \u00e0 retenir l\u2019humidit\u00e9, mais \u00e9galement \u00e0 r\u00e9duire les imperfections. Les antioxydants contenus dans le riz agissent avec les c\u00e9ramides pour apaiser et rajeunir la peau, laissant votre visage radieux et vibrant. Parfait pour tous les types de peau, ce s\u00e9rum est particuli\u00e8rement id\u00e9al pour les peaux s\u00e8ches ou sensibles qui n\u00e9cessitent des soins suppl\u00e9mentaires.<\/p>\n<p>Compl\u00e9tez votre routine de soins avec le Rice 7 Ceramide Hydrating Barrier Serum et profitez d\u2019une peau saine et \u00e9clatante au quotidien !<\/p>\n<p><strong>Ce s\u00e9rum :<\/strong><\/p>\n<ul>\n<li>peau hydrat\u00e9e et saine<\/li>\n<li>m\u00e9lange puissant de 7 types de riz et de c\u00e9ramides<\/li>\n<li>renforce et prot\u00e8ge votre barri\u00e8re cutan\u00e9e<\/li>\n<li>texture l\u00e9g\u00e8re<\/li>\n<li>absorbe rapidement<\/li>\n<li>boost d\u2019hydratation<\/li>\n<li>retient l\u2019humidit\u00e9<\/li>\n<li>apaise et rajeunit votre peau<\/li>\n<li>r\u00e9duit les imperfections<\/li>\n<li>aspect radieux<\/li>\n<li>id\u00e9al pour les peaux s\u00e8ches ou sensibles<\/li>\n<li>sans cruaut\u00e9<\/li>\n<\/ul>\n<p><strong>Comment utiliser&nbsp;:<\/strong><\/p>\n<ul>\n<li>Appliquez le s\u00e9rum apr\u00e8s le nettoyage et avant votre cr\u00e8me hydratante pour donner \u00e0 votre peau une hydratation ultime.<\/li>\n<li>Appliquez une petite quantit\u00e9 uniform\u00e9ment sur votre visage, en \u00e9vitant le contour des yeux et de la bouche.<\/li>\n<li>Tapotez l\u00e9g\u00e8rement pour une meilleure absorption.<\/li>\n<\/ul>\n<p><strong>Ingr\u00e9dients:<\/strong><br \/>Oryza Sativa Bran Water, 1,2-Hexanediol, Oryza Sativa Extract, Dipropylene Glycol, Glycerin, Methylpropanediol, Butylene Glycol, Methyl Gluceth-10, Niacinamide, Water, Hydroxyethyl Urea, Caprylic\/Capric Triglyceride, Hydrogenated Lecithin, Ceramide, Panthenol, Polyquaternium-51, 1,2-Hexanediol, Sodium Hyaluronate, Ethylhexylglycerin, Tocopherol, Corchorus Olitorius Leaf Extract, Nelumbo Nucifera Root Extract, Hibiscus Esculentus Fruit Extract, Dioscorea Japonica Root Extract, Angelica Keiskei Extract, Pentylene Glycol, Beta-Glucan, Sodium Polyacrylate, Carbomer, Adenosine, Allantoin, Sodium Phytate, Xanthan Gum, Alpha-Arbutin, Dipropylene Glycol, Hydrolyzed Rice Protein, Oryza Sativa Seed Protein, Defatted Rice Bran, Arbutin, Honey Extract, Butylene Glycol, Hyaluronic Acid, Hydrolyzed Hyaluronic Acid, Zinc Stearate, Oryza Sativa Bran, Defatted Rice Bran<\/p>\n","protected":false},"excerpt":{"rendered":"<p>Description Le Rice 7 Ceramide Hydrating Barrier Serum d\u2019Anua est votre nouvelle arme secr\u00e8te pour une peau hydrat\u00e9e et saine ! Ce s\u00e9rum luxueux est un m\u00e9lange puissant de sept types de riz diff\u00e9rents, enrichi en c\u00e9ramides qui agissent ensemble pour renforcer et prot\u00e9ger la barri\u00e8re cutan\u00e9e. Avec sa texture l\u00e9g\u00e8re, le s\u00e9rum est rapidement [&hellip;]<\/p>\n","protected":false},"featured_media":3531,"comment_status":"open","ping_status":"closed","template":"","meta":{"content-type":"","_uag_custom_page_level_css":""},"pwb-brand":[],"product_brand":[],"product_cat":[344,327,334,338,323],"product_tag":[],"class_list":{"0":"post-3532","1":"product","2":"type-product","3":"status-publish","4":"has-post-thumbnail","6":"product_cat-anua","7":"product_cat-hmizat","8":"product_cat-produits-coreens","9":"product_cat-serum-ampoule","10":"product_cat-skincare","12":"first","13":"instock","14":"sale","15":"shipping-taxable","16":"purchasable","17":"product-type-simple"},"aioseo_notices":[],"uagb_featured_image_src":{"full":["https:\/\/wavexia.com\/wp-content\/uploads\/2025\/10\/Product-page-sizes_b9488f96-78a3-43b0-8b7e-d86f514ea8d6.webp",800,800,false],"thumbnail":["https:\/\/wavexia.com\/wp-content\/uploads\/2025\/10\/Product-page-sizes_b9488f96-78a3-43b0-8b7e-d86f514ea8d6-150x150.webp",150,150,true],"medium":["https:\/\/wavexia.com\/wp-content\/uploads\/2025\/10\/Product-page-sizes_b9488f96-78a3-43b0-8b7e-d86f514ea8d6-300x300.webp",300,300,true],"medium_large":["https:\/\/wavexia.com\/wp-content\/uploads\/2025\/10\/Product-page-sizes_b9488f96-78a3-43b0-8b7e-d86f514ea8d6-768x768.webp",768,768,true],"large":["https:\/\/wavexia.com\/wp-content\/uploads\/2025\/10\/Product-page-sizes_b9488f96-78a3-43b0-8b7e-d86f514ea8d6.webp",800,800,false],"1536x1536":["https:\/\/wavexia.com\/wp-content\/uploads\/2025\/10\/Product-page-sizes_b9488f96-78a3-43b0-8b7e-d86f514ea8d6.webp",800,800,false],"2048x2048":["https:\/\/wavexia.com\/wp-content\/uploads\/2025\/10\/Product-page-sizes_b9488f96-78a3-43b0-8b7e-d86f514ea8d6.webp",800,800,false],"woocommerce_archive_thumbnail":["https:\/\/wavexia.com\/wp-content\/uploads\/2025\/10\/Product-page-sizes_b9488f96-78a3-43b0-8b7e-d86f514ea8d6-300x300.webp",300,300,true],"woocommerce_thumbnail":["https:\/\/wavexia.com\/wp-content\/uploads\/2025\/10\/Product-page-sizes_b9488f96-78a3-43b0-8b7e-d86f514ea8d6-300x300.webp",300,300,true],"woocommerce_single":["https:\/\/wavexia.com\/wp-content\/uploads\/2025\/10\/Product-page-sizes_b9488f96-78a3-43b0-8b7e-d86f514ea8d6-600x600.webp",600,600,true],"woocommerce_gallery_thumbnail":["https:\/\/wavexia.com\/wp-content\/uploads\/2025\/10\/Product-page-sizes_b9488f96-78a3-43b0-8b7e-d86f514ea8d6-100x100.webp",100,100,true]},"uagb_author_info":{"display_name":"zineddine.ayoub98@gmail.com","author_link":"https:\/\/wavexia.com\/?author=0"},"uagb_comment_info":0,"uagb_excerpt":"Description Le Rice 7 Ceramide Hydrating Barrier Serum d\u2019Anua est votre nouvelle arme secr\u00e8te pour une peau hydrat\u00e9e et saine ! Ce s\u00e9rum luxueux est un m\u00e9lange puissant de sept types de riz diff\u00e9rents, enrichi en c\u00e9ramides qui agissent ensemble pour renforcer et prot\u00e9ger la barri\u00e8re cutan\u00e9e. Avec sa texture l\u00e9g\u00e8re, le s\u00e9rum est rapidement&hellip;","brands":[],"_links":{"self":[{"href":"https:\/\/wavexia.com\/index.php?rest_route=\/wp\/v2\/product\/3532","targetHints":{"allow":["GET"]}}],"collection":[{"href":"https:\/\/wavexia.com\/index.php?rest_route=\/wp\/v2\/product"}],"about":[{"href":"https:\/\/wavexia.com\/index.php?rest_route=\/wp\/v2\/types\/product"}],"replies":[{"embeddable":true,"href":"https:\/\/wavexia.com\/index.php?rest_route=%2Fwp%2Fv2%2Fcomments&post=3532"}],"wp:featuredmedia":[{"embeddable":true,"href":"https:\/\/wavexia.com\/index.php?rest_route=\/wp\/v2\/media\/3531"}],"wp:attachment":[{"href":"https:\/\/wavexia.com\/index.php?rest_route=%2Fwp%2Fv2%2Fmedia&parent=3532"}],"wp:term":[{"taxonomy":"pwb-brand","embeddable":true,"href":"https:\/\/wavexia.com\/index.php?rest_route=%2Fwp%2Fv2%2Fpwb-brand&post=3532"},{"taxonomy":"product_brand","embeddable":true,"href":"https:\/\/wavexia.com\/index.php?rest_route=%2Fwp%2Fv2%2Fproduct_brand&post=3532"},{"taxonomy":"product_cat","embeddable":true,"href":"https:\/\/wavexia.com\/index.php?rest_route=%2Fwp%2Fv2%2Fproduct_cat&post=3532"},{"taxonomy":"product_tag","embeddable":true,"href":"https:\/\/wavexia.com\/index.php?rest_route=%2Fwp%2Fv2%2Fproduct_tag&post=3532"}],"curies":[{"name":"wp","href":"https:\/\/api.w.org\/{rel}","templated":true}]}}