{"id":3529,"date":"2025-10-19T08:53:49","date_gmt":"2025-10-19T08:53:49","guid":{"rendered":"https:\/\/wavexia.com\/product\/anua-heartleaf-77-clear-pad-70-tampons\/"},"modified":"2026-03-10T07:30:55","modified_gmt":"2026-03-10T07:30:55","slug":"anua-heartleaf-77-clear-pad-70-tampons","status":"publish","type":"product","link":"https:\/\/wavexia.com\/?product=anua-heartleaf-77-clear-pad-70-tampons","title":{"rendered":"Anua- Heartleaf 77% Clear Pad 70 tampons"},"content":{"rendered":"<h2>Description<\/h2>\n<p>Le Anua Heartleaf 77% Clear Pad est un tampon tonique qui donnera un coup de fouet \u00e0 votre peau ! Le toner convient \u00e0 tous les types de peau, m\u00eame les peaux sensibles qui souffrent d\u2019impuret\u00e9s.<\/p>\n<p>Ce toner avec Heartleaf p\u00e9n\u00e8tre profond\u00e9ment dans votre peau et procure une hydratation et une exfoliation intenses et durables. Gr\u00e2ce \u00e0 cette formule unique, ce toner agit \u00e9galement comme anti-inflammatoire et est donc parfait pour les peaux sensibles \u00e0 l\u2019acn\u00e9.<\/p>\n<p>Ce pot contient 70 tampons de toner, chacun imbib\u00e9 d\u2019extrait calmant de Heartleaf. Chaque tampon de toner a 2 faces diff\u00e9rentes, chacune avec son propre effet. Le c\u00f4t\u00e9 c\u00f4tel\u00e9 lissera et exfoliera la peau tandis que le c\u00f4t\u00e9 lisse apaisera votre peau !<\/p>\n<p><strong>Ces tampons de toner :<\/strong><\/p>\n<ul>\n<li>hydratation intense et longue dur\u00e9e<\/li>\n<li>coussinets infus\u00e9s avec Heartleaf<\/li>\n<li>anti-inflammatoire<\/li>\n<li>id\u00e9al pour les peaux sensibles et \u00e0 probl\u00e8mes<\/li>\n<li>a un effet calmant<\/li>\n<li>convient \u00e0 tous les types de peau<\/li>\n<li>avec 2 c\u00f4t\u00e9s diff\u00e9rents<\/li>\n<li>hypoallerg\u00e9nique<\/li>\n<li>sans parfum<\/li>\n<li>sans cruaut\u00e9<\/li>\n<li>v\u00e9g\u00e9talien<\/li>\n<\/ul>\n<p><strong>Comment utiliser:<\/strong><\/p>\n<ul>\n<li>Frottez le tampon de toner sur votre peau.<\/li>\n<li>Vous pouvez utiliser l\u2019essence restante sans les tampons.<\/li>\n<\/ul>\n<p><strong>Ingr\u00e9dients:<br \/><\/strong>Houttuynia Cordata Extract, Water, Gluconolactone, Propanediol, Tromethamine, Butylene Glycol, 1,2-Hexanediol, Betaine, Ammonium Acryloyldimethyltaurate\/VP Copolymer, Ulmus Davidiana Root Extract, Pueraria Lobata Root Extract, Pinus Palustris Leaf Extract, Oenothera Biennis Flower Extract, Camellia Sinensis Leaf Extract, Coix Lacryma-Jobi Ma-yuen Seed Extract, Portulaca Oleracea Extract, Centella Asiatica Extract, Madecassoside, Asiatic Acid, Asiaticoside, Madecassic Acid, Sodium Phytate<\/p>\n","protected":false},"excerpt":{"rendered":"<p>Description Le Anua Heartleaf 77% Clear Pad est un tampon tonique qui donnera un coup de fouet \u00e0 votre peau ! Le toner convient \u00e0 tous les types de peau, m\u00eame les peaux sensibles qui souffrent d\u2019impuret\u00e9s. Ce toner avec Heartleaf p\u00e9n\u00e8tre profond\u00e9ment dans votre peau et procure une hydratation et une exfoliation intenses et [&hellip;]<\/p>\n","protected":false},"featured_media":3528,"comment_status":"open","ping_status":"closed","template":"","meta":{"content-type":"","_uag_custom_page_level_css":""},"pwb-brand":[],"product_brand":[],"product_cat":[344,327,334,323,345],"product_tag":[],"class_list":{"0":"post-3529","1":"product","2":"type-product","3":"status-publish","4":"has-post-thumbnail","6":"product_cat-anua","7":"product_cat-hmizat","8":"product_cat-produits-coreens","9":"product_cat-skincare","10":"product_cat-toner-pads","12":"first","13":"instock","14":"sale","15":"shipping-taxable","16":"purchasable","17":"product-type-simple"},"aioseo_notices":[],"uagb_featured_image_src":{"full":["https:\/\/wavexia.com\/wp-content\/uploads\/2025\/10\/Product-page-sizes_6095878e-240d-4c5f-8b8a-d508d391b433.webp",800,800,false],"thumbnail":["https:\/\/wavexia.com\/wp-content\/uploads\/2025\/10\/Product-page-sizes_6095878e-240d-4c5f-8b8a-d508d391b433-150x150.webp",150,150,true],"medium":["https:\/\/wavexia.com\/wp-content\/uploads\/2025\/10\/Product-page-sizes_6095878e-240d-4c5f-8b8a-d508d391b433-300x300.webp",300,300,true],"medium_large":["https:\/\/wavexia.com\/wp-content\/uploads\/2025\/10\/Product-page-sizes_6095878e-240d-4c5f-8b8a-d508d391b433-768x768.webp",768,768,true],"large":["https:\/\/wavexia.com\/wp-content\/uploads\/2025\/10\/Product-page-sizes_6095878e-240d-4c5f-8b8a-d508d391b433.webp",800,800,false],"1536x1536":["https:\/\/wavexia.com\/wp-content\/uploads\/2025\/10\/Product-page-sizes_6095878e-240d-4c5f-8b8a-d508d391b433.webp",800,800,false],"2048x2048":["https:\/\/wavexia.com\/wp-content\/uploads\/2025\/10\/Product-page-sizes_6095878e-240d-4c5f-8b8a-d508d391b433.webp",800,800,false],"woocommerce_archive_thumbnail":["https:\/\/wavexia.com\/wp-content\/uploads\/2025\/10\/Product-page-sizes_6095878e-240d-4c5f-8b8a-d508d391b433-300x300.webp",300,300,true],"woocommerce_thumbnail":["https:\/\/wavexia.com\/wp-content\/uploads\/2025\/10\/Product-page-sizes_6095878e-240d-4c5f-8b8a-d508d391b433-300x300.webp",300,300,true],"woocommerce_single":["https:\/\/wavexia.com\/wp-content\/uploads\/2025\/10\/Product-page-sizes_6095878e-240d-4c5f-8b8a-d508d391b433-600x600.webp",600,600,true],"woocommerce_gallery_thumbnail":["https:\/\/wavexia.com\/wp-content\/uploads\/2025\/10\/Product-page-sizes_6095878e-240d-4c5f-8b8a-d508d391b433-100x100.webp",100,100,true]},"uagb_author_info":{"display_name":"zineddine.ayoub98@gmail.com","author_link":"https:\/\/wavexia.com\/?author=0"},"uagb_comment_info":0,"uagb_excerpt":"Description Le Anua Heartleaf 77% Clear Pad est un tampon tonique qui donnera un coup de fouet \u00e0 votre peau ! Le toner convient \u00e0 tous les types de peau, m\u00eame les peaux sensibles qui souffrent d\u2019impuret\u00e9s. Ce toner avec Heartleaf p\u00e9n\u00e8tre profond\u00e9ment dans votre peau et procure une hydratation et une exfoliation intenses et&hellip;","brands":[],"_links":{"self":[{"href":"https:\/\/wavexia.com\/index.php?rest_route=\/wp\/v2\/product\/3529","targetHints":{"allow":["GET"]}}],"collection":[{"href":"https:\/\/wavexia.com\/index.php?rest_route=\/wp\/v2\/product"}],"about":[{"href":"https:\/\/wavexia.com\/index.php?rest_route=\/wp\/v2\/types\/product"}],"replies":[{"embeddable":true,"href":"https:\/\/wavexia.com\/index.php?rest_route=%2Fwp%2Fv2%2Fcomments&post=3529"}],"wp:featuredmedia":[{"embeddable":true,"href":"https:\/\/wavexia.com\/index.php?rest_route=\/wp\/v2\/media\/3528"}],"wp:attachment":[{"href":"https:\/\/wavexia.com\/index.php?rest_route=%2Fwp%2Fv2%2Fmedia&parent=3529"}],"wp:term":[{"taxonomy":"pwb-brand","embeddable":true,"href":"https:\/\/wavexia.com\/index.php?rest_route=%2Fwp%2Fv2%2Fpwb-brand&post=3529"},{"taxonomy":"product_brand","embeddable":true,"href":"https:\/\/wavexia.com\/index.php?rest_route=%2Fwp%2Fv2%2Fproduct_brand&post=3529"},{"taxonomy":"product_cat","embeddable":true,"href":"https:\/\/wavexia.com\/index.php?rest_route=%2Fwp%2Fv2%2Fproduct_cat&post=3529"},{"taxonomy":"product_tag","embeddable":true,"href":"https:\/\/wavexia.com\/index.php?rest_route=%2Fwp%2Fv2%2Fproduct_tag&post=3529"}],"curies":[{"name":"wp","href":"https:\/\/api.w.org\/{rel}","templated":true}]}}