{"id":3525,"date":"2025-10-19T08:53:46","date_gmt":"2025-10-19T08:53:46","guid":{"rendered":"https:\/\/wavexia.com\/product\/anua-peach-77-niacin-essence-toner-250ml\/"},"modified":"2026-03-10T07:30:55","modified_gmt":"2026-03-10T07:30:55","slug":"anua-peach-77-niacin-essence-toner-250ml","status":"publish","type":"product","link":"https:\/\/wavexia.com\/?product=anua-peach-77-niacin-essence-toner-250ml","title":{"rendered":"Anua- Peach 77 Niacin Essence Toner 250ml"},"content":{"rendered":"<h2>Description<\/h2>\n<p>Le Peach 77 Niacin Essence Toner d\u2019Anua est votre nouvel incontournable en mati\u00e8re de soin pour&nbsp;une peau radieuse et saine ! Ce tonique rafra\u00eechissant contient 77 % d\u2019extrait de p\u00eache et de niacinamide, qui, ensemble, procurent une hydratation intense, un \u00e9claircissement et une texture de peau lisse.<\/p>\n<p>Les extraits de p\u00eache sont connus pour leurs antioxydants qui prot\u00e8gent et apaisent votre peau, tandis que la niacinamide r\u00e9duit la visibilit\u00e9 des pores et donne \u00e0 la peau un bel \u00e9clat. La formule l\u00e9g\u00e8re et \u00e0 absorption rapide est merveilleuse et laisse votre peau radieuse sans sensation collante. Parfait comme premi\u00e8re \u00e9tape apr\u00e8s le nettoyage pour pr\u00e9parer votre peau au reste de votre routine.<\/p>\n<p>Avec le TPeach 77 Niacin Essence Toner, votre peau sera fra\u00eeche, hydrat\u00e9e et pleine de vie, chaque jour !<\/p>\n<p><strong>Ce tonique&nbsp;:<\/strong><\/p>\n<ul>\n<li>une peau saine et radieuse<\/li>\n<li>77% d\u2019extrait de p\u00eache et de niacinamide<\/li>\n<li>hydratation intense<\/li>\n<li>clarification<\/li>\n<li>texture de peau lisse<\/li>\n<li>prot\u00e8ge et apaise<\/li>\n<li>r\u00e9duit la visibilit\u00e9 des pores<\/li>\n<li>belle lueur<\/li>\n<li>formule l\u00e9g\u00e8re<\/li>\n<li>absorbe rapidement<\/li>\n<li>ne laisse aucune sensation collante<\/li>\n<li>chaque type de peau<\/li>\n<li>sans cruaut\u00e9<\/li>\n<\/ul>\n<p><strong>Comment utiliser&nbsp;:<\/strong><\/p>\n<ul>\n<li>Appliquer apr\u00e8s avoir nettoy\u00e9 votre peau.<\/li>\n<li>Prenez quelques gouttes sur vos doigts ou sur un coton et essuyez ou tapotez doucement votre visage et votre cou.<\/li>\n<li>Laissez le toner absorber compl\u00e8tement avant de continuer votre routine.<\/li>\n<li>Utiliser matin et soir.<\/li>\n<\/ul>\n<p><strong>Ingr\u00e9dients:<\/strong><br \/>Prunus Persica Fruit Extract, 2,3-Butanediol, Water, Glycerin, Dipropylene Glycol, Niacinamide, Butylene Glycol, 1,2-Hexanediol, Lactobacillus Ferment, Methylpropanediol, Streptococcus Thermophilus Ferment, Pyrus Malus Juice, Bifida Ferment Lysate, Bacillus Ferment, Phellinus Linteus Extract, Xylose, Galactomyces Ferment Filtrate, Alpha-Arbutin, Prunus Persica Flower Extract, Sodium Hyaluronate, Hydrolyzed Vegetable Protein, Polyglyceryl-10 Laurate, Propanediol, Squalane, Acrylates\/C10-30 Alkyl Acrylate Crosspolymer, Caprylic\/Capric Triglyceride, Diphenyl Dimethicone, Triethylhexanoin, Ethylhexylglycerin, Polyglyceryl-10 Stearate, Adenosine, Hydrogenated Lecithin, Dipotassium Glycyrrhizate, Tromethamine, Sodium Polyacrylate, Panthenol, Sodium Hyaluronate Crosspolymer, Ceramide NP, Allantoin, Cyanocobalamin, Polyglutamic Acid, Sodium Stearoyl Glutamate, Tocopherol, Ascorbyl Glucoside, Betaine Salicylate, Ascorbic Acid, Maltodextrin, Glycine, Serine, Glutamic Acid, Aspartic Acid, Leucine, Alanine, Lysine, Arginine, Tyrosine, Phenylalanine, Proline, Threonine, Valine, Isoleucine, Histidine, Cysteine, Methionine, Xanthan Gum, Fragrance<\/p>\n","protected":false},"excerpt":{"rendered":"<p>Description Le Peach 77 Niacin Essence Toner d\u2019Anua est votre nouvel incontournable en mati\u00e8re de soin pour&nbsp;une peau radieuse et saine ! Ce tonique rafra\u00eechissant contient 77 % d\u2019extrait de p\u00eache et de niacinamide, qui, ensemble, procurent une hydratation intense, un \u00e9claircissement et une texture de peau lisse. Les extraits de p\u00eache sont connus pour [&hellip;]<\/p>\n","protected":false},"featured_media":3524,"comment_status":"open","ping_status":"closed","template":"","meta":{"content-type":"","_uag_custom_page_level_css":""},"pwb-brand":[],"product_brand":[],"product_cat":[344,327,334,345],"product_tag":[],"class_list":{"0":"post-3525","1":"product","2":"type-product","3":"status-publish","4":"has-post-thumbnail","6":"product_cat-anua","7":"product_cat-hmizat","8":"product_cat-produits-coreens","9":"product_cat-toner-pads","11":"first","12":"instock","13":"sale","14":"shipping-taxable","15":"purchasable","16":"product-type-simple"},"aioseo_notices":[],"uagb_featured_image_src":{"full":["https:\/\/wavexia.com\/wp-content\/uploads\/2025\/10\/anua-peach-77-niacin-essence-toner-250ml-korean-skincare-568100.webp",800,800,false],"thumbnail":["https:\/\/wavexia.com\/wp-content\/uploads\/2025\/10\/anua-peach-77-niacin-essence-toner-250ml-korean-skincare-568100-150x150.webp",150,150,true],"medium":["https:\/\/wavexia.com\/wp-content\/uploads\/2025\/10\/anua-peach-77-niacin-essence-toner-250ml-korean-skincare-568100-300x300.webp",300,300,true],"medium_large":["https:\/\/wavexia.com\/wp-content\/uploads\/2025\/10\/anua-peach-77-niacin-essence-toner-250ml-korean-skincare-568100-768x768.webp",768,768,true],"large":["https:\/\/wavexia.com\/wp-content\/uploads\/2025\/10\/anua-peach-77-niacin-essence-toner-250ml-korean-skincare-568100.webp",800,800,false],"1536x1536":["https:\/\/wavexia.com\/wp-content\/uploads\/2025\/10\/anua-peach-77-niacin-essence-toner-250ml-korean-skincare-568100.webp",800,800,false],"2048x2048":["https:\/\/wavexia.com\/wp-content\/uploads\/2025\/10\/anua-peach-77-niacin-essence-toner-250ml-korean-skincare-568100.webp",800,800,false],"woocommerce_archive_thumbnail":["https:\/\/wavexia.com\/wp-content\/uploads\/2025\/10\/anua-peach-77-niacin-essence-toner-250ml-korean-skincare-568100-300x300.webp",300,300,true],"woocommerce_thumbnail":["https:\/\/wavexia.com\/wp-content\/uploads\/2025\/10\/anua-peach-77-niacin-essence-toner-250ml-korean-skincare-568100-300x300.webp",300,300,true],"woocommerce_single":["https:\/\/wavexia.com\/wp-content\/uploads\/2025\/10\/anua-peach-77-niacin-essence-toner-250ml-korean-skincare-568100-600x600.webp",600,600,true],"woocommerce_gallery_thumbnail":["https:\/\/wavexia.com\/wp-content\/uploads\/2025\/10\/anua-peach-77-niacin-essence-toner-250ml-korean-skincare-568100-100x100.webp",100,100,true]},"uagb_author_info":{"display_name":"zineddine.ayoub98@gmail.com","author_link":"https:\/\/wavexia.com\/?author=0"},"uagb_comment_info":0,"uagb_excerpt":"Description Le Peach 77 Niacin Essence Toner d\u2019Anua est votre nouvel incontournable en mati\u00e8re de soin pour&nbsp;une peau radieuse et saine ! Ce tonique rafra\u00eechissant contient 77 % d\u2019extrait de p\u00eache et de niacinamide, qui, ensemble, procurent une hydratation intense, un \u00e9claircissement et une texture de peau lisse. Les extraits de p\u00eache sont connus pour&hellip;","brands":[],"_links":{"self":[{"href":"https:\/\/wavexia.com\/index.php?rest_route=\/wp\/v2\/product\/3525","targetHints":{"allow":["GET"]}}],"collection":[{"href":"https:\/\/wavexia.com\/index.php?rest_route=\/wp\/v2\/product"}],"about":[{"href":"https:\/\/wavexia.com\/index.php?rest_route=\/wp\/v2\/types\/product"}],"replies":[{"embeddable":true,"href":"https:\/\/wavexia.com\/index.php?rest_route=%2Fwp%2Fv2%2Fcomments&post=3525"}],"wp:featuredmedia":[{"embeddable":true,"href":"https:\/\/wavexia.com\/index.php?rest_route=\/wp\/v2\/media\/3524"}],"wp:attachment":[{"href":"https:\/\/wavexia.com\/index.php?rest_route=%2Fwp%2Fv2%2Fmedia&parent=3525"}],"wp:term":[{"taxonomy":"pwb-brand","embeddable":true,"href":"https:\/\/wavexia.com\/index.php?rest_route=%2Fwp%2Fv2%2Fpwb-brand&post=3525"},{"taxonomy":"product_brand","embeddable":true,"href":"https:\/\/wavexia.com\/index.php?rest_route=%2Fwp%2Fv2%2Fproduct_brand&post=3525"},{"taxonomy":"product_cat","embeddable":true,"href":"https:\/\/wavexia.com\/index.php?rest_route=%2Fwp%2Fv2%2Fproduct_cat&post=3525"},{"taxonomy":"product_tag","embeddable":true,"href":"https:\/\/wavexia.com\/index.php?rest_route=%2Fwp%2Fv2%2Fproduct_tag&post=3525"}],"curies":[{"name":"wp","href":"https:\/\/api.w.org\/{rel}","templated":true}]}}