{"id":3521,"date":"2025-10-19T08:53:44","date_gmt":"2025-10-19T08:53:44","guid":{"rendered":"https:\/\/wavexia.com\/product\/dr-althea-345-relief-cream-50ml\/"},"modified":"2026-03-10T07:30:55","modified_gmt":"2026-03-10T07:30:55","slug":"dr-althea-345-relief-cream-50ml","status":"publish","type":"product","link":"https:\/\/wavexia.com\/?product=dr-althea-345-relief-cream-50ml","title":{"rendered":"Dr althea \u2013 345 Relief Cream \u2013 50ml"},"content":{"rendered":"<h2>Description<\/h2>\n<p>Le Dr. Althea 345 Relief Cream est un excellent gel-cr\u00e8me contenant des nutriments pour r\u00e9soudre les probl\u00e8mes de peau, nourrir et apaiser la peau. Gr\u00e2ce \u00e0 la structure multicouche de la cr\u00e8me, la peau b\u00e9n\u00e9ficie d\u2019une hydratation et d\u2019une nutrition durables, r\u00e9pondant aux diff\u00e9rents besoins de la peau.<\/p>\n<p>La formule puissante contient un riche m\u00e9lange de niacinamide, de panth\u00e9nol et d\u2019extrait de tige d\u2019Opuntia Ficus-Indica, chacun en concentrations importantes (10 000 ppm), offrant d\u2019innombrables bienfaits \u00e0 la peau. La niacinamide, \u00e9galement connue sous le nom de vitamine B3, am\u00e9liore la barri\u00e8re d\u2019hydratation de la peau, r\u00e9gule la production de s\u00e9bum, r\u00e9duit les taches brunes et favorise un teint uniforme. Le panth\u00e9nol procure une hydratation efficace, aide \u00e0 cicatriser les irritations mineures et apaise les rougeurs. L\u2019extrait de tige d\u2019Opuntia Ficus-Indica offre une hydratation exceptionnelle et est id\u00e9al pour les peaux s\u00e8ches ou sensibles.<\/p>\n<p>Cette cr\u00e8me est une option de soin de la peau douce et naturelle, sans colorants ni parfums artificiels, ce qui la rend id\u00e9ale pour les peaux sensibles. Il offre une sensation soyeuse, non grasse et rafra\u00eechissante gr\u00e2ce aux huiles hydratantes !<\/p>\n<p><strong>Cette cr\u00e8me :<\/strong><\/p>\n<ul>\n<li>gel-cr\u00e8me<\/li>\n<li>nourrit et apaise<\/li>\n<li>longue hydratation et nutrition<\/li>\n<li>traitement post-acn\u00e9<\/li>\n<li>enrichi en Niacinamide et Panth\u00e9nol, entre autres<\/li>\n<li>am\u00e9liore la barri\u00e8re contre l\u2019humidit\u00e9<\/li>\n<li>r\u00e9gule la production de s\u00e9bum<\/li>\n<li>r\u00e9duit les taches brunes<\/li>\n<li>apaise les rougeurs<\/li>\n<li>pour un teint unifi\u00e9 et \u00e9clatant<\/li>\n<li>sans parfum<\/li>\n<li>sans cruaut\u00e9<\/li>\n<li>v\u00e9g\u00e9talien<\/li>\n<\/ul>\n<p><strong>Comment utiliser:<\/strong><\/p>\n<ul>\n<li>Appliquez une petite quantit\u00e9 de cr\u00e8me sur votre visage et votre cou.<\/li>\n<li>Massez doucement sur votre peau.<\/li>\n<li>Utilisez matin et soir pour de meilleurs r\u00e9sultats.<\/li>\n<\/ul>\n<p><strong>Ingr\u00e9dients:<\/strong><br \/>Water, Propanediol, Glycerin, Cyclohexasiloxane, 1,2-hexanediol, Niacinamide, Caprylic\/capric, Triglyceride, Polyglycerin-3, Panthenol, Polyglyceryl-10 Stearate, Hydrogenated Polydecene, Hydrogenated Poly(C6-14 Olefin), Dicaprylyl Carbonate, Ammonium Acryloyldimethyltaurate \/vp Copolymer, C14-22 Alcohols, Polymethylsilsesquioxane, C12-20 Alkyl Glucoside, Butylene Glycol, Acrylates\/c10-30 Alkyl Acrylate Crosspolymer, Ethylhexylglycerin, Polyquaternium-51, Tromethamine, Sodium Hyaluronate, Coptis Japonica Root Extract, Houttuynia Cordata Extract, Oenothera Biennis (Evening Primrose) Flower Extract, Beta-glucan, Resveratrol, Gardenia Florida Fruit Extract, Lavandula Angustifolia (Lavender) Flower Extract, Opuntia Ficus-indica Stem Extract, Hydrolyzed Hyaluronic Acid, Centella Asiatica Leaf Extract, Phenoxyethanol, Hibiscus Sabdariffa Flower Extract, Tocopherol, Corallina Officinalis Extract, Ceramide Np<\/p>\n","protected":false},"excerpt":{"rendered":"<p>Description Le Dr. Althea 345 Relief Cream est un excellent gel-cr\u00e8me contenant des nutriments pour r\u00e9soudre les probl\u00e8mes de peau, nourrir et apaiser la peau. Gr\u00e2ce \u00e0 la structure multicouche de la cr\u00e8me, la peau b\u00e9n\u00e9ficie d\u2019une hydratation et d\u2019une nutrition durables, r\u00e9pondant aux diff\u00e9rents besoins de la peau. La formule puissante contient un riche [&hellip;]<\/p>\n","protected":false},"featured_media":3520,"comment_status":"open","ping_status":"closed","template":"","meta":{"content-type":"","_uag_custom_page_level_css":""},"pwb-brand":[],"product_brand":[],"product_cat":[324,366,327,339,334],"product_tag":[],"class_list":{"0":"post-3521","1":"product","2":"type-product","3":"status-publish","4":"has-post-thumbnail","6":"product_cat-creme","7":"product_cat-dr-althea","8":"product_cat-hmizat","9":"product_cat-meilleures-ventes","10":"product_cat-produits-coreens","12":"first","13":"instock","14":"sale","15":"shipping-taxable","16":"purchasable","17":"product-type-simple"},"aioseo_notices":[],"uagb_featured_image_src":{"full":["https:\/\/wavexia.com\/wp-content\/uploads\/2025\/10\/Product-page-sizes_801349ba-a32a-4ab6-9002-bd5cd0c1021f.webp",800,800,false],"thumbnail":["https:\/\/wavexia.com\/wp-content\/uploads\/2025\/10\/Product-page-sizes_801349ba-a32a-4ab6-9002-bd5cd0c1021f-150x150.webp",150,150,true],"medium":["https:\/\/wavexia.com\/wp-content\/uploads\/2025\/10\/Product-page-sizes_801349ba-a32a-4ab6-9002-bd5cd0c1021f-300x300.webp",300,300,true],"medium_large":["https:\/\/wavexia.com\/wp-content\/uploads\/2025\/10\/Product-page-sizes_801349ba-a32a-4ab6-9002-bd5cd0c1021f-768x768.webp",768,768,true],"large":["https:\/\/wavexia.com\/wp-content\/uploads\/2025\/10\/Product-page-sizes_801349ba-a32a-4ab6-9002-bd5cd0c1021f.webp",800,800,false],"1536x1536":["https:\/\/wavexia.com\/wp-content\/uploads\/2025\/10\/Product-page-sizes_801349ba-a32a-4ab6-9002-bd5cd0c1021f.webp",800,800,false],"2048x2048":["https:\/\/wavexia.com\/wp-content\/uploads\/2025\/10\/Product-page-sizes_801349ba-a32a-4ab6-9002-bd5cd0c1021f.webp",800,800,false],"woocommerce_archive_thumbnail":["https:\/\/wavexia.com\/wp-content\/uploads\/2025\/10\/Product-page-sizes_801349ba-a32a-4ab6-9002-bd5cd0c1021f-300x300.webp",300,300,true],"woocommerce_thumbnail":["https:\/\/wavexia.com\/wp-content\/uploads\/2025\/10\/Product-page-sizes_801349ba-a32a-4ab6-9002-bd5cd0c1021f-300x300.webp",300,300,true],"woocommerce_single":["https:\/\/wavexia.com\/wp-content\/uploads\/2025\/10\/Product-page-sizes_801349ba-a32a-4ab6-9002-bd5cd0c1021f-600x600.webp",600,600,true],"woocommerce_gallery_thumbnail":["https:\/\/wavexia.com\/wp-content\/uploads\/2025\/10\/Product-page-sizes_801349ba-a32a-4ab6-9002-bd5cd0c1021f-100x100.webp",100,100,true]},"uagb_author_info":{"display_name":"zineddine.ayoub98@gmail.com","author_link":"https:\/\/wavexia.com\/?author=0"},"uagb_comment_info":0,"uagb_excerpt":"Description Le Dr. Althea 345 Relief Cream est un excellent gel-cr\u00e8me contenant des nutriments pour r\u00e9soudre les probl\u00e8mes de peau, nourrir et apaiser la peau. Gr\u00e2ce \u00e0 la structure multicouche de la cr\u00e8me, la peau b\u00e9n\u00e9ficie d\u2019une hydratation et d\u2019une nutrition durables, r\u00e9pondant aux diff\u00e9rents besoins de la peau. La formule puissante contient un riche&hellip;","brands":[],"_links":{"self":[{"href":"https:\/\/wavexia.com\/index.php?rest_route=\/wp\/v2\/product\/3521","targetHints":{"allow":["GET"]}}],"collection":[{"href":"https:\/\/wavexia.com\/index.php?rest_route=\/wp\/v2\/product"}],"about":[{"href":"https:\/\/wavexia.com\/index.php?rest_route=\/wp\/v2\/types\/product"}],"replies":[{"embeddable":true,"href":"https:\/\/wavexia.com\/index.php?rest_route=%2Fwp%2Fv2%2Fcomments&post=3521"}],"wp:featuredmedia":[{"embeddable":true,"href":"https:\/\/wavexia.com\/index.php?rest_route=\/wp\/v2\/media\/3520"}],"wp:attachment":[{"href":"https:\/\/wavexia.com\/index.php?rest_route=%2Fwp%2Fv2%2Fmedia&parent=3521"}],"wp:term":[{"taxonomy":"pwb-brand","embeddable":true,"href":"https:\/\/wavexia.com\/index.php?rest_route=%2Fwp%2Fv2%2Fpwb-brand&post=3521"},{"taxonomy":"product_brand","embeddable":true,"href":"https:\/\/wavexia.com\/index.php?rest_route=%2Fwp%2Fv2%2Fproduct_brand&post=3521"},{"taxonomy":"product_cat","embeddable":true,"href":"https:\/\/wavexia.com\/index.php?rest_route=%2Fwp%2Fv2%2Fproduct_cat&post=3521"},{"taxonomy":"product_tag","embeddable":true,"href":"https:\/\/wavexia.com\/index.php?rest_route=%2Fwp%2Fv2%2Fproduct_tag&post=3521"}],"curies":[{"name":"wp","href":"https:\/\/api.w.org\/{rel}","templated":true}]}}