{"id":3517,"date":"2025-10-19T08:53:42","date_gmt":"2025-10-19T08:53:42","guid":{"rendered":"https:\/\/wavexia.com\/product\/dr-althea-147-barrier-cream-50ml\/"},"modified":"2026-03-10T07:30:55","modified_gmt":"2026-03-10T07:30:55","slug":"dr-althea-147-barrier-cream-50ml","status":"publish","type":"product","link":"https:\/\/wavexia.com\/?product=dr-althea-147-barrier-cream-50ml","title":{"rendered":"Dr. Althea \u2013 147 Barrier Cream \u2013 50ml"},"content":{"rendered":"<h2>Description<\/h2>\n<p>Le Dr. Althea 147 Barrier Cream change v\u00e9ritablement la donne pour votre routine de soins de la peau. Avec un ingr\u00e9dient exclusif, l\u2019extrait de fleur de Paeonia Albiflora brevet\u00e9, et une richesse de composants nourrissants tels que l\u2019huile d\u2019avocat et d\u2019argan, l\u2019huile de graines de cam\u00e9lia et le tocoph\u00e9rol, cette cr\u00e8me est un v\u00e9ritable r\u00e9gal pour votre peau !<\/p>\n<div class=\"flex-1 overflow-hidden\">\n<div class=\"react-scroll-to-bottom--css-yitli-79elbk h-full\">\n<div class=\"react-scroll-to-bottom--css-yitli-1n7m0yu\">\n<div class=\"flex flex-col text-sm pb-9\">\n<div class=\"w-full text-token-text-primary\" dir=\"auto\" data-testid=\"conversation-turn-99\" data-scroll-anchor=\"true\">\n<div class=\"py-2 px-3 text-base md:px-4 m-auto md:px-5 lg:px-1 xl:px-5\">\n<div class=\"mx-auto flex flex-1 gap-3 text-base juice:gap-4 juice:md:gap-6 md:max-w-3xl lg:max-w-[40rem] xl:max-w-[48rem]\">\n<div class=\"relative flex w-full min-w-0 flex-col agent-turn\">\n<div class=\"flex-col gap-1 md:gap-3\">\n<div class=\"flex flex-grow flex-col max-w-full\">\n<div class=\"min-h-[20px] text-message flex flex-col items-start whitespace-pre-wrap break-words [.text-message+&amp;]:mt-5 overflow-x-auto gap-3\" dir=\"auto\" data-message-author-role=\"assistant\" data-message-id=\"6197cae9-3470-40c3-acaf-025c24bc79aa\">\n<div class=\"markdown prose w-full break-words dark:prose-invert light\">\n<p>Mais ce n\u2019est pas tout! La composition d\u2019acide hyaluronique \u00e0 sept couches de la cr\u00e8me procure non seulement une hydratation en profondeur, mais peut \u00e9galement contribuer \u00e0 une peau plus rebondie. Et le meilleur de tout ? Gr\u00e2ce \u00e0 sa sensation soyeuse et rafra\u00eechissante sans aucun r\u00e9sidu gras, utiliser cette cr\u00e8me est un v\u00e9ritable plaisir pour les sens.<\/p>\n<p>Que vous recherchiez une am\u00e9lioration de votre barri\u00e8re cutan\u00e9e, une nutrition pour votre peau ou une hydratation intense, la Cr\u00e8me Barri\u00e8re 147 a tout pour rendre votre peau \u00e9clatante comme jamais !<\/p>\n<p><strong>Cette cr\u00e8me :<\/strong><\/p>\n<ul>\n<li>renforce la barri\u00e8re cutan\u00e9e<\/li>\n<li>nourrit et hydrate<\/li>\n<li>\u00e0 l\u2019exclusion de Paeonia Albiflora<\/li>\n<li>riches composants nourrissants<\/li>\n<li>composition d\u2019acide hyaluronique \u00e0 sept couches<\/li>\n<li>hydratation profonde<\/li>\n<li>sans cruaut\u00e9<\/li>\n<li>v\u00e9g\u00e9talien<\/li>\n<\/ul>\n<\/div>\n<\/div>\n<\/div>\n<\/div>\n<\/div>\n<\/div>\n<\/div>\n<\/div>\n<\/div>\n<\/div>\n<\/div>\n<\/div>\n","protected":false},"excerpt":{"rendered":"<p>Description Le Dr. Althea 147 Barrier Cream change v\u00e9ritablement la donne pour votre routine de soins de la peau. Avec un ingr\u00e9dient exclusif, l\u2019extrait de fleur de Paeonia Albiflora brevet\u00e9, et une richesse de composants nourrissants tels que l\u2019huile d\u2019avocat et d\u2019argan, l\u2019huile de graines de cam\u00e9lia et le tocoph\u00e9rol, cette cr\u00e8me est un v\u00e9ritable [&hellip;]<\/p>\n","protected":false},"featured_media":3516,"comment_status":"open","ping_status":"closed","template":"","meta":{"content-type":"","_uag_custom_page_level_css":""},"pwb-brand":[],"product_brand":[],"product_cat":[324,366,327,334],"product_tag":[],"class_list":{"0":"post-3517","1":"product","2":"type-product","3":"status-publish","4":"has-post-thumbnail","6":"product_cat-creme","7":"product_cat-dr-althea","8":"product_cat-hmizat","9":"product_cat-produits-coreens","11":"first","12":"instock","13":"sale","14":"shipping-taxable","15":"purchasable","16":"product-type-simple"},"aioseo_notices":[],"uagb_featured_image_src":{"full":["https:\/\/wavexia.com\/wp-content\/uploads\/2025\/10\/Product-page-sizes_33fd3609-630e-433a-a7a4-21d5572f2ab1.webp",800,800,false],"thumbnail":["https:\/\/wavexia.com\/wp-content\/uploads\/2025\/10\/Product-page-sizes_33fd3609-630e-433a-a7a4-21d5572f2ab1-150x150.webp",150,150,true],"medium":["https:\/\/wavexia.com\/wp-content\/uploads\/2025\/10\/Product-page-sizes_33fd3609-630e-433a-a7a4-21d5572f2ab1-300x300.webp",300,300,true],"medium_large":["https:\/\/wavexia.com\/wp-content\/uploads\/2025\/10\/Product-page-sizes_33fd3609-630e-433a-a7a4-21d5572f2ab1-768x768.webp",768,768,true],"large":["https:\/\/wavexia.com\/wp-content\/uploads\/2025\/10\/Product-page-sizes_33fd3609-630e-433a-a7a4-21d5572f2ab1.webp",800,800,false],"1536x1536":["https:\/\/wavexia.com\/wp-content\/uploads\/2025\/10\/Product-page-sizes_33fd3609-630e-433a-a7a4-21d5572f2ab1.webp",800,800,false],"2048x2048":["https:\/\/wavexia.com\/wp-content\/uploads\/2025\/10\/Product-page-sizes_33fd3609-630e-433a-a7a4-21d5572f2ab1.webp",800,800,false],"woocommerce_archive_thumbnail":["https:\/\/wavexia.com\/wp-content\/uploads\/2025\/10\/Product-page-sizes_33fd3609-630e-433a-a7a4-21d5572f2ab1-300x300.webp",300,300,true],"woocommerce_thumbnail":["https:\/\/wavexia.com\/wp-content\/uploads\/2025\/10\/Product-page-sizes_33fd3609-630e-433a-a7a4-21d5572f2ab1-300x300.webp",300,300,true],"woocommerce_single":["https:\/\/wavexia.com\/wp-content\/uploads\/2025\/10\/Product-page-sizes_33fd3609-630e-433a-a7a4-21d5572f2ab1-600x600.webp",600,600,true],"woocommerce_gallery_thumbnail":["https:\/\/wavexia.com\/wp-content\/uploads\/2025\/10\/Product-page-sizes_33fd3609-630e-433a-a7a4-21d5572f2ab1-100x100.webp",100,100,true]},"uagb_author_info":{"display_name":"zineddine.ayoub98@gmail.com","author_link":"https:\/\/wavexia.com\/?author=0"},"uagb_comment_info":0,"uagb_excerpt":"Description Le Dr. Althea 147 Barrier Cream change v\u00e9ritablement la donne pour votre routine de soins de la peau. Avec un ingr\u00e9dient exclusif, l\u2019extrait de fleur de Paeonia Albiflora brevet\u00e9, et une richesse de composants nourrissants tels que l\u2019huile d\u2019avocat et d\u2019argan, l\u2019huile de graines de cam\u00e9lia et le tocoph\u00e9rol, cette cr\u00e8me est un v\u00e9ritable&hellip;","brands":[],"_links":{"self":[{"href":"https:\/\/wavexia.com\/index.php?rest_route=\/wp\/v2\/product\/3517","targetHints":{"allow":["GET"]}}],"collection":[{"href":"https:\/\/wavexia.com\/index.php?rest_route=\/wp\/v2\/product"}],"about":[{"href":"https:\/\/wavexia.com\/index.php?rest_route=\/wp\/v2\/types\/product"}],"replies":[{"embeddable":true,"href":"https:\/\/wavexia.com\/index.php?rest_route=%2Fwp%2Fv2%2Fcomments&post=3517"}],"wp:featuredmedia":[{"embeddable":true,"href":"https:\/\/wavexia.com\/index.php?rest_route=\/wp\/v2\/media\/3516"}],"wp:attachment":[{"href":"https:\/\/wavexia.com\/index.php?rest_route=%2Fwp%2Fv2%2Fmedia&parent=3517"}],"wp:term":[{"taxonomy":"pwb-brand","embeddable":true,"href":"https:\/\/wavexia.com\/index.php?rest_route=%2Fwp%2Fv2%2Fpwb-brand&post=3517"},{"taxonomy":"product_brand","embeddable":true,"href":"https:\/\/wavexia.com\/index.php?rest_route=%2Fwp%2Fv2%2Fproduct_brand&post=3517"},{"taxonomy":"product_cat","embeddable":true,"href":"https:\/\/wavexia.com\/index.php?rest_route=%2Fwp%2Fv2%2Fproduct_cat&post=3517"},{"taxonomy":"product_tag","embeddable":true,"href":"https:\/\/wavexia.com\/index.php?rest_route=%2Fwp%2Fv2%2Fproduct_tag&post=3517"}],"curies":[{"name":"wp","href":"https:\/\/api.w.org\/{rel}","templated":true}]}}