{"id":3513,"date":"2025-10-19T08:53:39","date_gmt":"2025-10-19T08:53:39","guid":{"rendered":"https:\/\/wavexia.com\/product\/goodal-green-tangerine-vita-c-dark-circle-eye-cream-30ml\/"},"modified":"2026-03-10T07:30:55","modified_gmt":"2026-03-10T07:30:55","slug":"goodal-green-tangerine-vita-c-dark-circle-eye-cream-30ml","status":"publish","type":"product","link":"https:\/\/wavexia.com\/?product=goodal-green-tangerine-vita-c-dark-circle-eye-cream-30ml","title":{"rendered":"Goodal \u2013 Green Tangerine Vita C Dark Circle Eye Cream 30ml"},"content":{"rendered":"<h2>Description<\/h2>\n<p>La Goodal Green Tangerine Vita C Dark Circle est une cr\u00e8me pour les yeux \u00e0 la vitamine C qui \u00e9claircit vos cernes de mani\u00e8re douce mais tr\u00e8s efficace. Cette cr\u00e8me contient des mandarines vertes, de la vitamine C, de l\u2019ad\u00e9nosine et des peptides.<\/p>\n<p>La combinaison de ces ingr\u00e9dients ultimes procure \u00e9lasticit\u00e9, protection et une peau renforc\u00e9e autour des yeux.<\/p>\n<p>Dites adieu \u00e0 vos yeux troubl\u00e9s !<\/p>\n<p><strong>Cette cr\u00e8me contour des yeux :<\/strong><\/p>\n<ul>\n<li>convient aux yeux agit\u00e9s<\/li>\n<li>\u00e9claircit vos cernes<\/li>\n<li>apporte \u00e9lasticit\u00e9, protection et peau renforc\u00e9e<\/li>\n<li>contient des mandarines vertes, de la vitamine C, de l\u2019ad\u00e9nosine et des peptides<\/li>\n<li>sans parfum<\/li>\n<li>sans cruaut\u00e9<\/li>\n<\/ul>\n<p><strong>Comment utiliser:<\/strong><\/p>\n<ul>\n<li>Appliquez la quantit\u00e9 d\u00e9sir\u00e9e sur votre peau autour des yeux.<\/li>\n<li>Tapotez la cr\u00e8me dans votre peau jusqu\u2019\u00e0 absorption.<\/li>\n<li>Utiliser le matin et le soir.<\/li>\n<\/ul>\n<p><strong>Ingr\u00e9dients:<br \/><\/strong>Citrus Tangerina Extract (54%), 1,3-butylene Glycol, Glycerin, Propanediol, Purified Water, Pentaerythrityl Tetraethylhexanoate, Pentylene Glycol, Niacinamide, Arbutin, 1,2-hexanediol, Polymethylsilsesquioxane, Diisostearyl Malate, Vinyl Dimethicone, Ethyl Ascorbyl Ether (2,000ppm), Ascorbic Acid Polypeptide, Chlorella Vulgaris Extract, Melia Azadirachta Leaf Extract, Melia Azadirachta Leaf Extract, Curcuma Longa (Turmeric) Root Extract, Ocimum Sanctum Leaf Extract, Corallina Officinalis Extract, Diglycerin, Caprylic\/capric\/myristic\/stearic Triglyceride, Methyl Methacrylate Crosspolymer, Sodium Polyacryloyldimethyl Taurate, Ammonium Acryloyldimethyltaurate\/beheneth-25 Methacrylate Crosspolymer, Bis-diglyceryl Polyacyladipate-2, Glucose, Dimethiconol, Acrylates\/c10-30 Alkyl Acrylate Crosspolymer, Hydroxyacetophenone, Tromethamine, Fructooligosaccharides, Fructose, Glucosyl Hesperidin, Ethylhexylglycerin, Glyceryl Acrylate\/acrylic Acid Copolymer, Alantoin, Dipotassium Glycyrrhizate, Adenosine, Tocopherol, Disodium Edta.<\/p>\n","protected":false},"excerpt":{"rendered":"<p>Description La Goodal Green Tangerine Vita C Dark Circle est une cr\u00e8me pour les yeux \u00e0 la vitamine C qui \u00e9claircit vos cernes de mani\u00e8re douce mais tr\u00e8s efficace. Cette cr\u00e8me contient des mandarines vertes, de la vitamine C, de l\u2019ad\u00e9nosine et des peptides. La combinaison de ces ingr\u00e9dients ultimes procure \u00e9lasticit\u00e9, protection et une [&hellip;]<\/p>\n","protected":false},"featured_media":3512,"comment_status":"open","ping_status":"closed","template":"","meta":{"content-type":"","_uag_custom_page_level_css":""},"pwb-brand":[],"product_brand":[],"product_cat":[352,411,327,334,387],"product_tag":[],"class_list":{"0":"post-3513","1":"product","2":"type-product","3":"status-publish","4":"has-post-thumbnail","6":"product_cat-contour-des-yeux","7":"product_cat-goodal","8":"product_cat-hmizat","9":"product_cat-produits-coreens","10":"product_cat-vitamin-c","12":"first","13":"instock","14":"sale","15":"shipping-taxable","16":"purchasable","17":"product-type-simple"},"aioseo_notices":[],"uagb_featured_image_src":{"full":["https:\/\/wavexia.com\/wp-content\/uploads\/2025\/10\/hikoco_Goodal_2023Green-Tangerine-Vita-C-Dark-Circle-Eye-Cream_01.webp",600,600,false],"thumbnail":["https:\/\/wavexia.com\/wp-content\/uploads\/2025\/10\/hikoco_Goodal_2023Green-Tangerine-Vita-C-Dark-Circle-Eye-Cream_01-150x150.webp",150,150,true],"medium":["https:\/\/wavexia.com\/wp-content\/uploads\/2025\/10\/hikoco_Goodal_2023Green-Tangerine-Vita-C-Dark-Circle-Eye-Cream_01-300x300.webp",300,300,true],"medium_large":["https:\/\/wavexia.com\/wp-content\/uploads\/2025\/10\/hikoco_Goodal_2023Green-Tangerine-Vita-C-Dark-Circle-Eye-Cream_01.webp",600,600,false],"large":["https:\/\/wavexia.com\/wp-content\/uploads\/2025\/10\/hikoco_Goodal_2023Green-Tangerine-Vita-C-Dark-Circle-Eye-Cream_01.webp",600,600,false],"1536x1536":["https:\/\/wavexia.com\/wp-content\/uploads\/2025\/10\/hikoco_Goodal_2023Green-Tangerine-Vita-C-Dark-Circle-Eye-Cream_01.webp",600,600,false],"2048x2048":["https:\/\/wavexia.com\/wp-content\/uploads\/2025\/10\/hikoco_Goodal_2023Green-Tangerine-Vita-C-Dark-Circle-Eye-Cream_01.webp",600,600,false],"woocommerce_archive_thumbnail":["https:\/\/wavexia.com\/wp-content\/uploads\/2025\/10\/hikoco_Goodal_2023Green-Tangerine-Vita-C-Dark-Circle-Eye-Cream_01-300x300.webp",300,300,true],"woocommerce_thumbnail":["https:\/\/wavexia.com\/wp-content\/uploads\/2025\/10\/hikoco_Goodal_2023Green-Tangerine-Vita-C-Dark-Circle-Eye-Cream_01-300x300.webp",300,300,true],"woocommerce_single":["https:\/\/wavexia.com\/wp-content\/uploads\/2025\/10\/hikoco_Goodal_2023Green-Tangerine-Vita-C-Dark-Circle-Eye-Cream_01.webp",600,600,false],"woocommerce_gallery_thumbnail":["https:\/\/wavexia.com\/wp-content\/uploads\/2025\/10\/hikoco_Goodal_2023Green-Tangerine-Vita-C-Dark-Circle-Eye-Cream_01-100x100.webp",100,100,true]},"uagb_author_info":{"display_name":"zineddine.ayoub98@gmail.com","author_link":"https:\/\/wavexia.com\/?author=0"},"uagb_comment_info":0,"uagb_excerpt":"Description La Goodal Green Tangerine Vita C Dark Circle est une cr\u00e8me pour les yeux \u00e0 la vitamine C qui \u00e9claircit vos cernes de mani\u00e8re douce mais tr\u00e8s efficace. Cette cr\u00e8me contient des mandarines vertes, de la vitamine C, de l\u2019ad\u00e9nosine et des peptides. La combinaison de ces ingr\u00e9dients ultimes procure \u00e9lasticit\u00e9, protection et une&hellip;","brands":[],"_links":{"self":[{"href":"https:\/\/wavexia.com\/index.php?rest_route=\/wp\/v2\/product\/3513","targetHints":{"allow":["GET"]}}],"collection":[{"href":"https:\/\/wavexia.com\/index.php?rest_route=\/wp\/v2\/product"}],"about":[{"href":"https:\/\/wavexia.com\/index.php?rest_route=\/wp\/v2\/types\/product"}],"replies":[{"embeddable":true,"href":"https:\/\/wavexia.com\/index.php?rest_route=%2Fwp%2Fv2%2Fcomments&post=3513"}],"wp:featuredmedia":[{"embeddable":true,"href":"https:\/\/wavexia.com\/index.php?rest_route=\/wp\/v2\/media\/3512"}],"wp:attachment":[{"href":"https:\/\/wavexia.com\/index.php?rest_route=%2Fwp%2Fv2%2Fmedia&parent=3513"}],"wp:term":[{"taxonomy":"pwb-brand","embeddable":true,"href":"https:\/\/wavexia.com\/index.php?rest_route=%2Fwp%2Fv2%2Fpwb-brand&post=3513"},{"taxonomy":"product_brand","embeddable":true,"href":"https:\/\/wavexia.com\/index.php?rest_route=%2Fwp%2Fv2%2Fproduct_brand&post=3513"},{"taxonomy":"product_cat","embeddable":true,"href":"https:\/\/wavexia.com\/index.php?rest_route=%2Fwp%2Fv2%2Fproduct_cat&post=3513"},{"taxonomy":"product_tag","embeddable":true,"href":"https:\/\/wavexia.com\/index.php?rest_route=%2Fwp%2Fv2%2Fproduct_tag&post=3513"}],"curies":[{"name":"wp","href":"https:\/\/api.w.org\/{rel}","templated":true}]}}