{"id":3505,"date":"2025-10-19T08:53:36","date_gmt":"2025-10-19T08:53:36","guid":{"rendered":"https:\/\/wavexia.com\/product\/revlon-revlon-one-step-volumiser-plus\/"},"modified":"2026-03-10T07:30:55","modified_gmt":"2026-03-10T07:30:55","slug":"revlon-revlon-one-step-volumiser-plus","status":"publish","type":"product","link":"https:\/\/wavexia.com\/?product=revlon-revlon-one-step-volumiser-plus","title":{"rendered":"REVLON \u2013 Revlon One-Step Volumiser Plus"},"content":{"rendered":"<h2>Description<\/h2>\n<h5 class=\"a-size-small a-color-secondary a-text-normal\" data-feature-name=\"title\" data-template-name=\"title\"><span id=\"title\" class=\"a-size-small a-color-secondary\">T\u00eate d\u00e9montable, cylindre en titane et c\u00e9ramique, picots mixtes au charbon actif, technologie ionique \u00e0 la tourmaline<\/span><\/h5>\n<p>La brosse soufflante REVLON RVDR5298 \u2013 One Step Volumizer Plus \u2013 T\u00eate amovible vous offre un coiffage exceptionnel en une seule \u00e9tape. Sa conception compacte avec une t\u00eate ovale de 6,4 cm assure un lissage parfait et un volume optimal, tandis que ses performances remarquables et sa technologie ionique garantissent des cheveux brillants et pleins de volume en un clin d\u2019\u0153il.<\/p>\n","protected":false},"excerpt":{"rendered":"<p>Description T\u00eate d\u00e9montable, cylindre en titane et c\u00e9ramique, picots mixtes au charbon actif, technologie ionique \u00e0 la tourmaline La brosse soufflante REVLON RVDR5298 \u2013 One Step Volumizer Plus \u2013 T\u00eate amovible vous offre un coiffage exceptionnel en une seule \u00e9tape. Sa conception compacte avec une t\u00eate ovale de 6,4 cm assure un lissage parfait et [&hellip;]<\/p>\n","protected":false},"featured_media":3504,"comment_status":"open","ping_status":"closed","template":"","meta":{"content-type":"","_uag_custom_page_level_css":""},"pwb-brand":[],"product_brand":[],"product_cat":[377,327,331,403],"product_tag":[],"class_list":{"0":"post-3505","1":"product","2":"type-product","3":"status-publish","4":"has-post-thumbnail","6":"product_cat-cheveux","7":"product_cat-hmizat","8":"product_cat-idees-cadeaux","9":"product_cat-revlon","11":"first","12":"instock","13":"sale","14":"shipping-taxable","15":"purchasable","16":"product-type-simple"},"aioseo_notices":[],"uagb_featured_image_src":{"full":["https:\/\/wavexia.com\/wp-content\/uploads\/2025\/10\/IMG_6852.jpeg",914,1000,false],"thumbnail":["https:\/\/wavexia.com\/wp-content\/uploads\/2025\/10\/IMG_6852-150x150.jpeg",150,150,true],"medium":["https:\/\/wavexia.com\/wp-content\/uploads\/2025\/10\/IMG_6852-274x300.jpeg",274,300,true],"medium_large":["https:\/\/wavexia.com\/wp-content\/uploads\/2025\/10\/IMG_6852-768x840.jpeg",768,840,true],"large":["https:\/\/wavexia.com\/wp-content\/uploads\/2025\/10\/IMG_6852.jpeg",914,1000,false],"1536x1536":["https:\/\/wavexia.com\/wp-content\/uploads\/2025\/10\/IMG_6852.jpeg",914,1000,false],"2048x2048":["https:\/\/wavexia.com\/wp-content\/uploads\/2025\/10\/IMG_6852.jpeg",914,1000,false],"woocommerce_archive_thumbnail":["https:\/\/wavexia.com\/wp-content\/uploads\/2025\/10\/IMG_6852-300x328.jpeg",300,328,true],"woocommerce_thumbnail":["https:\/\/wavexia.com\/wp-content\/uploads\/2025\/10\/IMG_6852-300x300.jpeg",300,300,true],"woocommerce_single":["https:\/\/wavexia.com\/wp-content\/uploads\/2025\/10\/IMG_6852-600x656.jpeg",600,656,true],"woocommerce_gallery_thumbnail":["https:\/\/wavexia.com\/wp-content\/uploads\/2025\/10\/IMG_6852-100x100.jpeg",100,100,true]},"uagb_author_info":{"display_name":"zineddine.ayoub98@gmail.com","author_link":"https:\/\/wavexia.com\/?author=0"},"uagb_comment_info":0,"uagb_excerpt":"Description T\u00eate d\u00e9montable, cylindre en titane et c\u00e9ramique, picots mixtes au charbon actif, technologie ionique \u00e0 la tourmaline La brosse soufflante REVLON RVDR5298 \u2013 One Step Volumizer Plus \u2013 T\u00eate amovible vous offre un coiffage exceptionnel en une seule \u00e9tape. Sa conception compacte avec une t\u00eate ovale de 6,4 cm assure un lissage parfait et&hellip;","brands":[],"_links":{"self":[{"href":"https:\/\/wavexia.com\/index.php?rest_route=\/wp\/v2\/product\/3505","targetHints":{"allow":["GET"]}}],"collection":[{"href":"https:\/\/wavexia.com\/index.php?rest_route=\/wp\/v2\/product"}],"about":[{"href":"https:\/\/wavexia.com\/index.php?rest_route=\/wp\/v2\/types\/product"}],"replies":[{"embeddable":true,"href":"https:\/\/wavexia.com\/index.php?rest_route=%2Fwp%2Fv2%2Fcomments&post=3505"}],"wp:featuredmedia":[{"embeddable":true,"href":"https:\/\/wavexia.com\/index.php?rest_route=\/wp\/v2\/media\/3504"}],"wp:attachment":[{"href":"https:\/\/wavexia.com\/index.php?rest_route=%2Fwp%2Fv2%2Fmedia&parent=3505"}],"wp:term":[{"taxonomy":"pwb-brand","embeddable":true,"href":"https:\/\/wavexia.com\/index.php?rest_route=%2Fwp%2Fv2%2Fpwb-brand&post=3505"},{"taxonomy":"product_brand","embeddable":true,"href":"https:\/\/wavexia.com\/index.php?rest_route=%2Fwp%2Fv2%2Fproduct_brand&post=3505"},{"taxonomy":"product_cat","embeddable":true,"href":"https:\/\/wavexia.com\/index.php?rest_route=%2Fwp%2Fv2%2Fproduct_cat&post=3505"},{"taxonomy":"product_tag","embeddable":true,"href":"https:\/\/wavexia.com\/index.php?rest_route=%2Fwp%2Fv2%2Fproduct_tag&post=3505"}],"curies":[{"name":"wp","href":"https:\/\/api.w.org\/{rel}","templated":true}]}}