{"id":3502,"date":"2025-10-19T08:53:34","date_gmt":"2025-10-19T08:53:34","guid":{"rendered":"https:\/\/wavexia.com\/product\/revlon-one-step-volumizer-dryer-and-hot-air-brush\/"},"modified":"2026-03-10T07:30:55","modified_gmt":"2026-03-10T07:30:55","slug":"revlon-one-step-volumizer-dryer-and-hot-air-brush","status":"publish","type":"product","link":"https:\/\/wavexia.com\/?product=revlon-one-step-volumizer-dryer-and-hot-air-brush","title":{"rendered":"REVLON One-Step Volumizer Dryer and Hot Air Brush"},"content":{"rendered":"<h2>Description<\/h2>\n<p>Cette brosse permet de r\u00e9aliser un brushing en reproduisant automatiquement le geste brushing du coiffeur, tout en s\u00e9chant simultan\u00e9ment les cheveux. Adaptez la vitesse et la temp\u00e9rature selon le type de coiffure \u00e0 r\u00e9aliser gr\u00e2ce \u00e0 ses 3 niveaux de chauffage et 2 niveaux de vitesse.La technologie ionique permet de renforcer l\u2019effet anti-statique, ainsi vous \u00e9vitez le dess\u00e8chement de vos cheveux pour laisser place \u00e0 une chevelure lisse et brillante. Les ions n\u00e9gatifs r\u00e9duisent la taille des gouttelettes d\u2019eau pour un s\u00e9chage plus rapide.<\/p>\n","protected":false},"excerpt":{"rendered":"<p>Description Cette brosse permet de r\u00e9aliser un brushing en reproduisant automatiquement le geste brushing du coiffeur, tout en s\u00e9chant simultan\u00e9ment les cheveux. Adaptez la vitesse et la temp\u00e9rature selon le type de coiffure \u00e0 r\u00e9aliser gr\u00e2ce \u00e0 ses 3 niveaux de chauffage et 2 niveaux de vitesse.La technologie ionique permet de renforcer l\u2019effet anti-statique, ainsi [&hellip;]<\/p>\n","protected":false},"featured_media":3501,"comment_status":"open","ping_status":"closed","template":"","meta":{"content-type":"","_uag_custom_page_level_css":""},"pwb-brand":[],"product_brand":[],"product_cat":[377,327,403],"product_tag":[],"class_list":{"0":"post-3502","1":"product","2":"type-product","3":"status-publish","4":"has-post-thumbnail","6":"product_cat-cheveux","7":"product_cat-hmizat","8":"product_cat-revlon","10":"first","11":"instock","12":"sale","13":"shipping-taxable","14":"purchasable","15":"product-type-simple"},"aioseo_notices":[],"uagb_featured_image_src":{"full":["https:\/\/wavexia.com\/wp-content\/uploads\/2025\/10\/13231940-1145096041235310.webp",713,713,false],"thumbnail":["https:\/\/wavexia.com\/wp-content\/uploads\/2025\/10\/13231940-1145096041235310-150x150.webp",150,150,true],"medium":["https:\/\/wavexia.com\/wp-content\/uploads\/2025\/10\/13231940-1145096041235310-300x300.webp",300,300,true],"medium_large":["https:\/\/wavexia.com\/wp-content\/uploads\/2025\/10\/13231940-1145096041235310.webp",713,713,false],"large":["https:\/\/wavexia.com\/wp-content\/uploads\/2025\/10\/13231940-1145096041235310.webp",713,713,false],"1536x1536":["https:\/\/wavexia.com\/wp-content\/uploads\/2025\/10\/13231940-1145096041235310.webp",713,713,false],"2048x2048":["https:\/\/wavexia.com\/wp-content\/uploads\/2025\/10\/13231940-1145096041235310.webp",713,713,false],"woocommerce_archive_thumbnail":["https:\/\/wavexia.com\/wp-content\/uploads\/2025\/10\/13231940-1145096041235310-300x300.webp",300,300,true],"woocommerce_thumbnail":["https:\/\/wavexia.com\/wp-content\/uploads\/2025\/10\/13231940-1145096041235310-300x300.webp",300,300,true],"woocommerce_single":["https:\/\/wavexia.com\/wp-content\/uploads\/2025\/10\/13231940-1145096041235310-600x600.webp",600,600,true],"woocommerce_gallery_thumbnail":["https:\/\/wavexia.com\/wp-content\/uploads\/2025\/10\/13231940-1145096041235310-100x100.webp",100,100,true]},"uagb_author_info":{"display_name":"zineddine.ayoub98@gmail.com","author_link":"https:\/\/wavexia.com\/?author=0"},"uagb_comment_info":0,"uagb_excerpt":"Description Cette brosse permet de r\u00e9aliser un brushing en reproduisant automatiquement le geste brushing du coiffeur, tout en s\u00e9chant simultan\u00e9ment les cheveux. Adaptez la vitesse et la temp\u00e9rature selon le type de coiffure \u00e0 r\u00e9aliser gr\u00e2ce \u00e0 ses 3 niveaux de chauffage et 2 niveaux de vitesse.La technologie ionique permet de renforcer l\u2019effet anti-statique, ainsi&hellip;","brands":[],"_links":{"self":[{"href":"https:\/\/wavexia.com\/index.php?rest_route=\/wp\/v2\/product\/3502","targetHints":{"allow":["GET"]}}],"collection":[{"href":"https:\/\/wavexia.com\/index.php?rest_route=\/wp\/v2\/product"}],"about":[{"href":"https:\/\/wavexia.com\/index.php?rest_route=\/wp\/v2\/types\/product"}],"replies":[{"embeddable":true,"href":"https:\/\/wavexia.com\/index.php?rest_route=%2Fwp%2Fv2%2Fcomments&post=3502"}],"wp:featuredmedia":[{"embeddable":true,"href":"https:\/\/wavexia.com\/index.php?rest_route=\/wp\/v2\/media\/3501"}],"wp:attachment":[{"href":"https:\/\/wavexia.com\/index.php?rest_route=%2Fwp%2Fv2%2Fmedia&parent=3502"}],"wp:term":[{"taxonomy":"pwb-brand","embeddable":true,"href":"https:\/\/wavexia.com\/index.php?rest_route=%2Fwp%2Fv2%2Fpwb-brand&post=3502"},{"taxonomy":"product_brand","embeddable":true,"href":"https:\/\/wavexia.com\/index.php?rest_route=%2Fwp%2Fv2%2Fproduct_brand&post=3502"},{"taxonomy":"product_cat","embeddable":true,"href":"https:\/\/wavexia.com\/index.php?rest_route=%2Fwp%2Fv2%2Fproduct_cat&post=3502"},{"taxonomy":"product_tag","embeddable":true,"href":"https:\/\/wavexia.com\/index.php?rest_route=%2Fwp%2Fv2%2Fproduct_tag&post=3502"}],"curies":[{"name":"wp","href":"https:\/\/api.w.org\/{rel}","templated":true}]}}