{"id":3495,"date":"2025-10-19T08:53:29","date_gmt":"2025-10-19T08:53:29","guid":{"rendered":"https:\/\/wavexia.com\/product\/cosrx-pure-fit-cica-cream-50ml\/"},"modified":"2026-03-10T07:30:55","modified_gmt":"2026-03-10T07:30:55","slug":"cosrx-pure-fit-cica-cream-50ml","status":"publish","type":"product","link":"https:\/\/wavexia.com\/?product=cosrx-pure-fit-cica-cream-50ml","title":{"rendered":"Cosrx \u2013 Pure Fit Cica Cream 50ml"},"content":{"rendered":"<h2>Description<\/h2>\n<div class=\"block-content_MQDxpg \" data-index=\"6\">\n<div class=\"tabs-inner\">\n<div>\n<p>La COSRX Pure Fit Cica Cream est une cr\u00e8me intens\u00e9ment apaisante et nourrissante sp\u00e9cialement d\u00e9velopp\u00e9e pour adoucir et r\u00e9parer les peaux sensibles. Avec un riche m\u00e9lange de complexe Cica-7 et de trois types d\u2019acide hyaluronique, cette cr\u00e8me procure une hydratation en profondeur et am\u00e9liore l\u2019\u00e9lasticit\u00e9 de la peau.<\/p>\n<p><strong>Cette cr\u00e8me :<\/strong><\/p>\n<ul>\n<li>r\u00e9duit les rougeurs et les irritations<\/li>\n<li>renforce la barri\u00e8re cutan\u00e9e avec le complexe Cica-7<\/li>\n<li>hydrate en profondeur avec de l\u2019acide hyaluronique<\/li>\n<li>a une texture riche mais pas grasse<\/li>\n<li>est id\u00e9al pour les peaux sensibles<\/li>\n<li>sans parfum<\/li>\n<li>sans cruaut\u00e9<\/li>\n<\/ul>\n<\/div>\n<\/div>\n<div class=\"block-content_dExAQg tab-closed hidden\" data-index=\"5\">\n<div class=\"tabs-inner\">\n<div>\n<p><strong>Ingr\u00e9dients:<br \/><\/strong>Centella Asiatica Extract, Centella Asiatica Leaf Extract, Centella As- iatica Root Extract, Butylene Gly- col, Glycerin, Helianthus Annuus (Sunflower) Seed Oil, Caprylic\/ Capric Triglyceride, 1,2-Hexaned- iol, Cetearyl Olivate, Sorbitan Oli- vate, Macadamia Ternifolia Seed Oil, Beeswax, Panthenol, Cetearyl Alcohol, Cyclomethicone, Dimethicone\/Vinyl Dimethicone Crosspolymer, Ethylhexylglycerin, Hydroxyethyl Acrylate\/Sodium Acryloyldimethyl Taurate Copoly- mer, Arginine, Allantoin, Carbomer, Water, Pinus Pinaster Bark Extract, Asiaticoside, Asiatic Acid, Madecassic Acid, Madecassoside, Sodium Hyaluronate<\/p>\n<p><strong>Contenu :<\/strong>&nbsp;50 ml.<\/p>\n<\/div>\n<\/div>\n<\/div>\n<div class=\"block-content_XgHTde tab-closed hidden\" data-index=\"4\">\n<div class=\"tabs-inner\">\n<div>\n<p><strong>Comment utiliser:<\/strong><\/p>\n<ul>\n<li>Apr\u00e8s avoir nettoy\u00e9 et tonifi\u00e9, appliquez une quantit\u00e9 appropri\u00e9e sur le visage.<\/li>\n<li>Masser doucement jusqu\u2019\u00e0 absorption compl\u00e8te.<\/li>\n<\/ul>\n<\/div>\n<\/div>\n<\/div>\n<\/div>\n","protected":false},"excerpt":{"rendered":"<p>Description La COSRX Pure Fit Cica Cream est une cr\u00e8me intens\u00e9ment apaisante et nourrissante sp\u00e9cialement d\u00e9velopp\u00e9e pour adoucir et r\u00e9parer les peaux sensibles. Avec un riche m\u00e9lange de complexe Cica-7 et de trois types d\u2019acide hyaluronique, cette cr\u00e8me procure une hydratation en profondeur et am\u00e9liore l\u2019\u00e9lasticit\u00e9 de la peau. Cette cr\u00e8me : r\u00e9duit les rougeurs [&hellip;]<\/p>\n","protected":false},"featured_media":3494,"comment_status":"open","ping_status":"closed","template":"","meta":{"content-type":"","_uag_custom_page_level_css":""},"pwb-brand":[],"product_brand":[],"product_cat":[347,324,327,334],"product_tag":[],"class_list":{"0":"post-3495","1":"product","2":"type-product","3":"status-publish","4":"has-post-thumbnail","6":"product_cat-cosrx","7":"product_cat-creme","8":"product_cat-hmizat","9":"product_cat-produits-coreens","11":"first","12":"instock","13":"sale","14":"shipping-taxable","15":"purchasable","16":"product-type-simple"},"aioseo_notices":[],"uagb_featured_image_src":{"full":["https:\/\/wavexia.com\/wp-content\/uploads\/2025\/10\/51FVN12hApL.-SL1500.webp",1500,1500,false],"thumbnail":["https:\/\/wavexia.com\/wp-content\/uploads\/2025\/10\/51FVN12hApL.-SL1500-150x150.webp",150,150,true],"medium":["https:\/\/wavexia.com\/wp-content\/uploads\/2025\/10\/51FVN12hApL.-SL1500-300x300.webp",300,300,true],"medium_large":["https:\/\/wavexia.com\/wp-content\/uploads\/2025\/10\/51FVN12hApL.-SL1500-768x768.webp",768,768,true],"large":["https:\/\/wavexia.com\/wp-content\/uploads\/2025\/10\/51FVN12hApL.-SL1500-1024x1024.webp",1024,1024,true],"1536x1536":["https:\/\/wavexia.com\/wp-content\/uploads\/2025\/10\/51FVN12hApL.-SL1500.webp",1500,1500,false],"2048x2048":["https:\/\/wavexia.com\/wp-content\/uploads\/2025\/10\/51FVN12hApL.-SL1500.webp",1500,1500,false],"woocommerce_archive_thumbnail":["https:\/\/wavexia.com\/wp-content\/uploads\/2025\/10\/51FVN12hApL.-SL1500-300x300.webp",300,300,true],"woocommerce_thumbnail":["https:\/\/wavexia.com\/wp-content\/uploads\/2025\/10\/51FVN12hApL.-SL1500-300x300.webp",300,300,true],"woocommerce_single":["https:\/\/wavexia.com\/wp-content\/uploads\/2025\/10\/51FVN12hApL.-SL1500-600x600.webp",600,600,true],"woocommerce_gallery_thumbnail":["https:\/\/wavexia.com\/wp-content\/uploads\/2025\/10\/51FVN12hApL.-SL1500-100x100.webp",100,100,true]},"uagb_author_info":{"display_name":"zineddine.ayoub98@gmail.com","author_link":"https:\/\/wavexia.com\/?author=0"},"uagb_comment_info":0,"uagb_excerpt":"Description La COSRX Pure Fit Cica Cream est une cr\u00e8me intens\u00e9ment apaisante et nourrissante sp\u00e9cialement d\u00e9velopp\u00e9e pour adoucir et r\u00e9parer les peaux sensibles. Avec un riche m\u00e9lange de complexe Cica-7 et de trois types d\u2019acide hyaluronique, cette cr\u00e8me procure une hydratation en profondeur et am\u00e9liore l\u2019\u00e9lasticit\u00e9 de la peau. Cette cr\u00e8me : r\u00e9duit les rougeurs&hellip;","brands":[],"_links":{"self":[{"href":"https:\/\/wavexia.com\/index.php?rest_route=\/wp\/v2\/product\/3495","targetHints":{"allow":["GET"]}}],"collection":[{"href":"https:\/\/wavexia.com\/index.php?rest_route=\/wp\/v2\/product"}],"about":[{"href":"https:\/\/wavexia.com\/index.php?rest_route=\/wp\/v2\/types\/product"}],"replies":[{"embeddable":true,"href":"https:\/\/wavexia.com\/index.php?rest_route=%2Fwp%2Fv2%2Fcomments&post=3495"}],"wp:featuredmedia":[{"embeddable":true,"href":"https:\/\/wavexia.com\/index.php?rest_route=\/wp\/v2\/media\/3494"}],"wp:attachment":[{"href":"https:\/\/wavexia.com\/index.php?rest_route=%2Fwp%2Fv2%2Fmedia&parent=3495"}],"wp:term":[{"taxonomy":"pwb-brand","embeddable":true,"href":"https:\/\/wavexia.com\/index.php?rest_route=%2Fwp%2Fv2%2Fpwb-brand&post=3495"},{"taxonomy":"product_brand","embeddable":true,"href":"https:\/\/wavexia.com\/index.php?rest_route=%2Fwp%2Fv2%2Fproduct_brand&post=3495"},{"taxonomy":"product_cat","embeddable":true,"href":"https:\/\/wavexia.com\/index.php?rest_route=%2Fwp%2Fv2%2Fproduct_cat&post=3495"},{"taxonomy":"product_tag","embeddable":true,"href":"https:\/\/wavexia.com\/index.php?rest_route=%2Fwp%2Fv2%2Fproduct_tag&post=3495"}],"curies":[{"name":"wp","href":"https:\/\/api.w.org\/{rel}","templated":true}]}}