{"id":3485,"date":"2025-10-19T08:53:23","date_gmt":"2025-10-19T08:53:23","guid":{"rendered":"https:\/\/wavexia.com\/product\/cosrx-hyaluronic-acid-intensive-cream-100gr\/"},"modified":"2026-03-10T07:30:55","modified_gmt":"2026-03-10T07:30:55","slug":"cosrx-hyaluronic-acid-intensive-cream-100gr","status":"publish","type":"product","link":"https:\/\/wavexia.com\/?product=cosrx-hyaluronic-acid-intensive-cream-100gr","title":{"rendered":"COSRX \u2013 Hyaluronic Acid Intensive Cream 100gr"},"content":{"rendered":"<h2>Description<\/h2>\n<p>La COSRX Hyaluronic Acid Intensive Cream est un hydratant intens\u00e9ment hydratant qui favorise l\u2019hydratation de la peau sans sensation de gras ou de lourdeur.<\/p>\n<p>La cr\u00e8me regorge d\u2019ingr\u00e9dients hydratants tels que l\u2019argousier et l\u2019acide hyaluronique pour une hydratation optimale de la peau. De plus, l\u2019huile d\u2019argousier est riche en vitamines et acides amin\u00e9s nourrissants, ce qui en fait un excellent antioxydant pour aider \u00e0 r\u00e9parer les cellules de la peau et retarder les signes du vieillissement.<\/p>\n<p>Utilisez-le comme derni\u00e8re \u00e9tape de votre routine de soins de la peau.<\/p>\n<p><strong>Cette cr\u00e8me hydratante :<\/strong><\/p>\n<ul>\n<li>cr\u00e8me hydratante intense<\/li>\n<li>formule l\u00e9g\u00e8re<\/li>\n<li>aide \u00e0 r\u00e9parer les cellules de la peau<\/li>\n<li>aide \u00e0 ralentir les signes du vieillissement<\/li>\n<li>sans cruaut\u00e9<\/li>\n<\/ul>\n<p><strong>Comment utiliser:<\/strong><\/p>\n<ul>\n<li>Appliquez une quantit\u00e9 appropri\u00e9e uniform\u00e9ment sur votre visage.<\/li>\n<li>Tapotez doucement la cr\u00e8me hydratante sur la peau jusqu\u2019\u00e0 ce que tout le produit soit absorb\u00e9.<\/li>\n<\/ul>\n<p><strong>Ingr\u00e9dients:<\/strong><br \/>Hippophae Rhamnoides Water, Glycerin, Butylene Glycol, Caprylic\/capric Triglyceride, Betaine, Helianthus Annuus (Sunflower) Seed Oil, Cetearyl Alcohol, Cetearyl Olivate, Sorbitan Olivate, Macadamia Ternifolia Seed Oil, 1,2-hexanediol, Sodium Hyaluronate, Arginine, Panthenol, Dimethicone, Ethylhexylglycerin, Carbomer, Allantoin, Xanthan Gum.<\/p>\n","protected":false},"excerpt":{"rendered":"<p>Description La COSRX Hyaluronic Acid Intensive Cream est un hydratant intens\u00e9ment hydratant qui favorise l\u2019hydratation de la peau sans sensation de gras ou de lourdeur. La cr\u00e8me regorge d\u2019ingr\u00e9dients hydratants tels que l\u2019argousier et l\u2019acide hyaluronique pour une hydratation optimale de la peau. De plus, l\u2019huile d\u2019argousier est riche en vitamines et acides amin\u00e9s nourrissants, [&hellip;]<\/p>\n","protected":false},"featured_media":3484,"comment_status":"open","ping_status":"closed","template":"","meta":{"content-type":"","_uag_custom_page_level_css":""},"pwb-brand":[],"product_brand":[],"product_cat":[347,324,327,334],"product_tag":[],"class_list":{"0":"post-3485","1":"product","2":"type-product","3":"status-publish","4":"has-post-thumbnail","6":"product_cat-cosrx","7":"product_cat-creme","8":"product_cat-hmizat","9":"product_cat-produits-coreens","11":"first","12":"instock","13":"sale","14":"shipping-taxable","15":"purchasable","16":"product-type-simple"},"aioseo_notices":[],"uagb_featured_image_src":{"full":["https:\/\/wavexia.com\/wp-content\/uploads\/2025\/10\/Product-page-sizes_5854edec-581d-4a58-9d20-b9a230d1882f.webp",800,800,false],"thumbnail":["https:\/\/wavexia.com\/wp-content\/uploads\/2025\/10\/Product-page-sizes_5854edec-581d-4a58-9d20-b9a230d1882f-150x150.webp",150,150,true],"medium":["https:\/\/wavexia.com\/wp-content\/uploads\/2025\/10\/Product-page-sizes_5854edec-581d-4a58-9d20-b9a230d1882f-300x300.webp",300,300,true],"medium_large":["https:\/\/wavexia.com\/wp-content\/uploads\/2025\/10\/Product-page-sizes_5854edec-581d-4a58-9d20-b9a230d1882f-768x768.webp",768,768,true],"large":["https:\/\/wavexia.com\/wp-content\/uploads\/2025\/10\/Product-page-sizes_5854edec-581d-4a58-9d20-b9a230d1882f.webp",800,800,false],"1536x1536":["https:\/\/wavexia.com\/wp-content\/uploads\/2025\/10\/Product-page-sizes_5854edec-581d-4a58-9d20-b9a230d1882f.webp",800,800,false],"2048x2048":["https:\/\/wavexia.com\/wp-content\/uploads\/2025\/10\/Product-page-sizes_5854edec-581d-4a58-9d20-b9a230d1882f.webp",800,800,false],"woocommerce_archive_thumbnail":["https:\/\/wavexia.com\/wp-content\/uploads\/2025\/10\/Product-page-sizes_5854edec-581d-4a58-9d20-b9a230d1882f-300x300.webp",300,300,true],"woocommerce_thumbnail":["https:\/\/wavexia.com\/wp-content\/uploads\/2025\/10\/Product-page-sizes_5854edec-581d-4a58-9d20-b9a230d1882f-300x300.webp",300,300,true],"woocommerce_single":["https:\/\/wavexia.com\/wp-content\/uploads\/2025\/10\/Product-page-sizes_5854edec-581d-4a58-9d20-b9a230d1882f-600x600.webp",600,600,true],"woocommerce_gallery_thumbnail":["https:\/\/wavexia.com\/wp-content\/uploads\/2025\/10\/Product-page-sizes_5854edec-581d-4a58-9d20-b9a230d1882f-100x100.webp",100,100,true]},"uagb_author_info":{"display_name":"zineddine.ayoub98@gmail.com","author_link":"https:\/\/wavexia.com\/?author=0"},"uagb_comment_info":0,"uagb_excerpt":"Description La COSRX Hyaluronic Acid Intensive Cream est un hydratant intens\u00e9ment hydratant qui favorise l\u2019hydratation de la peau sans sensation de gras ou de lourdeur. La cr\u00e8me regorge d\u2019ingr\u00e9dients hydratants tels que l\u2019argousier et l\u2019acide hyaluronique pour une hydratation optimale de la peau. De plus, l\u2019huile d\u2019argousier est riche en vitamines et acides amin\u00e9s nourrissants,&hellip;","brands":[],"_links":{"self":[{"href":"https:\/\/wavexia.com\/index.php?rest_route=\/wp\/v2\/product\/3485","targetHints":{"allow":["GET"]}}],"collection":[{"href":"https:\/\/wavexia.com\/index.php?rest_route=\/wp\/v2\/product"}],"about":[{"href":"https:\/\/wavexia.com\/index.php?rest_route=\/wp\/v2\/types\/product"}],"replies":[{"embeddable":true,"href":"https:\/\/wavexia.com\/index.php?rest_route=%2Fwp%2Fv2%2Fcomments&post=3485"}],"wp:featuredmedia":[{"embeddable":true,"href":"https:\/\/wavexia.com\/index.php?rest_route=\/wp\/v2\/media\/3484"}],"wp:attachment":[{"href":"https:\/\/wavexia.com\/index.php?rest_route=%2Fwp%2Fv2%2Fmedia&parent=3485"}],"wp:term":[{"taxonomy":"pwb-brand","embeddable":true,"href":"https:\/\/wavexia.com\/index.php?rest_route=%2Fwp%2Fv2%2Fpwb-brand&post=3485"},{"taxonomy":"product_brand","embeddable":true,"href":"https:\/\/wavexia.com\/index.php?rest_route=%2Fwp%2Fv2%2Fproduct_brand&post=3485"},{"taxonomy":"product_cat","embeddable":true,"href":"https:\/\/wavexia.com\/index.php?rest_route=%2Fwp%2Fv2%2Fproduct_cat&post=3485"},{"taxonomy":"product_tag","embeddable":true,"href":"https:\/\/wavexia.com\/index.php?rest_route=%2Fwp%2Fv2%2Fproduct_tag&post=3485"}],"curies":[{"name":"wp","href":"https:\/\/api.w.org\/{rel}","templated":true}]}}