{"id":3481,"date":"2025-10-19T08:53:21","date_gmt":"2025-10-19T08:53:21","guid":{"rendered":"https:\/\/wavexia.com\/product\/cosrx-master-patch-original-fit\/"},"modified":"2026-03-10T07:30:55","modified_gmt":"2026-03-10T07:30:55","slug":"cosrx-master-patch-original-fit","status":"publish","type":"product","link":"https:\/\/wavexia.com\/?product=cosrx-master-patch-original-fit","title":{"rendered":"COSRX \u2013 Master patch original fit"},"content":{"rendered":"<h2>Description<\/h2>\n<p>Ce pack de patchs&nbsp;est la solution la plus rapide et la plus efficace contre les \u00e9ruptions cutan\u00e9es.&nbsp;Ces patchs ronds contiennent de l\u2019hydrocollo\u00efde&nbsp;qui favorise une cicatrisation rapide de la plaie. Ils dissolvent et absorbent les accumulations d\u2019impuret\u00e9s de s\u00e9bum, r\u00e9duisent les rougeurs et l\u2019inflammation en un temps record.&nbsp;De plus, ils adh\u00e8rent parfaitement \u00e0 la peau, cr\u00e9ant une barri\u00e8re protectrice contre les bact\u00e9ries. Ces patchs invisibles peuvent se porter en journ\u00e9e sous le maquillage.&nbsp;Ce pack contient 24 patchs de 3 tailles diff\u00e9rentes.<\/p>\n<p>Ce produit convient \u00e0 tous les types de peaux, en particulier aux peaux \u00e0 tendances acn\u00e9iques.<\/p>\n","protected":false},"excerpt":{"rendered":"<p>Description Ce pack de patchs&nbsp;est la solution la plus rapide et la plus efficace contre les \u00e9ruptions cutan\u00e9es.&nbsp;Ces patchs ronds contiennent de l\u2019hydrocollo\u00efde&nbsp;qui favorise une cicatrisation rapide de la plaie. Ils dissolvent et absorbent les accumulations d\u2019impuret\u00e9s de s\u00e9bum, r\u00e9duisent les rougeurs et l\u2019inflammation en un temps record.&nbsp;De plus, ils adh\u00e8rent parfaitement \u00e0 la peau, [&hellip;]<\/p>\n","protected":false},"featured_media":3480,"comment_status":"open","ping_status":"closed","template":"","meta":{"content-type":"","_uag_custom_page_level_css":""},"pwb-brand":[],"product_brand":[],"product_cat":[347,327,348,334],"product_tag":[],"class_list":{"0":"post-3481","1":"product","2":"type-product","3":"status-publish","4":"has-post-thumbnail","6":"product_cat-cosrx","7":"product_cat-hmizat","8":"product_cat-patchs","9":"product_cat-produits-coreens","11":"first","12":"instock","13":"sale","14":"shipping-taxable","15":"purchasable","16":"product-type-simple"},"aioseo_notices":[],"uagb_featured_image_src":{"full":["https:\/\/wavexia.com\/wp-content\/uploads\/2025\/10\/019000000020.webp",800,800,false],"thumbnail":["https:\/\/wavexia.com\/wp-content\/uploads\/2025\/10\/019000000020-150x150.webp",150,150,true],"medium":["https:\/\/wavexia.com\/wp-content\/uploads\/2025\/10\/019000000020-300x300.webp",300,300,true],"medium_large":["https:\/\/wavexia.com\/wp-content\/uploads\/2025\/10\/019000000020-768x768.webp",768,768,true],"large":["https:\/\/wavexia.com\/wp-content\/uploads\/2025\/10\/019000000020.webp",800,800,false],"1536x1536":["https:\/\/wavexia.com\/wp-content\/uploads\/2025\/10\/019000000020.webp",800,800,false],"2048x2048":["https:\/\/wavexia.com\/wp-content\/uploads\/2025\/10\/019000000020.webp",800,800,false],"woocommerce_archive_thumbnail":["https:\/\/wavexia.com\/wp-content\/uploads\/2025\/10\/019000000020-300x300.webp",300,300,true],"woocommerce_thumbnail":["https:\/\/wavexia.com\/wp-content\/uploads\/2025\/10\/019000000020-300x300.webp",300,300,true],"woocommerce_single":["https:\/\/wavexia.com\/wp-content\/uploads\/2025\/10\/019000000020-600x600.webp",600,600,true],"woocommerce_gallery_thumbnail":["https:\/\/wavexia.com\/wp-content\/uploads\/2025\/10\/019000000020-100x100.webp",100,100,true]},"uagb_author_info":{"display_name":"zineddine.ayoub98@gmail.com","author_link":"https:\/\/wavexia.com\/?author=0"},"uagb_comment_info":0,"uagb_excerpt":"Description Ce pack de patchs&nbsp;est la solution la plus rapide et la plus efficace contre les \u00e9ruptions cutan\u00e9es.&nbsp;Ces patchs ronds contiennent de l\u2019hydrocollo\u00efde&nbsp;qui favorise une cicatrisation rapide de la plaie. Ils dissolvent et absorbent les accumulations d\u2019impuret\u00e9s de s\u00e9bum, r\u00e9duisent les rougeurs et l\u2019inflammation en un temps record.&nbsp;De plus, ils adh\u00e8rent parfaitement \u00e0 la peau,&hellip;","brands":[],"_links":{"self":[{"href":"https:\/\/wavexia.com\/index.php?rest_route=\/wp\/v2\/product\/3481","targetHints":{"allow":["GET"]}}],"collection":[{"href":"https:\/\/wavexia.com\/index.php?rest_route=\/wp\/v2\/product"}],"about":[{"href":"https:\/\/wavexia.com\/index.php?rest_route=\/wp\/v2\/types\/product"}],"replies":[{"embeddable":true,"href":"https:\/\/wavexia.com\/index.php?rest_route=%2Fwp%2Fv2%2Fcomments&post=3481"}],"wp:featuredmedia":[{"embeddable":true,"href":"https:\/\/wavexia.com\/index.php?rest_route=\/wp\/v2\/media\/3480"}],"wp:attachment":[{"href":"https:\/\/wavexia.com\/index.php?rest_route=%2Fwp%2Fv2%2Fmedia&parent=3481"}],"wp:term":[{"taxonomy":"pwb-brand","embeddable":true,"href":"https:\/\/wavexia.com\/index.php?rest_route=%2Fwp%2Fv2%2Fpwb-brand&post=3481"},{"taxonomy":"product_brand","embeddable":true,"href":"https:\/\/wavexia.com\/index.php?rest_route=%2Fwp%2Fv2%2Fproduct_brand&post=3481"},{"taxonomy":"product_cat","embeddable":true,"href":"https:\/\/wavexia.com\/index.php?rest_route=%2Fwp%2Fv2%2Fproduct_cat&post=3481"},{"taxonomy":"product_tag","embeddable":true,"href":"https:\/\/wavexia.com\/index.php?rest_route=%2Fwp%2Fv2%2Fproduct_tag&post=3481"}],"curies":[{"name":"wp","href":"https:\/\/api.w.org\/{rel}","templated":true}]}}