{"id":3478,"date":"2025-10-19T08:53:20","date_gmt":"2025-10-19T08:53:20","guid":{"rendered":"https:\/\/wavexia.com\/product\/cosrx-propolis-light-ampoule-30ml\/"},"modified":"2026-03-10T07:30:55","modified_gmt":"2026-03-10T07:30:55","slug":"cosrx-propolis-light-ampoule-30ml","status":"publish","type":"product","link":"https:\/\/wavexia.com\/?product=cosrx-propolis-light-ampoule-30ml","title":{"rendered":"Cosrx \u2013 Propolis Light Ampoule \u2013 30ml"},"content":{"rendered":"<h2>Description<\/h2>\n<div class=\"block-content_MQDxpg \" data-index=\"6\">\n<div class=\"tabs-inner\">\n<div>\n<p>COSRX Propolis Light Ampule est une ampoule avec laquelle vous donnez un coup de pouce \u00e0 votre peau que personne ne peut ignorer! Cette ampoule est tr\u00e8s efficace et ne colle pas. L\u2019ampoule contient 83% d\u2019extraits de propolis d\u2019abeille noire et aide \u00e0 gu\u00e9rir la peau stress\u00e9e et \u00e0 r\u00e9duire les rougeurs. De plus, cette formule est \u00e9galement enrichie d\u2019ingr\u00e9dients hydratants.<\/p>\n<p>Optez pour une peau uniforme et brillante, adapt\u00e9e \u00e0 tous les types de peau.<\/p>\n<p><strong>Cette ampoule:<\/strong><\/p>\n<ul>\n<li>fonctionne tr\u00e8s efficacement<\/li>\n<li>ne colle pas<\/li>\n<li>gu\u00e9rit la peau stress\u00e9e<\/li>\n<li>r\u00e9duit les rougeurs<\/li>\n<li>hydrate<\/li>\n<li>fournit une peau uniforme et brillante<\/li>\n<li>convient \u00e0 tous les types de peau<\/li>\n<\/ul>\n<\/div>\n<\/div>\n<div class=\"block-content_dExAQg tab-closed hidden\" data-index=\"5\">\n<div class=\"tabs-inner\">\n<div>\n<p><strong>Ingr\u00e9dients:<\/strong><br \/>Propolis Extract, Butylene Glycol, Glycerin, Betaine, 1,2-Hexanediol, Cassia Obtusifolia Seed Extract, Sodium Hyaluronate, Hydroxyethylcellulose, Carbomer, Panthenol, Arginine.<\/p>\n<p>&nbsp;<\/p>\n<\/div>\n<\/div>\n<\/div>\n<div class=\"block-content_XgHTde tab-closed hidden\" data-index=\"4\">\n<div class=\"tabs-inner\">\n<div>\n<p><strong>Comment utiliser:<\/strong><\/p>\n<ul>\n<li>Appliquer 2-3 gouttes sur une peau bien nettoy\u00e9e (\u00e9ventuellement apr\u00e8s avoir appliqu\u00e9 un toner).<\/li>\n<li>Tamponnez l\u2019ampoule dans votre peau jusqu\u2019\u00e0 ce qu\u2019elle soit compl\u00e8tement absorb\u00e9e.<\/li>\n<\/ul>\n<\/div>\n<\/div>\n<\/div>\n<\/div>\n","protected":false},"excerpt":{"rendered":"<p>Description COSRX Propolis Light Ampule est une ampoule avec laquelle vous donnez un coup de pouce \u00e0 votre peau que personne ne peut ignorer! Cette ampoule est tr\u00e8s efficace et ne colle pas. L\u2019ampoule contient 83% d\u2019extraits de propolis d\u2019abeille noire et aide \u00e0 gu\u00e9rir la peau stress\u00e9e et \u00e0 r\u00e9duire les rougeurs. De plus, [&hellip;]<\/p>\n","protected":false},"featured_media":3477,"comment_status":"open","ping_status":"closed","template":"","meta":{"content-type":"","_uag_custom_page_level_css":""},"pwb-brand":[],"product_brand":[],"product_cat":[347,327,334,338],"product_tag":[],"class_list":{"0":"post-3478","1":"product","2":"type-product","3":"status-publish","4":"has-post-thumbnail","6":"product_cat-cosrx","7":"product_cat-hmizat","8":"product_cat-produits-coreens","9":"product_cat-serum-ampoule","11":"first","12":"instock","13":"sale","14":"shipping-taxable","15":"purchasable","16":"product-type-simple"},"aioseo_notices":[],"uagb_featured_image_src":{"full":["https:\/\/wavexia.com\/wp-content\/uploads\/2025\/10\/019000000176.webp",800,800,false],"thumbnail":["https:\/\/wavexia.com\/wp-content\/uploads\/2025\/10\/019000000176-150x150.webp",150,150,true],"medium":["https:\/\/wavexia.com\/wp-content\/uploads\/2025\/10\/019000000176-300x300.webp",300,300,true],"medium_large":["https:\/\/wavexia.com\/wp-content\/uploads\/2025\/10\/019000000176-768x768.webp",768,768,true],"large":["https:\/\/wavexia.com\/wp-content\/uploads\/2025\/10\/019000000176.webp",800,800,false],"1536x1536":["https:\/\/wavexia.com\/wp-content\/uploads\/2025\/10\/019000000176.webp",800,800,false],"2048x2048":["https:\/\/wavexia.com\/wp-content\/uploads\/2025\/10\/019000000176.webp",800,800,false],"woocommerce_archive_thumbnail":["https:\/\/wavexia.com\/wp-content\/uploads\/2025\/10\/019000000176-300x300.webp",300,300,true],"woocommerce_thumbnail":["https:\/\/wavexia.com\/wp-content\/uploads\/2025\/10\/019000000176-300x300.webp",300,300,true],"woocommerce_single":["https:\/\/wavexia.com\/wp-content\/uploads\/2025\/10\/019000000176-600x600.webp",600,600,true],"woocommerce_gallery_thumbnail":["https:\/\/wavexia.com\/wp-content\/uploads\/2025\/10\/019000000176-100x100.webp",100,100,true]},"uagb_author_info":{"display_name":"zineddine.ayoub98@gmail.com","author_link":"https:\/\/wavexia.com\/?author=0"},"uagb_comment_info":0,"uagb_excerpt":"Description COSRX Propolis Light Ampule est une ampoule avec laquelle vous donnez un coup de pouce \u00e0 votre peau que personne ne peut ignorer! Cette ampoule est tr\u00e8s efficace et ne colle pas. L\u2019ampoule contient 83% d\u2019extraits de propolis d\u2019abeille noire et aide \u00e0 gu\u00e9rir la peau stress\u00e9e et \u00e0 r\u00e9duire les rougeurs. De plus,&hellip;","brands":[],"_links":{"self":[{"href":"https:\/\/wavexia.com\/index.php?rest_route=\/wp\/v2\/product\/3478","targetHints":{"allow":["GET"]}}],"collection":[{"href":"https:\/\/wavexia.com\/index.php?rest_route=\/wp\/v2\/product"}],"about":[{"href":"https:\/\/wavexia.com\/index.php?rest_route=\/wp\/v2\/types\/product"}],"replies":[{"embeddable":true,"href":"https:\/\/wavexia.com\/index.php?rest_route=%2Fwp%2Fv2%2Fcomments&post=3478"}],"wp:featuredmedia":[{"embeddable":true,"href":"https:\/\/wavexia.com\/index.php?rest_route=\/wp\/v2\/media\/3477"}],"wp:attachment":[{"href":"https:\/\/wavexia.com\/index.php?rest_route=%2Fwp%2Fv2%2Fmedia&parent=3478"}],"wp:term":[{"taxonomy":"pwb-brand","embeddable":true,"href":"https:\/\/wavexia.com\/index.php?rest_route=%2Fwp%2Fv2%2Fpwb-brand&post=3478"},{"taxonomy":"product_brand","embeddable":true,"href":"https:\/\/wavexia.com\/index.php?rest_route=%2Fwp%2Fv2%2Fproduct_brand&post=3478"},{"taxonomy":"product_cat","embeddable":true,"href":"https:\/\/wavexia.com\/index.php?rest_route=%2Fwp%2Fv2%2Fproduct_cat&post=3478"},{"taxonomy":"product_tag","embeddable":true,"href":"https:\/\/wavexia.com\/index.php?rest_route=%2Fwp%2Fv2%2Fproduct_tag&post=3478"}],"curies":[{"name":"wp","href":"https:\/\/api.w.org\/{rel}","templated":true}]}}