{"id":3471,"date":"2025-10-19T08:53:16","date_gmt":"2025-10-19T08:53:16","guid":{"rendered":"https:\/\/wavexia.com\/product\/cosrx-advanced-snail96-mucin-power-essence-100ml\/"},"modified":"2026-03-10T07:30:55","modified_gmt":"2026-03-10T07:30:55","slug":"cosrx-advanced-snail96-mucin-power-essence-100ml","status":"publish","type":"product","link":"https:\/\/wavexia.com\/?product=cosrx-advanced-snail96-mucin-power-essence-100ml","title":{"rendered":"Cosrx advanced snail96 Mucin Power Essence \u2013 100ml"},"content":{"rendered":"<h2>Description<\/h2>\n<p>COSRX Advanced Snail96 Mucin Power Essence est un s\u00e9rum qui donne \u00e0 votre peau un aspect plus jeune! Ce s\u00e9rum contient 96% de l\u2019ingr\u00e9dient actif, le mucus d\u2019escargot, qui r\u00e9duit visiblement les rides. Votre peau est intens\u00e9ment nourrie et restaur\u00e9e gr\u00e2ce \u00e0 ses propri\u00e9t\u00e9s cicatrisantes. De plus, votre peau est \u00e9galement hydrat\u00e9e sans se sentir collante.<\/p>\n<p><strong>Ce s\u00e9rum:<\/strong><\/p>\n<ul>\n<li>r\u00e9duit les rides<\/li>\n<li>nourrit et hydrate votre peau<\/li>\n<li>restaure la peau endommag\u00e9e<\/li>\n<\/ul>\n<p><strong>Comment utiliser:<\/strong><\/p>\n<ul>\n<li>Appliquer sur une peau propre.<\/li>\n<li>Utilisez ce s\u00e9rum le matin et le soir.<\/li>\n<\/ul>\n<p><strong>Ingr\u00e9dients:<\/strong><br \/>Snail Secretion Filtrate, Betaine, Butylene Glycol, 1,2-Hexanediol, Sodium Hyaluronate, Panthenol, Arginine, Allantoin, Ethyl Hexanediol, Sodium Polyacrylate, Carbomer, Phenoxyethanol.<\/p>\n","protected":false},"excerpt":{"rendered":"<p>Description COSRX Advanced Snail96 Mucin Power Essence est un s\u00e9rum qui donne \u00e0 votre peau un aspect plus jeune! Ce s\u00e9rum contient 96% de l\u2019ingr\u00e9dient actif, le mucus d\u2019escargot, qui r\u00e9duit visiblement les rides. Votre peau est intens\u00e9ment nourrie et restaur\u00e9e gr\u00e2ce \u00e0 ses propri\u00e9t\u00e9s cicatrisantes. De plus, votre peau est \u00e9galement hydrat\u00e9e sans se [&hellip;]<\/p>\n","protected":false},"featured_media":3470,"comment_status":"open","ping_status":"closed","template":"","meta":{"content-type":"","_uag_custom_page_level_css":""},"pwb-brand":[],"product_brand":[],"product_cat":[347,371,327,334],"product_tag":[],"class_list":{"0":"post-3471","1":"product","2":"type-product","3":"status-publish","4":"has-post-thumbnail","6":"product_cat-cosrx","7":"product_cat-essence","8":"product_cat-hmizat","9":"product_cat-produits-coreens","11":"first","12":"instock","13":"sale","14":"shipping-taxable","15":"purchasable","16":"product-type-simple"},"aioseo_notices":[],"uagb_featured_image_src":{"full":["https:\/\/wavexia.com\/wp-content\/uploads\/2025\/10\/0190000000092-kopieren.webp",800,800,false],"thumbnail":["https:\/\/wavexia.com\/wp-content\/uploads\/2025\/10\/0190000000092-kopieren-150x150.webp",150,150,true],"medium":["https:\/\/wavexia.com\/wp-content\/uploads\/2025\/10\/0190000000092-kopieren-300x300.webp",300,300,true],"medium_large":["https:\/\/wavexia.com\/wp-content\/uploads\/2025\/10\/0190000000092-kopieren-768x768.webp",768,768,true],"large":["https:\/\/wavexia.com\/wp-content\/uploads\/2025\/10\/0190000000092-kopieren.webp",800,800,false],"1536x1536":["https:\/\/wavexia.com\/wp-content\/uploads\/2025\/10\/0190000000092-kopieren.webp",800,800,false],"2048x2048":["https:\/\/wavexia.com\/wp-content\/uploads\/2025\/10\/0190000000092-kopieren.webp",800,800,false],"woocommerce_archive_thumbnail":["https:\/\/wavexia.com\/wp-content\/uploads\/2025\/10\/0190000000092-kopieren-300x300.webp",300,300,true],"woocommerce_thumbnail":["https:\/\/wavexia.com\/wp-content\/uploads\/2025\/10\/0190000000092-kopieren-300x300.webp",300,300,true],"woocommerce_single":["https:\/\/wavexia.com\/wp-content\/uploads\/2025\/10\/0190000000092-kopieren-600x600.webp",600,600,true],"woocommerce_gallery_thumbnail":["https:\/\/wavexia.com\/wp-content\/uploads\/2025\/10\/0190000000092-kopieren-100x100.webp",100,100,true]},"uagb_author_info":{"display_name":"zineddine.ayoub98@gmail.com","author_link":"https:\/\/wavexia.com\/?author=0"},"uagb_comment_info":0,"uagb_excerpt":"Description COSRX Advanced Snail96 Mucin Power Essence est un s\u00e9rum qui donne \u00e0 votre peau un aspect plus jeune! Ce s\u00e9rum contient 96% de l\u2019ingr\u00e9dient actif, le mucus d\u2019escargot, qui r\u00e9duit visiblement les rides. Votre peau est intens\u00e9ment nourrie et restaur\u00e9e gr\u00e2ce \u00e0 ses propri\u00e9t\u00e9s cicatrisantes. De plus, votre peau est \u00e9galement hydrat\u00e9e sans se&hellip;","brands":[],"_links":{"self":[{"href":"https:\/\/wavexia.com\/index.php?rest_route=\/wp\/v2\/product\/3471","targetHints":{"allow":["GET"]}}],"collection":[{"href":"https:\/\/wavexia.com\/index.php?rest_route=\/wp\/v2\/product"}],"about":[{"href":"https:\/\/wavexia.com\/index.php?rest_route=\/wp\/v2\/types\/product"}],"replies":[{"embeddable":true,"href":"https:\/\/wavexia.com\/index.php?rest_route=%2Fwp%2Fv2%2Fcomments&post=3471"}],"wp:featuredmedia":[{"embeddable":true,"href":"https:\/\/wavexia.com\/index.php?rest_route=\/wp\/v2\/media\/3470"}],"wp:attachment":[{"href":"https:\/\/wavexia.com\/index.php?rest_route=%2Fwp%2Fv2%2Fmedia&parent=3471"}],"wp:term":[{"taxonomy":"pwb-brand","embeddable":true,"href":"https:\/\/wavexia.com\/index.php?rest_route=%2Fwp%2Fv2%2Fpwb-brand&post=3471"},{"taxonomy":"product_brand","embeddable":true,"href":"https:\/\/wavexia.com\/index.php?rest_route=%2Fwp%2Fv2%2Fproduct_brand&post=3471"},{"taxonomy":"product_cat","embeddable":true,"href":"https:\/\/wavexia.com\/index.php?rest_route=%2Fwp%2Fv2%2Fproduct_cat&post=3471"},{"taxonomy":"product_tag","embeddable":true,"href":"https:\/\/wavexia.com\/index.php?rest_route=%2Fwp%2Fv2%2Fproduct_tag&post=3471"}],"curies":[{"name":"wp","href":"https:\/\/api.w.org\/{rel}","templated":true}]}}