{"id":3468,"date":"2025-10-19T08:53:13","date_gmt":"2025-10-19T08:53:13","guid":{"rendered":"https:\/\/wavexia.com\/product\/panoxyl-acne-foaming-wash-benzoyl-peroxide-10-maximum-strength-156g\/"},"modified":"2026-03-10T07:30:55","modified_gmt":"2026-03-10T07:30:55","slug":"panoxyl-acne-foaming-wash-benzoyl-peroxide-10-maximum-strength-156g","status":"publish","type":"product","link":"https:\/\/wavexia.com\/?product=panoxyl-acne-foaming-wash-benzoyl-peroxide-10-maximum-strength-156g","title":{"rendered":"PanOxyl Acne Foaming Wash Benzoyl Peroxide 10% Maximum Strength 156g"},"content":{"rendered":"<h2>Description<\/h2>\n<p>PanOxyl Acne Foaming Wash Benzoyl Peroxide 10% Maximum Strength est le nettoyant le plus puissant sans ordonnance disponible. Son ingr\u00e9dient actif, la benzoyle peroxyde \u00e0 10%, est sp\u00e9cialement formul\u00e9 pour \u00e9liminer avec succ\u00e8s les inflammations et tuer plus de 99% des bact\u00e9ries responsables de l\u2019acn\u00e9 en 15 secondes*. Des agents hydratants aident \u00e0 combattre le dess\u00e8chement r\u00e9sultant du traitement. Gr\u00e2ce \u00e0 ce nettoyant puissant et pratique, vous obtiendrez des r\u00e9sultats s\u00fbrs et visibles en un seul pas.<\/p>\n<ul>\n<li>Recommand\u00e9 par les dermatologues<\/li>\n<li>Nettoyage en profondeur<\/li>\n<li>Visage, poitrine, dos<\/li>\n<li>\u00c9limine les imperfections existantes provoqu\u00e9es par l\u2019acn\u00e9 et aide \u00e0 pr\u00e9venir la formation de nouvelles imperfections<\/li>\n<li>Formule douce pour la peau<\/li>\n<li>Contient du peroxyde de benzoyle, un ingr\u00e9dient antibact\u00e9rien<\/li>\n<\/ul>\n<p>Formule de contr\u00f4le de l\u2019acn\u00e9 en attente de brevet<\/p>\n","protected":false},"excerpt":{"rendered":"<p>Description PanOxyl Acne Foaming Wash Benzoyl Peroxide 10% Maximum Strength est le nettoyant le plus puissant sans ordonnance disponible. Son ingr\u00e9dient actif, la benzoyle peroxyde \u00e0 10%, est sp\u00e9cialement formul\u00e9 pour \u00e9liminer avec succ\u00e8s les inflammations et tuer plus de 99% des bact\u00e9ries responsables de l\u2019acn\u00e9 en 15 secondes*. Des agents hydratants aident \u00e0 combattre [&hellip;]<\/p>\n","protected":false},"featured_media":3467,"comment_status":"open","ping_status":"closed","template":"","meta":{"content-type":"","_uag_custom_page_level_css":""},"pwb-brand":[],"product_brand":[],"product_cat":[327,336,410,329],"product_tag":[],"class_list":{"0":"post-3468","1":"product","2":"type-product","3":"status-publish","4":"has-post-thumbnail","6":"product_cat-hmizat","7":"product_cat-nettoyant","8":"product_cat-panoxyl","9":"product_cat-produits-americains","11":"first","12":"instock","13":"sale","14":"shipping-taxable","15":"purchasable","16":"product-type-simple"},"aioseo_notices":[],"uagb_featured_image_src":{"full":["https:\/\/wavexia.com\/wp-content\/uploads\/2025\/10\/719hqT1t0KL._SL1500_.jpg",1500,1500,false],"thumbnail":["https:\/\/wavexia.com\/wp-content\/uploads\/2025\/10\/719hqT1t0KL._SL1500_-150x150.jpg",150,150,true],"medium":["https:\/\/wavexia.com\/wp-content\/uploads\/2025\/10\/719hqT1t0KL._SL1500_-300x300.jpg",300,300,true],"medium_large":["https:\/\/wavexia.com\/wp-content\/uploads\/2025\/10\/719hqT1t0KL._SL1500_-768x768.jpg",768,768,true],"large":["https:\/\/wavexia.com\/wp-content\/uploads\/2025\/10\/719hqT1t0KL._SL1500_-1024x1024.jpg",1024,1024,true],"1536x1536":["https:\/\/wavexia.com\/wp-content\/uploads\/2025\/10\/719hqT1t0KL._SL1500_.jpg",1500,1500,false],"2048x2048":["https:\/\/wavexia.com\/wp-content\/uploads\/2025\/10\/719hqT1t0KL._SL1500_.jpg",1500,1500,false],"woocommerce_archive_thumbnail":["https:\/\/wavexia.com\/wp-content\/uploads\/2025\/10\/719hqT1t0KL._SL1500_-300x300.jpg",300,300,true],"woocommerce_thumbnail":["https:\/\/wavexia.com\/wp-content\/uploads\/2025\/10\/719hqT1t0KL._SL1500_-300x300.jpg",300,300,true],"woocommerce_single":["https:\/\/wavexia.com\/wp-content\/uploads\/2025\/10\/719hqT1t0KL._SL1500_-600x600.jpg",600,600,true],"woocommerce_gallery_thumbnail":["https:\/\/wavexia.com\/wp-content\/uploads\/2025\/10\/719hqT1t0KL._SL1500_-100x100.jpg",100,100,true]},"uagb_author_info":{"display_name":"zineddine.ayoub98@gmail.com","author_link":"https:\/\/wavexia.com\/?author=0"},"uagb_comment_info":0,"uagb_excerpt":"Description PanOxyl Acne Foaming Wash Benzoyl Peroxide 10% Maximum Strength est le nettoyant le plus puissant sans ordonnance disponible. Son ingr\u00e9dient actif, la benzoyle peroxyde \u00e0 10%, est sp\u00e9cialement formul\u00e9 pour \u00e9liminer avec succ\u00e8s les inflammations et tuer plus de 99% des bact\u00e9ries responsables de l\u2019acn\u00e9 en 15 secondes*. Des agents hydratants aident \u00e0 combattre&hellip;","brands":[],"_links":{"self":[{"href":"https:\/\/wavexia.com\/index.php?rest_route=\/wp\/v2\/product\/3468","targetHints":{"allow":["GET"]}}],"collection":[{"href":"https:\/\/wavexia.com\/index.php?rest_route=\/wp\/v2\/product"}],"about":[{"href":"https:\/\/wavexia.com\/index.php?rest_route=\/wp\/v2\/types\/product"}],"replies":[{"embeddable":true,"href":"https:\/\/wavexia.com\/index.php?rest_route=%2Fwp%2Fv2%2Fcomments&post=3468"}],"wp:featuredmedia":[{"embeddable":true,"href":"https:\/\/wavexia.com\/index.php?rest_route=\/wp\/v2\/media\/3467"}],"wp:attachment":[{"href":"https:\/\/wavexia.com\/index.php?rest_route=%2Fwp%2Fv2%2Fmedia&parent=3468"}],"wp:term":[{"taxonomy":"pwb-brand","embeddable":true,"href":"https:\/\/wavexia.com\/index.php?rest_route=%2Fwp%2Fv2%2Fpwb-brand&post=3468"},{"taxonomy":"product_brand","embeddable":true,"href":"https:\/\/wavexia.com\/index.php?rest_route=%2Fwp%2Fv2%2Fproduct_brand&post=3468"},{"taxonomy":"product_cat","embeddable":true,"href":"https:\/\/wavexia.com\/index.php?rest_route=%2Fwp%2Fv2%2Fproduct_cat&post=3468"},{"taxonomy":"product_tag","embeddable":true,"href":"https:\/\/wavexia.com\/index.php?rest_route=%2Fwp%2Fv2%2Fproduct_tag&post=3468"}],"curies":[{"name":"wp","href":"https:\/\/api.w.org\/{rel}","templated":true}]}}