{"id":3464,"date":"2025-10-18T22:16:31","date_gmt":"2025-10-18T22:16:31","guid":{"rendered":"https:\/\/wavexia.com\/product\/panoxyl-acne-foaming-wash-benzoyl-peroxide-4-maximum-strength-156g\/"},"modified":"2026-03-10T07:30:55","modified_gmt":"2026-03-10T07:30:55","slug":"panoxyl-acne-foaming-wash-benzoyl-peroxide-4-maximum-strength-156g","status":"publish","type":"product","link":"https:\/\/wavexia.com\/?product=panoxyl-acne-foaming-wash-benzoyl-peroxide-4-maximum-strength-156g","title":{"rendered":"PanOxyl Acne Foaming Wash Benzoyl Peroxide 4% Maximum Strength 156g"},"content":{"rendered":"<h2>Description<\/h2>\n<p class=\"description-desktop\">Suffisamment doux pour un usage quotidien et suffisamment puissant pour combattre les boutons les plus emb\u00eatants, le nettoyant cr\u00e9meux contre l\u2019acn\u00e9 de PanOxyl contient 4 % de peroxyde de benzoyle pour \u00e9liminer l\u2019acn\u00e9 \u00e0 la vitesse de l\u2019\u00e9clair ! Recommand\u00e9 par les dermatologues, ce nettoyant de contr\u00f4le quotidien nettoie et d\u00e9bouche les pores pour \u00e9liminer les \u00e9ruptions cutan\u00e9es existantes. Il peut \u00e9galement aider \u00e0 pr\u00e9venir la formation de nouvelles imperfections lorsqu\u2019il est utilis\u00e9 dans le cadre d\u2019une routine quotidienne de traitement de l\u2019acn\u00e9.<\/p>\n<p class=\"description-desktop\">&nbsp;La formule cr\u00e9meuse est \u00e9quilibr\u00e9e avec des \u00e9mollients pour un nettoyage quotidien plus doux et hydratant.<\/p>\n<p class=\"description-desktop\">&nbsp;Recommand\u00e9 par les dermatologues \u2013 Contient du peroxyde de benzoyle, l\u2019ingr\u00e9dient n\u00b01 recommand\u00e9 pour lutter contre l\u2019acn\u00e9.<\/p>\n<p class=\"description-desktop\">&nbsp;Nettoyant quotidien \u2013 Assez doux pour un usage quotidien<\/p>\n<p class=\"description-desktop\">&nbsp;Brise le cycle de l\u2019acn\u00e9 \u2013 Nettoie et d\u00e9bouche les pores pour \u00e9liminer, traiter et pr\u00e9venir l\u2019acn\u00e9.<\/p>\n<p class=\"description-desktop\">&nbsp;Antibact\u00e9rien \u2013 Tue les bact\u00e9ries responsables de l\u2019acn\u00e9<\/p>\n<p class=\"description-desktop\">&nbsp;pH \u00e9quilibr\u00e9 \u2013 Contient 3 humectants et 4 \u00e9mollients pour lutter contre la s\u00e9cheresse<\/p>\n","protected":false},"excerpt":{"rendered":"<p>Description Suffisamment doux pour un usage quotidien et suffisamment puissant pour combattre les boutons les plus emb\u00eatants, le nettoyant cr\u00e9meux contre l\u2019acn\u00e9 de PanOxyl contient 4 % de peroxyde de benzoyle pour \u00e9liminer l\u2019acn\u00e9 \u00e0 la vitesse de l\u2019\u00e9clair ! Recommand\u00e9 par les dermatologues, ce nettoyant de contr\u00f4le quotidien nettoie et d\u00e9bouche les pores pour [&hellip;]<\/p>\n","protected":false},"featured_media":2233,"comment_status":"open","ping_status":"closed","template":"","meta":{"content-type":"","_uag_custom_page_level_css":""},"pwb-brand":[],"product_brand":[],"product_cat":[327,336,410,329],"product_tag":[],"class_list":{"0":"post-3464","1":"product","2":"type-product","3":"status-publish","4":"has-post-thumbnail","6":"product_cat-hmizat","7":"product_cat-nettoyant","8":"product_cat-panoxyl","9":"product_cat-produits-americains","11":"first","12":"instock","13":"sale","14":"shipping-taxable","15":"purchasable","16":"product-type-simple"},"aioseo_notices":[],"uagb_featured_image_src":{"full":["https:\/\/wavexia.com\/wp-content\/uploads\/2025\/10\/71QWKz26XBL._SL1500_.jpg",1500,1500,false],"thumbnail":["https:\/\/wavexia.com\/wp-content\/uploads\/2025\/10\/71QWKz26XBL._SL1500_-150x150.jpg",150,150,true],"medium":["https:\/\/wavexia.com\/wp-content\/uploads\/2025\/10\/71QWKz26XBL._SL1500_-300x300.jpg",300,300,true],"medium_large":["https:\/\/wavexia.com\/wp-content\/uploads\/2025\/10\/71QWKz26XBL._SL1500_-768x768.jpg",768,768,true],"large":["https:\/\/wavexia.com\/wp-content\/uploads\/2025\/10\/71QWKz26XBL._SL1500_-1024x1024.jpg",1024,1024,true],"1536x1536":["https:\/\/wavexia.com\/wp-content\/uploads\/2025\/10\/71QWKz26XBL._SL1500_.jpg",1500,1500,false],"2048x2048":["https:\/\/wavexia.com\/wp-content\/uploads\/2025\/10\/71QWKz26XBL._SL1500_.jpg",1500,1500,false],"woocommerce_archive_thumbnail":["https:\/\/wavexia.com\/wp-content\/uploads\/2025\/10\/71QWKz26XBL._SL1500_-300x300.jpg",300,300,true],"woocommerce_thumbnail":["https:\/\/wavexia.com\/wp-content\/uploads\/2025\/10\/71QWKz26XBL._SL1500_-300x300.jpg",300,300,true],"woocommerce_single":["https:\/\/wavexia.com\/wp-content\/uploads\/2025\/10\/71QWKz26XBL._SL1500_-600x600.jpg",600,600,true],"woocommerce_gallery_thumbnail":["https:\/\/wavexia.com\/wp-content\/uploads\/2025\/10\/71QWKz26XBL._SL1500_-100x100.jpg",100,100,true]},"uagb_author_info":{"display_name":"zineddine.ayoub98@gmail.com","author_link":"https:\/\/wavexia.com\/?author=0"},"uagb_comment_info":0,"uagb_excerpt":"Description Suffisamment doux pour un usage quotidien et suffisamment puissant pour combattre les boutons les plus emb\u00eatants, le nettoyant cr\u00e9meux contre l\u2019acn\u00e9 de PanOxyl contient 4 % de peroxyde de benzoyle pour \u00e9liminer l\u2019acn\u00e9 \u00e0 la vitesse de l\u2019\u00e9clair ! Recommand\u00e9 par les dermatologues, ce nettoyant de contr\u00f4le quotidien nettoie et d\u00e9bouche les pores pour&hellip;","brands":[],"_links":{"self":[{"href":"https:\/\/wavexia.com\/index.php?rest_route=\/wp\/v2\/product\/3464","targetHints":{"allow":["GET"]}}],"collection":[{"href":"https:\/\/wavexia.com\/index.php?rest_route=\/wp\/v2\/product"}],"about":[{"href":"https:\/\/wavexia.com\/index.php?rest_route=\/wp\/v2\/types\/product"}],"replies":[{"embeddable":true,"href":"https:\/\/wavexia.com\/index.php?rest_route=%2Fwp%2Fv2%2Fcomments&post=3464"}],"wp:featuredmedia":[{"embeddable":true,"href":"https:\/\/wavexia.com\/index.php?rest_route=\/wp\/v2\/media\/2233"}],"wp:attachment":[{"href":"https:\/\/wavexia.com\/index.php?rest_route=%2Fwp%2Fv2%2Fmedia&parent=3464"}],"wp:term":[{"taxonomy":"pwb-brand","embeddable":true,"href":"https:\/\/wavexia.com\/index.php?rest_route=%2Fwp%2Fv2%2Fpwb-brand&post=3464"},{"taxonomy":"product_brand","embeddable":true,"href":"https:\/\/wavexia.com\/index.php?rest_route=%2Fwp%2Fv2%2Fproduct_brand&post=3464"},{"taxonomy":"product_cat","embeddable":true,"href":"https:\/\/wavexia.com\/index.php?rest_route=%2Fwp%2Fv2%2Fproduct_cat&post=3464"},{"taxonomy":"product_tag","embeddable":true,"href":"https:\/\/wavexia.com\/index.php?rest_route=%2Fwp%2Fv2%2Fproduct_tag&post=3464"}],"curies":[{"name":"wp","href":"https:\/\/api.w.org\/{rel}","templated":true}]}}