{"id":3460,"date":"2025-10-18T22:16:25","date_gmt":"2025-10-18T22:16:25","guid":{"rendered":"https:\/\/wavexia.com\/product\/bum-sol-de-janeiro-bum-jet-set\/"},"modified":"2026-03-10T07:30:55","modified_gmt":"2026-03-10T07:30:55","slug":"bum-sol-de-janeiro-bum-jet-set","status":"publish","type":"product","link":"https:\/\/wavexia.com\/?product=bum-sol-de-janeiro-bum-jet-set","title":{"rendered":"Bum SOL DE JANEIRO \u2013 Bum Jet Set"},"content":{"rendered":"<h2>Description<\/h2>\n<p class=\"Header__P-s14z38bx-3 cgvqfM\">Ce coffet contient :<\/p>\n<p class=\"Header__P-s14z38bx-3 cgvqfM\">\u2013 Une cr\u00e8me Brazilian Bum Bum 50 ml<\/p>\n<p class=\"Header__P-s14z38bx-3 cgvqfM\">\u2013 Un gel douche cr\u00e8me hydratant Brazilian 4 Play 90 ml<\/p>\n<p class=\"Header__P-s14z38bx-3 cgvqfM\">\u2013 Une brume parfum\u00e9e pour le corps Brazilian Crush 30 ml<\/p>\n<p class=\"Header__P-s14z38bx-3 cgvqfM\">Ces produits qu\u2019on adore en format mini : la cr\u00e8me de la marque SOL DE JANEIRO pour le corps Bum Bum, le gel douche cr\u00e8me Brazilian 4 Play et la brume parfum\u00e9e Brazilian Crush, \u00e0 vaporiser de la t\u00eate aux pieds pour savourer ses notes enivrantes de pistache et de caramel sal\u00e9. Un d\u00e9lice pour le corps, irr\u00e9sistible et toujours \u00e0 vos c\u00f4t\u00e9s. Les fans de Bum Bum savent tr\u00e8s bien qu\u2019en associant ce trio, elles obtiennent une peau \u00e0 la douceur envo\u00fbtante et au parfum tout simplement irr\u00e9sistible. Vivez l\u2019exp\u00e9rience d\u2019un parfum de la t\u00eate aux pieds.<\/p>\n","protected":false},"excerpt":{"rendered":"<p>Description Ce coffet contient : \u2013 Une cr\u00e8me Brazilian Bum Bum 50 ml \u2013 Un gel douche cr\u00e8me hydratant Brazilian 4 Play 90 ml \u2013 Une brume parfum\u00e9e pour le corps Brazilian Crush 30 ml Ces produits qu\u2019on adore en format mini : la cr\u00e8me de la marque SOL DE JANEIRO pour le corps Bum [&hellip;]<\/p>\n","protected":false},"featured_media":3459,"comment_status":"open","ping_status":"closed","template":"","meta":{"content-type":"","_uag_custom_page_level_css":""},"pwb-brand":[],"product_brand":[],"product_cat":[322,327,331,339,400],"product_tag":[],"class_list":{"0":"post-3460","1":"product","2":"type-product","3":"status-publish","4":"has-post-thumbnail","6":"product_cat-corps-bain","7":"product_cat-hmizat","8":"product_cat-idees-cadeaux","9":"product_cat-meilleures-ventes","10":"product_cat-sol-de-janeiro","12":"first","13":"instock","14":"sale","15":"shipping-taxable","16":"purchasable","17":"product-type-simple"},"aioseo_notices":[],"uagb_featured_image_src":{"full":["https:\/\/wavexia.com\/wp-content\/uploads\/2025\/10\/IMG_1061.png",342,342,false],"thumbnail":["https:\/\/wavexia.com\/wp-content\/uploads\/2025\/10\/IMG_1061-150x150.png",150,150,true],"medium":["https:\/\/wavexia.com\/wp-content\/uploads\/2025\/10\/IMG_1061-300x300.png",300,300,true],"medium_large":["https:\/\/wavexia.com\/wp-content\/uploads\/2025\/10\/IMG_1061.png",342,342,false],"large":["https:\/\/wavexia.com\/wp-content\/uploads\/2025\/10\/IMG_1061.png",342,342,false],"1536x1536":["https:\/\/wavexia.com\/wp-content\/uploads\/2025\/10\/IMG_1061.png",342,342,false],"2048x2048":["https:\/\/wavexia.com\/wp-content\/uploads\/2025\/10\/IMG_1061.png",342,342,false],"woocommerce_archive_thumbnail":["https:\/\/wavexia.com\/wp-content\/uploads\/2025\/10\/IMG_1061-300x300.png",300,300,true],"woocommerce_thumbnail":["https:\/\/wavexia.com\/wp-content\/uploads\/2025\/10\/IMG_1061-300x300.png",300,300,true],"woocommerce_single":["https:\/\/wavexia.com\/wp-content\/uploads\/2025\/10\/IMG_1061.png",342,342,false],"woocommerce_gallery_thumbnail":["https:\/\/wavexia.com\/wp-content\/uploads\/2025\/10\/IMG_1061-100x100.png",100,100,true]},"uagb_author_info":{"display_name":"zineddine.ayoub98@gmail.com","author_link":"https:\/\/wavexia.com\/?author=0"},"uagb_comment_info":0,"uagb_excerpt":"Description Ce coffet contient : \u2013 Une cr\u00e8me Brazilian Bum Bum 50 ml \u2013 Un gel douche cr\u00e8me hydratant Brazilian 4 Play 90 ml \u2013 Une brume parfum\u00e9e pour le corps Brazilian Crush 30 ml Ces produits qu\u2019on adore en format mini : la cr\u00e8me de la marque SOL DE JANEIRO pour le corps Bum&hellip;","brands":[],"_links":{"self":[{"href":"https:\/\/wavexia.com\/index.php?rest_route=\/wp\/v2\/product\/3460","targetHints":{"allow":["GET"]}}],"collection":[{"href":"https:\/\/wavexia.com\/index.php?rest_route=\/wp\/v2\/product"}],"about":[{"href":"https:\/\/wavexia.com\/index.php?rest_route=\/wp\/v2\/types\/product"}],"replies":[{"embeddable":true,"href":"https:\/\/wavexia.com\/index.php?rest_route=%2Fwp%2Fv2%2Fcomments&post=3460"}],"wp:featuredmedia":[{"embeddable":true,"href":"https:\/\/wavexia.com\/index.php?rest_route=\/wp\/v2\/media\/3459"}],"wp:attachment":[{"href":"https:\/\/wavexia.com\/index.php?rest_route=%2Fwp%2Fv2%2Fmedia&parent=3460"}],"wp:term":[{"taxonomy":"pwb-brand","embeddable":true,"href":"https:\/\/wavexia.com\/index.php?rest_route=%2Fwp%2Fv2%2Fpwb-brand&post=3460"},{"taxonomy":"product_brand","embeddable":true,"href":"https:\/\/wavexia.com\/index.php?rest_route=%2Fwp%2Fv2%2Fproduct_brand&post=3460"},{"taxonomy":"product_cat","embeddable":true,"href":"https:\/\/wavexia.com\/index.php?rest_route=%2Fwp%2Fv2%2Fproduct_cat&post=3460"},{"taxonomy":"product_tag","embeddable":true,"href":"https:\/\/wavexia.com\/index.php?rest_route=%2Fwp%2Fv2%2Fproduct_tag&post=3460"}],"curies":[{"name":"wp","href":"https:\/\/api.w.org\/{rel}","templated":true}]}}