{"id":3447,"date":"2025-10-18T22:15:51","date_gmt":"2025-10-18T22:15:51","guid":{"rendered":"https:\/\/wavexia.com\/product\/lancome-lash-idole-mascara-gift-set\/"},"modified":"2026-03-10T07:30:55","modified_gmt":"2026-03-10T07:30:55","slug":"lancome-lash-idole-mascara-gift-set","status":"publish","type":"product","link":"https:\/\/wavexia.com\/?product=lancome-lash-idole-mascara-gift-set","title":{"rendered":"LANCOME Lash Id\u00f4le Mascara Gift Set"},"content":{"rendered":"<h2>Description<\/h2>\n<div class=\"productDescription_contentPropertyHeading productDescription_contentPropertyHeading-tabbed\" data-tab-title=\"Aper\u00e7u\">Pour les f\u00eates de fin d\u2019ann\u00e9e, Lanc\u00f4me et Le Louvre s\u2019associent. Quand l\u2019art et la beaut\u00e9 se rencontrent, l\u2019extraordinaire se d\u00e9voile. Sous la pyramide embl\u00e9matique, d\u00e9couvrez la collection de cadeaux Lanc\u00f4me et offrez un morceau de magie unique \u00e0 vos proches. R\u00e9alis\u00e9e dans un luxueux coffret cadeau en \u00e9dition limit\u00e9e, con\u00e7u pour r\u00e9inventer la rose Lanc\u00f4me sous la magie de la nuit. Offrez l\u2019extraordinaire avec Lanc\u00f4me x Louvre.<\/p>\n<div id=\"product-description-content-lg-2\" class=\"productDescription_contentProperties productDescription_contentProperties_list\" role=\"region\" data-item-content=\"\" aria-labelledby=\"product-description-heading-lg-2\">\n<div class=\"productDescription_synopsisContent\">\n<div class=\"athenaProductPageSynopsisContent\">\n<p><strong>Contenu de l\u2019ensemble :<\/strong><\/p>\n<ul>\n<li>Mascara Lash Idole 01 Noir Brillant 8 ml<\/li>\n<li>D\u00e9maquillant pour les yeux Bi Facil 30 ml<\/li>\n<li>S\u00e9rum Anti-\u00c2ge Advanced Genifique 10 ml<\/li>\n<\/ul>\n<\/div>\n<\/div>\n<\/div>\n<\/div>\n","protected":false},"excerpt":{"rendered":"<p>Description Pour les f\u00eates de fin d\u2019ann\u00e9e, Lanc\u00f4me et Le Louvre s\u2019associent. Quand l\u2019art et la beaut\u00e9 se rencontrent, l\u2019extraordinaire se d\u00e9voile. Sous la pyramide embl\u00e9matique, d\u00e9couvrez la collection de cadeaux Lanc\u00f4me et offrez un morceau de magie unique \u00e0 vos proches. R\u00e9alis\u00e9e dans un luxueux coffret cadeau en \u00e9dition limit\u00e9e, con\u00e7u pour r\u00e9inventer la [&hellip;]<\/p>\n","protected":false},"featured_media":3446,"comment_status":"open","ping_status":"closed","template":"","meta":{"content-type":"","_uag_custom_page_level_css":""},"pwb-brand":[],"product_brand":[],"product_cat":[327,360,329],"product_tag":[],"class_list":{"0":"post-3447","1":"product","2":"type-product","3":"status-publish","4":"has-post-thumbnail","6":"product_cat-hmizat","7":"product_cat-maquillage","8":"product_cat-produits-americains","10":"first","11":"instock","12":"sale","13":"shipping-taxable","14":"purchasable","15":"product-type-simple"},"aioseo_notices":[],"uagb_featured_image_src":{"full":["https:\/\/wavexia.com\/wp-content\/uploads\/2025\/10\/IMG_1217.png",365,365,false],"thumbnail":["https:\/\/wavexia.com\/wp-content\/uploads\/2025\/10\/IMG_1217-150x150.png",150,150,true],"medium":["https:\/\/wavexia.com\/wp-content\/uploads\/2025\/10\/IMG_1217-300x300.png",300,300,true],"medium_large":["https:\/\/wavexia.com\/wp-content\/uploads\/2025\/10\/IMG_1217.png",365,365,false],"large":["https:\/\/wavexia.com\/wp-content\/uploads\/2025\/10\/IMG_1217.png",365,365,false],"1536x1536":["https:\/\/wavexia.com\/wp-content\/uploads\/2025\/10\/IMG_1217.png",365,365,false],"2048x2048":["https:\/\/wavexia.com\/wp-content\/uploads\/2025\/10\/IMG_1217.png",365,365,false],"woocommerce_archive_thumbnail":["https:\/\/wavexia.com\/wp-content\/uploads\/2025\/10\/IMG_1217-300x300.png",300,300,true],"woocommerce_thumbnail":["https:\/\/wavexia.com\/wp-content\/uploads\/2025\/10\/IMG_1217-300x300.png",300,300,true],"woocommerce_single":["https:\/\/wavexia.com\/wp-content\/uploads\/2025\/10\/IMG_1217.png",365,365,false],"woocommerce_gallery_thumbnail":["https:\/\/wavexia.com\/wp-content\/uploads\/2025\/10\/IMG_1217-100x100.png",100,100,true]},"uagb_author_info":{"display_name":"zineddine.ayoub98@gmail.com","author_link":"https:\/\/wavexia.com\/?author=0"},"uagb_comment_info":0,"uagb_excerpt":"Description Pour les f\u00eates de fin d\u2019ann\u00e9e, Lanc\u00f4me et Le Louvre s\u2019associent. Quand l\u2019art et la beaut\u00e9 se rencontrent, l\u2019extraordinaire se d\u00e9voile. Sous la pyramide embl\u00e9matique, d\u00e9couvrez la collection de cadeaux Lanc\u00f4me et offrez un morceau de magie unique \u00e0 vos proches. R\u00e9alis\u00e9e dans un luxueux coffret cadeau en \u00e9dition limit\u00e9e, con\u00e7u pour r\u00e9inventer la&hellip;","brands":[],"_links":{"self":[{"href":"https:\/\/wavexia.com\/index.php?rest_route=\/wp\/v2\/product\/3447","targetHints":{"allow":["GET"]}}],"collection":[{"href":"https:\/\/wavexia.com\/index.php?rest_route=\/wp\/v2\/product"}],"about":[{"href":"https:\/\/wavexia.com\/index.php?rest_route=\/wp\/v2\/types\/product"}],"replies":[{"embeddable":true,"href":"https:\/\/wavexia.com\/index.php?rest_route=%2Fwp%2Fv2%2Fcomments&post=3447"}],"wp:featuredmedia":[{"embeddable":true,"href":"https:\/\/wavexia.com\/index.php?rest_route=\/wp\/v2\/media\/3446"}],"wp:attachment":[{"href":"https:\/\/wavexia.com\/index.php?rest_route=%2Fwp%2Fv2%2Fmedia&parent=3447"}],"wp:term":[{"taxonomy":"pwb-brand","embeddable":true,"href":"https:\/\/wavexia.com\/index.php?rest_route=%2Fwp%2Fv2%2Fpwb-brand&post=3447"},{"taxonomy":"product_brand","embeddable":true,"href":"https:\/\/wavexia.com\/index.php?rest_route=%2Fwp%2Fv2%2Fproduct_brand&post=3447"},{"taxonomy":"product_cat","embeddable":true,"href":"https:\/\/wavexia.com\/index.php?rest_route=%2Fwp%2Fv2%2Fproduct_cat&post=3447"},{"taxonomy":"product_tag","embeddable":true,"href":"https:\/\/wavexia.com\/index.php?rest_route=%2Fwp%2Fv2%2Fproduct_tag&post=3447"}],"curies":[{"name":"wp","href":"https:\/\/api.w.org\/{rel}","templated":true}]}}