{"id":3444,"date":"2025-10-18T22:15:49","date_gmt":"2025-10-18T22:15:49","guid":{"rendered":"https:\/\/wavexia.com\/product\/tarte-shape-tape-anticernes-12n-fair-neutral\/"},"modified":"2026-03-10T07:30:55","modified_gmt":"2026-03-10T07:30:55","slug":"tarte-shape-tape-anticernes-12n-fair-neutral","status":"publish","type":"product","link":"https:\/\/wavexia.com\/?product=tarte-shape-tape-anticernes-12n-fair-neutral","title":{"rendered":"TARTE Shape Tape\u2122 \u2013 Anticernes 12N Fair Neutral"},"content":{"rendered":"<h2>Description<\/h2>\n<p>D\u00e9couvrez&nbsp;l\u2019anticernes culte Tarte Shape Tape Contour Concealer, dont vous ne pourrez plus vous passer!&nbsp;La formule&nbsp;couvrante&nbsp;matte, facile \u00e0 estomper permet&nbsp; d\u2019illuminer, de lisser et donner \u00e0 la peau un aspect ferme et lift\u00e9 instantan\u00e9. Tarte Shape Tape Contour Concealer est id\u00e9al pour couvrir les imperfections&nbsp;et peut \u00eatre utiliser&nbsp;pour la technique du&nbsp;contouring. la formule cr\u00e9meuse, facile \u00e0 estomper ne s\u2019\u00e9caille pas et ne file pas.&nbsp;Il apporte&nbsp;de l\u2019\u00e9clat gr\u00e2ce aux extraits de racine de r\u00e9glisse, et nourrit la peau gr\u00e2ce au beurre de noyau de mangue et au beurre de karit\u00e9.<\/p>\n","protected":false},"excerpt":{"rendered":"<p>Description D\u00e9couvrez&nbsp;l\u2019anticernes culte Tarte Shape Tape Contour Concealer, dont vous ne pourrez plus vous passer!&nbsp;La formule&nbsp;couvrante&nbsp;matte, facile \u00e0 estomper permet&nbsp; d\u2019illuminer, de lisser et donner \u00e0 la peau un aspect ferme et lift\u00e9 instantan\u00e9. Tarte Shape Tape Contour Concealer est id\u00e9al pour couvrir les imperfections&nbsp;et peut \u00eatre utiliser&nbsp;pour la technique du&nbsp;contouring. la formule cr\u00e9meuse, facile [&hellip;]<\/p>\n","protected":false},"featured_media":3443,"comment_status":"open","ping_status":"closed","template":"","meta":{"content-type":"","_uag_custom_page_level_css":""},"pwb-brand":[],"product_brand":[],"product_cat":[327,360,389],"product_tag":[],"class_list":{"0":"post-3444","1":"product","2":"type-product","3":"status-publish","4":"has-post-thumbnail","6":"product_cat-hmizat","7":"product_cat-maquillage","8":"product_cat-tarte","10":"first","11":"instock","12":"sale","13":"shipping-taxable","14":"purchasable","15":"product-type-simple"},"aioseo_notices":[],"uagb_featured_image_src":{"full":["https:\/\/wavexia.com\/wp-content\/uploads\/2025\/10\/61Rv9OBXEhL._AC_UF1000_1000_QL80_1080x.webp",1000,1000,false],"thumbnail":["https:\/\/wavexia.com\/wp-content\/uploads\/2025\/10\/61Rv9OBXEhL._AC_UF1000_1000_QL80_1080x-150x150.webp",150,150,true],"medium":["https:\/\/wavexia.com\/wp-content\/uploads\/2025\/10\/61Rv9OBXEhL._AC_UF1000_1000_QL80_1080x-300x300.webp",300,300,true],"medium_large":["https:\/\/wavexia.com\/wp-content\/uploads\/2025\/10\/61Rv9OBXEhL._AC_UF1000_1000_QL80_1080x-768x768.webp",768,768,true],"large":["https:\/\/wavexia.com\/wp-content\/uploads\/2025\/10\/61Rv9OBXEhL._AC_UF1000_1000_QL80_1080x.webp",1000,1000,false],"1536x1536":["https:\/\/wavexia.com\/wp-content\/uploads\/2025\/10\/61Rv9OBXEhL._AC_UF1000_1000_QL80_1080x.webp",1000,1000,false],"2048x2048":["https:\/\/wavexia.com\/wp-content\/uploads\/2025\/10\/61Rv9OBXEhL._AC_UF1000_1000_QL80_1080x.webp",1000,1000,false],"woocommerce_archive_thumbnail":["https:\/\/wavexia.com\/wp-content\/uploads\/2025\/10\/61Rv9OBXEhL._AC_UF1000_1000_QL80_1080x-300x300.webp",300,300,true],"woocommerce_thumbnail":["https:\/\/wavexia.com\/wp-content\/uploads\/2025\/10\/61Rv9OBXEhL._AC_UF1000_1000_QL80_1080x-300x300.webp",300,300,true],"woocommerce_single":["https:\/\/wavexia.com\/wp-content\/uploads\/2025\/10\/61Rv9OBXEhL._AC_UF1000_1000_QL80_1080x-600x600.webp",600,600,true],"woocommerce_gallery_thumbnail":["https:\/\/wavexia.com\/wp-content\/uploads\/2025\/10\/61Rv9OBXEhL._AC_UF1000_1000_QL80_1080x-100x100.webp",100,100,true]},"uagb_author_info":{"display_name":"zineddine.ayoub98@gmail.com","author_link":"https:\/\/wavexia.com\/?author=0"},"uagb_comment_info":0,"uagb_excerpt":"Description D\u00e9couvrez&nbsp;l\u2019anticernes culte Tarte Shape Tape Contour Concealer, dont vous ne pourrez plus vous passer!&nbsp;La formule&nbsp;couvrante&nbsp;matte, facile \u00e0 estomper permet&nbsp; d\u2019illuminer, de lisser et donner \u00e0 la peau un aspect ferme et lift\u00e9 instantan\u00e9. Tarte Shape Tape Contour Concealer est id\u00e9al pour couvrir les imperfections&nbsp;et peut \u00eatre utiliser&nbsp;pour la technique du&nbsp;contouring. la formule cr\u00e9meuse, facile&hellip;","brands":[],"_links":{"self":[{"href":"https:\/\/wavexia.com\/index.php?rest_route=\/wp\/v2\/product\/3444","targetHints":{"allow":["GET"]}}],"collection":[{"href":"https:\/\/wavexia.com\/index.php?rest_route=\/wp\/v2\/product"}],"about":[{"href":"https:\/\/wavexia.com\/index.php?rest_route=\/wp\/v2\/types\/product"}],"replies":[{"embeddable":true,"href":"https:\/\/wavexia.com\/index.php?rest_route=%2Fwp%2Fv2%2Fcomments&post=3444"}],"wp:featuredmedia":[{"embeddable":true,"href":"https:\/\/wavexia.com\/index.php?rest_route=\/wp\/v2\/media\/3443"}],"wp:attachment":[{"href":"https:\/\/wavexia.com\/index.php?rest_route=%2Fwp%2Fv2%2Fmedia&parent=3444"}],"wp:term":[{"taxonomy":"pwb-brand","embeddable":true,"href":"https:\/\/wavexia.com\/index.php?rest_route=%2Fwp%2Fv2%2Fpwb-brand&post=3444"},{"taxonomy":"product_brand","embeddable":true,"href":"https:\/\/wavexia.com\/index.php?rest_route=%2Fwp%2Fv2%2Fproduct_brand&post=3444"},{"taxonomy":"product_cat","embeddable":true,"href":"https:\/\/wavexia.com\/index.php?rest_route=%2Fwp%2Fv2%2Fproduct_cat&post=3444"},{"taxonomy":"product_tag","embeddable":true,"href":"https:\/\/wavexia.com\/index.php?rest_route=%2Fwp%2Fv2%2Fproduct_tag&post=3444"}],"curies":[{"name":"wp","href":"https:\/\/api.w.org\/{rel}","templated":true}]}}