{"id":3441,"date":"2025-10-18T22:15:48","date_gmt":"2025-10-18T22:15:48","guid":{"rendered":"https:\/\/wavexia.com\/product\/collagenup-peptides-de-collagene-marin\/"},"modified":"2026-03-10T07:30:55","modified_gmt":"2026-03-10T07:30:55","slug":"collagenup-peptides-de-collagene-marin","status":"publish","type":"product","link":"https:\/\/wavexia.com\/?product=collagenup-peptides-de-collagene-marin","title":{"rendered":"CollagenUP, Peptides de collag\u00e8ne marin"},"content":{"rendered":"<h2>Description<\/h2>\n<div class=\"woocommerce-tabs wc-tabs-wrapper\">\n<div id=\"tab-description\" class=\"woocommerce-Tabs-panel woocommerce-Tabs-panel--description panel entry-content wc-tab\" role=\"tabpanel\" aria-labelledby=\"tab-title-description\" style=\"display: none;\">\n<p style=\"text-align: center\">Le collag\u00e8ne, l\u2019acide hyaluronique et la vitamine&nbsp;C contribuent tous \u00e0 la sant\u00e9 et au bien-\u00eatre du syst\u00e8me musculo-squelettique.&nbsp;<strong>CollagenUP<\/strong>&nbsp;de&nbsp;<em>California&nbsp;Gold&nbsp;Nutrition<\/em>&nbsp;contient ces trois&nbsp;ingr\u00e9dients, qui permettent de contribuer \u00e0 la sant\u00e9 des cheveux, de la peau, des ongles, des articulations et des os.*&nbsp;La poudre non aromatis\u00e9e peut \u00eatre rapidement ajout\u00e9e \u00e0 votre boisson favorite, une mani\u00e8re pratique d\u2019int\u00e9grer du collag\u00e8ne \u00e0 votre r\u00e9gime alimentaire.<\/p>\n<p><strong>Conseils d\u2019utilisation:<\/strong><\/p>\n<p dir=\"ltr\">M\u00e9langez 1&nbsp;mesure par jour (5&nbsp;grammes\u2666) dans 175 \u00e0 225&nbsp;ml d\u2019eau ou de jus \u00e0 temp\u00e9rature ambiante et agitez bien (pour obtenir de meilleurs r\u00e9sultats, effectuez le m\u00e9lange dans un blender). Buvez le m\u00e9lange \u00e0 jeun au moins une heure avant ou deux&nbsp;heures apr\u00e8s les repas, ou suivez les recommandations d\u2019un professionnel de la sant\u00e9.<\/p>\n<p dir=\"ltr\">\u26665&nbsp;grammes par mesure est une moyenne. Les mesures peuvent d\u00e9vier l\u00e9g\u00e8rement des 5&nbsp;grammes d\u2019un individu \u00e0 l\u2019autre.<\/p>\n<p><em>Types de collag\u00e8ne<\/em><br \/>Le collag\u00e8ne est la principale prot\u00e9ine structurelle pr\u00e9sente dans tout le corps et fournit une infrastructure cruciale, \u00e0 l\u2019int\u00e9rieur comme \u00e0 l\u2019ext\u00e9rieur. Il existe de nombreux types de collag\u00e8ne, qui diff\u00e8rent par la mani\u00e8re dont les mol\u00e9cules sont assembl\u00e9es et l\u2019endroit o\u00f9 le collag\u00e8ne est utilis\u00e9 dans votre corps. Notre poudre&nbsp;<strong>CollagenUP<\/strong>&nbsp;contient \u00e0 la fois du collag\u00e8ne de type&nbsp;I et de type&nbsp;III, qui figurent parmi les 5&nbsp;principaux types de collag\u00e8ne&nbsp;:<\/p>\n<ul>\n<li><strong>Type&nbsp;I<\/strong>&nbsp;: ce type de collag\u00e8ne repr\u00e9sente 80 \u00e0 90&nbsp;% de l\u2019ensemble du collag\u00e8ne de votre corps. \u00c9tant donn\u00e9 sa compacit\u00e9, le collag\u00e8ne de type&nbsp;I structure la peau, les os, les tendons et les ligaments.<\/li>\n<li><strong>Type&nbsp;II<\/strong>&nbsp;: pr\u00e9sent dans le cartilage \u00e9lastique, comme celui des genoux et des \u00e9paules, ce type de collag\u00e8ne soutient les articulations.<\/li>\n<li><strong>Type&nbsp;III<\/strong>&nbsp;: ce type de collag\u00e8ne accompagne g\u00e9n\u00e9ralement le collag\u00e8ne de type&nbsp;I et se trouve dans les muscles, les art\u00e8res et les organes.<\/li>\n<li><strong>Type&nbsp;IV<\/strong>&nbsp;: pr\u00e9sent dans les couches de votre peau, le collag\u00e8ne de type&nbsp;IV aide \u00e0 soutenir diverses fonctions de la peau.<\/li>\n<li><strong>Type&nbsp;V<\/strong>&nbsp;: ce type de collag\u00e8ne se trouve dans la corn\u00e9e de vos yeux, vos os, certaines couches de votre peau, vos cheveux et les tissus du placenta.<\/li>\n<\/ul>\n<p><em>Acide hyaluronique et vitamine&nbsp;C<\/em><br \/>Notre formule avanc\u00e9e au collag\u00e8ne contient \u00e9galement deux autres ingr\u00e9dients puissants&nbsp;: l\u2019acide hyaluronique et la vitamine&nbsp;C. L\u2019acide hyaluronique est un composant des tissus conjonctifs et peut fournir la matrice liquide n\u00e9cessaire \u00e0 la lubrification des articulations, ainsi qu\u2019\u00e0 l\u2019hydratation et \u00e0 la r\u00e9paration de la peau.* La vitamine&nbsp;C joue un r\u00f4le dans la production de collag\u00e8ne et contribue \u00e0 la protection antioxydante.* Des recherches sugg\u00e8rent que la consommation r\u00e9guli\u00e8re de ces nutriments peut fournir \u00e0 l\u2019organisme les \u00e9l\u00e9ments de base qui sont \u00e0 m\u00eame de contribuer \u00e0 la sant\u00e9 des articulations, des os, de la peau, des cheveux et des ongles.*<\/p>\n<p><strong>CollagenUP<\/strong>&nbsp;de&nbsp;<em>California&nbsp;Gold&nbsp;Nutrition<\/em>&nbsp;contient des peptides de collag\u00e8ne non bovin d\u2019origine marine, ainsi que de l\u2019acide hyaluronique et de la vitamine&nbsp;C. Le collag\u00e8ne de poisson sp\u00e9cialement trait\u00e9 est hydrolys\u00e9 (d\u00e9compos\u00e9) enzymatiquement en peptides d\u2019acides amin\u00e9s de faible masse mol\u00e9culaire afin de garantir une absorption et une biodisponibilit\u00e9 optimales.*<\/p>\n<h5><strong>Avertissements<\/strong><\/h5>\n<p>Tenir hors de port\u00e9e des enfants. Demander l\u2019avis d\u2019un m\u00e9decin, d\u2019un pharmacien, d\u2019un naturopathe ou d\u2019un autre professionnel de la sant\u00e9 qualifi\u00e9 avant de prendre des compl\u00e9ments alimentaires.<\/p>\n<p>Scell\u00e9 pour votre protection. Ne pas utiliser si l\u2019opercule est perc\u00e9 ou manquant. \u00c0 conserver \u00e0 temp\u00e9rature ambiante contr\u00f4l\u00e9e entre 20&nbsp;\u00b0C et 25&nbsp;\u00b0C. De mauvaises conditions de stockage, comme une exposition prolong\u00e9e \u00e0 la lumi\u00e8re directe du soleil, \u00e0 une forte chaleur et \u00e0 l\u2019humidit\u00e9 peuvent entra\u00eener la d\u00e9gradation du produit sur le long terme.<\/p>\n<p>L\u2019ar\u00f4me, la couleur, la consistance et le go\u00fbt peuvent varier. La variation de couleur est normale et ne peut \u00eatre \u00e9vit\u00e9e.<\/p>\n<p>Ce produit est conditionn\u00e9 et vendu au poids et non au volume. L\u2019agglom\u00e9ration du contenu sur le long terme est in\u00e9vitable.<\/p>\n<\/div>\n<section class=\"related products\">\n<h2><\/h2>\n<\/section>\n<\/div>\n","protected":false},"excerpt":{"rendered":"<p>Description Le collag\u00e8ne, l\u2019acide hyaluronique et la vitamine&nbsp;C contribuent tous \u00e0 la sant\u00e9 et au bien-\u00eatre du syst\u00e8me musculo-squelettique.&nbsp;CollagenUP&nbsp;de&nbsp;California&nbsp;Gold&nbsp;Nutrition&nbsp;contient ces trois&nbsp;ingr\u00e9dients, qui permettent de contribuer \u00e0 la sant\u00e9 des cheveux, de la peau, des ongles, des articulations et des os.*&nbsp;La poudre non aromatis\u00e9e peut \u00eatre rapidement ajout\u00e9e \u00e0 votre boisson favorite, une mani\u00e8re pratique d\u2019int\u00e9grer [&hellip;]<\/p>\n","protected":false},"featured_media":3440,"comment_status":"open","ping_status":"closed","template":"","meta":{"content-type":"","_uag_custom_page_level_css":""},"pwb-brand":[],"product_brand":[],"product_cat":[330,327,339],"product_tag":[],"class_list":{"0":"post-3441","1":"product","2":"type-product","3":"status-publish","4":"has-post-thumbnail","6":"product_cat-complements-alimentaires","7":"product_cat-hmizat","8":"product_cat-meilleures-ventes","10":"first","11":"instock","12":"sale","13":"shipping-taxable","14":"purchasable","15":"product-type-simple"},"aioseo_notices":[],"uagb_featured_image_src":{"full":["https:\/\/wavexia.com\/wp-content\/uploads\/2025\/10\/IMG_1237.webp",800,800,false],"thumbnail":["https:\/\/wavexia.com\/wp-content\/uploads\/2025\/10\/IMG_1237-150x150.webp",150,150,true],"medium":["https:\/\/wavexia.com\/wp-content\/uploads\/2025\/10\/IMG_1237-300x300.webp",300,300,true],"medium_large":["https:\/\/wavexia.com\/wp-content\/uploads\/2025\/10\/IMG_1237-768x768.webp",768,768,true],"large":["https:\/\/wavexia.com\/wp-content\/uploads\/2025\/10\/IMG_1237.webp",800,800,false],"1536x1536":["https:\/\/wavexia.com\/wp-content\/uploads\/2025\/10\/IMG_1237.webp",800,800,false],"2048x2048":["https:\/\/wavexia.com\/wp-content\/uploads\/2025\/10\/IMG_1237.webp",800,800,false],"woocommerce_archive_thumbnail":["https:\/\/wavexia.com\/wp-content\/uploads\/2025\/10\/IMG_1237-300x300.webp",300,300,true],"woocommerce_thumbnail":["https:\/\/wavexia.com\/wp-content\/uploads\/2025\/10\/IMG_1237-300x300.webp",300,300,true],"woocommerce_single":["https:\/\/wavexia.com\/wp-content\/uploads\/2025\/10\/IMG_1237-600x600.webp",600,600,true],"woocommerce_gallery_thumbnail":["https:\/\/wavexia.com\/wp-content\/uploads\/2025\/10\/IMG_1237-100x100.webp",100,100,true]},"uagb_author_info":{"display_name":"zineddine.ayoub98@gmail.com","author_link":"https:\/\/wavexia.com\/?author=0"},"uagb_comment_info":0,"uagb_excerpt":"Description Le collag\u00e8ne, l\u2019acide hyaluronique et la vitamine&nbsp;C contribuent tous \u00e0 la sant\u00e9 et au bien-\u00eatre du syst\u00e8me musculo-squelettique.&nbsp;CollagenUP&nbsp;de&nbsp;California&nbsp;Gold&nbsp;Nutrition&nbsp;contient ces trois&nbsp;ingr\u00e9dients, qui permettent de contribuer \u00e0 la sant\u00e9 des cheveux, de la peau, des ongles, des articulations et des os.*&nbsp;La poudre non aromatis\u00e9e peut \u00eatre rapidement ajout\u00e9e \u00e0 votre boisson favorite, une mani\u00e8re pratique d\u2019int\u00e9grer&hellip;","brands":[],"_links":{"self":[{"href":"https:\/\/wavexia.com\/index.php?rest_route=\/wp\/v2\/product\/3441","targetHints":{"allow":["GET"]}}],"collection":[{"href":"https:\/\/wavexia.com\/index.php?rest_route=\/wp\/v2\/product"}],"about":[{"href":"https:\/\/wavexia.com\/index.php?rest_route=\/wp\/v2\/types\/product"}],"replies":[{"embeddable":true,"href":"https:\/\/wavexia.com\/index.php?rest_route=%2Fwp%2Fv2%2Fcomments&post=3441"}],"wp:featuredmedia":[{"embeddable":true,"href":"https:\/\/wavexia.com\/index.php?rest_route=\/wp\/v2\/media\/3440"}],"wp:attachment":[{"href":"https:\/\/wavexia.com\/index.php?rest_route=%2Fwp%2Fv2%2Fmedia&parent=3441"}],"wp:term":[{"taxonomy":"pwb-brand","embeddable":true,"href":"https:\/\/wavexia.com\/index.php?rest_route=%2Fwp%2Fv2%2Fpwb-brand&post=3441"},{"taxonomy":"product_brand","embeddable":true,"href":"https:\/\/wavexia.com\/index.php?rest_route=%2Fwp%2Fv2%2Fproduct_brand&post=3441"},{"taxonomy":"product_cat","embeddable":true,"href":"https:\/\/wavexia.com\/index.php?rest_route=%2Fwp%2Fv2%2Fproduct_cat&post=3441"},{"taxonomy":"product_tag","embeddable":true,"href":"https:\/\/wavexia.com\/index.php?rest_route=%2Fwp%2Fv2%2Fproduct_tag&post=3441"}],"curies":[{"name":"wp","href":"https:\/\/api.w.org\/{rel}","templated":true}]}}