{"id":3439,"date":"2025-10-18T22:15:47","date_gmt":"2025-10-18T22:15:47","guid":{"rendered":"https:\/\/wavexia.com\/product\/now-foods-iron-double-efficacite-36-mg\/"},"modified":"2026-03-10T07:30:55","modified_gmt":"2026-03-10T07:30:55","slug":"now-foods-iron-double-efficacite-36-mg","status":"publish","type":"product","link":"https:\/\/wavexia.com\/?product=now-foods-iron-double-efficacite-36-mg","title":{"rendered":"NOW Foods, IRON Double efficacit\u00e9, 36 mg"},"content":{"rendered":"<h2>Description<\/h2>\n<p>Le fer est un min\u00e9ral essentiel qui joue un r\u00f4le central dans la production d\u2019\u00e9nergie, le fonctionnement du syst\u00e8me immunitaire et la sant\u00e9 neurologique. Le fer est un composant essentiel de l\u2019h\u00e9moglobine, une mol\u00e9cule qui transporte l\u2019oxyg\u00e8ne vers les cellules de l\u2019organisme et la myoglobine, qui lie l\u2019oxyg\u00e8ne utilis\u00e9 dans les tissus musculaires. NOW utilise le bisglycinate de fer Ferrochel\u2122, dont l\u2019absorption sup\u00e9rieure a \u00e9t\u00e9 d\u00e9montr\u00e9e par des \u00e9tudes cliniques, et qui est bien tol\u00e9r\u00e9, car il est doux et non constipant.<\/p>\n<p>Le fer Double efficacit\u00e9 de NOW\u00ae poss\u00e8de deux fois plus de fer (36&nbsp;mg par capsule) que notre produit \u00e0 la puissance normale (18&nbsp;mg par capsule).<\/p>\n<h5><strong>Conseils d\u2019utilisation:<\/strong><\/h5>\n<p>Prenez 1&nbsp;capsule par jour au cours d\u2019un repas.<\/p>\n<h5><strong>Avertissements<\/strong><\/h5>\n<p>Le surdosage accidentel de produits contenant du fer constitue l\u2019une des principales causes d\u2019empoisonnement mortel chez les enfants de moins de 6&nbsp;ans. Tenir ce produit hors de port\u00e9e des enfants. En cas de surdose accidentelle, contacter un m\u00e9decin ou un centre antipoison imm\u00e9diatement.<\/p>\n<p>R\u00e9serv\u00e9 aux adultes. Ne pas d\u00e9passer le dosage recommand\u00e9 sauf sur recommandation d\u2019un m\u00e9decin. Consultez un m\u00e9decin si vous \u00eates enceinte, allaitez, prenez des m\u00e9dicaments ou pr\u00e9sentez une affection m\u00e9dicale. Tenir hors de port\u00e9e des enfants.<\/p>\n<p>Une variation naturelle de couleur peut se produire.<\/p>\n<p>Ne pas d\u00e9passer le dosage recommand\u00e9 sauf sur recommandation d\u2019un m\u00e9decin.<\/p>\n<p>\u00c0 conserver dans un endroit frais et sec apr\u00e8s ouverture.<\/p>\n","protected":false},"excerpt":{"rendered":"<p>Description Le fer est un min\u00e9ral essentiel qui joue un r\u00f4le central dans la production d\u2019\u00e9nergie, le fonctionnement du syst\u00e8me immunitaire et la sant\u00e9 neurologique. Le fer est un composant essentiel de l\u2019h\u00e9moglobine, une mol\u00e9cule qui transporte l\u2019oxyg\u00e8ne vers les cellules de l\u2019organisme et la myoglobine, qui lie l\u2019oxyg\u00e8ne utilis\u00e9 dans les tissus musculaires. NOW [&hellip;]<\/p>\n","protected":false},"featured_media":3438,"comment_status":"open","ping_status":"closed","template":"","meta":{"content-type":"","_uag_custom_page_level_css":""},"pwb-brand":[],"product_brand":[],"product_cat":[330],"product_tag":[],"class_list":{"0":"post-3439","1":"product","2":"type-product","3":"status-publish","4":"has-post-thumbnail","6":"product_cat-complements-alimentaires","8":"first","9":"instock","10":"sale","11":"shipping-taxable","12":"purchasable","13":"product-type-simple"},"aioseo_notices":[],"uagb_featured_image_src":{"full":["https:\/\/wavexia.com\/wp-content\/uploads\/2025\/10\/NOW-Foods-Iron-90-VCaps-36mg-min.jpg",800,800,false],"thumbnail":["https:\/\/wavexia.com\/wp-content\/uploads\/2025\/10\/NOW-Foods-Iron-90-VCaps-36mg-min-150x150.jpg",150,150,true],"medium":["https:\/\/wavexia.com\/wp-content\/uploads\/2025\/10\/NOW-Foods-Iron-90-VCaps-36mg-min-300x300.jpg",300,300,true],"medium_large":["https:\/\/wavexia.com\/wp-content\/uploads\/2025\/10\/NOW-Foods-Iron-90-VCaps-36mg-min-768x768.jpg",768,768,true],"large":["https:\/\/wavexia.com\/wp-content\/uploads\/2025\/10\/NOW-Foods-Iron-90-VCaps-36mg-min.jpg",800,800,false],"1536x1536":["https:\/\/wavexia.com\/wp-content\/uploads\/2025\/10\/NOW-Foods-Iron-90-VCaps-36mg-min.jpg",800,800,false],"2048x2048":["https:\/\/wavexia.com\/wp-content\/uploads\/2025\/10\/NOW-Foods-Iron-90-VCaps-36mg-min.jpg",800,800,false],"woocommerce_archive_thumbnail":["https:\/\/wavexia.com\/wp-content\/uploads\/2025\/10\/NOW-Foods-Iron-90-VCaps-36mg-min-300x300.jpg",300,300,true],"woocommerce_thumbnail":["https:\/\/wavexia.com\/wp-content\/uploads\/2025\/10\/NOW-Foods-Iron-90-VCaps-36mg-min-300x300.jpg",300,300,true],"woocommerce_single":["https:\/\/wavexia.com\/wp-content\/uploads\/2025\/10\/NOW-Foods-Iron-90-VCaps-36mg-min-600x600.jpg",600,600,true],"woocommerce_gallery_thumbnail":["https:\/\/wavexia.com\/wp-content\/uploads\/2025\/10\/NOW-Foods-Iron-90-VCaps-36mg-min-100x100.jpg",100,100,true]},"uagb_author_info":{"display_name":"zineddine.ayoub98@gmail.com","author_link":"https:\/\/wavexia.com\/?author=0"},"uagb_comment_info":0,"uagb_excerpt":"Description Le fer est un min\u00e9ral essentiel qui joue un r\u00f4le central dans la production d\u2019\u00e9nergie, le fonctionnement du syst\u00e8me immunitaire et la sant\u00e9 neurologique. Le fer est un composant essentiel de l\u2019h\u00e9moglobine, une mol\u00e9cule qui transporte l\u2019oxyg\u00e8ne vers les cellules de l\u2019organisme et la myoglobine, qui lie l\u2019oxyg\u00e8ne utilis\u00e9 dans les tissus musculaires. NOW&hellip;","brands":[],"_links":{"self":[{"href":"https:\/\/wavexia.com\/index.php?rest_route=\/wp\/v2\/product\/3439","targetHints":{"allow":["GET"]}}],"collection":[{"href":"https:\/\/wavexia.com\/index.php?rest_route=\/wp\/v2\/product"}],"about":[{"href":"https:\/\/wavexia.com\/index.php?rest_route=\/wp\/v2\/types\/product"}],"replies":[{"embeddable":true,"href":"https:\/\/wavexia.com\/index.php?rest_route=%2Fwp%2Fv2%2Fcomments&post=3439"}],"wp:featuredmedia":[{"embeddable":true,"href":"https:\/\/wavexia.com\/index.php?rest_route=\/wp\/v2\/media\/3438"}],"wp:attachment":[{"href":"https:\/\/wavexia.com\/index.php?rest_route=%2Fwp%2Fv2%2Fmedia&parent=3439"}],"wp:term":[{"taxonomy":"pwb-brand","embeddable":true,"href":"https:\/\/wavexia.com\/index.php?rest_route=%2Fwp%2Fv2%2Fpwb-brand&post=3439"},{"taxonomy":"product_brand","embeddable":true,"href":"https:\/\/wavexia.com\/index.php?rest_route=%2Fwp%2Fv2%2Fproduct_brand&post=3439"},{"taxonomy":"product_cat","embeddable":true,"href":"https:\/\/wavexia.com\/index.php?rest_route=%2Fwp%2Fv2%2Fproduct_cat&post=3439"},{"taxonomy":"product_tag","embeddable":true,"href":"https:\/\/wavexia.com\/index.php?rest_route=%2Fwp%2Fv2%2Fproduct_tag&post=3439"}],"curies":[{"name":"wp","href":"https:\/\/api.w.org\/{rel}","templated":true}]}}