{"id":3435,"date":"2025-10-18T22:15:44","date_gmt":"2025-10-18T22:15:44","guid":{"rendered":"https:\/\/wavexia.com\/product\/skin1004-madagascar-centella-ampoule-foam-125ml\/"},"modified":"2026-03-10T07:30:55","modified_gmt":"2026-03-10T07:30:55","slug":"skin1004-madagascar-centella-ampoule-foam-125ml","status":"publish","type":"product","link":"https:\/\/wavexia.com\/?product=skin1004-madagascar-centella-ampoule-foam-125ml","title":{"rendered":"Skin1004- Madagascar Centella Ampoule Foam \u2013 125ml"},"content":{"rendered":"<h2>Description<\/h2>\n<p>La SKIN1004 Madagascar Centella Ampoule Foam est une mousse nettoyante douce qui hydrate et apaise votre peau tout en la nettoyant. Cette mousse douce, infus\u00e9e d\u2019une impressionnante concentration de 84 % de centella et de bicarbonate de soude, procure non seulement un effet apaisant, mais aussi un nettoyage naturel pour un teint radieux !<\/p>\n<p>Le pouvoir de la Centella et du bicarbonate de soude fonctionnent comme une \u00e9quipe de r\u00eave pour donner \u00e0 votre peau de la clart\u00e9 sans la priver de son hydratation. Mais ce n\u2019est pas tout! Cette mousse nettoyante en ampoule fait plus que nettoyer, elle nourrit et rafra\u00eechit la peau fatigu\u00e9e et irrit\u00e9e, donnant \u00e0 votre visage le coup de pouce qu\u2019il m\u00e9rite !<\/p>\n<p><strong>Ce nettoyant :<\/strong><\/p>\n<ul>\n<li>nettoyant doux<\/li>\n<li>mousse de nettoyage<\/li>\n<li>effet hydratant et apaisant<\/li>\n<li>formule douce et cr\u00e9meuse<\/li>\n<li>PH de 5 comparable \u00e0 celui de la peau<\/li>\n<li>contient de la Centella<\/li>\n<li>prot\u00e8ge et hydrate la barri\u00e8re cutan\u00e9e<\/li>\n<li>apaise la peau irrit\u00e9e par le stress ext\u00e9rieur<\/li>\n<li>donne \u00e0 votre peau une sensation de fra\u00eecheur<\/li>\n<li>sans parfum<\/li>\n<li>sans cruaut\u00e9<\/li>\n<li>v\u00e9g\u00e9talien<\/li>\n<\/ul>\n<p><strong>Comment utiliser:<\/strong><\/p>\n<ul>\n<li>Massez le nettoyant sur peau humide pendant environ 20 \u00e0 30 secondes.<\/li>\n<li>Rincez ensuite votre peau \u00e0 l\u2019eau ti\u00e8de.<\/li>\n<\/ul>\n<p><strong>Ingr\u00e9dients:<br \/><\/strong>Centella Asiatica Extract, Sodium Cocoyl Isethionate, Glycerin, Purified Water, Sodium Methyl Cocoyl Taurate, Coco-Betaine, Poteassium Cocoyl Glycinate, 1,2-Hexanediol, Sodium Chloride, Potassium Cocoate, Potassium Benzoate, Polyquaternium-67, Citric Acid, Dextrin, Sodium Bicarbonate, Cocoa Extract, Disodium EDTA, Sodium Acetate, Butylene Glycol, Coptis Chinensis Root Extract, Sodium Hyaluronate, Eclipta Extact, Coccinia Indica Fruit Extract<\/p>\n","protected":false},"excerpt":{"rendered":"<p>Description La SKIN1004 Madagascar Centella Ampoule Foam est une mousse nettoyante douce qui hydrate et apaise votre peau tout en la nettoyant. Cette mousse douce, infus\u00e9e d\u2019une impressionnante concentration de 84 % de centella et de bicarbonate de soude, procure non seulement un effet apaisant, mais aussi un nettoyage naturel pour un teint radieux ! [&hellip;]<\/p>\n","protected":false},"featured_media":3434,"comment_status":"open","ping_status":"closed","template":"","meta":{"content-type":"","_uag_custom_page_level_css":""},"pwb-brand":[],"product_brand":[],"product_cat":[327,339,336,334,350],"product_tag":[],"class_list":{"0":"post-3435","1":"product","2":"type-product","3":"status-publish","4":"has-post-thumbnail","6":"product_cat-hmizat","7":"product_cat-meilleures-ventes","8":"product_cat-nettoyant","9":"product_cat-produits-coreens","10":"product_cat-skin1004","12":"first","13":"instock","14":"sale","15":"shipping-taxable","16":"purchasable","17":"product-type-simple"},"aioseo_notices":[],"uagb_featured_image_src":{"full":["https:\/\/wavexia.com\/wp-content\/uploads\/2025\/10\/Product-page-sizes_6f70dab7-c994-459d-8cb3-0db108232bb5.webp",800,800,false],"thumbnail":["https:\/\/wavexia.com\/wp-content\/uploads\/2025\/10\/Product-page-sizes_6f70dab7-c994-459d-8cb3-0db108232bb5-150x150.webp",150,150,true],"medium":["https:\/\/wavexia.com\/wp-content\/uploads\/2025\/10\/Product-page-sizes_6f70dab7-c994-459d-8cb3-0db108232bb5-300x300.webp",300,300,true],"medium_large":["https:\/\/wavexia.com\/wp-content\/uploads\/2025\/10\/Product-page-sizes_6f70dab7-c994-459d-8cb3-0db108232bb5-768x768.webp",768,768,true],"large":["https:\/\/wavexia.com\/wp-content\/uploads\/2025\/10\/Product-page-sizes_6f70dab7-c994-459d-8cb3-0db108232bb5.webp",800,800,false],"1536x1536":["https:\/\/wavexia.com\/wp-content\/uploads\/2025\/10\/Product-page-sizes_6f70dab7-c994-459d-8cb3-0db108232bb5.webp",800,800,false],"2048x2048":["https:\/\/wavexia.com\/wp-content\/uploads\/2025\/10\/Product-page-sizes_6f70dab7-c994-459d-8cb3-0db108232bb5.webp",800,800,false],"woocommerce_archive_thumbnail":["https:\/\/wavexia.com\/wp-content\/uploads\/2025\/10\/Product-page-sizes_6f70dab7-c994-459d-8cb3-0db108232bb5-300x300.webp",300,300,true],"woocommerce_thumbnail":["https:\/\/wavexia.com\/wp-content\/uploads\/2025\/10\/Product-page-sizes_6f70dab7-c994-459d-8cb3-0db108232bb5-300x300.webp",300,300,true],"woocommerce_single":["https:\/\/wavexia.com\/wp-content\/uploads\/2025\/10\/Product-page-sizes_6f70dab7-c994-459d-8cb3-0db108232bb5-600x600.webp",600,600,true],"woocommerce_gallery_thumbnail":["https:\/\/wavexia.com\/wp-content\/uploads\/2025\/10\/Product-page-sizes_6f70dab7-c994-459d-8cb3-0db108232bb5-100x100.webp",100,100,true]},"uagb_author_info":{"display_name":"zineddine.ayoub98@gmail.com","author_link":"https:\/\/wavexia.com\/?author=0"},"uagb_comment_info":0,"uagb_excerpt":"Description La SKIN1004 Madagascar Centella Ampoule Foam est une mousse nettoyante douce qui hydrate et apaise votre peau tout en la nettoyant. Cette mousse douce, infus\u00e9e d\u2019une impressionnante concentration de 84 % de centella et de bicarbonate de soude, procure non seulement un effet apaisant, mais aussi un nettoyage naturel pour un teint radieux !&hellip;","brands":[],"_links":{"self":[{"href":"https:\/\/wavexia.com\/index.php?rest_route=\/wp\/v2\/product\/3435","targetHints":{"allow":["GET"]}}],"collection":[{"href":"https:\/\/wavexia.com\/index.php?rest_route=\/wp\/v2\/product"}],"about":[{"href":"https:\/\/wavexia.com\/index.php?rest_route=\/wp\/v2\/types\/product"}],"replies":[{"embeddable":true,"href":"https:\/\/wavexia.com\/index.php?rest_route=%2Fwp%2Fv2%2Fcomments&post=3435"}],"wp:featuredmedia":[{"embeddable":true,"href":"https:\/\/wavexia.com\/index.php?rest_route=\/wp\/v2\/media\/3434"}],"wp:attachment":[{"href":"https:\/\/wavexia.com\/index.php?rest_route=%2Fwp%2Fv2%2Fmedia&parent=3435"}],"wp:term":[{"taxonomy":"pwb-brand","embeddable":true,"href":"https:\/\/wavexia.com\/index.php?rest_route=%2Fwp%2Fv2%2Fpwb-brand&post=3435"},{"taxonomy":"product_brand","embeddable":true,"href":"https:\/\/wavexia.com\/index.php?rest_route=%2Fwp%2Fv2%2Fproduct_brand&post=3435"},{"taxonomy":"product_cat","embeddable":true,"href":"https:\/\/wavexia.com\/index.php?rest_route=%2Fwp%2Fv2%2Fproduct_cat&post=3435"},{"taxonomy":"product_tag","embeddable":true,"href":"https:\/\/wavexia.com\/index.php?rest_route=%2Fwp%2Fv2%2Fproduct_tag&post=3435"}],"curies":[{"name":"wp","href":"https:\/\/api.w.org\/{rel}","templated":true}]}}