{"id":3432,"date":"2025-10-18T22:15:43","date_gmt":"2025-10-18T22:15:43","guid":{"rendered":"https:\/\/wavexia.com\/product\/skin1004-adagascar-centella-toning-toner-210ml\/"},"modified":"2026-03-10T07:30:55","modified_gmt":"2026-03-10T07:30:55","slug":"skin1004-adagascar-centella-toning-toner-210ml","status":"publish","type":"product","link":"https:\/\/wavexia.com\/?product=skin1004-adagascar-centella-toning-toner-210ml","title":{"rendered":"Skin1004- adagascar Centella Toning Toner \u2013 210ml"},"content":{"rendered":"<h2>Description<\/h2>\n<p>Le SKIN1004 Madagascar Centella Toning Toner est votre nouveau meilleur alli\u00e9 en mati\u00e8re de soins de la peau ! La formule douce aux PHA (acides polyhydroxyl\u00e9s) enveloppe votre peau avec un triple soin : apaiser, exfolier et hydrater. Laissez le pouvoir du PHA \u00e9liminer subtilement les cellules mortes de la peau, r\u00e9v\u00e9lant un teint radieux !<\/p>\n<p>Ce tonique n\u2019est pas seulement une \u00e9tape interm\u00e9diaire dans votre routine : c\u2019est la pr\u00e9paration ultime pour votre peau, elle est donc pr\u00eate \u00e0 adopter d\u2019autres excellents produits. La formule, infus\u00e9e d\u2019extraits de Centella de haute qualit\u00e9, procure non seulement une hydratation intensive, mais apaise \u00e9galement la peau irrit\u00e9e. Dites adieu aux probl\u00e8mes tels que l\u2019ecz\u00e9ma, l\u2019acn\u00e9 et le psoriasis !<\/p>\n<p><strong>Ce tonique&nbsp;:<\/strong><\/p>\n<ul>\n<li>exfoliation douce<\/li>\n<li>apaise la peau irrit\u00e9e<\/li>\n<li>\u00e9claircit la structure de la peau<\/li>\n<li>pr\u00e9paration ultime<\/li>\n<li>enrichi en acide hyaluronique<\/li>\n<li>nettoyage doux et minutieux<\/li>\n<li>r\u00e9duit les pores et l\u2019acn\u00e9<\/li>\n<li>contient du PHA et de la Centella<\/li>\n<li>sans parfum<\/li>\n<li>v\u00e9g\u00e9talien<\/li>\n<li>sans cruaut\u00e9<\/li>\n<\/ul>\n<p><strong>Comment utiliser:<\/strong><\/p>\n<ul>\n<li>utiliser apr\u00e8s le nettoyage<\/li>\n<li>mettez-en une petite quantit\u00e9 dans votre main ou sur un coton et \u00e9talez-la sur la peau<\/li>\n<li>laisser le toner absorber compl\u00e8tement<\/li>\n<\/ul>\n<p><strong>Ingr\u00e9dients:<br \/><\/strong>1,2-Hexanediol, Gluconolactone, Niacinamide, Disodium EDTA, Dipotassium Glycyrrhizate, Dipropylene Glycol, Bataine, Centella Asiatica Extract (84%), Sodium Citrate, Adenosine, Ethylhexylglycerin, Purified Water, Carbomer, Hyaluronic Acid, Tromethaminei<\/p>\n","protected":false},"excerpt":{"rendered":"<p>Description Le SKIN1004 Madagascar Centella Toning Toner est votre nouveau meilleur alli\u00e9 en mati\u00e8re de soins de la peau ! La formule douce aux PHA (acides polyhydroxyl\u00e9s) enveloppe votre peau avec un triple soin : apaiser, exfolier et hydrater. Laissez le pouvoir du PHA \u00e9liminer subtilement les cellules mortes de la peau, r\u00e9v\u00e9lant un teint [&hellip;]<\/p>\n","protected":false},"featured_media":3431,"comment_status":"open","ping_status":"closed","template":"","meta":{"content-type":"","_uag_custom_page_level_css":""},"pwb-brand":[],"product_brand":[],"product_cat":[327,334,350,345],"product_tag":[],"class_list":{"0":"post-3432","1":"product","2":"type-product","3":"status-publish","4":"has-post-thumbnail","6":"product_cat-hmizat","7":"product_cat-produits-coreens","8":"product_cat-skin1004","9":"product_cat-toner-pads","11":"first","12":"instock","13":"sale","14":"shipping-taxable","15":"purchasable","16":"product-type-simple"},"aioseo_notices":[],"uagb_featured_image_src":{"full":["https:\/\/wavexia.com\/wp-content\/uploads\/2025\/10\/Product-page-sizes_96a9e45f-32a5-4fb2-ad33-93684724bceb.webp",800,800,false],"thumbnail":["https:\/\/wavexia.com\/wp-content\/uploads\/2025\/10\/Product-page-sizes_96a9e45f-32a5-4fb2-ad33-93684724bceb-150x150.webp",150,150,true],"medium":["https:\/\/wavexia.com\/wp-content\/uploads\/2025\/10\/Product-page-sizes_96a9e45f-32a5-4fb2-ad33-93684724bceb-300x300.webp",300,300,true],"medium_large":["https:\/\/wavexia.com\/wp-content\/uploads\/2025\/10\/Product-page-sizes_96a9e45f-32a5-4fb2-ad33-93684724bceb-768x768.webp",768,768,true],"large":["https:\/\/wavexia.com\/wp-content\/uploads\/2025\/10\/Product-page-sizes_96a9e45f-32a5-4fb2-ad33-93684724bceb.webp",800,800,false],"1536x1536":["https:\/\/wavexia.com\/wp-content\/uploads\/2025\/10\/Product-page-sizes_96a9e45f-32a5-4fb2-ad33-93684724bceb.webp",800,800,false],"2048x2048":["https:\/\/wavexia.com\/wp-content\/uploads\/2025\/10\/Product-page-sizes_96a9e45f-32a5-4fb2-ad33-93684724bceb.webp",800,800,false],"woocommerce_archive_thumbnail":["https:\/\/wavexia.com\/wp-content\/uploads\/2025\/10\/Product-page-sizes_96a9e45f-32a5-4fb2-ad33-93684724bceb-300x300.webp",300,300,true],"woocommerce_thumbnail":["https:\/\/wavexia.com\/wp-content\/uploads\/2025\/10\/Product-page-sizes_96a9e45f-32a5-4fb2-ad33-93684724bceb-300x300.webp",300,300,true],"woocommerce_single":["https:\/\/wavexia.com\/wp-content\/uploads\/2025\/10\/Product-page-sizes_96a9e45f-32a5-4fb2-ad33-93684724bceb-600x600.webp",600,600,true],"woocommerce_gallery_thumbnail":["https:\/\/wavexia.com\/wp-content\/uploads\/2025\/10\/Product-page-sizes_96a9e45f-32a5-4fb2-ad33-93684724bceb-100x100.webp",100,100,true]},"uagb_author_info":{"display_name":"zineddine.ayoub98@gmail.com","author_link":"https:\/\/wavexia.com\/?author=0"},"uagb_comment_info":0,"uagb_excerpt":"Description Le SKIN1004 Madagascar Centella Toning Toner est votre nouveau meilleur alli\u00e9 en mati\u00e8re de soins de la peau ! La formule douce aux PHA (acides polyhydroxyl\u00e9s) enveloppe votre peau avec un triple soin : apaiser, exfolier et hydrater. Laissez le pouvoir du PHA \u00e9liminer subtilement les cellules mortes de la peau, r\u00e9v\u00e9lant un teint&hellip;","brands":[],"_links":{"self":[{"href":"https:\/\/wavexia.com\/index.php?rest_route=\/wp\/v2\/product\/3432","targetHints":{"allow":["GET"]}}],"collection":[{"href":"https:\/\/wavexia.com\/index.php?rest_route=\/wp\/v2\/product"}],"about":[{"href":"https:\/\/wavexia.com\/index.php?rest_route=\/wp\/v2\/types\/product"}],"replies":[{"embeddable":true,"href":"https:\/\/wavexia.com\/index.php?rest_route=%2Fwp%2Fv2%2Fcomments&post=3432"}],"wp:featuredmedia":[{"embeddable":true,"href":"https:\/\/wavexia.com\/index.php?rest_route=\/wp\/v2\/media\/3431"}],"wp:attachment":[{"href":"https:\/\/wavexia.com\/index.php?rest_route=%2Fwp%2Fv2%2Fmedia&parent=3432"}],"wp:term":[{"taxonomy":"pwb-brand","embeddable":true,"href":"https:\/\/wavexia.com\/index.php?rest_route=%2Fwp%2Fv2%2Fpwb-brand&post=3432"},{"taxonomy":"product_brand","embeddable":true,"href":"https:\/\/wavexia.com\/index.php?rest_route=%2Fwp%2Fv2%2Fproduct_brand&post=3432"},{"taxonomy":"product_cat","embeddable":true,"href":"https:\/\/wavexia.com\/index.php?rest_route=%2Fwp%2Fv2%2Fproduct_cat&post=3432"},{"taxonomy":"product_tag","embeddable":true,"href":"https:\/\/wavexia.com\/index.php?rest_route=%2Fwp%2Fv2%2Fproduct_tag&post=3432"}],"curies":[{"name":"wp","href":"https:\/\/api.w.org\/{rel}","templated":true}]}}