{"id":3429,"date":"2025-10-18T22:15:41","date_gmt":"2025-10-18T22:15:41","guid":{"rendered":"https:\/\/wavexia.com\/product\/skin1004-madagascar-centella-poremizing-fresh-ampoul-100ml\/"},"modified":"2026-03-10T07:30:55","modified_gmt":"2026-03-10T07:30:55","slug":"skin1004-madagascar-centella-poremizing-fresh-ampoul-100ml","status":"publish","type":"product","link":"https:\/\/wavexia.com\/?product=skin1004-madagascar-centella-poremizing-fresh-ampoul-100ml","title":{"rendered":"Skin1004-Madagascar Centella Poremizing Fresh Ampoul\u2013100ml"},"content":{"rendered":"<h2>Description<\/h2>\n<p>SKIN1004 Madagascar Centella Poremizing Fresh Ampoule a \u00e9t\u00e9 sp\u00e9cialement d\u00e9velopp\u00e9e pour lutter contre les pores dilat\u00e9s. Avec une puissante combinaison de sel rose de l\u2019Himalaya et de complexe peptide 9, ce s\u00e9rum est votre arme secr\u00e8te pour une peau lisse et uniforme.<\/p>\n<p>Laissez le sel rose de l\u2019Himalaya faire son travail, purifiant et nettoyant, et \u00e9liminez les impuret\u00e9s qui dilatent vos pores. Le complexe peptide 9 favorise l\u2019\u00e9lasticit\u00e9, rendant vos pores visiblement plus petits. Cette ampoule va plus loin que la simple r\u00e9duction des pores. Gr\u00e2ce \u00e0 l\u2019extrait de centella asiatica ajout\u00e9, la barri\u00e8re cutan\u00e9e est restaur\u00e9e, nourrissant et apaisant votre peau.<\/p>\n<p>La formule, enrichie en centella asiatica, en extrait de feuille d\u2019aloe barbadensis et en panth\u00e9nol, procure non seulement des propri\u00e9t\u00e9s rafra\u00eechissantes mais \u00e9galement des propri\u00e9t\u00e9s hydratantes et anti-inflammatoires. Le r\u00e9sultat? Une peau \u00e9clatante et hydrat\u00e9e avec des pores visiblement r\u00e9duits.<\/p>\n<p>Ajoutez l\u2019ampoule fra\u00eeche poremisante SKIN1004 Madagascar Centella \u00e0 votre routine quotidienne et d\u00e9couvrez la magie d\u2019une peau lisse, hydrat\u00e9e et \u00e9clatante de sant\u00e9. Donnez \u00e0 votre peau les soins affectueux qu\u2019elle m\u00e9rite et brillez avec une confiance en soi renouvel\u00e9e.<\/p>\n<p><strong>Cette ampoule :<\/strong><\/p>\n<ul>\n<li>s\u2019attaque aux pores dilat\u00e9s<\/li>\n<li>enrichi en sel rose de l\u2019Himalaya et en complexe peptide 9<\/li>\n<li>procure une peau lisse et uniforme<\/li>\n<li>purifie et nettoie<\/li>\n<li>restaure la barri\u00e8re cutan\u00e9e<\/li>\n<li>facile \u00e0 utiliser<\/li>\n<li>sans parfum<\/li>\n<li>v\u00e9g\u00e9talien<\/li>\n<li>sans cruaut\u00e9<\/li>\n<\/ul>\n<p><strong>Comment utiliser:<\/strong><\/p>\n<ul>\n<li>Prenez quelques gouttes d\u2019ampoule sur le bout de vos doigts et massez-la sur votre peau.<\/li>\n<li>Laissez l\u2019ampoule absorber bri\u00e8vement avant de poursuivre votre routine.<\/li>\n<\/ul>\n<p><strong>Ingr\u00e9dients:<\/strong><br \/>Centella Asiatica Extract(50.47%), Aqua(Water), Butylene Glycol, Propanediol, 1,2-Hexanediol, Aloe Barbadensis Leaf Extract, Glycereth-26, Hydroxyacetophenone, Glycerin, Carbomer, Tromethamine, Panthenol, Ethylhexylglycerin, Disodium EDTA, Dipotassium Glycyrrhizate , Ammonium Polyacryloyldimethyl Taurate, Biosaccharide Gum-1, Hyaluronic Acid, Hydrolyzed Hyaluronic Acid, Sodium Hyaluronate, Hydroxyethylcellulose, Chamomilla Recutita (Matricaria) Flower Extract, Mineral Salts, Tripeptide-3, Acetyl Hexapeptide-8, Acetyl Octapeptide-3, Copper Tripeptide- 1, Palmitoyl Pentapeptide-4, Palmitoyl Tetrapeptide-7, Palmitoyl Tripeptide-1, Tripeptide-1, Tripeptide-2<\/p>\n<p>&nbsp;<\/p>\n<p>&nbsp;<\/p>\n","protected":false},"excerpt":{"rendered":"<p>Description SKIN1004 Madagascar Centella Poremizing Fresh Ampoule a \u00e9t\u00e9 sp\u00e9cialement d\u00e9velopp\u00e9e pour lutter contre les pores dilat\u00e9s. Avec une puissante combinaison de sel rose de l\u2019Himalaya et de complexe peptide 9, ce s\u00e9rum est votre arme secr\u00e8te pour une peau lisse et uniforme. Laissez le sel rose de l\u2019Himalaya faire son travail, purifiant et nettoyant, [&hellip;]<\/p>\n","protected":false},"featured_media":3428,"comment_status":"open","ping_status":"closed","template":"","meta":{"content-type":"","_uag_custom_page_level_css":""},"pwb-brand":[],"product_brand":[],"product_cat":[327,334,338,350],"product_tag":[],"class_list":{"0":"post-3429","1":"product","2":"type-product","3":"status-publish","4":"has-post-thumbnail","6":"product_cat-hmizat","7":"product_cat-produits-coreens","8":"product_cat-serum-ampoule","9":"product_cat-skin1004","11":"first","12":"instock","13":"sale","14":"shipping-taxable","15":"purchasable","16":"product-type-simple"},"aioseo_notices":[],"uagb_featured_image_src":{"full":["https:\/\/wavexia.com\/wp-content\/uploads\/2025\/10\/Product-page-sizes_e1500171-fab1-402a-8fa5-a8bc96492aab.webp",800,800,false],"thumbnail":["https:\/\/wavexia.com\/wp-content\/uploads\/2025\/10\/Product-page-sizes_e1500171-fab1-402a-8fa5-a8bc96492aab-150x150.webp",150,150,true],"medium":["https:\/\/wavexia.com\/wp-content\/uploads\/2025\/10\/Product-page-sizes_e1500171-fab1-402a-8fa5-a8bc96492aab-300x300.webp",300,300,true],"medium_large":["https:\/\/wavexia.com\/wp-content\/uploads\/2025\/10\/Product-page-sizes_e1500171-fab1-402a-8fa5-a8bc96492aab-768x768.webp",768,768,true],"large":["https:\/\/wavexia.com\/wp-content\/uploads\/2025\/10\/Product-page-sizes_e1500171-fab1-402a-8fa5-a8bc96492aab.webp",800,800,false],"1536x1536":["https:\/\/wavexia.com\/wp-content\/uploads\/2025\/10\/Product-page-sizes_e1500171-fab1-402a-8fa5-a8bc96492aab.webp",800,800,false],"2048x2048":["https:\/\/wavexia.com\/wp-content\/uploads\/2025\/10\/Product-page-sizes_e1500171-fab1-402a-8fa5-a8bc96492aab.webp",800,800,false],"woocommerce_archive_thumbnail":["https:\/\/wavexia.com\/wp-content\/uploads\/2025\/10\/Product-page-sizes_e1500171-fab1-402a-8fa5-a8bc96492aab-300x300.webp",300,300,true],"woocommerce_thumbnail":["https:\/\/wavexia.com\/wp-content\/uploads\/2025\/10\/Product-page-sizes_e1500171-fab1-402a-8fa5-a8bc96492aab-300x300.webp",300,300,true],"woocommerce_single":["https:\/\/wavexia.com\/wp-content\/uploads\/2025\/10\/Product-page-sizes_e1500171-fab1-402a-8fa5-a8bc96492aab-600x600.webp",600,600,true],"woocommerce_gallery_thumbnail":["https:\/\/wavexia.com\/wp-content\/uploads\/2025\/10\/Product-page-sizes_e1500171-fab1-402a-8fa5-a8bc96492aab-100x100.webp",100,100,true]},"uagb_author_info":{"display_name":"zineddine.ayoub98@gmail.com","author_link":"https:\/\/wavexia.com\/?author=0"},"uagb_comment_info":0,"uagb_excerpt":"Description SKIN1004 Madagascar Centella Poremizing Fresh Ampoule a \u00e9t\u00e9 sp\u00e9cialement d\u00e9velopp\u00e9e pour lutter contre les pores dilat\u00e9s. Avec une puissante combinaison de sel rose de l\u2019Himalaya et de complexe peptide 9, ce s\u00e9rum est votre arme secr\u00e8te pour une peau lisse et uniforme. Laissez le sel rose de l\u2019Himalaya faire son travail, purifiant et nettoyant,&hellip;","brands":[],"_links":{"self":[{"href":"https:\/\/wavexia.com\/index.php?rest_route=\/wp\/v2\/product\/3429","targetHints":{"allow":["GET"]}}],"collection":[{"href":"https:\/\/wavexia.com\/index.php?rest_route=\/wp\/v2\/product"}],"about":[{"href":"https:\/\/wavexia.com\/index.php?rest_route=\/wp\/v2\/types\/product"}],"replies":[{"embeddable":true,"href":"https:\/\/wavexia.com\/index.php?rest_route=%2Fwp%2Fv2%2Fcomments&post=3429"}],"wp:featuredmedia":[{"embeddable":true,"href":"https:\/\/wavexia.com\/index.php?rest_route=\/wp\/v2\/media\/3428"}],"wp:attachment":[{"href":"https:\/\/wavexia.com\/index.php?rest_route=%2Fwp%2Fv2%2Fmedia&parent=3429"}],"wp:term":[{"taxonomy":"pwb-brand","embeddable":true,"href":"https:\/\/wavexia.com\/index.php?rest_route=%2Fwp%2Fv2%2Fpwb-brand&post=3429"},{"taxonomy":"product_brand","embeddable":true,"href":"https:\/\/wavexia.com\/index.php?rest_route=%2Fwp%2Fv2%2Fproduct_brand&post=3429"},{"taxonomy":"product_cat","embeddable":true,"href":"https:\/\/wavexia.com\/index.php?rest_route=%2Fwp%2Fv2%2Fproduct_cat&post=3429"},{"taxonomy":"product_tag","embeddable":true,"href":"https:\/\/wavexia.com\/index.php?rest_route=%2Fwp%2Fv2%2Fproduct_tag&post=3429"}],"curies":[{"name":"wp","href":"https:\/\/api.w.org\/{rel}","templated":true}]}}