{"id":3421,"date":"2025-10-18T22:15:32","date_gmt":"2025-10-18T22:15:32","guid":{"rendered":"https:\/\/wavexia.com\/product\/round-lab-birch-juice-moisturizing-sun-stick-spf50-19gr\/"},"modified":"2026-03-10T07:30:54","modified_gmt":"2026-03-10T07:30:54","slug":"round-lab-birch-juice-moisturizing-sun-stick-spf50-19gr","status":"publish","type":"product","link":"https:\/\/wavexia.com\/?product=round-lab-birch-juice-moisturizing-sun-stick-spf50-19gr","title":{"rendered":"ROUND LAB Birch Juice Moisturizing Sun Stick SPF50 19gr"},"content":{"rendered":"<h2>Description<\/h2>\n<p>Le Round Lab Birch Juice Moisturizing Sun Stick est un \u00e9cran solaire hydratant et un hydratant qui peut \u00eatre utilis\u00e9 par tous les types de peau. Id\u00e9al!<\/p>\n<p>La formule \u00e0 base de s\u00e8ve de bouleau, d\u2019alo\u00eb vera, de niacinamide et d\u2019acide hyaluronique nourrira votre peau en profondeur et la prot\u00e9gera des rayons UV nocifs. La tique du soleil vous donne une \u00e9nergie rafra\u00eechissante pendant les journ\u00e9es chaudes et ensoleill\u00e9es.<\/p>\n<p>Ce Stick Solaire Hydratant favorise l\u2019\u00e9lasticit\u00e9, s\u2019applique facilement et ne laisse pas de pl\u00e2tre blanc !<\/p>\n<p><strong>Ce b\u00e2ton solaire&nbsp;:<br \/><\/strong><\/p>\n<ul>\n<li>FPS 50<\/li>\n<li>hydratant et cr\u00e8me solaire en un<\/li>\n<li>convient \u00e0 tous les types de peau<\/li>\n<li>nourrissant et hydratant<\/li>\n<li>prot\u00e8ge contre les rayons UV nocifs<\/li>\n<li>\u00e9nergie rafra\u00eechissante<\/li>\n<li>contient de la s\u00e8ve de bouleau, de l\u2019aloe vera, de la niacinamide et de l\u2019acide hyaluronique<\/li>\n<li>ne laisse pas de pl\u00e2tre blanc<\/li>\n<li>sans parfum<\/li>\n<li>sans cruaut\u00e9<\/li>\n<\/ul>\n<p><strong>Ingr\u00e9dients:<\/strong><br \/>Water, Coco-caprylate\/\u200bcaprate, Dibutyl Adipate, Synthetic Wax,butyloctyl Salicylate, Diethylamino Hydroxybenzoyl Hexyl Benzoate, Vinyl Dimethicone\/\u200bmethicone Silsesquioxane Crosspolymer, Butylene Glycol,ethylhexyl Triazone, Ozokerite, Niacinamide, Vinyl Dimethicone,polysilicone-15, Bis-ethylhexyloxyphenol Methoxyphenyl Triazine,adansonia Digitata Seed Extract (1,045ppm), Glyceryl Glucoside, Glycerine, Laminaria Japonica Extract, Ulmus Davidiana Root Extract, Aloe Barbadensis Leaf Extract, Viola Mandshurica Flower Extract, Dioscorea Japonica Root Extract, Hyaluronic Acid, Ascorbic Acid, Sodium Hyaluronate, Portulaca Oleracea Extract, Dipotassium Glycyrrhizate,allantoin, Nonapeptide-1, Dipeptide Diaminobutyroyl Benzylamide Diacetate, Acetyl Hexapeptide-8, Copper Tripeptide-1, Tripeptide-1, Palmitoyl Tetrapeptide-7, Palmitoyl Tripeptide-1, Palmitoyl Tripeptide-5,palmitoyl Pentapeptide-4, Palmitoyl Hexapeptide-12, Pentapeptide-3,hexapeptide-9, Adenosine, Ethylhexylglycerin, Polyglyceryl-5 Polyricinoleate, Glyceryl Caprylate, Caprylyl Glycol, Oryza Sativa (Rice) Bran Oil, Lauryl Polyglyceryl-3 Polydimethylsiloxyethyl Dimethicone,polyglyceryl-4 Diisostearate\/\u200bpolyhydroxystearate\/\u200bsebacate, Sodium Chloride, 1,2-hexanediol, Tocopherol.<\/p>\n<p><strong>Contenu :<\/strong>&nbsp;19 gr.<\/p>\n","protected":false},"excerpt":{"rendered":"<p>Description Le Round Lab Birch Juice Moisturizing Sun Stick est un \u00e9cran solaire hydratant et un hydratant qui peut \u00eatre utilis\u00e9 par tous les types de peau. Id\u00e9al! La formule \u00e0 base de s\u00e8ve de bouleau, d\u2019alo\u00eb vera, de niacinamide et d\u2019acide hyaluronique nourrira votre peau en profondeur et la prot\u00e9gera des rayons UV nocifs. [&hellip;]<\/p>\n","protected":false},"featured_media":3420,"comment_status":"open","ping_status":"closed","template":"","meta":{"content-type":"","_uag_custom_page_level_css":""},"pwb-brand":[],"product_brand":[],"product_cat":[327,334,340,341],"product_tag":[],"class_list":{"0":"post-3421","1":"product","2":"type-product","3":"status-publish","4":"has-post-thumbnail","6":"product_cat-hmizat","7":"product_cat-produits-coreens","8":"product_cat-protection-solaire","9":"product_cat-round-lab","11":"first","12":"instock","13":"sale","14":"shipping-taxable","15":"purchasable","16":"product-type-simple"},"aioseo_notices":[],"uagb_featured_image_src":{"full":["https:\/\/wavexia.com\/wp-content\/uploads\/2025\/10\/IMG-6878.webp",500,500,false],"thumbnail":["https:\/\/wavexia.com\/wp-content\/uploads\/2025\/10\/IMG-6878-150x150.webp",150,150,true],"medium":["https:\/\/wavexia.com\/wp-content\/uploads\/2025\/10\/IMG-6878-300x300.webp",300,300,true],"medium_large":["https:\/\/wavexia.com\/wp-content\/uploads\/2025\/10\/IMG-6878.webp",500,500,false],"large":["https:\/\/wavexia.com\/wp-content\/uploads\/2025\/10\/IMG-6878.webp",500,500,false],"1536x1536":["https:\/\/wavexia.com\/wp-content\/uploads\/2025\/10\/IMG-6878.webp",500,500,false],"2048x2048":["https:\/\/wavexia.com\/wp-content\/uploads\/2025\/10\/IMG-6878.webp",500,500,false],"woocommerce_archive_thumbnail":["https:\/\/wavexia.com\/wp-content\/uploads\/2025\/10\/IMG-6878-300x300.webp",300,300,true],"woocommerce_thumbnail":["https:\/\/wavexia.com\/wp-content\/uploads\/2025\/10\/IMG-6878-300x300.webp",300,300,true],"woocommerce_single":["https:\/\/wavexia.com\/wp-content\/uploads\/2025\/10\/IMG-6878.webp",500,500,false],"woocommerce_gallery_thumbnail":["https:\/\/wavexia.com\/wp-content\/uploads\/2025\/10\/IMG-6878-100x100.webp",100,100,true]},"uagb_author_info":{"display_name":"zineddine.ayoub98@gmail.com","author_link":"https:\/\/wavexia.com\/?author=0"},"uagb_comment_info":0,"uagb_excerpt":"Description Le Round Lab Birch Juice Moisturizing Sun Stick est un \u00e9cran solaire hydratant et un hydratant qui peut \u00eatre utilis\u00e9 par tous les types de peau. Id\u00e9al! La formule \u00e0 base de s\u00e8ve de bouleau, d\u2019alo\u00eb vera, de niacinamide et d\u2019acide hyaluronique nourrira votre peau en profondeur et la prot\u00e9gera des rayons UV nocifs.&hellip;","brands":[],"_links":{"self":[{"href":"https:\/\/wavexia.com\/index.php?rest_route=\/wp\/v2\/product\/3421","targetHints":{"allow":["GET"]}}],"collection":[{"href":"https:\/\/wavexia.com\/index.php?rest_route=\/wp\/v2\/product"}],"about":[{"href":"https:\/\/wavexia.com\/index.php?rest_route=\/wp\/v2\/types\/product"}],"replies":[{"embeddable":true,"href":"https:\/\/wavexia.com\/index.php?rest_route=%2Fwp%2Fv2%2Fcomments&post=3421"}],"wp:featuredmedia":[{"embeddable":true,"href":"https:\/\/wavexia.com\/index.php?rest_route=\/wp\/v2\/media\/3420"}],"wp:attachment":[{"href":"https:\/\/wavexia.com\/index.php?rest_route=%2Fwp%2Fv2%2Fmedia&parent=3421"}],"wp:term":[{"taxonomy":"pwb-brand","embeddable":true,"href":"https:\/\/wavexia.com\/index.php?rest_route=%2Fwp%2Fv2%2Fpwb-brand&post=3421"},{"taxonomy":"product_brand","embeddable":true,"href":"https:\/\/wavexia.com\/index.php?rest_route=%2Fwp%2Fv2%2Fproduct_brand&post=3421"},{"taxonomy":"product_cat","embeddable":true,"href":"https:\/\/wavexia.com\/index.php?rest_route=%2Fwp%2Fv2%2Fproduct_cat&post=3421"},{"taxonomy":"product_tag","embeddable":true,"href":"https:\/\/wavexia.com\/index.php?rest_route=%2Fwp%2Fv2%2Fproduct_tag&post=3421"}],"curies":[{"name":"wp","href":"https:\/\/api.w.org\/{rel}","templated":true}]}}