{"id":3419,"date":"2025-10-18T22:15:32","date_gmt":"2025-10-18T22:15:32","guid":{"rendered":"https:\/\/wavexia.com\/product\/im-from-rice-toner-150ml\/"},"modified":"2026-03-10T07:30:54","modified_gmt":"2026-03-10T07:30:54","slug":"im-from-rice-toner-150ml","status":"publish","type":"product","link":"https:\/\/wavexia.com\/?product=im-from-rice-toner-150ml","title":{"rendered":"I\u2019m From Rice Toner 150ml"},"content":{"rendered":"<h2>Description<\/h2>\n<p>Dites adieu aux impuret\u00e9s avec I\u2019m From Rice Toner! Ce toner \u00e9limine les autres bact\u00e9ries et salet\u00e9s qui ne se sont pas retir\u00e9es avec le nettoyant sans ass\u00e9cher la peau. Le toner est exempt de parfum et d\u2019huiles essentielles et est donc parfait pour les peaux sensibles !<\/p>\n<p>La formule contient de l\u2019extrait de riz, cet ingr\u00e9dient nourrissant est riche en antioxydants et contient des propri\u00e9t\u00e9s nourrissantes. Le toner au riz et \u00e0 la niacinamide prot\u00e9gera votre peau contre les radicaux libres, ce qui stimulera la croissance de nouvelles cellules cutan\u00e9es, ce qui r\u00e9duira visiblement les rides et ridules !<\/p>\n<p><strong>Ce tonique&nbsp;:<\/strong><\/p>\n<ul>\n<li>\u00e9limine l\u2019exc\u00e8s de salet\u00e9<\/li>\n<li>convient \u00e0 tous les types de peau<\/li>\n<li>extr\u00eamement adapt\u00e9 aux peaux sensibles<\/li>\n<li>\u00e9limine les cellules mortes de la peau<\/li>\n<li>donne \u00e0 votre peau un aspect brillant<\/li>\n<li>am\u00e9liore la texture de la peau<\/li>\n<li>prot\u00e8ge la barri\u00e8re cutan\u00e9e<\/li>\n<li>apaise votre peau<\/li>\n<li>contient de la niacinamide et de l\u2019extrait de riz<\/li>\n<li>sans parfum<\/li>\n<li>sans cruaut\u00e9<\/li>\n<li>v\u00e9g\u00e9talien<\/li>\n<\/ul>\n<p><strong>Comment utiliser:<\/strong><\/p>\n<ul>\n<li>Nettoyez votre peau avec un nettoyant.<\/li>\n<li>Prenez une petite quantit\u00e9 sur un coton et tamponnez doucement sur la peau jusqu\u2019\u00e0 ce que le produit soit absorb\u00e9.<\/li>\n<\/ul>\n<p><strong>Ingr\u00e9dients:<br \/><\/strong>Oryza Sativa (Rice) Extract (77.78%), Methylpropanediol, Triethylhexanoin, Hydrogenated Poly(C6-14 Olefin), Niacinamide, Pentylene Glycol,Portulaca Oleracea Extract, Oryza Sativa (Rice) Bran Extract (0.1%), Ulmus Davidiana Root Extract, Amaranthus Caudatus Seed Extract,Hydrogenated Lecithin, Water, Polyglyceryl-10 Myristate, Butylene Glycol, Adenosine, Cellulose Gum, Ethylhexylglycerin, 1,2-Hexanediol<\/p>\n<p><strong>Contenu :<\/strong>&nbsp;150 ml.<\/p>\n","protected":false},"excerpt":{"rendered":"<p>Description Dites adieu aux impuret\u00e9s avec I\u2019m From Rice Toner! Ce toner \u00e9limine les autres bact\u00e9ries et salet\u00e9s qui ne se sont pas retir\u00e9es avec le nettoyant sans ass\u00e9cher la peau. Le toner est exempt de parfum et d\u2019huiles essentielles et est donc parfait pour les peaux sensibles ! La formule contient de l\u2019extrait de [&hellip;]<\/p>\n","protected":false},"featured_media":2202,"comment_status":"open","ping_status":"closed","template":"","meta":{"content-type":"","_uag_custom_page_level_css":""},"pwb-brand":[],"product_brand":[],"product_cat":[327,381,339,334,345],"product_tag":[],"class_list":{"0":"post-3419","1":"product","2":"type-product","3":"status-publish","4":"has-post-thumbnail","6":"product_cat-hmizat","7":"product_cat-im-from","8":"product_cat-meilleures-ventes","9":"product_cat-produits-coreens","10":"product_cat-toner-pads","12":"first","13":"instock","14":"sale","15":"shipping-taxable","16":"purchasable","17":"product-type-simple"},"aioseo_notices":[],"uagb_featured_image_src":{"full":["https:\/\/wavexia.com\/wp-content\/uploads\/2025\/10\/71fRM-BoI6L.-AC_SL1500.webp",1435,1500,false],"thumbnail":["https:\/\/wavexia.com\/wp-content\/uploads\/2025\/10\/71fRM-BoI6L.-AC_SL1500-150x150.webp",150,150,true],"medium":["https:\/\/wavexia.com\/wp-content\/uploads\/2025\/10\/71fRM-BoI6L.-AC_SL1500-287x300.webp",287,300,true],"medium_large":["https:\/\/wavexia.com\/wp-content\/uploads\/2025\/10\/71fRM-BoI6L.-AC_SL1500-768x803.webp",768,803,true],"large":["https:\/\/wavexia.com\/wp-content\/uploads\/2025\/10\/71fRM-BoI6L.-AC_SL1500-980x1024.webp",980,1024,true],"1536x1536":["https:\/\/wavexia.com\/wp-content\/uploads\/2025\/10\/71fRM-BoI6L.-AC_SL1500.webp",1435,1500,false],"2048x2048":["https:\/\/wavexia.com\/wp-content\/uploads\/2025\/10\/71fRM-BoI6L.-AC_SL1500.webp",1435,1500,false],"woocommerce_archive_thumbnail":["https:\/\/wavexia.com\/wp-content\/uploads\/2025\/10\/71fRM-BoI6L.-AC_SL1500-300x314.webp",300,314,true],"woocommerce_thumbnail":["https:\/\/wavexia.com\/wp-content\/uploads\/2025\/10\/71fRM-BoI6L.-AC_SL1500-300x300.webp",300,300,true],"woocommerce_single":["https:\/\/wavexia.com\/wp-content\/uploads\/2025\/10\/71fRM-BoI6L.-AC_SL1500-600x627.webp",600,627,true],"woocommerce_gallery_thumbnail":["https:\/\/wavexia.com\/wp-content\/uploads\/2025\/10\/71fRM-BoI6L.-AC_SL1500-100x100.webp",100,100,true]},"uagb_author_info":{"display_name":"zineddine.ayoub98@gmail.com","author_link":"https:\/\/wavexia.com\/?author=0"},"uagb_comment_info":0,"uagb_excerpt":"Description Dites adieu aux impuret\u00e9s avec I\u2019m From Rice Toner! Ce toner \u00e9limine les autres bact\u00e9ries et salet\u00e9s qui ne se sont pas retir\u00e9es avec le nettoyant sans ass\u00e9cher la peau. Le toner est exempt de parfum et d\u2019huiles essentielles et est donc parfait pour les peaux sensibles ! La formule contient de l\u2019extrait de&hellip;","brands":[],"_links":{"self":[{"href":"https:\/\/wavexia.com\/index.php?rest_route=\/wp\/v2\/product\/3419","targetHints":{"allow":["GET"]}}],"collection":[{"href":"https:\/\/wavexia.com\/index.php?rest_route=\/wp\/v2\/product"}],"about":[{"href":"https:\/\/wavexia.com\/index.php?rest_route=\/wp\/v2\/types\/product"}],"replies":[{"embeddable":true,"href":"https:\/\/wavexia.com\/index.php?rest_route=%2Fwp%2Fv2%2Fcomments&post=3419"}],"wp:featuredmedia":[{"embeddable":true,"href":"https:\/\/wavexia.com\/index.php?rest_route=\/wp\/v2\/media\/2202"}],"wp:attachment":[{"href":"https:\/\/wavexia.com\/index.php?rest_route=%2Fwp%2Fv2%2Fmedia&parent=3419"}],"wp:term":[{"taxonomy":"pwb-brand","embeddable":true,"href":"https:\/\/wavexia.com\/index.php?rest_route=%2Fwp%2Fv2%2Fpwb-brand&post=3419"},{"taxonomy":"product_brand","embeddable":true,"href":"https:\/\/wavexia.com\/index.php?rest_route=%2Fwp%2Fv2%2Fproduct_brand&post=3419"},{"taxonomy":"product_cat","embeddable":true,"href":"https:\/\/wavexia.com\/index.php?rest_route=%2Fwp%2Fv2%2Fproduct_cat&post=3419"},{"taxonomy":"product_tag","embeddable":true,"href":"https:\/\/wavexia.com\/index.php?rest_route=%2Fwp%2Fv2%2Fproduct_tag&post=3419"}],"curies":[{"name":"wp","href":"https:\/\/api.w.org\/{rel}","templated":true}]}}