{"id":3417,"date":"2025-10-18T22:15:31","date_gmt":"2025-10-18T22:15:31","guid":{"rendered":"https:\/\/wavexia.com\/product\/im-from-rice-mask-30gr\/"},"modified":"2026-03-10T07:30:54","modified_gmt":"2026-03-10T07:30:54","slug":"im-from-rice-mask-30gr","status":"publish","type":"product","link":"https:\/\/wavexia.com\/?product=im-from-rice-mask-30gr","title":{"rendered":"I\u2019m From Rice Mask 30gr"},"content":{"rendered":"<h2>Description<\/h2>\n<p>Le I\u2019m From Rice Mask est un masque visage l\u00e9ger qui nettoie la peau en douceur sans la dess\u00e9cher. Le masque est formul\u00e9 avec de l\u2019avoine, de l\u2019acide hyaluronique et de l\u2019extrait d\u2019artichaut. Ces ingr\u00e9dients forment ensemble une combinaison super puissante qui prendra intens\u00e9ment soin de votre peau !<\/p>\n<p>La formule contient \u00e9galement de l\u2019extrait de riz, un ingr\u00e9dient qui va hydrater intens\u00e9ment la peau. En m\u00eame temps, le gommage naturel \u00e9liminera toutes vos impuret\u00e9s. Cela rendra les taches brunes et les ridules visiblement moins visibles. Le r\u00e9sultat? Une peau lisse et \u00e9clatante !<\/p>\n<p>Le masque convient \u00e0 tous les types de peau.<\/p>\n<p><strong>Ce masque :<\/strong><\/p>\n<ul>\n<li>nettoie la peau en douceur<\/li>\n<li>ne dess\u00e8che pas la peau<\/li>\n<li>contient de l\u2019extrait de riz, de l\u2019avoine et de l\u2019acide hyaluronique<\/li>\n<li>hydrate, \u00e9claircit et \u00e9limine les impuret\u00e9s<\/li>\n<li>favorise le processus de renouvellement cellulaire<\/li>\n<li>att\u00e9nue les ridules et les taches brunes<\/li>\n<li>assure un teint uniforme et \u00e9clatant<\/li>\n<li>convient \u00e0 tous les types de peau<\/li>\n<li>sans cruaut\u00e9<\/li>\n<li>v\u00e9g\u00e9talien<\/li>\n<\/ul>\n","protected":false},"excerpt":{"rendered":"<p>Description Le I\u2019m From Rice Mask est un masque visage l\u00e9ger qui nettoie la peau en douceur sans la dess\u00e9cher. Le masque est formul\u00e9 avec de l\u2019avoine, de l\u2019acide hyaluronique et de l\u2019extrait d\u2019artichaut. Ces ingr\u00e9dients forment ensemble une combinaison super puissante qui prendra intens\u00e9ment soin de votre peau ! La formule contient \u00e9galement de [&hellip;]<\/p>\n","protected":false},"featured_media":3416,"comment_status":"open","ping_status":"closed","template":"","meta":{"content-type":"","_uag_custom_page_level_css":""},"pwb-brand":[],"product_brand":[],"product_cat":[327,381,343,334],"product_tag":[],"class_list":{"0":"post-3417","1":"product","2":"type-product","3":"status-publish","4":"has-post-thumbnail","6":"product_cat-hmizat","7":"product_cat-im-from","8":"product_cat-masque","9":"product_cat-produits-coreens","11":"first","12":"instock","13":"sale","14":"shipping-taxable","15":"purchasable","16":"product-type-simple"},"aioseo_notices":[],"uagb_featured_image_src":{"full":["https:\/\/wavexia.com\/wp-content\/uploads\/2025\/10\/Product-page-sizes2_0f00f98e-82d8-48ea-ae74-763a6a39b311.webp",800,800,false],"thumbnail":["https:\/\/wavexia.com\/wp-content\/uploads\/2025\/10\/Product-page-sizes2_0f00f98e-82d8-48ea-ae74-763a6a39b311-150x150.webp",150,150,true],"medium":["https:\/\/wavexia.com\/wp-content\/uploads\/2025\/10\/Product-page-sizes2_0f00f98e-82d8-48ea-ae74-763a6a39b311-300x300.webp",300,300,true],"medium_large":["https:\/\/wavexia.com\/wp-content\/uploads\/2025\/10\/Product-page-sizes2_0f00f98e-82d8-48ea-ae74-763a6a39b311-768x768.webp",768,768,true],"large":["https:\/\/wavexia.com\/wp-content\/uploads\/2025\/10\/Product-page-sizes2_0f00f98e-82d8-48ea-ae74-763a6a39b311.webp",800,800,false],"1536x1536":["https:\/\/wavexia.com\/wp-content\/uploads\/2025\/10\/Product-page-sizes2_0f00f98e-82d8-48ea-ae74-763a6a39b311.webp",800,800,false],"2048x2048":["https:\/\/wavexia.com\/wp-content\/uploads\/2025\/10\/Product-page-sizes2_0f00f98e-82d8-48ea-ae74-763a6a39b311.webp",800,800,false],"woocommerce_archive_thumbnail":["https:\/\/wavexia.com\/wp-content\/uploads\/2025\/10\/Product-page-sizes2_0f00f98e-82d8-48ea-ae74-763a6a39b311-300x300.webp",300,300,true],"woocommerce_thumbnail":["https:\/\/wavexia.com\/wp-content\/uploads\/2025\/10\/Product-page-sizes2_0f00f98e-82d8-48ea-ae74-763a6a39b311-300x300.webp",300,300,true],"woocommerce_single":["https:\/\/wavexia.com\/wp-content\/uploads\/2025\/10\/Product-page-sizes2_0f00f98e-82d8-48ea-ae74-763a6a39b311-600x600.webp",600,600,true],"woocommerce_gallery_thumbnail":["https:\/\/wavexia.com\/wp-content\/uploads\/2025\/10\/Product-page-sizes2_0f00f98e-82d8-48ea-ae74-763a6a39b311-100x100.webp",100,100,true]},"uagb_author_info":{"display_name":"zineddine.ayoub98@gmail.com","author_link":"https:\/\/wavexia.com\/?author=0"},"uagb_comment_info":0,"uagb_excerpt":"Description Le I\u2019m From Rice Mask est un masque visage l\u00e9ger qui nettoie la peau en douceur sans la dess\u00e9cher. Le masque est formul\u00e9 avec de l\u2019avoine, de l\u2019acide hyaluronique et de l\u2019extrait d\u2019artichaut. Ces ingr\u00e9dients forment ensemble une combinaison super puissante qui prendra intens\u00e9ment soin de votre peau ! La formule contient \u00e9galement de&hellip;","brands":[],"_links":{"self":[{"href":"https:\/\/wavexia.com\/index.php?rest_route=\/wp\/v2\/product\/3417","targetHints":{"allow":["GET"]}}],"collection":[{"href":"https:\/\/wavexia.com\/index.php?rest_route=\/wp\/v2\/product"}],"about":[{"href":"https:\/\/wavexia.com\/index.php?rest_route=\/wp\/v2\/types\/product"}],"replies":[{"embeddable":true,"href":"https:\/\/wavexia.com\/index.php?rest_route=%2Fwp%2Fv2%2Fcomments&post=3417"}],"wp:featuredmedia":[{"embeddable":true,"href":"https:\/\/wavexia.com\/index.php?rest_route=\/wp\/v2\/media\/3416"}],"wp:attachment":[{"href":"https:\/\/wavexia.com\/index.php?rest_route=%2Fwp%2Fv2%2Fmedia&parent=3417"}],"wp:term":[{"taxonomy":"pwb-brand","embeddable":true,"href":"https:\/\/wavexia.com\/index.php?rest_route=%2Fwp%2Fv2%2Fpwb-brand&post=3417"},{"taxonomy":"product_brand","embeddable":true,"href":"https:\/\/wavexia.com\/index.php?rest_route=%2Fwp%2Fv2%2Fproduct_brand&post=3417"},{"taxonomy":"product_cat","embeddable":true,"href":"https:\/\/wavexia.com\/index.php?rest_route=%2Fwp%2Fv2%2Fproduct_cat&post=3417"},{"taxonomy":"product_tag","embeddable":true,"href":"https:\/\/wavexia.com\/index.php?rest_route=%2Fwp%2Fv2%2Fproduct_tag&post=3417"}],"curies":[{"name":"wp","href":"https:\/\/api.w.org\/{rel}","templated":true}]}}