{"id":3413,"date":"2025-10-18T22:15:28","date_gmt":"2025-10-18T22:15:28","guid":{"rendered":"https:\/\/wavexia.com\/product\/im-from-rice-serum-30ml\/"},"modified":"2026-03-10T07:30:54","modified_gmt":"2026-03-10T07:30:54","slug":"im-from-rice-serum-30ml","status":"publish","type":"product","link":"https:\/\/wavexia.com\/?product=im-from-rice-serum-30ml","title":{"rendered":"I\u2019M FROM Rice Serum 30ml"},"content":{"rendered":"<h2>Description<\/h2>\n<p>Le I\u2019m From Rice Serum est un s\u00e9rum hydratant \u00e0 ne pas manquer dans votre routine de soin ! Ce s\u00e9rum a diverses propri\u00e9t\u00e9s favorisant la peau telles que la protection, l\u2019adoucissement, l\u2019apaisement et l\u2019hydratation de la peau.<\/p>\n<p>Le s\u00e9rum est enrichi \u00e0 73% d\u2019extrait de riz ferment\u00e9, qui procure des effets apaisants et \u00e9claircissants. De plus, cet extrait contient \u00e9galement de l\u2019acide linol\u00e9nique, qui nourrit intens\u00e9ment et renforce la barri\u00e8re cutan\u00e9e.<\/p>\n<p>De plus, la formule se compose de Niacinamide. Cet ingr\u00e9dient r\u00e9duit l\u2019apparence du vieillissement cutan\u00e9 comme les ridules et les rides, mais en m\u00eame temps stimule \u00e9galement la production de c\u00e9ramides. De plus, l\u2019ajout d\u2019allanto\u00efne et de mad\u00e9cassoside procure un effet calmant et r\u00e9parateur. Le r\u00e9sultat? Une peau douce et prot\u00e9g\u00e9e !<\/p>\n<p><strong>Ce s\u00e9rum :<\/strong><\/p>\n<ul>\n<li>s\u00e9rum hydratant<\/li>\n<li>avec 73% d\u2019extrait de riz ferment\u00e9<\/li>\n<li>contient de la niacinamide, de l\u2019allanto\u00efne et du mad\u00e9cassoside<\/li>\n<li>effets calmants et clarifiants<\/li>\n<li>nourrit et renforce la barri\u00e8re cutan\u00e9e<\/li>\n<li>r\u00e9duit l\u2019apparence du vieillissement cutan\u00e9<\/li>\n<li>stimule la production de c\u00e9ramides<\/li>\n<li>restaure la peau<\/li>\n<li>assure une peau douce et prot\u00e9g\u00e9e<\/li>\n<li>v\u00e9g\u00e9talien<\/li>\n<li>sans cruaut\u00e9<\/li>\n<\/ul>\n<p><strong>Comment utiliser:<\/strong><\/p>\n<ul>\n<li>Nettoyez votre peau au pr\u00e9alable.<\/li>\n<li>Appliquez 2 \u00e0 3 gouttes de s\u00e9rum sur le bout des doigts.<\/li>\n<li>Massez le s\u00e9rum sur votre peau jusqu\u2019\u00e0 ce que tout soit absorb\u00e9. Massez l\u2019exc\u00e8s de s\u00e9rum dans votre cou.<\/li>\n<li>Faites un suivi avec votre cr\u00e8me hydratante et votre SPF par la suite.<\/li>\n<li>Utilisez matin et soir pour de meilleurs r\u00e9sultats.<\/li>\n<\/ul>\n<p><strong>Ingr\u00e9dients:<\/strong><br \/>Aqua, Propanediol, Glycerin, Methylpropanediol, Cyclopentasiloxane, 1,2-Hexanediol, Caprylyl Methicone, Niacinamide, Cyclohexasiloxane, Betaine, Squalane, Aspergillus\/\u200brice Germ Ferment Extract Filtrate, Adenosine, Allantoin,\u200balpha-glucan Oligosaccharide, Ammonium Acryloyldimethyltaurate\/\u200b vp Copolymer, C12-14 Pareth-12, C30-45 Alkyl Cetearyl Dimethicone Crosspolymer, Dipotassium Glycyrrhizate, Disodium Edta, Ethylhexylglycerin, Glutathione, Hydrolyzed Hyaluronic Acid, Hydroxypropyl Cyclodextrin, Madecassoside, Panthenol, Pentylene Glycol, Portulaca Oleracea Extract, Pyruvic Acid, Sodium Hyaluronate, Tocopherol, Xanthan Gum.<\/p>\n<p><strong>Contenu :<\/strong>&nbsp;30 ml.<\/p>\n","protected":false},"excerpt":{"rendered":"<p>Description Le I\u2019m From Rice Serum est un s\u00e9rum hydratant \u00e0 ne pas manquer dans votre routine de soin ! Ce s\u00e9rum a diverses propri\u00e9t\u00e9s favorisant la peau telles que la protection, l\u2019adoucissement, l\u2019apaisement et l\u2019hydratation de la peau. Le s\u00e9rum est enrichi \u00e0 73% d\u2019extrait de riz ferment\u00e9, qui procure des effets apaisants et [&hellip;]<\/p>\n","protected":false},"featured_media":3412,"comment_status":"open","ping_status":"closed","template":"","meta":{"content-type":"","_uag_custom_page_level_css":""},"pwb-brand":[],"product_brand":[],"product_cat":[327,381,339,334,338],"product_tag":[],"class_list":{"0":"post-3413","1":"product","2":"type-product","3":"status-publish","4":"has-post-thumbnail","6":"product_cat-hmizat","7":"product_cat-im-from","8":"product_cat-meilleures-ventes","9":"product_cat-produits-coreens","10":"product_cat-serum-ampoule","12":"first","13":"instock","14":"sale","15":"shipping-taxable","16":"purchasable","17":"product-type-simple"},"aioseo_notices":[],"uagb_featured_image_src":{"full":["https:\/\/wavexia.com\/wp-content\/uploads\/2025\/10\/Product-page-sizes_1c54df81-7d47-4d7b-9eb1-9a36faff1e33.webp",800,800,false],"thumbnail":["https:\/\/wavexia.com\/wp-content\/uploads\/2025\/10\/Product-page-sizes_1c54df81-7d47-4d7b-9eb1-9a36faff1e33-150x150.webp",150,150,true],"medium":["https:\/\/wavexia.com\/wp-content\/uploads\/2025\/10\/Product-page-sizes_1c54df81-7d47-4d7b-9eb1-9a36faff1e33-300x300.webp",300,300,true],"medium_large":["https:\/\/wavexia.com\/wp-content\/uploads\/2025\/10\/Product-page-sizes_1c54df81-7d47-4d7b-9eb1-9a36faff1e33-768x768.webp",768,768,true],"large":["https:\/\/wavexia.com\/wp-content\/uploads\/2025\/10\/Product-page-sizes_1c54df81-7d47-4d7b-9eb1-9a36faff1e33.webp",800,800,false],"1536x1536":["https:\/\/wavexia.com\/wp-content\/uploads\/2025\/10\/Product-page-sizes_1c54df81-7d47-4d7b-9eb1-9a36faff1e33.webp",800,800,false],"2048x2048":["https:\/\/wavexia.com\/wp-content\/uploads\/2025\/10\/Product-page-sizes_1c54df81-7d47-4d7b-9eb1-9a36faff1e33.webp",800,800,false],"woocommerce_archive_thumbnail":["https:\/\/wavexia.com\/wp-content\/uploads\/2025\/10\/Product-page-sizes_1c54df81-7d47-4d7b-9eb1-9a36faff1e33-300x300.webp",300,300,true],"woocommerce_thumbnail":["https:\/\/wavexia.com\/wp-content\/uploads\/2025\/10\/Product-page-sizes_1c54df81-7d47-4d7b-9eb1-9a36faff1e33-300x300.webp",300,300,true],"woocommerce_single":["https:\/\/wavexia.com\/wp-content\/uploads\/2025\/10\/Product-page-sizes_1c54df81-7d47-4d7b-9eb1-9a36faff1e33-600x600.webp",600,600,true],"woocommerce_gallery_thumbnail":["https:\/\/wavexia.com\/wp-content\/uploads\/2025\/10\/Product-page-sizes_1c54df81-7d47-4d7b-9eb1-9a36faff1e33-100x100.webp",100,100,true]},"uagb_author_info":{"display_name":"zineddine.ayoub98@gmail.com","author_link":"https:\/\/wavexia.com\/?author=0"},"uagb_comment_info":0,"uagb_excerpt":"Description Le I\u2019m From Rice Serum est un s\u00e9rum hydratant \u00e0 ne pas manquer dans votre routine de soin ! Ce s\u00e9rum a diverses propri\u00e9t\u00e9s favorisant la peau telles que la protection, l\u2019adoucissement, l\u2019apaisement et l\u2019hydratation de la peau. Le s\u00e9rum est enrichi \u00e0 73% d\u2019extrait de riz ferment\u00e9, qui procure des effets apaisants et&hellip;","brands":[],"_links":{"self":[{"href":"https:\/\/wavexia.com\/index.php?rest_route=\/wp\/v2\/product\/3413","targetHints":{"allow":["GET"]}}],"collection":[{"href":"https:\/\/wavexia.com\/index.php?rest_route=\/wp\/v2\/product"}],"about":[{"href":"https:\/\/wavexia.com\/index.php?rest_route=\/wp\/v2\/types\/product"}],"replies":[{"embeddable":true,"href":"https:\/\/wavexia.com\/index.php?rest_route=%2Fwp%2Fv2%2Fcomments&post=3413"}],"wp:featuredmedia":[{"embeddable":true,"href":"https:\/\/wavexia.com\/index.php?rest_route=\/wp\/v2\/media\/3412"}],"wp:attachment":[{"href":"https:\/\/wavexia.com\/index.php?rest_route=%2Fwp%2Fv2%2Fmedia&parent=3413"}],"wp:term":[{"taxonomy":"pwb-brand","embeddable":true,"href":"https:\/\/wavexia.com\/index.php?rest_route=%2Fwp%2Fv2%2Fpwb-brand&post=3413"},{"taxonomy":"product_brand","embeddable":true,"href":"https:\/\/wavexia.com\/index.php?rest_route=%2Fwp%2Fv2%2Fproduct_brand&post=3413"},{"taxonomy":"product_cat","embeddable":true,"href":"https:\/\/wavexia.com\/index.php?rest_route=%2Fwp%2Fv2%2Fproduct_cat&post=3413"},{"taxonomy":"product_tag","embeddable":true,"href":"https:\/\/wavexia.com\/index.php?rest_route=%2Fwp%2Fv2%2Fproduct_tag&post=3413"}],"curies":[{"name":"wp","href":"https:\/\/api.w.org\/{rel}","templated":true}]}}