{"id":3410,"date":"2025-10-18T22:15:27","date_gmt":"2025-10-18T22:15:27","guid":{"rendered":"https:\/\/wavexia.com\/product\/im-from-ginseng-serum-30ml\/"},"modified":"2026-03-10T07:30:54","modified_gmt":"2026-03-10T07:30:54","slug":"im-from-ginseng-serum-30ml","status":"publish","type":"product","link":"https:\/\/wavexia.com\/?product=im-from-ginseng-serum-30ml","title":{"rendered":"I\u2019M FROM Ginseng Serum 30ml"},"content":{"rendered":"<h2>Description<\/h2>\n<p>Le I\u2019m From Ginseng Serum est un s\u00e9rum illuminateur et hydratant qui peut \u00eatre parfaitement utilis\u00e9 pour les peaux s\u00e8ches et ternes. Votre peau est \u00e0 nouveau douce et soyeuse et gr\u00e2ce au ginseng efficace de ce s\u00e9rum, les ridules et les premi\u00e8res rides appartiennent au pass\u00e9.<\/p>\n<p>Optez pour une peau \u00e9clatante, claire et fra\u00eeche avec ce s\u00e9rum!<\/p>\n<p><strong>Ce s\u00e9rum:<\/strong><\/p>\n<ul>\n<li>convient aux peaux s\u00e8ches et ternes<\/li>\n<li>hydrate et prend soin de votre peau<\/li>\n<li>laisse votre peau douce et soyeuse<\/li>\n<li>r\u00e9duit les ridules et les rides<\/li>\n<li>pour une peau \u00e9clatante et claire<\/li>\n<li>K-Beaut\u00e9<\/li>\n<li>sans cruaut\u00e9<\/li>\n<\/ul>\n<p><strong>Comment utiliser:<\/strong><\/p>\n<ul>\n<li>Appliquez le s\u00e9rum sur une peau propre et s\u00e8che.<\/li>\n<li>Prenez 2 gouttes de s\u00e9rum sur le bout de vos doigts et massez-le dans votre peau jusqu\u2019\u00e0 ce que tout soit absorb\u00e9.<\/li>\n<\/ul>\n<p><strong>Ingr\u00e9dients:<\/strong><br \/>Water, Butylene Glycol, Glycerin, 1,2-Hexanediol, Betaine, Camellia Sinensis Leaf Extract, Panax Ginseng Root Extract, Bis-PEG-18 Methyl Ether Dimethyl Silane, Cyclopentasiloxane, Acrylates \/ C10-30 Alkyl Acrylate Crosspolymer, Tromethamine, Hydrolyzed Glycosaminoglycans , Oimethiconol, Ethoxydiglycol, Panax Ginseng Seed Oil, Hydroxyethylcellulose, Ethyl Hexanediol, Glyceryl Polyacrylate, Adenosine, Disodium EDTA, PEG-60 Hydrogenated Castor Oil, Hyaluronic Acid, Ethylhexylglycerin, Glycyrrhiza Uralensis Root Extract, Albodora Uralensis Extract Bark Extract, Rheum Palmatum Root Extract, Angelica Pubescens Root Extract, Angelica Gigas Root Extract, Schizonepeta Tenuifolia Extract<\/p>\n<p><strong>Contenu:<\/strong>&nbsp;30 ml.<\/p>\n","protected":false},"excerpt":{"rendered":"<p>Description Le I\u2019m From Ginseng Serum est un s\u00e9rum illuminateur et hydratant qui peut \u00eatre parfaitement utilis\u00e9 pour les peaux s\u00e8ches et ternes. Votre peau est \u00e0 nouveau douce et soyeuse et gr\u00e2ce au ginseng efficace de ce s\u00e9rum, les ridules et les premi\u00e8res rides appartiennent au pass\u00e9. Optez pour une peau \u00e9clatante, claire et [&hellip;]<\/p>\n","protected":false},"featured_media":3409,"comment_status":"open","ping_status":"closed","template":"","meta":{"content-type":"","_uag_custom_page_level_css":""},"pwb-brand":[],"product_brand":[],"product_cat":[381,334,338],"product_tag":[],"class_list":{"0":"post-3410","1":"product","2":"type-product","3":"status-publish","4":"has-post-thumbnail","6":"product_cat-im-from","7":"product_cat-produits-coreens","8":"product_cat-serum-ampoule","10":"first","11":"instock","12":"sale","13":"shipping-taxable","14":"purchasable","15":"product-type-simple"},"aioseo_notices":[],"uagb_featured_image_src":{"full":["https:\/\/wavexia.com\/wp-content\/uploads\/2025\/10\/Product-page-sizes_062d4257-6557-4b95-96ef-dd568ab0dbd0.webp",800,800,false],"thumbnail":["https:\/\/wavexia.com\/wp-content\/uploads\/2025\/10\/Product-page-sizes_062d4257-6557-4b95-96ef-dd568ab0dbd0-150x150.webp",150,150,true],"medium":["https:\/\/wavexia.com\/wp-content\/uploads\/2025\/10\/Product-page-sizes_062d4257-6557-4b95-96ef-dd568ab0dbd0-300x300.webp",300,300,true],"medium_large":["https:\/\/wavexia.com\/wp-content\/uploads\/2025\/10\/Product-page-sizes_062d4257-6557-4b95-96ef-dd568ab0dbd0-768x768.webp",768,768,true],"large":["https:\/\/wavexia.com\/wp-content\/uploads\/2025\/10\/Product-page-sizes_062d4257-6557-4b95-96ef-dd568ab0dbd0.webp",800,800,false],"1536x1536":["https:\/\/wavexia.com\/wp-content\/uploads\/2025\/10\/Product-page-sizes_062d4257-6557-4b95-96ef-dd568ab0dbd0.webp",800,800,false],"2048x2048":["https:\/\/wavexia.com\/wp-content\/uploads\/2025\/10\/Product-page-sizes_062d4257-6557-4b95-96ef-dd568ab0dbd0.webp",800,800,false],"woocommerce_archive_thumbnail":["https:\/\/wavexia.com\/wp-content\/uploads\/2025\/10\/Product-page-sizes_062d4257-6557-4b95-96ef-dd568ab0dbd0-300x300.webp",300,300,true],"woocommerce_thumbnail":["https:\/\/wavexia.com\/wp-content\/uploads\/2025\/10\/Product-page-sizes_062d4257-6557-4b95-96ef-dd568ab0dbd0-300x300.webp",300,300,true],"woocommerce_single":["https:\/\/wavexia.com\/wp-content\/uploads\/2025\/10\/Product-page-sizes_062d4257-6557-4b95-96ef-dd568ab0dbd0-600x600.webp",600,600,true],"woocommerce_gallery_thumbnail":["https:\/\/wavexia.com\/wp-content\/uploads\/2025\/10\/Product-page-sizes_062d4257-6557-4b95-96ef-dd568ab0dbd0-100x100.webp",100,100,true]},"uagb_author_info":{"display_name":"zineddine.ayoub98@gmail.com","author_link":"https:\/\/wavexia.com\/?author=0"},"uagb_comment_info":0,"uagb_excerpt":"Description Le I\u2019m From Ginseng Serum est un s\u00e9rum illuminateur et hydratant qui peut \u00eatre parfaitement utilis\u00e9 pour les peaux s\u00e8ches et ternes. Votre peau est \u00e0 nouveau douce et soyeuse et gr\u00e2ce au ginseng efficace de ce s\u00e9rum, les ridules et les premi\u00e8res rides appartiennent au pass\u00e9. Optez pour une peau \u00e9clatante, claire et&hellip;","brands":[],"_links":{"self":[{"href":"https:\/\/wavexia.com\/index.php?rest_route=\/wp\/v2\/product\/3410","targetHints":{"allow":["GET"]}}],"collection":[{"href":"https:\/\/wavexia.com\/index.php?rest_route=\/wp\/v2\/product"}],"about":[{"href":"https:\/\/wavexia.com\/index.php?rest_route=\/wp\/v2\/types\/product"}],"replies":[{"embeddable":true,"href":"https:\/\/wavexia.com\/index.php?rest_route=%2Fwp%2Fv2%2Fcomments&post=3410"}],"wp:featuredmedia":[{"embeddable":true,"href":"https:\/\/wavexia.com\/index.php?rest_route=\/wp\/v2\/media\/3409"}],"wp:attachment":[{"href":"https:\/\/wavexia.com\/index.php?rest_route=%2Fwp%2Fv2%2Fmedia&parent=3410"}],"wp:term":[{"taxonomy":"pwb-brand","embeddable":true,"href":"https:\/\/wavexia.com\/index.php?rest_route=%2Fwp%2Fv2%2Fpwb-brand&post=3410"},{"taxonomy":"product_brand","embeddable":true,"href":"https:\/\/wavexia.com\/index.php?rest_route=%2Fwp%2Fv2%2Fproduct_brand&post=3410"},{"taxonomy":"product_cat","embeddable":true,"href":"https:\/\/wavexia.com\/index.php?rest_route=%2Fwp%2Fv2%2Fproduct_cat&post=3410"},{"taxonomy":"product_tag","embeddable":true,"href":"https:\/\/wavexia.com\/index.php?rest_route=%2Fwp%2Fv2%2Fproduct_tag&post=3410"}],"curies":[{"name":"wp","href":"https:\/\/api.w.org\/{rel}","templated":true}]}}