{"id":3406,"date":"2025-10-18T22:15:24","date_gmt":"2025-10-18T22:15:24","guid":{"rendered":"https:\/\/wavexia.com\/product\/haruharu-wonder-black-rice-bakuchiol-eye-cream-20ml\/"},"modified":"2026-03-10T07:30:54","modified_gmt":"2026-03-10T07:30:54","slug":"haruharu-wonder-black-rice-bakuchiol-eye-cream-20ml","status":"publish","type":"product","link":"https:\/\/wavexia.com\/?product=haruharu-wonder-black-rice-bakuchiol-eye-cream-20ml","title":{"rendered":"Haruharu Wonder Black Rice Bakuchiol Eye Cream 20ml"},"content":{"rendered":"<h2>Description<\/h2>\n<p>La Haruharu Wonder Black Rice Bakuchiol Eye Cream fait briller vos yeux. Cette cr\u00e8me douce pour les yeux utilise le pouvoir du bakuchiol et du riz noir cor\u00e9en pour r\u00e9duire les rides et ridules tout en hydratant votre peau en profondeur.<\/p>\n<p>Gr\u00e2ce \u00e0 des ingr\u00e9dients tels que les pousses de bambou, le ginseng et la niacinamide, cette cr\u00e8me contour des yeux apporte \u00e9galement un soin antioxydant et une am\u00e9lioration des cernes. La texture l\u00e9g\u00e8re p\u00e9n\u00e8tre rapidement sans sensation collante.<\/p>\n<p>Le secret? Ultra-Deep Technology\u2122 pour d\u00e9livrer les ingr\u00e9dients actifs en profondeur dans votre peau. Pr\u00eat \u00e0 faire briller votre look ? Essayez d\u00e8s maintenant la cr\u00e8me pour les yeux Haruharu Wonder Black Rice Bakuchiol&nbsp;!<\/p>\n<p><strong>Cette cr\u00e8me pour les yeux :<\/strong><\/p>\n<ul>\n<li>cr\u00e8me contour des yeux rafra\u00eechissante<\/li>\n<li>enrichi en bakuchiol, noir de Cor\u00e9e, pousses de bambou de riz, ginseng et niacinamide<\/li>\n<li>r\u00e9duit les ridules et les cernes<\/li>\n<li>hydrate<\/li>\n<li>d\u00e9livre les ingr\u00e9dients en profondeur dans la peau<\/li>\n<li>pour un nouveau regard<\/li>\n<li>sans cruaut\u00e9<\/li>\n<li>sans parfum<\/li>\n<li>v\u00e9g\u00e9talien<\/li>\n<\/ul>\n<p><strong>Comment utiliser:<\/strong><\/p>\n<ul>\n<li>Appliquez la quantit\u00e9 souhait\u00e9e de cr\u00e8me pour les yeux autour de vos yeux matin et soir.<\/li>\n<li>Ensuite, tapotez doucement la cr\u00e8me pour les yeux sur la peau jusqu\u2019\u00e0 ce qu\u2019elle soit compl\u00e8tement absorb\u00e9e.<\/li>\n<\/ul>\n<p><strong>Ingr\u00e9dients:<\/strong><br \/>Water, Glycerin, Helianthus Annuus (Sunflower) Seed Oil, Caprylic\/\u200bcapric Triglyceride, Niacinamide, 1,2-hexanediol, Cetyl Alcohol, Cetearyl Alcohol, C14-22 Alcohols, Bakuchiol, Stearyl Alcohol, Carbomer, Cetearyl Glucoside, Tromethamine, Butylene Glycol, Oryza Sativa (Rice) Extract, Cetyl Palmitate, C12-20 Alkyl Glucoside, Sodium Acrylate\/\u200bsodium Acryloyldimethyl Taurate Copolymer, Sorbitan Palmitate, Sorbitan Olivate, Polyisobutene, Myristyl Alcohol, Phyllostachys Pubescens Shoot Bark Extract, Zanthoxylum Piperitum Fruit Extract, Usnea Barbata (Lichen) Extract, Pulsatilla Koreana Extract, Aspergillus Ferment, Ethylhexylglycerin, Panax Ginseng Root Extract, Cyclodextrin, Adenosine, Lauryl Alcohol, Sodium Hyaluronate, Disodium Edta, Caprylyl\/\u200bcapryl Glucoside, Sorbitan Oleate, Glucose, Wheat Amino Acids, Natto Gum, Pentylene Glycol, Madecassoside.<\/p>\n<p><strong>Contenu :<\/strong>&nbsp;20 ml.<\/p>\n","protected":false},"excerpt":{"rendered":"<p>Description La Haruharu Wonder Black Rice Bakuchiol Eye Cream fait briller vos yeux. Cette cr\u00e8me douce pour les yeux utilise le pouvoir du bakuchiol et du riz noir cor\u00e9en pour r\u00e9duire les rides et ridules tout en hydratant votre peau en profondeur. Gr\u00e2ce \u00e0 des ingr\u00e9dients tels que les pousses de bambou, le ginseng et [&hellip;]<\/p>\n","protected":false},"featured_media":3405,"comment_status":"open","ping_status":"closed","template":"","meta":{"content-type":"","_uag_custom_page_level_css":""},"pwb-brand":[],"product_brand":[],"product_cat":[352,372,327,334],"product_tag":[],"class_list":{"0":"post-3406","1":"product","2":"type-product","3":"status-publish","4":"has-post-thumbnail","6":"product_cat-contour-des-yeux","7":"product_cat-haruharu-wonder","8":"product_cat-hmizat","9":"product_cat-produits-coreens","11":"first","12":"instock","13":"sale","14":"shipping-taxable","15":"purchasable","16":"product-type-simple"},"aioseo_notices":[],"uagb_featured_image_src":{"full":["https:\/\/wavexia.com\/wp-content\/uploads\/2025\/10\/Product-page-sizes_90d13389-33df-4616-b6ab-62eac210f548.webp",800,800,false],"thumbnail":["https:\/\/wavexia.com\/wp-content\/uploads\/2025\/10\/Product-page-sizes_90d13389-33df-4616-b6ab-62eac210f548-150x150.webp",150,150,true],"medium":["https:\/\/wavexia.com\/wp-content\/uploads\/2025\/10\/Product-page-sizes_90d13389-33df-4616-b6ab-62eac210f548-300x300.webp",300,300,true],"medium_large":["https:\/\/wavexia.com\/wp-content\/uploads\/2025\/10\/Product-page-sizes_90d13389-33df-4616-b6ab-62eac210f548-768x768.webp",768,768,true],"large":["https:\/\/wavexia.com\/wp-content\/uploads\/2025\/10\/Product-page-sizes_90d13389-33df-4616-b6ab-62eac210f548.webp",800,800,false],"1536x1536":["https:\/\/wavexia.com\/wp-content\/uploads\/2025\/10\/Product-page-sizes_90d13389-33df-4616-b6ab-62eac210f548.webp",800,800,false],"2048x2048":["https:\/\/wavexia.com\/wp-content\/uploads\/2025\/10\/Product-page-sizes_90d13389-33df-4616-b6ab-62eac210f548.webp",800,800,false],"woocommerce_archive_thumbnail":["https:\/\/wavexia.com\/wp-content\/uploads\/2025\/10\/Product-page-sizes_90d13389-33df-4616-b6ab-62eac210f548-300x300.webp",300,300,true],"woocommerce_thumbnail":["https:\/\/wavexia.com\/wp-content\/uploads\/2025\/10\/Product-page-sizes_90d13389-33df-4616-b6ab-62eac210f548-300x300.webp",300,300,true],"woocommerce_single":["https:\/\/wavexia.com\/wp-content\/uploads\/2025\/10\/Product-page-sizes_90d13389-33df-4616-b6ab-62eac210f548-600x600.webp",600,600,true],"woocommerce_gallery_thumbnail":["https:\/\/wavexia.com\/wp-content\/uploads\/2025\/10\/Product-page-sizes_90d13389-33df-4616-b6ab-62eac210f548-100x100.webp",100,100,true]},"uagb_author_info":{"display_name":"zineddine.ayoub98@gmail.com","author_link":"https:\/\/wavexia.com\/?author=0"},"uagb_comment_info":0,"uagb_excerpt":"Description La Haruharu Wonder Black Rice Bakuchiol Eye Cream fait briller vos yeux. Cette cr\u00e8me douce pour les yeux utilise le pouvoir du bakuchiol et du riz noir cor\u00e9en pour r\u00e9duire les rides et ridules tout en hydratant votre peau en profondeur. Gr\u00e2ce \u00e0 des ingr\u00e9dients tels que les pousses de bambou, le ginseng et&hellip;","brands":[],"_links":{"self":[{"href":"https:\/\/wavexia.com\/index.php?rest_route=\/wp\/v2\/product\/3406","targetHints":{"allow":["GET"]}}],"collection":[{"href":"https:\/\/wavexia.com\/index.php?rest_route=\/wp\/v2\/product"}],"about":[{"href":"https:\/\/wavexia.com\/index.php?rest_route=\/wp\/v2\/types\/product"}],"replies":[{"embeddable":true,"href":"https:\/\/wavexia.com\/index.php?rest_route=%2Fwp%2Fv2%2Fcomments&post=3406"}],"wp:featuredmedia":[{"embeddable":true,"href":"https:\/\/wavexia.com\/index.php?rest_route=\/wp\/v2\/media\/3405"}],"wp:attachment":[{"href":"https:\/\/wavexia.com\/index.php?rest_route=%2Fwp%2Fv2%2Fmedia&parent=3406"}],"wp:term":[{"taxonomy":"pwb-brand","embeddable":true,"href":"https:\/\/wavexia.com\/index.php?rest_route=%2Fwp%2Fv2%2Fpwb-brand&post=3406"},{"taxonomy":"product_brand","embeddable":true,"href":"https:\/\/wavexia.com\/index.php?rest_route=%2Fwp%2Fv2%2Fproduct_brand&post=3406"},{"taxonomy":"product_cat","embeddable":true,"href":"https:\/\/wavexia.com\/index.php?rest_route=%2Fwp%2Fv2%2Fproduct_cat&post=3406"},{"taxonomy":"product_tag","embeddable":true,"href":"https:\/\/wavexia.com\/index.php?rest_route=%2Fwp%2Fv2%2Fproduct_tag&post=3406"}],"curies":[{"name":"wp","href":"https:\/\/api.w.org\/{rel}","templated":true}]}}