{"id":3399,"date":"2025-10-18T22:15:20","date_gmt":"2025-10-18T22:15:20","guid":{"rendered":"https:\/\/wavexia.com\/product\/creme-eclaircissante-snow-white-cream-50gr\/"},"modified":"2026-03-10T07:30:54","modified_gmt":"2026-03-10T07:30:54","slug":"creme-eclaircissante-snow-white-cream-50gr","status":"publish","type":"product","link":"https:\/\/wavexia.com\/?product=creme-eclaircissante-snow-white-cream-50gr","title":{"rendered":"Cr\u00e8me \u00e9claircissante Snow White Cream 50gr"},"content":{"rendered":"<h2>Description<\/h2>\n<ol>\n<li>Offre un teint sain aux peaux ternes ou sans maquillage pour un look lumineux et \u00e9clatant. S\u2019applique l\u00e9g\u00e8rement sur la peau sans sensation grasse ou collante, pour une peau douce et brillante. L\u2019agent blanchissant, la niacinamide, supprime la formation de m\u00e9lanine pour un teint magnifique. Une hydratation douce est d\u00e9livr\u00e9e en profondeur dans la peau pour une peau \u00e9nergique et r\u00e9siliente.<\/li>\n<\/ol>\n<p>Au lieu d\u2019un fond de teint \u00e9pais, utilisez simplement la cr\u00e8me Blanche Neige. C\u2019est un maquillage tout-en-un qui n\u2019en a pas besoin d\u2019autre. Il adh\u00e8re \u00e9troitement au s\u00e9bum pour \u00e9viter le s\u00e9bum, r\u00e9duisant ainsi le besoin de retouches de maquillage. Il pr\u00e9vient \u00e9galement les pores dilat\u00e9s dus au s\u00e9bum<\/p>\n","protected":false},"excerpt":{"rendered":"<p>Description Offre un teint sain aux peaux ternes ou sans maquillage pour un look lumineux et \u00e9clatant. S\u2019applique l\u00e9g\u00e8rement sur la peau sans sensation grasse ou collante, pour une peau douce et brillante. L\u2019agent blanchissant, la niacinamide, supprime la formation de m\u00e9lanine pour un teint magnifique. Une hydratation douce est d\u00e9livr\u00e9e en profondeur dans la [&hellip;]<\/p>\n","protected":false},"featured_media":3398,"comment_status":"open","ping_status":"closed","template":"","meta":{"content-type":"","_uag_custom_page_level_css":""},"pwb-brand":[],"product_brand":[],"product_cat":[322,334,408],"product_tag":[],"class_list":{"0":"post-3399","1":"product","2":"type-product","3":"status-publish","4":"has-post-thumbnail","6":"product_cat-corps-bain","7":"product_cat-produits-coreens","8":"product_cat-snow-white","10":"first","11":"instock","12":"sale","13":"shipping-taxable","14":"purchasable","15":"product-type-simple"},"aioseo_notices":[],"uagb_featured_image_src":{"full":["https:\/\/wavexia.com\/wp-content\/uploads\/2025\/10\/cream_f2db2be2-afdd-47e0-af8b-558620d6539e.webp",500,500,false],"thumbnail":["https:\/\/wavexia.com\/wp-content\/uploads\/2025\/10\/cream_f2db2be2-afdd-47e0-af8b-558620d6539e-150x150.webp",150,150,true],"medium":["https:\/\/wavexia.com\/wp-content\/uploads\/2025\/10\/cream_f2db2be2-afdd-47e0-af8b-558620d6539e-300x300.webp",300,300,true],"medium_large":["https:\/\/wavexia.com\/wp-content\/uploads\/2025\/10\/cream_f2db2be2-afdd-47e0-af8b-558620d6539e.webp",500,500,false],"large":["https:\/\/wavexia.com\/wp-content\/uploads\/2025\/10\/cream_f2db2be2-afdd-47e0-af8b-558620d6539e.webp",500,500,false],"1536x1536":["https:\/\/wavexia.com\/wp-content\/uploads\/2025\/10\/cream_f2db2be2-afdd-47e0-af8b-558620d6539e.webp",500,500,false],"2048x2048":["https:\/\/wavexia.com\/wp-content\/uploads\/2025\/10\/cream_f2db2be2-afdd-47e0-af8b-558620d6539e.webp",500,500,false],"woocommerce_archive_thumbnail":["https:\/\/wavexia.com\/wp-content\/uploads\/2025\/10\/cream_f2db2be2-afdd-47e0-af8b-558620d6539e-300x300.webp",300,300,true],"woocommerce_thumbnail":["https:\/\/wavexia.com\/wp-content\/uploads\/2025\/10\/cream_f2db2be2-afdd-47e0-af8b-558620d6539e-300x300.webp",300,300,true],"woocommerce_single":["https:\/\/wavexia.com\/wp-content\/uploads\/2025\/10\/cream_f2db2be2-afdd-47e0-af8b-558620d6539e.webp",500,500,false],"woocommerce_gallery_thumbnail":["https:\/\/wavexia.com\/wp-content\/uploads\/2025\/10\/cream_f2db2be2-afdd-47e0-af8b-558620d6539e-100x100.webp",100,100,true]},"uagb_author_info":{"display_name":"zineddine.ayoub98@gmail.com","author_link":"https:\/\/wavexia.com\/?author=0"},"uagb_comment_info":0,"uagb_excerpt":"Description Offre un teint sain aux peaux ternes ou sans maquillage pour un look lumineux et \u00e9clatant. S\u2019applique l\u00e9g\u00e8rement sur la peau sans sensation grasse ou collante, pour une peau douce et brillante. L\u2019agent blanchissant, la niacinamide, supprime la formation de m\u00e9lanine pour un teint magnifique. Une hydratation douce est d\u00e9livr\u00e9e en profondeur dans la&hellip;","brands":[],"_links":{"self":[{"href":"https:\/\/wavexia.com\/index.php?rest_route=\/wp\/v2\/product\/3399","targetHints":{"allow":["GET"]}}],"collection":[{"href":"https:\/\/wavexia.com\/index.php?rest_route=\/wp\/v2\/product"}],"about":[{"href":"https:\/\/wavexia.com\/index.php?rest_route=\/wp\/v2\/types\/product"}],"replies":[{"embeddable":true,"href":"https:\/\/wavexia.com\/index.php?rest_route=%2Fwp%2Fv2%2Fcomments&post=3399"}],"wp:featuredmedia":[{"embeddable":true,"href":"https:\/\/wavexia.com\/index.php?rest_route=\/wp\/v2\/media\/3398"}],"wp:attachment":[{"href":"https:\/\/wavexia.com\/index.php?rest_route=%2Fwp%2Fv2%2Fmedia&parent=3399"}],"wp:term":[{"taxonomy":"pwb-brand","embeddable":true,"href":"https:\/\/wavexia.com\/index.php?rest_route=%2Fwp%2Fv2%2Fpwb-brand&post=3399"},{"taxonomy":"product_brand","embeddable":true,"href":"https:\/\/wavexia.com\/index.php?rest_route=%2Fwp%2Fv2%2Fproduct_brand&post=3399"},{"taxonomy":"product_cat","embeddable":true,"href":"https:\/\/wavexia.com\/index.php?rest_route=%2Fwp%2Fv2%2Fproduct_cat&post=3399"},{"taxonomy":"product_tag","embeddable":true,"href":"https:\/\/wavexia.com\/index.php?rest_route=%2Fwp%2Fv2%2Fproduct_tag&post=3399"}],"curies":[{"name":"wp","href":"https:\/\/api.w.org\/{rel}","templated":true}]}}