{"id":3395,"date":"2025-10-18T22:15:17","date_gmt":"2025-10-18T22:15:17","guid":{"rendered":"https:\/\/wavexia.com\/product\/numbuzin-no-5-vitamin-concentrated-serum\/"},"modified":"2026-03-10T07:30:54","modified_gmt":"2026-03-10T07:30:54","slug":"numbuzin-no-5-vitamin-concentrated-serum","status":"publish","type":"product","link":"https:\/\/wavexia.com\/?product=numbuzin-no-5-vitamin-concentrated-serum","title":{"rendered":"Numbuzin- No.5 Vitamin Concentrated Serum"},"content":{"rendered":"<h2>Description<\/h2>\n<p>Le s\u00e9rum concentr\u00e9 de vitamines Numbuzin No.5 est con\u00e7u pour \u00e9claircir et revitaliser votre peau. Il r\u00e9duit efficacement les cicatrices d\u2019acn\u00e9 et agit sur un teint plus uniforme, donnant \u00e0 votre peau un aspect frais et naturel.<\/p>\n<p>Ce s\u00e9rum combine des \u00e9l\u00e9ments nourrissants qui aident \u00e0 estomper les taches brunes et \u00e0 hydrater votre peau, sans laisser de sensation lourde ou grasse. Il est id\u00e9al pour un usage quotidien gr\u00e2ce \u00e0 sa texture l\u00e9g\u00e8re qui p\u00e9n\u00e8tre rapidement par la peau.<\/p>\n<p>Adapt\u00e9 \u00e0 tous les types de peau, ce s\u00e9rum est un compl\u00e9ment parfait \u00e0 toute routine de soins de la peau, en particulier pour celles qui recherchent un teint clair et impeccable.<\/p>\n<p><strong>Ce s\u00e9rum :<\/strong><\/p>\n<ul>\n<li>illumine le teint<\/li>\n<li>r\u00e9duit l\u2019hyperpigmentation<\/li>\n<li>enrichi en antioxydants puissants<\/li>\n<li>effet de nivellement<\/li>\n<li>pour un teint sain et \u00e9clatant<\/li>\n<li>pour tous les types de peau, y compris les peaux sensibles<\/li>\n<\/ul>\n<p><strong>Comment utiliser:<\/strong><\/p>\n<ul>\n<li>Appliquez le s\u00e9rum apr\u00e8s avoir nettoy\u00e9 et tonifi\u00e9 votre peau.<\/li>\n<li>Utilisez une quantit\u00e9 appropri\u00e9e et tapotez doucement sur la peau pour une absorption optimale.<\/li>\n<li>Appliquez une goutte suppl\u00e9mentaire sur les zones \u00e0 probl\u00e8mes pour un traitement cibl\u00e9.<\/li>\n<\/ul>\n<p><strong>Ingr\u00e9dients&nbsp;:<\/strong> Vaccinium Vitis-Idaea Fruit Extract, Butylene Glycol, Niacinamide, Panthenol, Tranexamic Acid, Water, 1,2-Hexanediol, Neopentyl Glycol Dicaprate, Caprylic\/Capric Triglyceride, Sorbitol, Bifida Ferment Lysate, Chondrus Crispus Extract, Butyrospermum Parkii Butter, Saccharum Officinarum Extract, Alpha-Arbutin, Sodium Hyaluronate, Melia Azadirachta Flower Extract, Ocimum Sanctum Leaf Extract, Melia Azadirachta Leaf Extract, Curcuma Longa Root Extract, Corallina Officinalis Extract, Tremella Fuciformis Extract, Pentylene Glycol, Glycerin, 3-0-Ethyl Ascorbic Acid, bisabolol, drumethamine, ethylhexylglycerin, adenosine, hydrogenated lecithin, allantoin, glutathione np, beta-glucan, dipotassium glycyrrhizate, tocopherbyl, ascorbylide Trin, Ubiquinone, Thioctic Acid, Potassium Hydroxide, Behenyl Alcohol, Carbomer, Xanthan Gum, Disodium EDTA<\/p>\n<p>&nbsp;<\/p>\n<p>&nbsp;<\/p>\n","protected":false},"excerpt":{"rendered":"<p>Description Le s\u00e9rum concentr\u00e9 de vitamines Numbuzin No.5 est con\u00e7u pour \u00e9claircir et revitaliser votre peau. Il r\u00e9duit efficacement les cicatrices d\u2019acn\u00e9 et agit sur un teint plus uniforme, donnant \u00e0 votre peau un aspect frais et naturel. Ce s\u00e9rum combine des \u00e9l\u00e9ments nourrissants qui aident \u00e0 estomper les taches brunes et \u00e0 hydrater votre [&hellip;]<\/p>\n","protected":false},"featured_media":3394,"comment_status":"open","ping_status":"closed","template":"","meta":{"content-type":"","_uag_custom_page_level_css":""},"pwb-brand":[],"product_brand":[],"product_cat":[327,346,334,338],"product_tag":[],"class_list":{"0":"post-3395","1":"product","2":"type-product","3":"status-publish","4":"has-post-thumbnail","6":"product_cat-hmizat","7":"product_cat-numbuzin","8":"product_cat-produits-coreens","9":"product_cat-serum-ampoule","11":"first","12":"instock","13":"sale","14":"shipping-taxable","15":"purchasable","16":"product-type-simple"},"aioseo_notices":[],"uagb_featured_image_src":{"full":["https:\/\/wavexia.com\/wp-content\/uploads\/2025\/10\/Product-page-sizes_a1e4b5d3-e817-4688-9885-3213a47e9a27.webp",800,800,false],"thumbnail":["https:\/\/wavexia.com\/wp-content\/uploads\/2025\/10\/Product-page-sizes_a1e4b5d3-e817-4688-9885-3213a47e9a27-150x150.webp",150,150,true],"medium":["https:\/\/wavexia.com\/wp-content\/uploads\/2025\/10\/Product-page-sizes_a1e4b5d3-e817-4688-9885-3213a47e9a27-300x300.webp",300,300,true],"medium_large":["https:\/\/wavexia.com\/wp-content\/uploads\/2025\/10\/Product-page-sizes_a1e4b5d3-e817-4688-9885-3213a47e9a27-768x768.webp",768,768,true],"large":["https:\/\/wavexia.com\/wp-content\/uploads\/2025\/10\/Product-page-sizes_a1e4b5d3-e817-4688-9885-3213a47e9a27.webp",800,800,false],"1536x1536":["https:\/\/wavexia.com\/wp-content\/uploads\/2025\/10\/Product-page-sizes_a1e4b5d3-e817-4688-9885-3213a47e9a27.webp",800,800,false],"2048x2048":["https:\/\/wavexia.com\/wp-content\/uploads\/2025\/10\/Product-page-sizes_a1e4b5d3-e817-4688-9885-3213a47e9a27.webp",800,800,false],"woocommerce_archive_thumbnail":["https:\/\/wavexia.com\/wp-content\/uploads\/2025\/10\/Product-page-sizes_a1e4b5d3-e817-4688-9885-3213a47e9a27-300x300.webp",300,300,true],"woocommerce_thumbnail":["https:\/\/wavexia.com\/wp-content\/uploads\/2025\/10\/Product-page-sizes_a1e4b5d3-e817-4688-9885-3213a47e9a27-300x300.webp",300,300,true],"woocommerce_single":["https:\/\/wavexia.com\/wp-content\/uploads\/2025\/10\/Product-page-sizes_a1e4b5d3-e817-4688-9885-3213a47e9a27-600x600.webp",600,600,true],"woocommerce_gallery_thumbnail":["https:\/\/wavexia.com\/wp-content\/uploads\/2025\/10\/Product-page-sizes_a1e4b5d3-e817-4688-9885-3213a47e9a27-100x100.webp",100,100,true]},"uagb_author_info":{"display_name":"zineddine.ayoub98@gmail.com","author_link":"https:\/\/wavexia.com\/?author=0"},"uagb_comment_info":0,"uagb_excerpt":"Description Le s\u00e9rum concentr\u00e9 de vitamines Numbuzin No.5 est con\u00e7u pour \u00e9claircir et revitaliser votre peau. Il r\u00e9duit efficacement les cicatrices d\u2019acn\u00e9 et agit sur un teint plus uniforme, donnant \u00e0 votre peau un aspect frais et naturel. Ce s\u00e9rum combine des \u00e9l\u00e9ments nourrissants qui aident \u00e0 estomper les taches brunes et \u00e0 hydrater votre&hellip;","brands":[],"_links":{"self":[{"href":"https:\/\/wavexia.com\/index.php?rest_route=\/wp\/v2\/product\/3395","targetHints":{"allow":["GET"]}}],"collection":[{"href":"https:\/\/wavexia.com\/index.php?rest_route=\/wp\/v2\/product"}],"about":[{"href":"https:\/\/wavexia.com\/index.php?rest_route=\/wp\/v2\/types\/product"}],"replies":[{"embeddable":true,"href":"https:\/\/wavexia.com\/index.php?rest_route=%2Fwp%2Fv2%2Fcomments&post=3395"}],"wp:featuredmedia":[{"embeddable":true,"href":"https:\/\/wavexia.com\/index.php?rest_route=\/wp\/v2\/media\/3394"}],"wp:attachment":[{"href":"https:\/\/wavexia.com\/index.php?rest_route=%2Fwp%2Fv2%2Fmedia&parent=3395"}],"wp:term":[{"taxonomy":"pwb-brand","embeddable":true,"href":"https:\/\/wavexia.com\/index.php?rest_route=%2Fwp%2Fv2%2Fpwb-brand&post=3395"},{"taxonomy":"product_brand","embeddable":true,"href":"https:\/\/wavexia.com\/index.php?rest_route=%2Fwp%2Fv2%2Fproduct_brand&post=3395"},{"taxonomy":"product_cat","embeddable":true,"href":"https:\/\/wavexia.com\/index.php?rest_route=%2Fwp%2Fv2%2Fproduct_cat&post=3395"},{"taxonomy":"product_tag","embeddable":true,"href":"https:\/\/wavexia.com\/index.php?rest_route=%2Fwp%2Fv2%2Fproduct_tag&post=3395"}],"curies":[{"name":"wp","href":"https:\/\/api.w.org\/{rel}","templated":true}]}}