{"id":3391,"date":"2025-10-18T22:15:15","date_gmt":"2025-10-18T22:15:15","guid":{"rendered":"https:\/\/wavexia.com\/product\/numbuzin-no-3-super-glowing-essence-toner-200ml\/"},"modified":"2026-03-10T07:30:54","modified_gmt":"2026-03-10T07:30:54","slug":"numbuzin-no-3-super-glowing-essence-toner-200ml","status":"publish","type":"product","link":"https:\/\/wavexia.com\/?product=numbuzin-no-3-super-glowing-essence-toner-200ml","title":{"rendered":"Numbuzin \u2013 No.3 Super Glowing Essence Toner \u2013 200ml"},"content":{"rendered":"<h2>Description<\/h2>\n<p>Le Numbuzin No.3 Super Glowing Essence Toner est un toner puissant qui nourrit et hydrate votre peau en profondeur. Gr\u00e2ce aux 50 types d\u2019ingr\u00e9dients ferment\u00e9s, votre peau terne et fatigu\u00e9e redevient ferme et lumineuse.<\/p>\n<p>Ce toner est sp\u00e9cialement con\u00e7u pour des probl\u00e8mes de peau sp\u00e9cifiques, tels que la rugosit\u00e9 et la s\u00e9cheresse. La formule r\u00e9duit les rides et ridules et redonne ainsi vie \u00e0 votre visage.<\/p>\n<p><strong>Ce tonique&nbsp;:<\/strong><\/p>\n<ul>\n<li>effet nourrissant et hydratant<\/li>\n<li>r\u00e9duit les rides et ridules<\/li>\n<li>id\u00e9al si vous souffrez de rugosit\u00e9 et de s\u00e9cheresse<\/li>\n<li>illumine et renforce votre peau<\/li>\n<li>sans cruaut\u00e9<\/li>\n<\/ul>\n<p>Le Numbuzin No.3 Super Glowing Essence Toner est un toner puissant qui nourrit et hydrate votre peau en profondeur. Gr\u00e2ce aux 50 types d\u2019ingr\u00e9dients ferment\u00e9s, votre peau terne et fatigu\u00e9e redevient ferme et lumineuse.<\/p>\n<p>Ce toner est sp\u00e9cialement con\u00e7u pour des probl\u00e8mes de peau sp\u00e9cifiques, tels que la rugosit\u00e9 et la s\u00e9cheresse. La formule r\u00e9duit les rides et ridules et redonne ainsi vie \u00e0 votre visage.<\/p>\n<p><strong>Ce tonique&nbsp;:<\/strong><\/p>\n<ul>\n<li>effet nourrissant et hydratant<\/li>\n<li>r\u00e9duit les rides et ridules<\/li>\n<li>id\u00e9al si vous souffrez de rugosit\u00e9 et de s\u00e9cheresse<\/li>\n<li>illumine et renforce votre peau<\/li>\n<li>sans cruaut\u00e9<\/li>\n<\/ul>\n<p>&nbsp;<\/p>\n","protected":false},"excerpt":{"rendered":"<p>Description Le Numbuzin No.3 Super Glowing Essence Toner est un toner puissant qui nourrit et hydrate votre peau en profondeur. Gr\u00e2ce aux 50 types d\u2019ingr\u00e9dients ferment\u00e9s, votre peau terne et fatigu\u00e9e redevient ferme et lumineuse. Ce toner est sp\u00e9cialement con\u00e7u pour des probl\u00e8mes de peau sp\u00e9cifiques, tels que la rugosit\u00e9 et la s\u00e9cheresse. La formule [&hellip;]<\/p>\n","protected":false},"featured_media":3390,"comment_status":"open","ping_status":"closed","template":"","meta":{"content-type":"","_uag_custom_page_level_css":""},"pwb-brand":[],"product_brand":[],"product_cat":[327,346,334,345],"product_tag":[],"class_list":{"0":"post-3391","1":"product","2":"type-product","3":"status-publish","4":"has-post-thumbnail","6":"product_cat-hmizat","7":"product_cat-numbuzin","8":"product_cat-produits-coreens","9":"product_cat-toner-pads","11":"first","12":"instock","13":"sale","14":"shipping-taxable","15":"purchasable","16":"product-type-simple"},"aioseo_notices":[],"uagb_featured_image_src":{"full":["https:\/\/wavexia.com\/wp-content\/uploads\/2025\/10\/Product-page-sizes_cbb8060b-130e-4e49-b5f9-315256160d53.webp",800,800,false],"thumbnail":["https:\/\/wavexia.com\/wp-content\/uploads\/2025\/10\/Product-page-sizes_cbb8060b-130e-4e49-b5f9-315256160d53-150x150.webp",150,150,true],"medium":["https:\/\/wavexia.com\/wp-content\/uploads\/2025\/10\/Product-page-sizes_cbb8060b-130e-4e49-b5f9-315256160d53-300x300.webp",300,300,true],"medium_large":["https:\/\/wavexia.com\/wp-content\/uploads\/2025\/10\/Product-page-sizes_cbb8060b-130e-4e49-b5f9-315256160d53-768x768.webp",768,768,true],"large":["https:\/\/wavexia.com\/wp-content\/uploads\/2025\/10\/Product-page-sizes_cbb8060b-130e-4e49-b5f9-315256160d53.webp",800,800,false],"1536x1536":["https:\/\/wavexia.com\/wp-content\/uploads\/2025\/10\/Product-page-sizes_cbb8060b-130e-4e49-b5f9-315256160d53.webp",800,800,false],"2048x2048":["https:\/\/wavexia.com\/wp-content\/uploads\/2025\/10\/Product-page-sizes_cbb8060b-130e-4e49-b5f9-315256160d53.webp",800,800,false],"woocommerce_archive_thumbnail":["https:\/\/wavexia.com\/wp-content\/uploads\/2025\/10\/Product-page-sizes_cbb8060b-130e-4e49-b5f9-315256160d53-300x300.webp",300,300,true],"woocommerce_thumbnail":["https:\/\/wavexia.com\/wp-content\/uploads\/2025\/10\/Product-page-sizes_cbb8060b-130e-4e49-b5f9-315256160d53-300x300.webp",300,300,true],"woocommerce_single":["https:\/\/wavexia.com\/wp-content\/uploads\/2025\/10\/Product-page-sizes_cbb8060b-130e-4e49-b5f9-315256160d53-600x600.webp",600,600,true],"woocommerce_gallery_thumbnail":["https:\/\/wavexia.com\/wp-content\/uploads\/2025\/10\/Product-page-sizes_cbb8060b-130e-4e49-b5f9-315256160d53-100x100.webp",100,100,true]},"uagb_author_info":{"display_name":"zineddine.ayoub98@gmail.com","author_link":"https:\/\/wavexia.com\/?author=0"},"uagb_comment_info":0,"uagb_excerpt":"Description Le Numbuzin No.3 Super Glowing Essence Toner est un toner puissant qui nourrit et hydrate votre peau en profondeur. Gr\u00e2ce aux 50 types d\u2019ingr\u00e9dients ferment\u00e9s, votre peau terne et fatigu\u00e9e redevient ferme et lumineuse. Ce toner est sp\u00e9cialement con\u00e7u pour des probl\u00e8mes de peau sp\u00e9cifiques, tels que la rugosit\u00e9 et la s\u00e9cheresse. La formule&hellip;","brands":[],"_links":{"self":[{"href":"https:\/\/wavexia.com\/index.php?rest_route=\/wp\/v2\/product\/3391","targetHints":{"allow":["GET"]}}],"collection":[{"href":"https:\/\/wavexia.com\/index.php?rest_route=\/wp\/v2\/product"}],"about":[{"href":"https:\/\/wavexia.com\/index.php?rest_route=\/wp\/v2\/types\/product"}],"replies":[{"embeddable":true,"href":"https:\/\/wavexia.com\/index.php?rest_route=%2Fwp%2Fv2%2Fcomments&post=3391"}],"wp:featuredmedia":[{"embeddable":true,"href":"https:\/\/wavexia.com\/index.php?rest_route=\/wp\/v2\/media\/3390"}],"wp:attachment":[{"href":"https:\/\/wavexia.com\/index.php?rest_route=%2Fwp%2Fv2%2Fmedia&parent=3391"}],"wp:term":[{"taxonomy":"pwb-brand","embeddable":true,"href":"https:\/\/wavexia.com\/index.php?rest_route=%2Fwp%2Fv2%2Fpwb-brand&post=3391"},{"taxonomy":"product_brand","embeddable":true,"href":"https:\/\/wavexia.com\/index.php?rest_route=%2Fwp%2Fv2%2Fproduct_brand&post=3391"},{"taxonomy":"product_cat","embeddable":true,"href":"https:\/\/wavexia.com\/index.php?rest_route=%2Fwp%2Fv2%2Fproduct_cat&post=3391"},{"taxonomy":"product_tag","embeddable":true,"href":"https:\/\/wavexia.com\/index.php?rest_route=%2Fwp%2Fv2%2Fproduct_tag&post=3391"}],"curies":[{"name":"wp","href":"https:\/\/api.w.org\/{rel}","templated":true}]}}