{"id":3387,"date":"2025-10-18T22:15:13","date_gmt":"2025-10-18T22:15:13","guid":{"rendered":"https:\/\/wavexia.com\/product\/skin1004-madagascar-centella-light-cleansing-oil-200ml\/"},"modified":"2026-03-10T07:30:54","modified_gmt":"2026-03-10T07:30:54","slug":"skin1004-madagascar-centella-light-cleansing-oil-200ml","status":"publish","type":"product","link":"https:\/\/wavexia.com\/?product=skin1004-madagascar-centella-light-cleansing-oil-200ml","title":{"rendered":"SKIN1004 Madagascar Centella Light Cleansing Oil 200ml"},"content":{"rendered":"<h2>Description<\/h2>\n<p>Le SKIN1004 Madagascar Centella Light Cleansing Oil est une huile nettoyante qui garantit que le maquillage, la salet\u00e9 et l\u2019exc\u00e8s de s\u00e9bum sont \u00e9limin\u00e9s de vos pores. Ce nettoyant doux convient aux peaux sensibles n\u00e9cessitant un nettoyage en profondeur.<\/p>\n<p>Mais ce nettoyant ne nettoie pas seulement efficacement. La formule est \u00e9galement infus\u00e9e de Centella Asiatica pour hydrater votre peau et procurer un effet apaisant, tout en revitalisant en douceur les impuret\u00e9s.<\/p>\n<p>Ce qui rend ce nettoyant vraiment sp\u00e9cial, c\u2019est sa formule douce et s\u00fbre avec des huiles v\u00e9g\u00e9tales qui n\u2019irritent pas votre peau. La texture l\u00e9g\u00e8re p\u00e9n\u00e8tre profond\u00e9ment dans vos pores, vous procurant une sensation de fra\u00eecheur apr\u00e8s le lavage !<\/p>\n<p><strong>Cette huile :<\/strong><\/p>\n<ul>\n<li>convient aux peaux sensibles<\/li>\n<li>nettoie les pores en profondeur et en profondeur<\/li>\n<li>pour une peau uniforme<\/li>\n<li>r\u00e9duit les impuret\u00e9s<\/li>\n<li>effet hydratant<\/li>\n<li>renforce la barri\u00e8re cutan\u00e9e<\/li>\n<li>n\u2019irrite pas la peau<\/li>\n<li>laisse la peau fra\u00eeche<\/li>\n<li>contient de la centella<\/li>\n<li>v\u00e9g\u00e9talien<\/li>\n<li>sans cruaut\u00e9<\/li>\n<\/ul>\n<p><strong>Comment utiliser:<\/strong><\/p>\n<ul>\n<li>Prenez 1 ou 2 pompes de nettoyant sur les mains s\u00e8ches et massez sur votre peau s\u00e8che pendant environ 1 minute.<\/li>\n<li>Mouillez vos doigts et massez \u00e0 nouveau votre peau.<\/li>\n<li>Rincez votre peau \u00e0 l\u2019eau ti\u00e8de et s\u00e9chez-la avec une serviette propre.<\/li>\n<\/ul>\n<p><strong>Ingr\u00e9dients:<br \/><\/strong>Ethylhexyl Stearate, Cetyl Ethylhexanoate, Sorbeth-30 Tetraoleate, Centella Asiatica Extract (10,000ppm), Helianthus Annuus (Sunflower) Seed Oil, Citrus Aurantium Bergamia (Bergamot) Fruit Oil, Olea Europaea (Olive) Fruit Oil, Simmondsia Chinensis (Jojoba) Seed Oil, Ethylhexylglycerin, Pelargonium Graveolens Flower Oil, Rosa Damascena Flower Oil, Limonene, Linalool<\/p>\n<p><strong>Contenu :<\/strong>&nbsp;200 ml.<\/p>\n","protected":false},"excerpt":{"rendered":"<p>Description Le SKIN1004 Madagascar Centella Light Cleansing Oil est une huile nettoyante qui garantit que le maquillage, la salet\u00e9 et l\u2019exc\u00e8s de s\u00e9bum sont \u00e9limin\u00e9s de vos pores. Ce nettoyant doux convient aux peaux sensibles n\u00e9cessitant un nettoyage en profondeur. Mais ce nettoyant ne nettoie pas seulement efficacement. La formule est \u00e9galement infus\u00e9e de Centella [&hellip;]<\/p>\n","protected":false},"featured_media":3386,"comment_status":"open","ping_status":"closed","template":"","meta":{"content-type":"","_uag_custom_page_level_css":""},"pwb-brand":[],"product_brand":[],"product_cat":[327,367,339,334,350],"product_tag":[],"class_list":{"0":"post-3387","1":"product","2":"type-product","3":"status-publish","4":"has-post-thumbnail","6":"product_cat-hmizat","7":"product_cat-huile-baume-nettoyante","8":"product_cat-meilleures-ventes","9":"product_cat-produits-coreens","10":"product_cat-skin1004","12":"first","13":"instock","14":"sale","15":"shipping-taxable","16":"purchasable","17":"product-type-simple"},"aioseo_notices":[],"uagb_featured_image_src":{"full":["https:\/\/wavexia.com\/wp-content\/uploads\/2025\/10\/616846-skin1004-madagascar-centella-light-cleansing-oil-200ml-1-1050Wx1050H.webp",800,800,false],"thumbnail":["https:\/\/wavexia.com\/wp-content\/uploads\/2025\/10\/616846-skin1004-madagascar-centella-light-cleansing-oil-200ml-1-1050Wx1050H-150x150.webp",150,150,true],"medium":["https:\/\/wavexia.com\/wp-content\/uploads\/2025\/10\/616846-skin1004-madagascar-centella-light-cleansing-oil-200ml-1-1050Wx1050H-300x300.webp",300,300,true],"medium_large":["https:\/\/wavexia.com\/wp-content\/uploads\/2025\/10\/616846-skin1004-madagascar-centella-light-cleansing-oil-200ml-1-1050Wx1050H-768x768.webp",768,768,true],"large":["https:\/\/wavexia.com\/wp-content\/uploads\/2025\/10\/616846-skin1004-madagascar-centella-light-cleansing-oil-200ml-1-1050Wx1050H.webp",800,800,false],"1536x1536":["https:\/\/wavexia.com\/wp-content\/uploads\/2025\/10\/616846-skin1004-madagascar-centella-light-cleansing-oil-200ml-1-1050Wx1050H.webp",800,800,false],"2048x2048":["https:\/\/wavexia.com\/wp-content\/uploads\/2025\/10\/616846-skin1004-madagascar-centella-light-cleansing-oil-200ml-1-1050Wx1050H.webp",800,800,false],"woocommerce_archive_thumbnail":["https:\/\/wavexia.com\/wp-content\/uploads\/2025\/10\/616846-skin1004-madagascar-centella-light-cleansing-oil-200ml-1-1050Wx1050H-300x300.webp",300,300,true],"woocommerce_thumbnail":["https:\/\/wavexia.com\/wp-content\/uploads\/2025\/10\/616846-skin1004-madagascar-centella-light-cleansing-oil-200ml-1-1050Wx1050H-300x300.webp",300,300,true],"woocommerce_single":["https:\/\/wavexia.com\/wp-content\/uploads\/2025\/10\/616846-skin1004-madagascar-centella-light-cleansing-oil-200ml-1-1050Wx1050H-600x600.webp",600,600,true],"woocommerce_gallery_thumbnail":["https:\/\/wavexia.com\/wp-content\/uploads\/2025\/10\/616846-skin1004-madagascar-centella-light-cleansing-oil-200ml-1-1050Wx1050H-100x100.webp",100,100,true]},"uagb_author_info":{"display_name":"zineddine.ayoub98@gmail.com","author_link":"https:\/\/wavexia.com\/?author=0"},"uagb_comment_info":0,"uagb_excerpt":"Description Le SKIN1004 Madagascar Centella Light Cleansing Oil est une huile nettoyante qui garantit que le maquillage, la salet\u00e9 et l\u2019exc\u00e8s de s\u00e9bum sont \u00e9limin\u00e9s de vos pores. Ce nettoyant doux convient aux peaux sensibles n\u00e9cessitant un nettoyage en profondeur. Mais ce nettoyant ne nettoie pas seulement efficacement. La formule est \u00e9galement infus\u00e9e de Centella&hellip;","brands":[],"_links":{"self":[{"href":"https:\/\/wavexia.com\/index.php?rest_route=\/wp\/v2\/product\/3387","targetHints":{"allow":["GET"]}}],"collection":[{"href":"https:\/\/wavexia.com\/index.php?rest_route=\/wp\/v2\/product"}],"about":[{"href":"https:\/\/wavexia.com\/index.php?rest_route=\/wp\/v2\/types\/product"}],"replies":[{"embeddable":true,"href":"https:\/\/wavexia.com\/index.php?rest_route=%2Fwp%2Fv2%2Fcomments&post=3387"}],"wp:featuredmedia":[{"embeddable":true,"href":"https:\/\/wavexia.com\/index.php?rest_route=\/wp\/v2\/media\/3386"}],"wp:attachment":[{"href":"https:\/\/wavexia.com\/index.php?rest_route=%2Fwp%2Fv2%2Fmedia&parent=3387"}],"wp:term":[{"taxonomy":"pwb-brand","embeddable":true,"href":"https:\/\/wavexia.com\/index.php?rest_route=%2Fwp%2Fv2%2Fpwb-brand&post=3387"},{"taxonomy":"product_brand","embeddable":true,"href":"https:\/\/wavexia.com\/index.php?rest_route=%2Fwp%2Fv2%2Fproduct_brand&post=3387"},{"taxonomy":"product_cat","embeddable":true,"href":"https:\/\/wavexia.com\/index.php?rest_route=%2Fwp%2Fv2%2Fproduct_cat&post=3387"},{"taxonomy":"product_tag","embeddable":true,"href":"https:\/\/wavexia.com\/index.php?rest_route=%2Fwp%2Fv2%2Fproduct_tag&post=3387"}],"curies":[{"name":"wp","href":"https:\/\/api.w.org\/{rel}","templated":true}]}}