{"id":3373,"date":"2025-10-18T22:15:05","date_gmt":"2025-10-18T22:15:05","guid":{"rendered":"https:\/\/wavexia.com\/product\/dr-wima-beauty-hair-complex-oil\/"},"modified":"2026-03-10T07:30:54","modified_gmt":"2026-03-10T07:30:54","slug":"dr-wima-beauty-hair-complex-oil","status":"publish","type":"product","link":"https:\/\/wavexia.com\/?product=dr-wima-beauty-hair-complex-oil","title":{"rendered":"Dr Wima Beauty HAIR COMPLEX OIL"},"content":{"rendered":"<h2>Description<\/h2>\n<p>Dr Wima Beauty HAIR COMPLEX OIL est une synergie concentr\u00e9e d\u2019huiles essentielles et de base, fabriqu\u00e9e aux \u00c9tats-Unis \u00e0 partir des meilleurs ingr\u00e9dients biologiques et v\u00e9g\u00e9taux. Elle soutient la vitalit\u00e9 des cheveux et stimule la croissance depuis le cuir chevelu jusqu\u2019aux pointes. Il est recommand\u00e9 pour tous les types de cheveux et est adapt\u00e9 aux cheveux color\u00e9s.<\/p>\n","protected":false},"excerpt":{"rendered":"<p>Description Dr Wima Beauty HAIR COMPLEX OIL est une synergie concentr\u00e9e d\u2019huiles essentielles et de base, fabriqu\u00e9e aux \u00c9tats-Unis \u00e0 partir des meilleurs ingr\u00e9dients biologiques et v\u00e9g\u00e9taux. Elle soutient la vitalit\u00e9 des cheveux et stimule la croissance depuis le cuir chevelu jusqu\u2019aux pointes. Il est recommand\u00e9 pour tous les types de cheveux et est adapt\u00e9 [&hellip;]<\/p>\n","protected":false},"featured_media":3372,"comment_status":"open","ping_status":"closed","template":"","meta":{"content-type":"","_uag_custom_page_level_css":""},"pwb-brand":[],"product_brand":[],"product_cat":[377,327,329],"product_tag":[],"class_list":{"0":"post-3373","1":"product","2":"type-product","3":"status-publish","4":"has-post-thumbnail","6":"product_cat-cheveux","7":"product_cat-hmizat","8":"product_cat-produits-americains","10":"first","11":"instock","12":"sale","13":"shipping-taxable","14":"purchasable","15":"product-type-simple"},"aioseo_notices":[],"uagb_featured_image_src":{"full":["https:\/\/wavexia.com\/wp-content\/uploads\/2025\/10\/75DD7680-5534-4565-BF83-69C2D701F954.webp",504,571,false],"thumbnail":["https:\/\/wavexia.com\/wp-content\/uploads\/2025\/10\/75DD7680-5534-4565-BF83-69C2D701F954-150x150.webp",150,150,true],"medium":["https:\/\/wavexia.com\/wp-content\/uploads\/2025\/10\/75DD7680-5534-4565-BF83-69C2D701F954-265x300.webp",265,300,true],"medium_large":["https:\/\/wavexia.com\/wp-content\/uploads\/2025\/10\/75DD7680-5534-4565-BF83-69C2D701F954.webp",504,571,false],"large":["https:\/\/wavexia.com\/wp-content\/uploads\/2025\/10\/75DD7680-5534-4565-BF83-69C2D701F954.webp",504,571,false],"1536x1536":["https:\/\/wavexia.com\/wp-content\/uploads\/2025\/10\/75DD7680-5534-4565-BF83-69C2D701F954.webp",504,571,false],"2048x2048":["https:\/\/wavexia.com\/wp-content\/uploads\/2025\/10\/75DD7680-5534-4565-BF83-69C2D701F954.webp",504,571,false],"woocommerce_archive_thumbnail":["https:\/\/wavexia.com\/wp-content\/uploads\/2025\/10\/75DD7680-5534-4565-BF83-69C2D701F954-300x340.webp",300,340,true],"woocommerce_thumbnail":["https:\/\/wavexia.com\/wp-content\/uploads\/2025\/10\/75DD7680-5534-4565-BF83-69C2D701F954-300x300.webp",300,300,true],"woocommerce_single":["https:\/\/wavexia.com\/wp-content\/uploads\/2025\/10\/75DD7680-5534-4565-BF83-69C2D701F954.webp",504,571,false],"woocommerce_gallery_thumbnail":["https:\/\/wavexia.com\/wp-content\/uploads\/2025\/10\/75DD7680-5534-4565-BF83-69C2D701F954-100x100.webp",100,100,true]},"uagb_author_info":{"display_name":"zineddine.ayoub98@gmail.com","author_link":"https:\/\/wavexia.com\/?author=0"},"uagb_comment_info":0,"uagb_excerpt":"Description Dr Wima Beauty HAIR COMPLEX OIL est une synergie concentr\u00e9e d\u2019huiles essentielles et de base, fabriqu\u00e9e aux \u00c9tats-Unis \u00e0 partir des meilleurs ingr\u00e9dients biologiques et v\u00e9g\u00e9taux. Elle soutient la vitalit\u00e9 des cheveux et stimule la croissance depuis le cuir chevelu jusqu\u2019aux pointes. Il est recommand\u00e9 pour tous les types de cheveux et est adapt\u00e9&hellip;","brands":[],"_links":{"self":[{"href":"https:\/\/wavexia.com\/index.php?rest_route=\/wp\/v2\/product\/3373","targetHints":{"allow":["GET"]}}],"collection":[{"href":"https:\/\/wavexia.com\/index.php?rest_route=\/wp\/v2\/product"}],"about":[{"href":"https:\/\/wavexia.com\/index.php?rest_route=\/wp\/v2\/types\/product"}],"replies":[{"embeddable":true,"href":"https:\/\/wavexia.com\/index.php?rest_route=%2Fwp%2Fv2%2Fcomments&post=3373"}],"wp:featuredmedia":[{"embeddable":true,"href":"https:\/\/wavexia.com\/index.php?rest_route=\/wp\/v2\/media\/3372"}],"wp:attachment":[{"href":"https:\/\/wavexia.com\/index.php?rest_route=%2Fwp%2Fv2%2Fmedia&parent=3373"}],"wp:term":[{"taxonomy":"pwb-brand","embeddable":true,"href":"https:\/\/wavexia.com\/index.php?rest_route=%2Fwp%2Fv2%2Fpwb-brand&post=3373"},{"taxonomy":"product_brand","embeddable":true,"href":"https:\/\/wavexia.com\/index.php?rest_route=%2Fwp%2Fv2%2Fproduct_brand&post=3373"},{"taxonomy":"product_cat","embeddable":true,"href":"https:\/\/wavexia.com\/index.php?rest_route=%2Fwp%2Fv2%2Fproduct_cat&post=3373"},{"taxonomy":"product_tag","embeddable":true,"href":"https:\/\/wavexia.com\/index.php?rest_route=%2Fwp%2Fv2%2Fproduct_tag&post=3373"}],"curies":[{"name":"wp","href":"https:\/\/api.w.org\/{rel}","templated":true}]}}