{"id":3368,"date":"2025-10-18T22:15:01","date_gmt":"2025-10-18T22:15:01","guid":{"rendered":"https:\/\/wavexia.com\/product\/tirtir-toner-milk-skin-150-ml\/"},"modified":"2026-03-10T07:30:54","modified_gmt":"2026-03-10T07:30:54","slug":"tirtir-toner-milk-skin-150-ml","status":"publish","type":"product","link":"https:\/\/wavexia.com\/?product=tirtir-toner-milk-skin-150-ml","title":{"rendered":"TIRTIR, Toner Milk Skin, 150 ml"},"content":{"rendered":"<h2>Description<\/h2>\n<p>Ce tonique hautement concentr\u00e9 contient des ingr\u00e9dients qui \u00e9claircissent le teint, comme des extraits de son de riz, ainsi que de la centella asiatica (cica) et de l\u2019hamam\u00e9lis, pour apaiser et hydrater la peau. Test\u00e9 dermatologiquement. Convient \u00e0 tous les types de peau.<\/p>\n<p><strong>Avantages et avantages&nbsp;:<\/strong><\/p>\n<p>Ce tonique hautement concentr\u00e9 hydrate la peau en profondeur et efficacement.<\/p>\n<p>Contient des ingr\u00e9dients botaniques qui apaisent la peau irrit\u00e9e. N<\/p>\n<p>La niacinamide et l\u2019extrait de son de riz favorisent les effets \u00e9claircissants.<\/p>\n<p>Test\u00e9 dermatologiquement.<\/p>\n<p>Convient \u00e0 tous les types de peau.<\/p>\n<p>Utilisation : Pour les peaux s\u00e8ches et mixtes, appliquer le produit deux fois. Tapotez doucement pour une meilleure absorption. Pour les peaux grasses, utilisez-le comme hydratant tout-en-un.<\/p>\n","protected":false},"excerpt":{"rendered":"<p>Description Ce tonique hautement concentr\u00e9 contient des ingr\u00e9dients qui \u00e9claircissent le teint, comme des extraits de son de riz, ainsi que de la centella asiatica (cica) et de l\u2019hamam\u00e9lis, pour apaiser et hydrater la peau. Test\u00e9 dermatologiquement. Convient \u00e0 tous les types de peau. Avantages et avantages&nbsp;: Ce tonique hautement concentr\u00e9 hydrate la peau en [&hellip;]<\/p>\n","protected":false},"featured_media":3367,"comment_status":"open","ping_status":"closed","template":"","meta":{"content-type":"","_uag_custom_page_level_css":""},"pwb-brand":[],"product_brand":[],"product_cat":[327,334,370,345],"product_tag":[],"class_list":{"0":"post-3368","1":"product","2":"type-product","3":"status-publish","4":"has-post-thumbnail","6":"product_cat-hmizat","7":"product_cat-produits-coreens","8":"product_cat-tirtir","9":"product_cat-toner-pads","11":"first","12":"instock","13":"sale","14":"shipping-taxable","15":"purchasable","16":"product-type-simple"},"aioseo_notices":[],"uagb_featured_image_src":{"full":["https:\/\/wavexia.com\/wp-content\/uploads\/2025\/10\/XL-p0118718160.webp",500,500,false],"thumbnail":["https:\/\/wavexia.com\/wp-content\/uploads\/2025\/10\/XL-p0118718160-150x150.webp",150,150,true],"medium":["https:\/\/wavexia.com\/wp-content\/uploads\/2025\/10\/XL-p0118718160-300x300.webp",300,300,true],"medium_large":["https:\/\/wavexia.com\/wp-content\/uploads\/2025\/10\/XL-p0118718160.webp",500,500,false],"large":["https:\/\/wavexia.com\/wp-content\/uploads\/2025\/10\/XL-p0118718160.webp",500,500,false],"1536x1536":["https:\/\/wavexia.com\/wp-content\/uploads\/2025\/10\/XL-p0118718160.webp",500,500,false],"2048x2048":["https:\/\/wavexia.com\/wp-content\/uploads\/2025\/10\/XL-p0118718160.webp",500,500,false],"woocommerce_archive_thumbnail":["https:\/\/wavexia.com\/wp-content\/uploads\/2025\/10\/XL-p0118718160-300x300.webp",300,300,true],"woocommerce_thumbnail":["https:\/\/wavexia.com\/wp-content\/uploads\/2025\/10\/XL-p0118718160-300x300.webp",300,300,true],"woocommerce_single":["https:\/\/wavexia.com\/wp-content\/uploads\/2025\/10\/XL-p0118718160.webp",500,500,false],"woocommerce_gallery_thumbnail":["https:\/\/wavexia.com\/wp-content\/uploads\/2025\/10\/XL-p0118718160-100x100.webp",100,100,true]},"uagb_author_info":{"display_name":"zineddine.ayoub98@gmail.com","author_link":"https:\/\/wavexia.com\/?author=0"},"uagb_comment_info":0,"uagb_excerpt":"Description Ce tonique hautement concentr\u00e9 contient des ingr\u00e9dients qui \u00e9claircissent le teint, comme des extraits de son de riz, ainsi que de la centella asiatica (cica) et de l\u2019hamam\u00e9lis, pour apaiser et hydrater la peau. Test\u00e9 dermatologiquement. Convient \u00e0 tous les types de peau. Avantages et avantages&nbsp;: Ce tonique hautement concentr\u00e9 hydrate la peau en&hellip;","brands":[],"_links":{"self":[{"href":"https:\/\/wavexia.com\/index.php?rest_route=\/wp\/v2\/product\/3368","targetHints":{"allow":["GET"]}}],"collection":[{"href":"https:\/\/wavexia.com\/index.php?rest_route=\/wp\/v2\/product"}],"about":[{"href":"https:\/\/wavexia.com\/index.php?rest_route=\/wp\/v2\/types\/product"}],"replies":[{"embeddable":true,"href":"https:\/\/wavexia.com\/index.php?rest_route=%2Fwp%2Fv2%2Fcomments&post=3368"}],"wp:featuredmedia":[{"embeddable":true,"href":"https:\/\/wavexia.com\/index.php?rest_route=\/wp\/v2\/media\/3367"}],"wp:attachment":[{"href":"https:\/\/wavexia.com\/index.php?rest_route=%2Fwp%2Fv2%2Fmedia&parent=3368"}],"wp:term":[{"taxonomy":"pwb-brand","embeddable":true,"href":"https:\/\/wavexia.com\/index.php?rest_route=%2Fwp%2Fv2%2Fpwb-brand&post=3368"},{"taxonomy":"product_brand","embeddable":true,"href":"https:\/\/wavexia.com\/index.php?rest_route=%2Fwp%2Fv2%2Fproduct_brand&post=3368"},{"taxonomy":"product_cat","embeddable":true,"href":"https:\/\/wavexia.com\/index.php?rest_route=%2Fwp%2Fv2%2Fproduct_cat&post=3368"},{"taxonomy":"product_tag","embeddable":true,"href":"https:\/\/wavexia.com\/index.php?rest_route=%2Fwp%2Fv2%2Fproduct_tag&post=3368"}],"curies":[{"name":"wp","href":"https:\/\/api.w.org\/{rel}","templated":true}]}}