{"id":3366,"date":"2025-10-18T22:15:01","date_gmt":"2025-10-18T22:15:01","guid":{"rendered":"https:\/\/wavexia.com\/product\/spa-gel-socks-chaussette-avec-gel-hydratant\/"},"modified":"2026-03-10T07:30:54","modified_gmt":"2026-03-10T07:30:54","slug":"spa-gel-socks-chaussette-avec-gel-hydratant","status":"publish","type":"product","link":"https:\/\/wavexia.com\/?product=spa-gel-socks-chaussette-avec-gel-hydratant","title":{"rendered":"Spa Gel Socks, Chaussette avec Gel Hydratant"},"content":{"rendered":"<h2>Description<\/h2>\n<p>Les Chaussettes avec Gel Hydratant Spa Gel offrent un traitement hydratant intensif pour adoucir et hydrater les pieds, les orteils et les talons secs, \u00e9pais, durs et rugueux. Elles sont enrichies en Vitamine E et en huiles min\u00e9rales (huile de jojoba, huile de p\u00e9pins de raisin, huile d\u2019olive, etc.). Les Chaussettes avec Gel Hydratant peuvent adoucir et hydrater votre peau en une seule nuit, mais sont encore plus efficaces en combinaison avec votre cr\u00e8me ou lotion pr\u00e9f\u00e9r\u00e9e.<\/p>\n","protected":false},"excerpt":{"rendered":"<p>Description Les Chaussettes avec Gel Hydratant Spa Gel offrent un traitement hydratant intensif pour adoucir et hydrater les pieds, les orteils et les talons secs, \u00e9pais, durs et rugueux. Elles sont enrichies en Vitamine E et en huiles min\u00e9rales (huile de jojoba, huile de p\u00e9pins de raisin, huile d\u2019olive, etc.). Les Chaussettes avec Gel Hydratant [&hellip;]<\/p>\n","protected":false},"featured_media":3365,"comment_status":"open","ping_status":"closed","template":"","meta":{"content-type":"","_uag_custom_page_level_css":""},"pwb-brand":[],"product_brand":[],"product_cat":[322,329],"product_tag":[],"class_list":{"0":"post-3366","1":"product","2":"type-product","3":"status-publish","4":"has-post-thumbnail","6":"product_cat-corps-bain","7":"product_cat-produits-americains","9":"first","10":"instock","11":"sale","12":"shipping-taxable","13":"purchasable","14":"product-type-simple"},"aioseo_notices":[],"uagb_featured_image_src":{"full":["https:\/\/wavexia.com\/wp-content\/uploads\/2025\/10\/images-7.jpeg",225,225,false],"thumbnail":["https:\/\/wavexia.com\/wp-content\/uploads\/2025\/10\/images-7-150x150.jpeg",150,150,true],"medium":["https:\/\/wavexia.com\/wp-content\/uploads\/2025\/10\/images-7.jpeg",225,225,false],"medium_large":["https:\/\/wavexia.com\/wp-content\/uploads\/2025\/10\/images-7.jpeg",225,225,false],"large":["https:\/\/wavexia.com\/wp-content\/uploads\/2025\/10\/images-7.jpeg",225,225,false],"1536x1536":["https:\/\/wavexia.com\/wp-content\/uploads\/2025\/10\/images-7.jpeg",225,225,false],"2048x2048":["https:\/\/wavexia.com\/wp-content\/uploads\/2025\/10\/images-7.jpeg",225,225,false],"woocommerce_archive_thumbnail":["https:\/\/wavexia.com\/wp-content\/uploads\/2025\/10\/images-7.jpeg",225,225,false],"woocommerce_thumbnail":["https:\/\/wavexia.com\/wp-content\/uploads\/2025\/10\/images-7.jpeg",225,225,false],"woocommerce_single":["https:\/\/wavexia.com\/wp-content\/uploads\/2025\/10\/images-7.jpeg",225,225,false],"woocommerce_gallery_thumbnail":["https:\/\/wavexia.com\/wp-content\/uploads\/2025\/10\/images-7-100x100.jpeg",100,100,true]},"uagb_author_info":{"display_name":"zineddine.ayoub98@gmail.com","author_link":"https:\/\/wavexia.com\/?author=0"},"uagb_comment_info":0,"uagb_excerpt":"Description Les Chaussettes avec Gel Hydratant Spa Gel offrent un traitement hydratant intensif pour adoucir et hydrater les pieds, les orteils et les talons secs, \u00e9pais, durs et rugueux. Elles sont enrichies en Vitamine E et en huiles min\u00e9rales (huile de jojoba, huile de p\u00e9pins de raisin, huile d\u2019olive, etc.). Les Chaussettes avec Gel Hydratant&hellip;","brands":[],"_links":{"self":[{"href":"https:\/\/wavexia.com\/index.php?rest_route=\/wp\/v2\/product\/3366","targetHints":{"allow":["GET"]}}],"collection":[{"href":"https:\/\/wavexia.com\/index.php?rest_route=\/wp\/v2\/product"}],"about":[{"href":"https:\/\/wavexia.com\/index.php?rest_route=\/wp\/v2\/types\/product"}],"replies":[{"embeddable":true,"href":"https:\/\/wavexia.com\/index.php?rest_route=%2Fwp%2Fv2%2Fcomments&post=3366"}],"wp:featuredmedia":[{"embeddable":true,"href":"https:\/\/wavexia.com\/index.php?rest_route=\/wp\/v2\/media\/3365"}],"wp:attachment":[{"href":"https:\/\/wavexia.com\/index.php?rest_route=%2Fwp%2Fv2%2Fmedia&parent=3366"}],"wp:term":[{"taxonomy":"pwb-brand","embeddable":true,"href":"https:\/\/wavexia.com\/index.php?rest_route=%2Fwp%2Fv2%2Fpwb-brand&post=3366"},{"taxonomy":"product_brand","embeddable":true,"href":"https:\/\/wavexia.com\/index.php?rest_route=%2Fwp%2Fv2%2Fproduct_brand&post=3366"},{"taxonomy":"product_cat","embeddable":true,"href":"https:\/\/wavexia.com\/index.php?rest_route=%2Fwp%2Fv2%2Fproduct_cat&post=3366"},{"taxonomy":"product_tag","embeddable":true,"href":"https:\/\/wavexia.com\/index.php?rest_route=%2Fwp%2Fv2%2Fproduct_tag&post=3366"}],"curies":[{"name":"wp","href":"https:\/\/api.w.org\/{rel}","templated":true}]}}