{"id":3359,"date":"2025-10-18T22:14:57","date_gmt":"2025-10-18T22:14:57","guid":{"rendered":"https:\/\/wavexia.com\/product\/purito-seoul-serum-centella-wonder-releaf-sans-parfum-60ml\/"},"modified":"2026-03-10T07:30:54","modified_gmt":"2026-03-10T07:30:54","slug":"purito-seoul-serum-centella-wonder-releaf-sans-parfum-60ml","status":"publish","type":"product","link":"https:\/\/wavexia.com\/?product=purito-seoul-serum-centella-wonder-releaf-sans-parfum-60ml","title":{"rendered":"Purito S\u00c9OUL \u2013 S\u00e9rum Centella Wonder Releaf sans parfum 60ml"},"content":{"rendered":"<h2>Description<\/h2>\n<div class=\"body-content-wrapper\">\n<p>&nbsp;<\/p>\n<div id=\"shopify-section-template--19900694888797__main\" class=\"shopify-section\">\n<div id=\"ProductSection-template--19900694888797__main\" class=\"product-details product-default\" data-section-id=\"template--19900694888797__main\" data-section-type=\"product\" data-has-combo=\"false\" data-image-opo=\"\">\n<div class=\"productView-bottom\">\n<div class=\"container-1170\">\n<div class=\"tabs-contents tabs-contents-horizontal clearfix halo-text-format\">\n<div id=\"tab-description\" class=\"tab-content is-active\">\n<div id=\"tab-description-mobile\" class=\"toggle-content popup-mobile\" data-product-description-4641941880895=\"\">\n<div class=\"tab-popup-content\">\n<p>Pr\u00e9sentation du s\u00e9rum Centella non parfum\u00e9 Wonder Releaf de Purito SEOUL, anciennement connu sous le nom de s\u00e9rum Centella non parfum\u00e9, d\u00e9sormais reconditionn\u00e9 pour offrir encore plus de bienfaits pour la peau. Enrichi en extrait de cica pour ses propri\u00e9t\u00e9s apaisantes et fortifi\u00e9 en allanto\u00efne et en peptides pour la revitalisation de la peau, ce s\u00e9rum sans parfum convient \u00e0 tous les types de peau, y compris les peaux sensibles. Test\u00e9 cliniquement et adapt\u00e9 aux v\u00e9g\u00e9taliens, il soulage rapidement les irritations et les rougeurs de la peau en une seule application, procurant un confort imm\u00e9diat et des effets apaisants.<\/p>\n<p><strong>Recommand\u00e9 pour :<\/strong>&nbsp;Peaux sensibles, s\u00e8ches, tous types de peau.<\/p>\n<p><strong>Mode d\u2019emploi :<\/strong><\/p>\n<ul>\n<li>Apr\u00e8s avoir nettoy\u00e9 et tonifi\u00e9 votre visage, prenez une petite quantit\u00e9 de s\u00e9rum sur le bout des doigts.<\/li>\n<li>Masser doucement sur la peau en suivant la texture de la peau.<\/li>\n<li>Laissez le s\u00e9rum p\u00e9n\u00e9trer compl\u00e8tement dans votre peau et poursuivez avec votre routine de soins habituelle.<\/li>\n<\/ul>\n<p><strong>Ingr\u00e9dients:<\/strong><\/p>\n<div>Eau, glyc\u00e9rine, dipropyl\u00e8ne glycol, propanediol, extrait de Centella Asiatica, butyl\u00e8ne glycol, niacinamide, 1,2-hexanediol, hyaluronate de sodium, panth\u00e9nol, mad\u00e9cassoside, asiaticoside, acide mad\u00e9cassique, acide asiatique, v\u00e9sicules extracellulaires de cal de Centella Asiatica, allanto\u00efne, t\u00e9trapeptide-7 de palmitoyle, hexapeptide-12 de palmitoyle, tripeptide-1 de palmitoyle, dipeptide-10 de palmitoyle, carbom\u00e8re, laurate de polyglyc\u00e9ryl-10, myristate de polyglyc\u00e9ryl-10, esters de jojoba hydrolys\u00e9s, trom\u00e9thamine, \u00e9thylhexylglyc\u00e9rine, gomme xanthane, glycyrrhizate dipotassique, ad\u00e9nosine, EDTA disodique, st\u00e9arate de saccharose, st\u00e9arate de glyc\u00e9ryle, l\u00e9cithine hydrog\u00e9n\u00e9e, polyglyc\u00e9ryl-10 St\u00e9arate, c\u00e9ramide NP, extrait de feuille de Camellia Sinensis, extrait de Pancratium Maritimum<\/div>\n<\/div>\n<\/div>\n<\/div>\n<\/div>\n<\/div>\n<\/div>\n<\/div>\n<p>&nbsp;<\/p>\n<\/div>\n<div id=\"web-pixels-manager-sandbox-container\" aria-hidden=\"true\" data-shopify-privacy=\"exclude\"><\/div>\n<div id=\"shopify-section-template--19900694888797__product-recommendations\" class=\"shopify-section halo-product-block-sections\">\n<div id=\"halo-recommendations-block-template--19900694888797__product-recommendations\" class=\"halo-block halo-product-block halo-recommendations-block section-block-template--19900694888797__product-recommendations\" data-limit=\"10\" data-layout=\"slider\" data-url=\"\/recommendations\/products?section_id=template--19900694888797__product-recommendations&amp;product_id=4641941880895&amp;limit=10\" data-image-ratio=\"\" data-swipe=\"false\" data-recommendations-block=\"\">\n<div class=\"wrapper-container container\">\n<div class=\"halo-block-header text-center block-title--style1\"><\/div>\n<\/div>\n<\/div>\n<\/div>\n<\/div>\n","protected":false},"excerpt":{"rendered":"<p>Description &nbsp; Pr\u00e9sentation du s\u00e9rum Centella non parfum\u00e9 Wonder Releaf de Purito SEOUL, anciennement connu sous le nom de s\u00e9rum Centella non parfum\u00e9, d\u00e9sormais reconditionn\u00e9 pour offrir encore plus de bienfaits pour la peau. Enrichi en extrait de cica pour ses propri\u00e9t\u00e9s apaisantes et fortifi\u00e9 en allanto\u00efne et en peptides pour la revitalisation de la [&hellip;]<\/p>\n","protected":false},"featured_media":3358,"comment_status":"open","ping_status":"closed","template":"","meta":{"content-type":"","_uag_custom_page_level_css":""},"pwb-brand":[],"product_brand":[],"product_cat":[327,405,338],"product_tag":[],"class_list":{"0":"post-3359","1":"product","2":"type-product","3":"status-publish","4":"has-post-thumbnail","6":"product_cat-hmizat","7":"product_cat-purito-seoul","8":"product_cat-serum-ampoule","10":"first","11":"instock","12":"sale","13":"shipping-taxable","14":"purchasable","15":"product-type-simple"},"aioseo_notices":[],"uagb_featured_image_src":{"full":["https:\/\/wavexia.com\/wp-content\/uploads\/2025\/10\/1_1_94d9a92e-061a-464d-8c5a-c1379694129b.webp",800,800,false],"thumbnail":["https:\/\/wavexia.com\/wp-content\/uploads\/2025\/10\/1_1_94d9a92e-061a-464d-8c5a-c1379694129b-150x150.webp",150,150,true],"medium":["https:\/\/wavexia.com\/wp-content\/uploads\/2025\/10\/1_1_94d9a92e-061a-464d-8c5a-c1379694129b-300x300.webp",300,300,true],"medium_large":["https:\/\/wavexia.com\/wp-content\/uploads\/2025\/10\/1_1_94d9a92e-061a-464d-8c5a-c1379694129b-768x768.webp",768,768,true],"large":["https:\/\/wavexia.com\/wp-content\/uploads\/2025\/10\/1_1_94d9a92e-061a-464d-8c5a-c1379694129b.webp",800,800,false],"1536x1536":["https:\/\/wavexia.com\/wp-content\/uploads\/2025\/10\/1_1_94d9a92e-061a-464d-8c5a-c1379694129b.webp",800,800,false],"2048x2048":["https:\/\/wavexia.com\/wp-content\/uploads\/2025\/10\/1_1_94d9a92e-061a-464d-8c5a-c1379694129b.webp",800,800,false],"woocommerce_archive_thumbnail":["https:\/\/wavexia.com\/wp-content\/uploads\/2025\/10\/1_1_94d9a92e-061a-464d-8c5a-c1379694129b-300x300.webp",300,300,true],"woocommerce_thumbnail":["https:\/\/wavexia.com\/wp-content\/uploads\/2025\/10\/1_1_94d9a92e-061a-464d-8c5a-c1379694129b-300x300.webp",300,300,true],"woocommerce_single":["https:\/\/wavexia.com\/wp-content\/uploads\/2025\/10\/1_1_94d9a92e-061a-464d-8c5a-c1379694129b-600x600.webp",600,600,true],"woocommerce_gallery_thumbnail":["https:\/\/wavexia.com\/wp-content\/uploads\/2025\/10\/1_1_94d9a92e-061a-464d-8c5a-c1379694129b-100x100.webp",100,100,true]},"uagb_author_info":{"display_name":"zineddine.ayoub98@gmail.com","author_link":"https:\/\/wavexia.com\/?author=0"},"uagb_comment_info":0,"uagb_excerpt":"Description &nbsp; Pr\u00e9sentation du s\u00e9rum Centella non parfum\u00e9 Wonder Releaf de Purito SEOUL, anciennement connu sous le nom de s\u00e9rum Centella non parfum\u00e9, d\u00e9sormais reconditionn\u00e9 pour offrir encore plus de bienfaits pour la peau. Enrichi en extrait de cica pour ses propri\u00e9t\u00e9s apaisantes et fortifi\u00e9 en allanto\u00efne et en peptides pour la revitalisation de la&hellip;","brands":[],"_links":{"self":[{"href":"https:\/\/wavexia.com\/index.php?rest_route=\/wp\/v2\/product\/3359","targetHints":{"allow":["GET"]}}],"collection":[{"href":"https:\/\/wavexia.com\/index.php?rest_route=\/wp\/v2\/product"}],"about":[{"href":"https:\/\/wavexia.com\/index.php?rest_route=\/wp\/v2\/types\/product"}],"replies":[{"embeddable":true,"href":"https:\/\/wavexia.com\/index.php?rest_route=%2Fwp%2Fv2%2Fcomments&post=3359"}],"wp:featuredmedia":[{"embeddable":true,"href":"https:\/\/wavexia.com\/index.php?rest_route=\/wp\/v2\/media\/3358"}],"wp:attachment":[{"href":"https:\/\/wavexia.com\/index.php?rest_route=%2Fwp%2Fv2%2Fmedia&parent=3359"}],"wp:term":[{"taxonomy":"pwb-brand","embeddable":true,"href":"https:\/\/wavexia.com\/index.php?rest_route=%2Fwp%2Fv2%2Fpwb-brand&post=3359"},{"taxonomy":"product_brand","embeddable":true,"href":"https:\/\/wavexia.com\/index.php?rest_route=%2Fwp%2Fv2%2Fproduct_brand&post=3359"},{"taxonomy":"product_cat","embeddable":true,"href":"https:\/\/wavexia.com\/index.php?rest_route=%2Fwp%2Fv2%2Fproduct_cat&post=3359"},{"taxonomy":"product_tag","embeddable":true,"href":"https:\/\/wavexia.com\/index.php?rest_route=%2Fwp%2Fv2%2Fproduct_tag&post=3359"}],"curies":[{"name":"wp","href":"https:\/\/api.w.org\/{rel}","templated":true}]}}