{"id":3356,"date":"2025-10-18T22:14:56","date_gmt":"2025-10-18T22:14:56","guid":{"rendered":"https:\/\/wavexia.com\/product\/skin1004-madagascar-centella-tone-brightening-boosting-toner-210ml\/"},"modified":"2026-03-10T07:30:54","modified_gmt":"2026-03-10T07:30:54","slug":"skin1004-madagascar-centella-tone-brightening-boosting-toner-210ml","status":"publish","type":"product","link":"https:\/\/wavexia.com\/?product=skin1004-madagascar-centella-tone-brightening-boosting-toner-210ml","title":{"rendered":"SKIN1004 Madagascar Centella Tone Brightening Boosting Toner 210ml"},"content":{"rendered":"<h2>Description<\/h2>\n<p>Le Madagascar Centella Tone Brightening Boosting Toner SKIN1004 est un tonique fonctionnant en duo qui aide \u00e0 reconstituer l\u2019hydratation et \u00e0 am\u00e9liorer le tonus de la peau. Il est dot\u00e9 de l\u2019ingr\u00e9dient brevet\u00e9 MadeWhite\u2122 extrait de la Centella Asiatica de Madagascar pour un r\u00e9sultat \u00e9claircissant pour la peau. Sa texture aqueuse et sa faible acidit\u00e9 laissent ta peau souple, revitalis\u00e9e et \u00e9clatante de jeunesse.<\/p>\n<p><strong>Conseils d\u2019utilisation :<\/strong><\/p>\n<ul>\n<li>Distribue une quantit\u00e9 de produit suffisante sur un coton.<\/li>\n<li>Passe-le sur l\u2019ensemble de ton visage en suivant ton grain de peau.<\/li>\n<li>Retourne le coton et tapote doucement pour absorber l\u2019exc\u00e9dent de produit.<\/li>\n<\/ul>\n<p><strong>Ingr\u00e9dients :<\/strong><\/p>\n<p>Eau, 1,2-Hexanediol, Niacinamide, Pentyl\u00e8ne Glycol, Butyl\u00e8ne Glycol, Glyc\u00e9rine, Propanediol, Extrait de Centella Asiatica, Gomme Xanthane, Panth\u00e9nol, Allanto\u00efne, B\u00e9ta\u00efne, \u00c9thylhexylglyc\u00e9rine, Xylitylglucoside, Anhydroxylitol, Disodium EDTA, Xylitol, Mad\u00e9cassoside, Glucose, Extrait de Fruit de Carica Papaya (Papaye), Extrait de Fruit de Pyrus Malus (Pomme), Extrait de Fruit de Prunus Mume, Extrait de Fruit de Vitis Vinifera (Raisin), Acide 3-O-\u00c9thyl Ascorbique, Triglyc\u00e9ride Caprylique\/Capric.<\/p>\n","protected":false},"excerpt":{"rendered":"<p>Description Le Madagascar Centella Tone Brightening Boosting Toner SKIN1004 est un tonique fonctionnant en duo qui aide \u00e0 reconstituer l\u2019hydratation et \u00e0 am\u00e9liorer le tonus de la peau. Il est dot\u00e9 de l\u2019ingr\u00e9dient brevet\u00e9 MadeWhite\u2122 extrait de la Centella Asiatica de Madagascar pour un r\u00e9sultat \u00e9claircissant pour la peau. Sa texture aqueuse et sa faible [&hellip;]<\/p>\n","protected":false},"featured_media":3355,"comment_status":"open","ping_status":"closed","template":"","meta":{"content-type":"","_uag_custom_page_level_css":""},"pwb-brand":[],"product_brand":[],"product_cat":[327,334,350,345],"product_tag":[],"class_list":{"0":"post-3356","1":"product","2":"type-product","3":"status-publish","4":"has-post-thumbnail","6":"product_cat-hmizat","7":"product_cat-produits-coreens","8":"product_cat-skin1004","9":"product_cat-toner-pads","11":"first","12":"instock","13":"sale","14":"shipping-taxable","15":"purchasable","16":"product-type-simple"},"aioseo_notices":[],"uagb_featured_image_src":{"full":["https:\/\/wavexia.com\/wp-content\/uploads\/2025\/10\/Product-page-sizes_cdf9f88a-b67f-4b94-b998-af7431ad2ace.webp",800,800,false],"thumbnail":["https:\/\/wavexia.com\/wp-content\/uploads\/2025\/10\/Product-page-sizes_cdf9f88a-b67f-4b94-b998-af7431ad2ace-150x150.webp",150,150,true],"medium":["https:\/\/wavexia.com\/wp-content\/uploads\/2025\/10\/Product-page-sizes_cdf9f88a-b67f-4b94-b998-af7431ad2ace-300x300.webp",300,300,true],"medium_large":["https:\/\/wavexia.com\/wp-content\/uploads\/2025\/10\/Product-page-sizes_cdf9f88a-b67f-4b94-b998-af7431ad2ace-768x768.webp",768,768,true],"large":["https:\/\/wavexia.com\/wp-content\/uploads\/2025\/10\/Product-page-sizes_cdf9f88a-b67f-4b94-b998-af7431ad2ace.webp",800,800,false],"1536x1536":["https:\/\/wavexia.com\/wp-content\/uploads\/2025\/10\/Product-page-sizes_cdf9f88a-b67f-4b94-b998-af7431ad2ace.webp",800,800,false],"2048x2048":["https:\/\/wavexia.com\/wp-content\/uploads\/2025\/10\/Product-page-sizes_cdf9f88a-b67f-4b94-b998-af7431ad2ace.webp",800,800,false],"woocommerce_archive_thumbnail":["https:\/\/wavexia.com\/wp-content\/uploads\/2025\/10\/Product-page-sizes_cdf9f88a-b67f-4b94-b998-af7431ad2ace-300x300.webp",300,300,true],"woocommerce_thumbnail":["https:\/\/wavexia.com\/wp-content\/uploads\/2025\/10\/Product-page-sizes_cdf9f88a-b67f-4b94-b998-af7431ad2ace-300x300.webp",300,300,true],"woocommerce_single":["https:\/\/wavexia.com\/wp-content\/uploads\/2025\/10\/Product-page-sizes_cdf9f88a-b67f-4b94-b998-af7431ad2ace-600x600.webp",600,600,true],"woocommerce_gallery_thumbnail":["https:\/\/wavexia.com\/wp-content\/uploads\/2025\/10\/Product-page-sizes_cdf9f88a-b67f-4b94-b998-af7431ad2ace-100x100.webp",100,100,true]},"uagb_author_info":{"display_name":"zineddine.ayoub98@gmail.com","author_link":"https:\/\/wavexia.com\/?author=0"},"uagb_comment_info":0,"uagb_excerpt":"Description Le Madagascar Centella Tone Brightening Boosting Toner SKIN1004 est un tonique fonctionnant en duo qui aide \u00e0 reconstituer l\u2019hydratation et \u00e0 am\u00e9liorer le tonus de la peau. Il est dot\u00e9 de l\u2019ingr\u00e9dient brevet\u00e9 MadeWhite\u2122 extrait de la Centella Asiatica de Madagascar pour un r\u00e9sultat \u00e9claircissant pour la peau. Sa texture aqueuse et sa faible&hellip;","brands":[],"_links":{"self":[{"href":"https:\/\/wavexia.com\/index.php?rest_route=\/wp\/v2\/product\/3356","targetHints":{"allow":["GET"]}}],"collection":[{"href":"https:\/\/wavexia.com\/index.php?rest_route=\/wp\/v2\/product"}],"about":[{"href":"https:\/\/wavexia.com\/index.php?rest_route=\/wp\/v2\/types\/product"}],"replies":[{"embeddable":true,"href":"https:\/\/wavexia.com\/index.php?rest_route=%2Fwp%2Fv2%2Fcomments&post=3356"}],"wp:featuredmedia":[{"embeddable":true,"href":"https:\/\/wavexia.com\/index.php?rest_route=\/wp\/v2\/media\/3355"}],"wp:attachment":[{"href":"https:\/\/wavexia.com\/index.php?rest_route=%2Fwp%2Fv2%2Fmedia&parent=3356"}],"wp:term":[{"taxonomy":"pwb-brand","embeddable":true,"href":"https:\/\/wavexia.com\/index.php?rest_route=%2Fwp%2Fv2%2Fpwb-brand&post=3356"},{"taxonomy":"product_brand","embeddable":true,"href":"https:\/\/wavexia.com\/index.php?rest_route=%2Fwp%2Fv2%2Fproduct_brand&post=3356"},{"taxonomy":"product_cat","embeddable":true,"href":"https:\/\/wavexia.com\/index.php?rest_route=%2Fwp%2Fv2%2Fproduct_cat&post=3356"},{"taxonomy":"product_tag","embeddable":true,"href":"https:\/\/wavexia.com\/index.php?rest_route=%2Fwp%2Fv2%2Fproduct_tag&post=3356"}],"curies":[{"name":"wp","href":"https:\/\/api.w.org\/{rel}","templated":true}]}}