{"id":3350,"date":"2025-10-18T22:14:52","date_gmt":"2025-10-18T22:14:52","guid":{"rendered":"https:\/\/wavexia.com\/product\/anua-azelaic-acid-10-hyaluron-redness-soothing-serum\/"},"modified":"2026-03-10T07:30:54","modified_gmt":"2026-03-10T07:30:54","slug":"anua-azelaic-acid-10-hyaluron-redness-soothing-serum","status":"publish","type":"product","link":"https:\/\/wavexia.com\/?product=anua-azelaic-acid-10-hyaluron-redness-soothing-serum","title":{"rendered":"Anua Azelaic Acid 10 Hyaluron Redness Soothing Serum"},"content":{"rendered":"<h2>Description<\/h2>\n<p>Ce s\u00e9rum l\u00e9ger traite les probl\u00e8mes de peau comme l\u2019acn\u00e9 et la rosac\u00e9e, gr\u00e2ce \u00e0 sa formule riche en ingr\u00e9dients calmants tels que l\u2019acide az\u00e9la\u00efque, le panth\u00e9nol, le jus d\u2019alo\u00e8s et l\u2019extrait de centella. La niacinamide dans le m\u00e9lange aide \u00e0 estomper l\u2019hyperpigmentation, tandis que l\u2019acide hyaluronique offre une hydratation longue dur\u00e9e.<\/p>\n<div class=\"product-info__block-item\" data-block-type=\"text\">\n<div class=\"prose\">\n<p><strong>Type de<br \/>peau<\/strong>Sensible, sujet \u00e0 l\u2019acn\u00e9<\/p>\n<\/div>\n<div class=\"product-info__block-item\" data-block-type=\"text\">\n<div class=\"prose\">\n<p><strong>Avantages<br \/><\/strong>Faible irritation, apaise les rougeurs et les zones<br \/>\u00e0 probl\u00e8mes*Rougeur due \u00e0 la s\u00e9cheresse, non associ\u00e9e \u00e0 une maladie<\/p>\n<p class=\"h1\"><strong>Comment postuler<\/strong><\/p>\n<div>\n<p><strong>01&nbsp;<\/strong>Commencez par 1 \u00e0 2 gouttes par utilisation pour commencer par augmenter progressivement jusqu\u2019\u00e0 jusqu\u2019\u00e0 5 gouttes.<br \/><strong>02<\/strong>&nbsp;Commencez par utiliser 1 \u00e0 2 fois par semaine. Au fil du temps, augmentez progressivement l\u2019utilisation deux fois par jour.<br \/><strong>03<\/strong>&nbsp;Peut \u00eatre utilis\u00e9 le matin et le soir.<br \/><strong>04<\/strong>&nbsp;Utilisez un \u00e9cran solaire dans la routine matinale.<br \/><strong>05&nbsp;<\/strong>Appliquez une quantit\u00e9 ad\u00e9quate entre un toner et une cr\u00e8me hydratante.<\/p>\n<\/div>\n<h5 class=\"accordion_title__igE6o MuiBox-root mui-0\" aria-expanded=\"true\" aria-controls=\":R7a78j9uuuurfb:\">Ingr\u00e9dients principaux<\/h5>\n<div id=\":R7a78j9uuuurfb:\" role=\"region\">\n<div class=\"productDetailPage_accordionContent__tZh8X\">Eau, acide az\u00e9la\u00efque, propyl\u00e8ne glycol, hydroxyde de sodium, dipropyl\u00e8ne glycol, 1,2-hexanediol, panth\u00e9nol, hydroxy\u00e9thylcellulose, salicylate de b\u00e9ta\u00efne, glyc\u00e9rine, gomme de biosaccharide-1, \u00e9thylhexylglyc\u00e9rine, allanto\u00efne, glycyrrhizate dipotassique, extrait de feuille de Melia Azadirachta, eau de feuille de Camellia Sinensis, hyaluronate de sodium, extrait de fleur de Melia Azadirachta, niacinamide, jus de feuille d\u2019Aloe Barbadensis, b\u00eata-glucane, extrait de Centella Asiatica, extrait de feuille de Centella Asiatica, extrait de racine de Centella Asiatica, Mad\u00e9cassoside, Asiaticoside, Acide asiatique, Acide mad\u00e9cassique, Squalane Zinc Pca, Butyl\u00e8ne Glycol, Pentyl\u00e8ne Glycol, Caprylyl\/Capryl Glucoside, L\u00e9cithine hydrog\u00e9n\u00e9e, C\u00e9ramide NP<\/div>\n<\/div>\n<\/div>\n<\/div>\n<\/div>\n","protected":false},"excerpt":{"rendered":"<p>Description Ce s\u00e9rum l\u00e9ger traite les probl\u00e8mes de peau comme l\u2019acn\u00e9 et la rosac\u00e9e, gr\u00e2ce \u00e0 sa formule riche en ingr\u00e9dients calmants tels que l\u2019acide az\u00e9la\u00efque, le panth\u00e9nol, le jus d\u2019alo\u00e8s et l\u2019extrait de centella. La niacinamide dans le m\u00e9lange aide \u00e0 estomper l\u2019hyperpigmentation, tandis que l\u2019acide hyaluronique offre une hydratation longue dur\u00e9e. Type depeauSensible, [&hellip;]<\/p>\n","protected":false},"featured_media":3349,"comment_status":"open","ping_status":"closed","template":"","meta":{"content-type":"","_uag_custom_page_level_css":""},"pwb-brand":[],"product_brand":[],"product_cat":[344,327,334,338],"product_tag":[],"class_list":{"0":"post-3350","1":"product","2":"type-product","3":"status-publish","4":"has-post-thumbnail","6":"product_cat-anua","7":"product_cat-hmizat","8":"product_cat-produits-coreens","9":"product_cat-serum-ampoule","11":"first","12":"instock","13":"sale","14":"shipping-taxable","15":"purchasable","16":"product-type-simple"},"aioseo_notices":[],"uagb_featured_image_src":{"full":["https:\/\/wavexia.com\/wp-content\/uploads\/2025\/10\/51nR7ndiTZL.jpg",1200,1200,false],"thumbnail":["https:\/\/wavexia.com\/wp-content\/uploads\/2025\/10\/51nR7ndiTZL-150x150.jpg",150,150,true],"medium":["https:\/\/wavexia.com\/wp-content\/uploads\/2025\/10\/51nR7ndiTZL-300x300.jpg",300,300,true],"medium_large":["https:\/\/wavexia.com\/wp-content\/uploads\/2025\/10\/51nR7ndiTZL-768x768.jpg",768,768,true],"large":["https:\/\/wavexia.com\/wp-content\/uploads\/2025\/10\/51nR7ndiTZL-1024x1024.jpg",1024,1024,true],"1536x1536":["https:\/\/wavexia.com\/wp-content\/uploads\/2025\/10\/51nR7ndiTZL.jpg",1200,1200,false],"2048x2048":["https:\/\/wavexia.com\/wp-content\/uploads\/2025\/10\/51nR7ndiTZL.jpg",1200,1200,false],"woocommerce_archive_thumbnail":["https:\/\/wavexia.com\/wp-content\/uploads\/2025\/10\/51nR7ndiTZL-300x300.jpg",300,300,true],"woocommerce_thumbnail":["https:\/\/wavexia.com\/wp-content\/uploads\/2025\/10\/51nR7ndiTZL-300x300.jpg",300,300,true],"woocommerce_single":["https:\/\/wavexia.com\/wp-content\/uploads\/2025\/10\/51nR7ndiTZL-600x600.jpg",600,600,true],"woocommerce_gallery_thumbnail":["https:\/\/wavexia.com\/wp-content\/uploads\/2025\/10\/51nR7ndiTZL-100x100.jpg",100,100,true]},"uagb_author_info":{"display_name":"zineddine.ayoub98@gmail.com","author_link":"https:\/\/wavexia.com\/?author=0"},"uagb_comment_info":0,"uagb_excerpt":"Description Ce s\u00e9rum l\u00e9ger traite les probl\u00e8mes de peau comme l\u2019acn\u00e9 et la rosac\u00e9e, gr\u00e2ce \u00e0 sa formule riche en ingr\u00e9dients calmants tels que l\u2019acide az\u00e9la\u00efque, le panth\u00e9nol, le jus d\u2019alo\u00e8s et l\u2019extrait de centella. La niacinamide dans le m\u00e9lange aide \u00e0 estomper l\u2019hyperpigmentation, tandis que l\u2019acide hyaluronique offre une hydratation longue dur\u00e9e. Type depeauSensible,&hellip;","brands":[],"_links":{"self":[{"href":"https:\/\/wavexia.com\/index.php?rest_route=\/wp\/v2\/product\/3350","targetHints":{"allow":["GET"]}}],"collection":[{"href":"https:\/\/wavexia.com\/index.php?rest_route=\/wp\/v2\/product"}],"about":[{"href":"https:\/\/wavexia.com\/index.php?rest_route=\/wp\/v2\/types\/product"}],"replies":[{"embeddable":true,"href":"https:\/\/wavexia.com\/index.php?rest_route=%2Fwp%2Fv2%2Fcomments&post=3350"}],"wp:featuredmedia":[{"embeddable":true,"href":"https:\/\/wavexia.com\/index.php?rest_route=\/wp\/v2\/media\/3349"}],"wp:attachment":[{"href":"https:\/\/wavexia.com\/index.php?rest_route=%2Fwp%2Fv2%2Fmedia&parent=3350"}],"wp:term":[{"taxonomy":"pwb-brand","embeddable":true,"href":"https:\/\/wavexia.com\/index.php?rest_route=%2Fwp%2Fv2%2Fpwb-brand&post=3350"},{"taxonomy":"product_brand","embeddable":true,"href":"https:\/\/wavexia.com\/index.php?rest_route=%2Fwp%2Fv2%2Fproduct_brand&post=3350"},{"taxonomy":"product_cat","embeddable":true,"href":"https:\/\/wavexia.com\/index.php?rest_route=%2Fwp%2Fv2%2Fproduct_cat&post=3350"},{"taxonomy":"product_tag","embeddable":true,"href":"https:\/\/wavexia.com\/index.php?rest_route=%2Fwp%2Fv2%2Fproduct_tag&post=3350"}],"curies":[{"name":"wp","href":"https:\/\/api.w.org\/{rel}","templated":true}]}}