{"id":3346,"date":"2025-10-18T22:14:44","date_gmt":"2025-10-18T22:14:44","guid":{"rendered":"https:\/\/wavexia.com\/product\/medicube-pdrn-pink-peptide-serum\/"},"modified":"2026-03-10T07:30:54","modified_gmt":"2026-03-10T07:30:54","slug":"medicube-pdrn-pink-peptide-serum","status":"publish","type":"product","link":"https:\/\/wavexia.com\/?product=medicube-pdrn-pink-peptide-serum","title":{"rendered":"Medicube PDRN Pink Peptide Serum"},"content":{"rendered":"<h2>Description<\/h2>\n<section>\n<div>\n<p><strong>Medicube PDRN Pink Peptide Serum<\/strong>&nbsp;\u2013 s\u00e9rum enrichi en&nbsp;<strong>PDRN (ADN sodique)<\/strong>&nbsp;et en complexe&nbsp;<strong>peptidique<\/strong>&nbsp;favorise la r\u00e9g\u00e9n\u00e9ration de la peau, am\u00e9liore son \u00e9lasticit\u00e9 et lui donne une apparence saine et \u00e9clatante. Id\u00e9al pour les peaux matures et fatigu\u00e9es qui ont besoin de renouvellement et d\u2019hydratation. Le s\u00e9rum a une texture l\u00e9g\u00e8re qui p\u00e9n\u00e8tre rapidement, tout en hydratant intens\u00e9ment la peau et en la laissant douce et souple.<\/p>\n<p>Il favorise le renouvellement cellulaire naturel, r\u00e9duit les rides et ridules et augmente la fermet\u00e9 de la peau. De plus, il renforce sa barri\u00e8re protectrice et prot\u00e8ge contre les influences environnementales n\u00e9fastes.<\/p>\n<h5>Principaux ingr\u00e9dients actifs :<\/h5>\n<ul>\n<li><strong>PDRN (ADN sodique) :<\/strong>&nbsp;Stimule la r\u00e9g\u00e9n\u00e9ration de la peau, favorise le renouvellement cellulaire et am\u00e9liore la structure cellulaire.<\/li>\n<li><strong>Complexe peptidique (palmitoyl pentapeptide-4, palmitoyl tripeptide-1, palmitoyl tetrapeptide-7, copper tripeptide-1, ac\u00e9tyl hexapeptide-8) :<\/strong>&nbsp;raffermit la peau, r\u00e9duit les rides et augmente son \u00e9lasticit\u00e9.<\/li>\n<li><strong>Acide hyaluronique<\/strong>&nbsp;: Hydrate intens\u00e9ment, retient l\u2019humidit\u00e9 et am\u00e9liore l\u2019\u00e9lasticit\u00e9 de la peau.<\/li>\n<li><strong>Extrait d\u2019\u0153uf de saumon<\/strong>&nbsp;: Riche en prot\u00e9ines et en nutriments qui favorisent le renouvellement et la r\u00e9cup\u00e9ration.<\/li>\n<li><strong>Extrait de lait et collag\u00e8ne hydrolys\u00e9<\/strong>&nbsp;: Nourrit et renforce la barri\u00e8re protectrice de la peau, adoucit et am\u00e9liore sa texture.<\/li>\n<li><strong>Ubiquinone (CoQ10) :<\/strong>&nbsp;Un puissant antioxydant qui prot\u00e8ge la peau des dommages caus\u00e9s par les radicaux libres et am\u00e9liore sa vitalit\u00e9.<\/li>\n<li><strong>Extrait de curcuma et Corallina officinalis<\/strong>&nbsp;: Apaisent et prot\u00e8gent la peau des irritations et des influences ext\u00e9rieures.<\/li>\n<\/ul>\n<div><\/div>\n<div>\n<h5><\/h5>\n<\/div>\n<\/section>\n<div>\n<div id=\":R7a78j9uuuurfb:\" role=\"region\">\n<div class=\"productDetailPage_accordionContent__tZh8X\">\n<p class=\"grey-text\">\n<\/div>\n<\/div>\n<\/div>\n<\/div>\n","protected":false},"excerpt":{"rendered":"<p>Description Medicube PDRN Pink Peptide Serum&nbsp;\u2013 s\u00e9rum enrichi en&nbsp;PDRN (ADN sodique)&nbsp;et en complexe&nbsp;peptidique&nbsp;favorise la r\u00e9g\u00e9n\u00e9ration de la peau, am\u00e9liore son \u00e9lasticit\u00e9 et lui donne une apparence saine et \u00e9clatante. Id\u00e9al pour les peaux matures et fatigu\u00e9es qui ont besoin de renouvellement et d\u2019hydratation. Le s\u00e9rum a une texture l\u00e9g\u00e8re qui p\u00e9n\u00e8tre rapidement, tout en hydratant [&hellip;]<\/p>\n","protected":false},"featured_media":3345,"comment_status":"open","ping_status":"closed","template":"","meta":{"content-type":"","_uag_custom_page_level_css":""},"pwb-brand":[],"product_brand":[],"product_cat":[327,349,339,334,338],"product_tag":[],"class_list":{"0":"post-3346","1":"product","2":"type-product","3":"status-publish","4":"has-post-thumbnail","6":"product_cat-hmizat","7":"product_cat-medicube","8":"product_cat-meilleures-ventes","9":"product_cat-produits-coreens","10":"product_cat-serum-ampoule","12":"first","13":"instock","14":"sale","15":"shipping-taxable","16":"purchasable","17":"product-type-simple"},"aioseo_notices":[],"uagb_featured_image_src":{"full":["https:\/\/wavexia.com\/wp-content\/uploads\/2025\/10\/c6f60cc4dca1457f244ae984c5cf5c25.webp",990,990,false],"thumbnail":["https:\/\/wavexia.com\/wp-content\/uploads\/2025\/10\/c6f60cc4dca1457f244ae984c5cf5c25-150x150.webp",150,150,true],"medium":["https:\/\/wavexia.com\/wp-content\/uploads\/2025\/10\/c6f60cc4dca1457f244ae984c5cf5c25-300x300.webp",300,300,true],"medium_large":["https:\/\/wavexia.com\/wp-content\/uploads\/2025\/10\/c6f60cc4dca1457f244ae984c5cf5c25-768x768.webp",768,768,true],"large":["https:\/\/wavexia.com\/wp-content\/uploads\/2025\/10\/c6f60cc4dca1457f244ae984c5cf5c25.webp",990,990,false],"1536x1536":["https:\/\/wavexia.com\/wp-content\/uploads\/2025\/10\/c6f60cc4dca1457f244ae984c5cf5c25.webp",990,990,false],"2048x2048":["https:\/\/wavexia.com\/wp-content\/uploads\/2025\/10\/c6f60cc4dca1457f244ae984c5cf5c25.webp",990,990,false],"woocommerce_archive_thumbnail":["https:\/\/wavexia.com\/wp-content\/uploads\/2025\/10\/c6f60cc4dca1457f244ae984c5cf5c25-300x300.webp",300,300,true],"woocommerce_thumbnail":["https:\/\/wavexia.com\/wp-content\/uploads\/2025\/10\/c6f60cc4dca1457f244ae984c5cf5c25-300x300.webp",300,300,true],"woocommerce_single":["https:\/\/wavexia.com\/wp-content\/uploads\/2025\/10\/c6f60cc4dca1457f244ae984c5cf5c25-600x600.webp",600,600,true],"woocommerce_gallery_thumbnail":["https:\/\/wavexia.com\/wp-content\/uploads\/2025\/10\/c6f60cc4dca1457f244ae984c5cf5c25-100x100.webp",100,100,true]},"uagb_author_info":{"display_name":"zineddine.ayoub98@gmail.com","author_link":"https:\/\/wavexia.com\/?author=0"},"uagb_comment_info":0,"uagb_excerpt":"Description Medicube PDRN Pink Peptide Serum&nbsp;\u2013 s\u00e9rum enrichi en&nbsp;PDRN (ADN sodique)&nbsp;et en complexe&nbsp;peptidique&nbsp;favorise la r\u00e9g\u00e9n\u00e9ration de la peau, am\u00e9liore son \u00e9lasticit\u00e9 et lui donne une apparence saine et \u00e9clatante. Id\u00e9al pour les peaux matures et fatigu\u00e9es qui ont besoin de renouvellement et d\u2019hydratation. Le s\u00e9rum a une texture l\u00e9g\u00e8re qui p\u00e9n\u00e8tre rapidement, tout en hydratant&hellip;","brands":[],"_links":{"self":[{"href":"https:\/\/wavexia.com\/index.php?rest_route=\/wp\/v2\/product\/3346","targetHints":{"allow":["GET"]}}],"collection":[{"href":"https:\/\/wavexia.com\/index.php?rest_route=\/wp\/v2\/product"}],"about":[{"href":"https:\/\/wavexia.com\/index.php?rest_route=\/wp\/v2\/types\/product"}],"replies":[{"embeddable":true,"href":"https:\/\/wavexia.com\/index.php?rest_route=%2Fwp%2Fv2%2Fcomments&post=3346"}],"wp:featuredmedia":[{"embeddable":true,"href":"https:\/\/wavexia.com\/index.php?rest_route=\/wp\/v2\/media\/3345"}],"wp:attachment":[{"href":"https:\/\/wavexia.com\/index.php?rest_route=%2Fwp%2Fv2%2Fmedia&parent=3346"}],"wp:term":[{"taxonomy":"pwb-brand","embeddable":true,"href":"https:\/\/wavexia.com\/index.php?rest_route=%2Fwp%2Fv2%2Fpwb-brand&post=3346"},{"taxonomy":"product_brand","embeddable":true,"href":"https:\/\/wavexia.com\/index.php?rest_route=%2Fwp%2Fv2%2Fproduct_brand&post=3346"},{"taxonomy":"product_cat","embeddable":true,"href":"https:\/\/wavexia.com\/index.php?rest_route=%2Fwp%2Fv2%2Fproduct_cat&post=3346"},{"taxonomy":"product_tag","embeddable":true,"href":"https:\/\/wavexia.com\/index.php?rest_route=%2Fwp%2Fv2%2Fproduct_tag&post=3346"}],"curies":[{"name":"wp","href":"https:\/\/api.w.org\/{rel}","templated":true}]}}