{"id":3339,"date":"2025-10-18T22:14:40","date_gmt":"2025-10-18T22:14:40","guid":{"rendered":"https:\/\/wavexia.com\/product\/medicube-deep-vita-c-capsule-cream\/"},"modified":"2026-03-10T07:30:54","modified_gmt":"2026-03-10T07:30:54","slug":"medicube-deep-vita-c-capsule-cream","status":"publish","type":"product","link":"https:\/\/wavexia.com\/?product=medicube-deep-vita-c-capsule-cream","title":{"rendered":"Medicube Deep Vita C Capsule Cream"},"content":{"rendered":"<h2>Description<\/h2>\n<p>Obtenez un teint radieux et uniforme avec la cr\u00e8me g\u00e9lule Medicube Deep Vita C, une formule \u00e9claircissante puissante infus\u00e9e de 500 000 ppm d\u2019eau d\u2019arbre \u00e0 vitamines, de g\u00e9lules de vitamine C et de cinq d\u00e9riv\u00e9s de vitamine C.<\/p>\n<p>Con\u00e7ue pour estomper les taches brunes, affiner la texture et stimuler l\u2019\u00e9lasticit\u00e9, cette cr\u00e8me offre un effet hydratant et rehausseur d\u2019\u00e9clat pour une peau visiblement plus lumineuse. Sa technologie personnalisable Mark-Blast Mix vous permet d\u2019adapter le rapport capsule\/gel pour une absorption optimale, assurant une application stable et apaisante.<\/p>\n<p><strong>Recommand\u00e9 pour :&nbsp;<\/strong>Hyperpigmentation, Peaux normales, s\u00e8ches et mixtes.<\/p>\n<p><strong>Mode d\u2019emploi :<\/strong><\/p>\n<ul>\n<li>M\u00e9langez la capsule de vitamine et le gel transparent dans un rapport adapt\u00e9 \u00e0 votre type de peau.<\/li>\n<li>Pour une sensation de l\u00e9g\u00e8ret\u00e9, augmentez le rapport du gel, tandis que pour plus d\u2019hydratation et d\u2019\u00e9lasticit\u00e9, augmentez le rapport de la capsule.<\/li>\n<li>Appliquer le m\u00e9lange matin et soir sur le visage et le cou, apr\u00e8s le s\u00e9rum.<\/li>\n<\/ul>\n<p><strong>Ingr\u00e9dients:<\/strong><\/p>\n<p>Eau d\u2019Hippophae Rhamnoides, Butyl\u00e8ne Glycol, 1,2-Hexanediol, Glyc\u00e9rine, Eau, Niacinamide, M\u00e9thylpropanediol, Propanediol, Dipropyl\u00e8ne Glycol, Triglyc\u00e9ride Caprylique\/Caprique, Glyc\u00e9reth-26, Palmitate d\u2019\u00e9thylhexyle, Alcool c\u00e9t\u00e9arylique, Arginine, Olivate de c\u00e9t\u00e9aryle, Olivate de sorbitan, Copolym\u00e8re d\u2019acryloyldim\u00e9thyltaurate\/VP d\u2019ammonium, Huile de graines d\u2019Helianthus Annuus, Huile de Glycine Soja, Huile de graines de Bixa Orellana, Tocoph\u00e9rol, Polyglyc\u00e9ryl-10 Laurate, Sim\u00e9thicone, Carbom\u00e8re, \u00c9thylhexylglyc\u00e9rine, L\u00e9cithine hydrog\u00e9n\u00e9e, St\u00e9arate de polyglyc\u00e9ryl-10, panth\u00e9nol, phosphate d\u2019ascorbyle de sodium, acide folique, pyridoxine, biotine, cyanocobalamine, HCl de thiamine, b\u00eata-carot\u00e8ne, riboflavine, acide linol\u00e9ique, polyacrylate-13, polyisobut\u00e8ne, polysorbate 20, isost\u00e9arate de sorbitan, ad\u00e9nosine, parfum, EDTA disodique, st\u00e9arate de glyc\u00e9ryle, gomme de scl\u00e9rote hydrolys\u00e9e, gluconolactone, hyaluronate de sodium, hyaluronate d\u2019ascorbyle propyle, alpha-arbutine, pentyl\u00e8ne glycol, acide hydroxyph\u00e9nyl propamidobenzo\u00efque, palmitate d\u2019ascorbyle, ubiquinone, f\u00e9rulique acide, acide 3-O-\u00e9thyl ascorbique, glucoside d\u2019ascorbyle, rutine, acide hydroxycinnamique, bisabolol, acide ascorbique<\/p>\n","protected":false},"excerpt":{"rendered":"<p>Description Obtenez un teint radieux et uniforme avec la cr\u00e8me g\u00e9lule Medicube Deep Vita C, une formule \u00e9claircissante puissante infus\u00e9e de 500 000 ppm d\u2019eau d\u2019arbre \u00e0 vitamines, de g\u00e9lules de vitamine C et de cinq d\u00e9riv\u00e9s de vitamine C. Con\u00e7ue pour estomper les taches brunes, affiner la texture et stimuler l\u2019\u00e9lasticit\u00e9, cette cr\u00e8me offre [&hellip;]<\/p>\n","protected":false},"featured_media":3338,"comment_status":"open","ping_status":"closed","template":"","meta":{"content-type":"","_uag_custom_page_level_css":""},"pwb-brand":[],"product_brand":[],"product_cat":[324,327,349,334,387],"product_tag":[],"class_list":{"0":"post-3339","1":"product","2":"type-product","3":"status-publish","4":"has-post-thumbnail","6":"product_cat-creme","7":"product_cat-hmizat","8":"product_cat-medicube","9":"product_cat-produits-coreens","10":"product_cat-vitamin-c","12":"first","13":"instock","14":"sale","15":"shipping-taxable","16":"purchasable","17":"product-type-simple"},"aioseo_notices":[],"uagb_featured_image_src":{"full":["https:\/\/wavexia.com\/wp-content\/uploads\/2025\/10\/Product-page-sizes_4738db2f-535e-4e66-9f61-1dad5937c815.webp",800,800,false],"thumbnail":["https:\/\/wavexia.com\/wp-content\/uploads\/2025\/10\/Product-page-sizes_4738db2f-535e-4e66-9f61-1dad5937c815-150x150.webp",150,150,true],"medium":["https:\/\/wavexia.com\/wp-content\/uploads\/2025\/10\/Product-page-sizes_4738db2f-535e-4e66-9f61-1dad5937c815-300x300.webp",300,300,true],"medium_large":["https:\/\/wavexia.com\/wp-content\/uploads\/2025\/10\/Product-page-sizes_4738db2f-535e-4e66-9f61-1dad5937c815-768x768.webp",768,768,true],"large":["https:\/\/wavexia.com\/wp-content\/uploads\/2025\/10\/Product-page-sizes_4738db2f-535e-4e66-9f61-1dad5937c815.webp",800,800,false],"1536x1536":["https:\/\/wavexia.com\/wp-content\/uploads\/2025\/10\/Product-page-sizes_4738db2f-535e-4e66-9f61-1dad5937c815.webp",800,800,false],"2048x2048":["https:\/\/wavexia.com\/wp-content\/uploads\/2025\/10\/Product-page-sizes_4738db2f-535e-4e66-9f61-1dad5937c815.webp",800,800,false],"woocommerce_archive_thumbnail":["https:\/\/wavexia.com\/wp-content\/uploads\/2025\/10\/Product-page-sizes_4738db2f-535e-4e66-9f61-1dad5937c815-300x300.webp",300,300,true],"woocommerce_thumbnail":["https:\/\/wavexia.com\/wp-content\/uploads\/2025\/10\/Product-page-sizes_4738db2f-535e-4e66-9f61-1dad5937c815-300x300.webp",300,300,true],"woocommerce_single":["https:\/\/wavexia.com\/wp-content\/uploads\/2025\/10\/Product-page-sizes_4738db2f-535e-4e66-9f61-1dad5937c815-600x600.webp",600,600,true],"woocommerce_gallery_thumbnail":["https:\/\/wavexia.com\/wp-content\/uploads\/2025\/10\/Product-page-sizes_4738db2f-535e-4e66-9f61-1dad5937c815-100x100.webp",100,100,true]},"uagb_author_info":{"display_name":"zineddine.ayoub98@gmail.com","author_link":"https:\/\/wavexia.com\/?author=0"},"uagb_comment_info":0,"uagb_excerpt":"Description Obtenez un teint radieux et uniforme avec la cr\u00e8me g\u00e9lule Medicube Deep Vita C, une formule \u00e9claircissante puissante infus\u00e9e de 500 000 ppm d\u2019eau d\u2019arbre \u00e0 vitamines, de g\u00e9lules de vitamine C et de cinq d\u00e9riv\u00e9s de vitamine C. Con\u00e7ue pour estomper les taches brunes, affiner la texture et stimuler l\u2019\u00e9lasticit\u00e9, cette cr\u00e8me offre&hellip;","brands":[],"_links":{"self":[{"href":"https:\/\/wavexia.com\/index.php?rest_route=\/wp\/v2\/product\/3339","targetHints":{"allow":["GET"]}}],"collection":[{"href":"https:\/\/wavexia.com\/index.php?rest_route=\/wp\/v2\/product"}],"about":[{"href":"https:\/\/wavexia.com\/index.php?rest_route=\/wp\/v2\/types\/product"}],"replies":[{"embeddable":true,"href":"https:\/\/wavexia.com\/index.php?rest_route=%2Fwp%2Fv2%2Fcomments&post=3339"}],"wp:featuredmedia":[{"embeddable":true,"href":"https:\/\/wavexia.com\/index.php?rest_route=\/wp\/v2\/media\/3338"}],"wp:attachment":[{"href":"https:\/\/wavexia.com\/index.php?rest_route=%2Fwp%2Fv2%2Fmedia&parent=3339"}],"wp:term":[{"taxonomy":"pwb-brand","embeddable":true,"href":"https:\/\/wavexia.com\/index.php?rest_route=%2Fwp%2Fv2%2Fpwb-brand&post=3339"},{"taxonomy":"product_brand","embeddable":true,"href":"https:\/\/wavexia.com\/index.php?rest_route=%2Fwp%2Fv2%2Fproduct_brand&post=3339"},{"taxonomy":"product_cat","embeddable":true,"href":"https:\/\/wavexia.com\/index.php?rest_route=%2Fwp%2Fv2%2Fproduct_cat&post=3339"},{"taxonomy":"product_tag","embeddable":true,"href":"https:\/\/wavexia.com\/index.php?rest_route=%2Fwp%2Fv2%2Fproduct_tag&post=3339"}],"curies":[{"name":"wp","href":"https:\/\/api.w.org\/{rel}","templated":true}]}}