{"id":3335,"date":"2025-10-18T22:14:37","date_gmt":"2025-10-18T22:14:37","guid":{"rendered":"https:\/\/wavexia.com\/product\/medicube-red-acne-succinic-acid-peel-40g\/"},"modified":"2026-03-10T07:30:54","modified_gmt":"2026-03-10T07:30:54","slug":"medicube-red-acne-succinic-acid-peel-40g","status":"publish","type":"product","link":"https:\/\/wavexia.com\/?product=medicube-red-acne-succinic-acid-peel-40g","title":{"rendered":"MEDICUBE Red Acne Succinic Acid Peel 40g"},"content":{"rendered":"<h2>Description<\/h2>\n<div align=\"left\">Juste 1 minute, dans votre routine de nettoyage matin et soir. Au moment o\u00f9 vous le rincez, les peaux mortes, le s\u00e9bum et les bact\u00e9ries responsables de l\u2019acn\u00e9 sont emport\u00e9s. L\u2019acide succinique, un ingr\u00e9dient naturel extrait de l\u2019ambre et d\u2019un complexe acide hautement concentr\u00e9, nettoie les impuret\u00e9s de votre peau en profondeur dans les crevasses et les pores de la peau. Cela polit votre peau et cr\u00e9e un environnement cutan\u00e9 qui pr\u00e9vient les \u00e9ruptions futures. Apr\u00e8s utilisation, la texture rugueuse de la peau est imm\u00e9diatement am\u00e9lior\u00e9e et transform\u00e9e en une peau saine et \u00e9clatante.<\/p>\n<div align=\"left\"><\/div>\n<div align=\"left\">POURQUOI EST-CE SP\u00c9CIAL<\/div>\n<div align=\"left\">S\u00e9rum booster nettoyant contre l\u2019acn\u00e9 Corrigez vos probl\u00e8mes de peau quotidiens en nettoyant simplement. Apr\u00e8s le nettoyage, appliquez le S\u00e9rum Booster Nettoyant sur votre visage l\u00e9g\u00e8rement humide et attendez une minute. Au moment o\u00f9 vous le lavez, vos probl\u00e8mes de peau disparaissent, ce qui vous aide \u00e0 retrouver votre confiance.<\/div>\n<div align=\"left\">21&nbsp;% d\u2019acide succinique et d\u2019acide lactique et d\u2019acide salicylique La formulation \u00e0 21&nbsp;% de \u00ab&nbsp;Spirit of Amber&nbsp;\u00bb, qui est utilis\u00e9e comme \u00e9lixir cosm\u00e9tique depuis des milliers d\u2019ann\u00e9es, et un exfoliant chimique qui aide \u00e0 am\u00e9liorer les peaux probl\u00e9matiques. 21&nbsp;% des ingr\u00e9dients acides aident \u00e0 \u00e9liminer le s\u00e9bum et les peaux mortes dans les pores et les crevasses cutan\u00e9es. Il dissout les peaux mortes pour acc\u00e9l\u00e9rer le cycle de nettoyage de la peau et aide \u00e0 apaiser les peaux \u00e0 tendance acn\u00e9ique. Notre formulation a \u00e9t\u00e9 d\u00e9velopp\u00e9e pour minimiser l\u2019irritation en combinant les ingr\u00e9dients apaisants brevet\u00e9s de Medicube (Hydra CalmTM et Derma-CleraTM) afin qu\u2019elle soit sans danger pour les peaux sensibles et les peaux \u00e0 tendance acn\u00e9ique.<\/div>\n<div align=\"left\">Medicube s\u2019efforce d\u2019\u00eatre durable 21&nbsp;% de s\u00e9rum nettoyant \u00e0 l\u2019acide succinique rouge a \u00e9t\u00e9 fabriqu\u00e9 \u00e0 partir d\u2019encre de soja sous certification FSC. La bo\u00eete et l\u2019emballage sont tous deux recyclables.<\/div>\n<div align=\"left\"><\/div>\n<\/div>\n","protected":false},"excerpt":{"rendered":"<p>Description Juste 1 minute, dans votre routine de nettoyage matin et soir. Au moment o\u00f9 vous le rincez, les peaux mortes, le s\u00e9bum et les bact\u00e9ries responsables de l\u2019acn\u00e9 sont emport\u00e9s. L\u2019acide succinique, un ingr\u00e9dient naturel extrait de l\u2019ambre et d\u2019un complexe acide hautement concentr\u00e9, nettoie les impuret\u00e9s de votre peau en profondeur dans les [&hellip;]<\/p>\n","protected":false},"featured_media":3334,"comment_status":"open","ping_status":"closed","template":"","meta":{"content-type":"","_uag_custom_page_level_css":""},"pwb-brand":[],"product_brand":[],"product_cat":[327,349,334,338],"product_tag":[],"class_list":{"0":"post-3335","1":"product","2":"type-product","3":"status-publish","4":"has-post-thumbnail","6":"product_cat-hmizat","7":"product_cat-medicube","8":"product_cat-produits-coreens","9":"product_cat-serum-ampoule","11":"first","12":"instock","13":"sale","14":"shipping-taxable","15":"purchasable","16":"product-type-simple"},"aioseo_notices":[],"uagb_featured_image_src":{"full":["https:\/\/wavexia.com\/wp-content\/uploads\/2025\/10\/8809517419709-1_grande.webp",600,600,false],"thumbnail":["https:\/\/wavexia.com\/wp-content\/uploads\/2025\/10\/8809517419709-1_grande-150x150.webp",150,150,true],"medium":["https:\/\/wavexia.com\/wp-content\/uploads\/2025\/10\/8809517419709-1_grande-300x300.webp",300,300,true],"medium_large":["https:\/\/wavexia.com\/wp-content\/uploads\/2025\/10\/8809517419709-1_grande.webp",600,600,false],"large":["https:\/\/wavexia.com\/wp-content\/uploads\/2025\/10\/8809517419709-1_grande.webp",600,600,false],"1536x1536":["https:\/\/wavexia.com\/wp-content\/uploads\/2025\/10\/8809517419709-1_grande.webp",600,600,false],"2048x2048":["https:\/\/wavexia.com\/wp-content\/uploads\/2025\/10\/8809517419709-1_grande.webp",600,600,false],"woocommerce_archive_thumbnail":["https:\/\/wavexia.com\/wp-content\/uploads\/2025\/10\/8809517419709-1_grande-300x300.webp",300,300,true],"woocommerce_thumbnail":["https:\/\/wavexia.com\/wp-content\/uploads\/2025\/10\/8809517419709-1_grande-300x300.webp",300,300,true],"woocommerce_single":["https:\/\/wavexia.com\/wp-content\/uploads\/2025\/10\/8809517419709-1_grande.webp",600,600,false],"woocommerce_gallery_thumbnail":["https:\/\/wavexia.com\/wp-content\/uploads\/2025\/10\/8809517419709-1_grande-100x100.webp",100,100,true]},"uagb_author_info":{"display_name":"zineddine.ayoub98@gmail.com","author_link":"https:\/\/wavexia.com\/?author=0"},"uagb_comment_info":0,"uagb_excerpt":"Description Juste 1 minute, dans votre routine de nettoyage matin et soir. Au moment o\u00f9 vous le rincez, les peaux mortes, le s\u00e9bum et les bact\u00e9ries responsables de l\u2019acn\u00e9 sont emport\u00e9s. L\u2019acide succinique, un ingr\u00e9dient naturel extrait de l\u2019ambre et d\u2019un complexe acide hautement concentr\u00e9, nettoie les impuret\u00e9s de votre peau en profondeur dans les&hellip;","brands":[],"_links":{"self":[{"href":"https:\/\/wavexia.com\/index.php?rest_route=\/wp\/v2\/product\/3335","targetHints":{"allow":["GET"]}}],"collection":[{"href":"https:\/\/wavexia.com\/index.php?rest_route=\/wp\/v2\/product"}],"about":[{"href":"https:\/\/wavexia.com\/index.php?rest_route=\/wp\/v2\/types\/product"}],"replies":[{"embeddable":true,"href":"https:\/\/wavexia.com\/index.php?rest_route=%2Fwp%2Fv2%2Fcomments&post=3335"}],"wp:featuredmedia":[{"embeddable":true,"href":"https:\/\/wavexia.com\/index.php?rest_route=\/wp\/v2\/media\/3334"}],"wp:attachment":[{"href":"https:\/\/wavexia.com\/index.php?rest_route=%2Fwp%2Fv2%2Fmedia&parent=3335"}],"wp:term":[{"taxonomy":"pwb-brand","embeddable":true,"href":"https:\/\/wavexia.com\/index.php?rest_route=%2Fwp%2Fv2%2Fpwb-brand&post=3335"},{"taxonomy":"product_brand","embeddable":true,"href":"https:\/\/wavexia.com\/index.php?rest_route=%2Fwp%2Fv2%2Fproduct_brand&post=3335"},{"taxonomy":"product_cat","embeddable":true,"href":"https:\/\/wavexia.com\/index.php?rest_route=%2Fwp%2Fv2%2Fproduct_cat&post=3335"},{"taxonomy":"product_tag","embeddable":true,"href":"https:\/\/wavexia.com\/index.php?rest_route=%2Fwp%2Fv2%2Fproduct_tag&post=3335"}],"curies":[{"name":"wp","href":"https:\/\/api.w.org\/{rel}","templated":true}]}}