{"id":3330,"date":"2025-10-18T22:14:34","date_gmt":"2025-10-18T22:14:34","guid":{"rendered":"https:\/\/wavexia.com\/product\/purito-seoul-centella-unscented-eye-cream-30ml\/"},"modified":"2026-03-10T07:30:54","modified_gmt":"2026-03-10T07:30:54","slug":"purito-seoul-centella-unscented-eye-cream-30ml","status":"publish","type":"product","link":"https:\/\/wavexia.com\/?product=purito-seoul-centella-unscented-eye-cream-30ml","title":{"rendered":"Purito S\u00c9OUL Centella Unscented Eye Cream 30ml"},"content":{"rendered":"<h2>Description<\/h2>\n<ul class=\"a-unordered-list a-vertical a-spacing-mini\">\n<li class=\"a-spacing-mini\"><span class=\"a-list-item\">10 Secondes Soothing Rapid Soothing \u2013 Soothing Magic in a tube, this eye cream is clinically provide to provide quick relief and depuff the sensitive under-eye area after just one application.<\/span><\/li>\n<li class=\"a-spacing-mini\"><span class=\"a-list-item\">[\ud83c\udf40INFUS\u00c9 AVEC LE CALMING COR\u00c9AN CENTELLA\ud83c\udf40] \u2013 Cor\u00e9en Centella Asiatica, une ancienne herbe cor\u00e9enne, est une merveille apaisante renomm\u00e9e. Pour survivre les conditions difficiles des quatre saisons et divers terrains de la Cor\u00e9e, il poss\u00e8de des propri\u00e9t\u00e9s apaisantes plus fortes, soulage efficacement la rougeur et le d\u00e9sagr\u00e9ment.<\/span><\/li>\n<li class=\"a-spacing-mini\"><span class=\"a-list-item\">Hydratation et stimulation de l\u2019\u00e9lasticit\u00e9 : am\u00e9liore l\u2019\u00e9lasticit\u00e9 de la peau pour un complexe sain et vibrant tout en pr\u00e9servant l\u2019humidit\u00e9 de la peau avec une hydratation continue.<\/span><\/li>\n<li class=\"a-spacing-mini\"><span class=\"a-list-item\">[\u2714\ufe0fMADE POUR LA PEAU SENSITIVE \u2714\ufe0f] \u2013 Con\u00e7u pour une exp\u00e9rience douce et sans irritation, cette cr\u00e8me pour les yeux est test\u00e9e dermatologiquement, hypoallerg\u00e9nique et adapt\u00e9e aux peaux sensibles.<\/span><\/li>\n<li class=\"a-spacing-mini\"><span class=\"a-list-item\">Meilleur d\u00e9maquillant doux pour le jour \u2013 Un article pr\u00e9f\u00e9r\u00e9 pour de nombreuses personnes, il conditionne profond\u00e9ment la peau sous les yeux pour r\u00e9duire le gonflement, pour un contour des yeux plus doux et plus lisse.<\/span><\/li>\n<\/ul>\n","protected":false},"excerpt":{"rendered":"<p>Description 10 Secondes Soothing Rapid Soothing \u2013 Soothing Magic in a tube, this eye cream is clinically provide to provide quick relief and depuff the sensitive under-eye area after just one application. [\ud83c\udf40INFUS\u00c9 AVEC LE CALMING COR\u00c9AN CENTELLA\ud83c\udf40] \u2013 Cor\u00e9en Centella Asiatica, une ancienne herbe cor\u00e9enne, est une merveille apaisante renomm\u00e9e. Pour survivre les conditions [&hellip;]<\/p>\n","protected":false},"featured_media":3329,"comment_status":"open","ping_status":"closed","template":"","meta":{"content-type":"","_uag_custom_page_level_css":""},"pwb-brand":[],"product_brand":[],"product_cat":[352,327,328,334,405],"product_tag":[],"class_list":{"0":"post-3330","1":"product","2":"type-product","3":"status-publish","4":"has-post-thumbnail","6":"product_cat-contour-des-yeux","7":"product_cat-hmizat","8":"product_cat-nouveautes","9":"product_cat-produits-coreens","10":"product_cat-purito-seoul","12":"first","13":"instock","14":"sale","15":"shipping-taxable","16":"purchasable","17":"product-type-simple"},"aioseo_notices":[],"uagb_featured_image_src":{"full":["https:\/\/wavexia.com\/wp-content\/uploads\/2025\/10\/centella_eyecream_unscented-new-x2.png",1320,1320,false],"thumbnail":["https:\/\/wavexia.com\/wp-content\/uploads\/2025\/10\/centella_eyecream_unscented-new-x2-150x150.png",150,150,true],"medium":["https:\/\/wavexia.com\/wp-content\/uploads\/2025\/10\/centella_eyecream_unscented-new-x2-300x300.png",300,300,true],"medium_large":["https:\/\/wavexia.com\/wp-content\/uploads\/2025\/10\/centella_eyecream_unscented-new-x2-768x768.png",768,768,true],"large":["https:\/\/wavexia.com\/wp-content\/uploads\/2025\/10\/centella_eyecream_unscented-new-x2-1024x1024.png",1024,1024,true],"1536x1536":["https:\/\/wavexia.com\/wp-content\/uploads\/2025\/10\/centella_eyecream_unscented-new-x2.png",1320,1320,false],"2048x2048":["https:\/\/wavexia.com\/wp-content\/uploads\/2025\/10\/centella_eyecream_unscented-new-x2.png",1320,1320,false],"woocommerce_archive_thumbnail":["https:\/\/wavexia.com\/wp-content\/uploads\/2025\/10\/centella_eyecream_unscented-new-x2-300x300.png",300,300,true],"woocommerce_thumbnail":["https:\/\/wavexia.com\/wp-content\/uploads\/2025\/10\/centella_eyecream_unscented-new-x2-300x300.png",300,300,true],"woocommerce_single":["https:\/\/wavexia.com\/wp-content\/uploads\/2025\/10\/centella_eyecream_unscented-new-x2-600x600.png",600,600,true],"woocommerce_gallery_thumbnail":["https:\/\/wavexia.com\/wp-content\/uploads\/2025\/10\/centella_eyecream_unscented-new-x2-100x100.png",100,100,true]},"uagb_author_info":{"display_name":"zineddine.ayoub98@gmail.com","author_link":"https:\/\/wavexia.com\/?author=0"},"uagb_comment_info":0,"uagb_excerpt":"Description 10 Secondes Soothing Rapid Soothing \u2013 Soothing Magic in a tube, this eye cream is clinically provide to provide quick relief and depuff the sensitive under-eye area after just one application. [\ud83c\udf40INFUS\u00c9 AVEC LE CALMING COR\u00c9AN CENTELLA\ud83c\udf40] \u2013 Cor\u00e9en Centella Asiatica, une ancienne herbe cor\u00e9enne, est une merveille apaisante renomm\u00e9e. Pour survivre les conditions&hellip;","brands":[],"_links":{"self":[{"href":"https:\/\/wavexia.com\/index.php?rest_route=\/wp\/v2\/product\/3330","targetHints":{"allow":["GET"]}}],"collection":[{"href":"https:\/\/wavexia.com\/index.php?rest_route=\/wp\/v2\/product"}],"about":[{"href":"https:\/\/wavexia.com\/index.php?rest_route=\/wp\/v2\/types\/product"}],"replies":[{"embeddable":true,"href":"https:\/\/wavexia.com\/index.php?rest_route=%2Fwp%2Fv2%2Fcomments&post=3330"}],"wp:featuredmedia":[{"embeddable":true,"href":"https:\/\/wavexia.com\/index.php?rest_route=\/wp\/v2\/media\/3329"}],"wp:attachment":[{"href":"https:\/\/wavexia.com\/index.php?rest_route=%2Fwp%2Fv2%2Fmedia&parent=3330"}],"wp:term":[{"taxonomy":"pwb-brand","embeddable":true,"href":"https:\/\/wavexia.com\/index.php?rest_route=%2Fwp%2Fv2%2Fpwb-brand&post=3330"},{"taxonomy":"product_brand","embeddable":true,"href":"https:\/\/wavexia.com\/index.php?rest_route=%2Fwp%2Fv2%2Fproduct_brand&post=3330"},{"taxonomy":"product_cat","embeddable":true,"href":"https:\/\/wavexia.com\/index.php?rest_route=%2Fwp%2Fv2%2Fproduct_cat&post=3330"},{"taxonomy":"product_tag","embeddable":true,"href":"https:\/\/wavexia.com\/index.php?rest_route=%2Fwp%2Fv2%2Fproduct_tag&post=3330"}],"curies":[{"name":"wp","href":"https:\/\/api.w.org\/{rel}","templated":true}]}}