{"id":3323,"date":"2025-10-18T22:14:27","date_gmt":"2025-10-18T22:14:27","guid":{"rendered":"https:\/\/wavexia.com\/product\/medicube-collagen-jelly-cream-110ml\/"},"modified":"2026-03-10T07:30:54","modified_gmt":"2026-03-10T07:30:54","slug":"medicube-collagen-jelly-cream-110ml","status":"publish","type":"product","link":"https:\/\/wavexia.com\/?product=medicube-collagen-jelly-cream-110ml","title":{"rendered":"medicube Collagen Jelly Cream 110ml"},"content":{"rendered":"<h2>Description<\/h2>\n<p>La Medicube Collagen Jelly Cream est une cr\u00e8me gel\u00e9e de collag\u00e8ne transparente qui procure des bienfaits anti-\u00e2ge pour am\u00e9liorer les contours du visage, favoriser la fermet\u00e9 et obtenir un teint poli et \u00e9clatant. Imm\u00e9diatement apr\u00e8s l\u2019application, la peau retrouve son \u00e9clat int\u00e9rieur naturel avec un effet \u00ab Korean Glass Glow \u00bb tendu, radieux et volumineux.<\/p>\n<p>Cette formule non irritante test\u00e9e dermatologiquement convient \u00e0 tous les types de peau, y compris les peaux mixtes, s\u00e8ches, normales, grasses et sensibles. Que vous soyez confront\u00e9 \u00e0 des signes de vieillissement, de s\u00e9cheresse, de rides et ridules ou \u00e0 une perte de fermet\u00e9 et d\u2019\u00e9lasticit\u00e9, cette cr\u00e8me est votre r\u00e9ponse pour une peau d\u2019apparence jeune.<\/p>\n<p>Laissez votre peau briller avec la cr\u00e8me gel\u00e9e au collag\u00e8ne Medicube et adoptez un teint jeune et radieux qui met en valeur votre beaut\u00e9 naturelle.<\/p>\n<p><strong>Cette cr\u00e8me :<\/strong><\/p>\n<ul>\n<li>formule de cr\u00e8me gel\u00e9e<\/li>\n<li>convient \u00e0 tous les types de peau<\/li>\n<li>anti-\u00e2ge<\/li>\n<li>r\u00e9sout les rides et ridules<\/li>\n<li>am\u00e9liore l\u2019\u00e9lasticit\u00e9<\/li>\n<li>pour une peau tendue et \u00e9clatante<\/li>\n<li>doit avoir<\/li>\n<li>effet peau de verre<\/li>\n<li>sans cruaut\u00e9<\/li>\n<\/ul>\n<p>&nbsp;<\/p>\n<p><strong>Comment utiliser:<\/strong><\/p>\n<ul>\n<li>Appliquer la cr\u00e8me sur une peau s\u00e8che et nettoy\u00e9e.<\/li>\n<li>Massez la cr\u00e8me jusqu\u2019\u00e0 ce que tout soit absorb\u00e9 par votre peau.<\/li>\n<li>Vous pouvez utiliser la cr\u00e8me 1 \u00e0 2 fois par jour.<\/li>\n<\/ul>\n<p><strong>Ingr\u00e9dients:<br \/><\/strong>Water, Propanediol, Dipropylene Glycol, Butylene Glycol, Methylpropanediol, Diethoxyethyl Succinate, Ethoxydiglycol, Ammonium Acryloyldimethyltaurate\/beheneth-25 Methacrylate Crosspolymer, Niacinamide, Trehalose, 1,2-hexanediol, Chlorella Vulgaris Extract, Collagen, Hydrolyzed Collagen, Cynanchum Atratum Extract, Althaea Rosea Flower Extract, Soluble Collagen, Allium Sativum (Garlic) Bulb Extract, Avena Sativa (Oat) Kernel Extract, Bertholletia Excelsa Seed Extract, Brassica Oleracea Italica (Broccoli) Extract, Camellia Sinensis Seed Extract, Salmon Egg Extract, Solanum Lycopersicum (Tomato) Fruit Extract, Spinacia Oleracea (Spinach) Leaf Extract, Vaccinium Angustifolium (Blueberry) Fruit Extract, Wine Extract, Polyglyceryl-10 Isostearate, Tromethamine, Glucose, Polyglyceryl-10 Oleate, Ethylhexylglycerin, Fructooligosaccharides, Fructose, Adenosine, Sodium Phytate, Cyanocobalamin, Tocopherol , Pullulan, Glycerin, Hydroxypropyltrimonium Hyaluronate, Squalane, Soluble Proteoglycan, Hydrolyzed Elastin, Sodium DNA, Carbomer, Xanthan Gum, Fragrance (Parfum)<\/p>\n","protected":false},"excerpt":{"rendered":"<p>Description La Medicube Collagen Jelly Cream est une cr\u00e8me gel\u00e9e de collag\u00e8ne transparente qui procure des bienfaits anti-\u00e2ge pour am\u00e9liorer les contours du visage, favoriser la fermet\u00e9 et obtenir un teint poli et \u00e9clatant. Imm\u00e9diatement apr\u00e8s l\u2019application, la peau retrouve son \u00e9clat int\u00e9rieur naturel avec un effet \u00ab Korean Glass Glow \u00bb tendu, radieux et [&hellip;]<\/p>\n","protected":false},"featured_media":3322,"comment_status":"open","ping_status":"closed","template":"","meta":{"content-type":"","_uag_custom_page_level_css":""},"pwb-brand":[],"product_brand":[],"product_cat":[324,327,349,339,334],"product_tag":[],"class_list":{"0":"post-3323","1":"product","2":"type-product","3":"status-publish","4":"has-post-thumbnail","6":"product_cat-creme","7":"product_cat-hmizat","8":"product_cat-medicube","9":"product_cat-meilleures-ventes","10":"product_cat-produits-coreens","12":"first","13":"instock","14":"sale","15":"shipping-taxable","16":"purchasable","17":"product-type-simple"},"aioseo_notices":[],"uagb_featured_image_src":{"full":["https:\/\/wavexia.com\/wp-content\/uploads\/2025\/10\/15354c83-b5ee-46cf-9611-e62ea5eaa1e1_5a87a6f5-8e8b-4220-87fe-208223da3478.webp",1000,1000,false],"thumbnail":["https:\/\/wavexia.com\/wp-content\/uploads\/2025\/10\/15354c83-b5ee-46cf-9611-e62ea5eaa1e1_5a87a6f5-8e8b-4220-87fe-208223da3478-150x150.webp",150,150,true],"medium":["https:\/\/wavexia.com\/wp-content\/uploads\/2025\/10\/15354c83-b5ee-46cf-9611-e62ea5eaa1e1_5a87a6f5-8e8b-4220-87fe-208223da3478-300x300.webp",300,300,true],"medium_large":["https:\/\/wavexia.com\/wp-content\/uploads\/2025\/10\/15354c83-b5ee-46cf-9611-e62ea5eaa1e1_5a87a6f5-8e8b-4220-87fe-208223da3478-768x768.webp",768,768,true],"large":["https:\/\/wavexia.com\/wp-content\/uploads\/2025\/10\/15354c83-b5ee-46cf-9611-e62ea5eaa1e1_5a87a6f5-8e8b-4220-87fe-208223da3478.webp",1000,1000,false],"1536x1536":["https:\/\/wavexia.com\/wp-content\/uploads\/2025\/10\/15354c83-b5ee-46cf-9611-e62ea5eaa1e1_5a87a6f5-8e8b-4220-87fe-208223da3478.webp",1000,1000,false],"2048x2048":["https:\/\/wavexia.com\/wp-content\/uploads\/2025\/10\/15354c83-b5ee-46cf-9611-e62ea5eaa1e1_5a87a6f5-8e8b-4220-87fe-208223da3478.webp",1000,1000,false],"woocommerce_archive_thumbnail":["https:\/\/wavexia.com\/wp-content\/uploads\/2025\/10\/15354c83-b5ee-46cf-9611-e62ea5eaa1e1_5a87a6f5-8e8b-4220-87fe-208223da3478-300x300.webp",300,300,true],"woocommerce_thumbnail":["https:\/\/wavexia.com\/wp-content\/uploads\/2025\/10\/15354c83-b5ee-46cf-9611-e62ea5eaa1e1_5a87a6f5-8e8b-4220-87fe-208223da3478-300x300.webp",300,300,true],"woocommerce_single":["https:\/\/wavexia.com\/wp-content\/uploads\/2025\/10\/15354c83-b5ee-46cf-9611-e62ea5eaa1e1_5a87a6f5-8e8b-4220-87fe-208223da3478-600x600.webp",600,600,true],"woocommerce_gallery_thumbnail":["https:\/\/wavexia.com\/wp-content\/uploads\/2025\/10\/15354c83-b5ee-46cf-9611-e62ea5eaa1e1_5a87a6f5-8e8b-4220-87fe-208223da3478-100x100.webp",100,100,true]},"uagb_author_info":{"display_name":"zineddine.ayoub98@gmail.com","author_link":"https:\/\/wavexia.com\/?author=0"},"uagb_comment_info":0,"uagb_excerpt":"Description La Medicube Collagen Jelly Cream est une cr\u00e8me gel\u00e9e de collag\u00e8ne transparente qui procure des bienfaits anti-\u00e2ge pour am\u00e9liorer les contours du visage, favoriser la fermet\u00e9 et obtenir un teint poli et \u00e9clatant. Imm\u00e9diatement apr\u00e8s l\u2019application, la peau retrouve son \u00e9clat int\u00e9rieur naturel avec un effet \u00ab Korean Glass Glow \u00bb tendu, radieux et&hellip;","brands":[],"_links":{"self":[{"href":"https:\/\/wavexia.com\/index.php?rest_route=\/wp\/v2\/product\/3323","targetHints":{"allow":["GET"]}}],"collection":[{"href":"https:\/\/wavexia.com\/index.php?rest_route=\/wp\/v2\/product"}],"about":[{"href":"https:\/\/wavexia.com\/index.php?rest_route=\/wp\/v2\/types\/product"}],"replies":[{"embeddable":true,"href":"https:\/\/wavexia.com\/index.php?rest_route=%2Fwp%2Fv2%2Fcomments&post=3323"}],"wp:featuredmedia":[{"embeddable":true,"href":"https:\/\/wavexia.com\/index.php?rest_route=\/wp\/v2\/media\/3322"}],"wp:attachment":[{"href":"https:\/\/wavexia.com\/index.php?rest_route=%2Fwp%2Fv2%2Fmedia&parent=3323"}],"wp:term":[{"taxonomy":"pwb-brand","embeddable":true,"href":"https:\/\/wavexia.com\/index.php?rest_route=%2Fwp%2Fv2%2Fpwb-brand&post=3323"},{"taxonomy":"product_brand","embeddable":true,"href":"https:\/\/wavexia.com\/index.php?rest_route=%2Fwp%2Fv2%2Fproduct_brand&post=3323"},{"taxonomy":"product_cat","embeddable":true,"href":"https:\/\/wavexia.com\/index.php?rest_route=%2Fwp%2Fv2%2Fproduct_cat&post=3323"},{"taxonomy":"product_tag","embeddable":true,"href":"https:\/\/wavexia.com\/index.php?rest_route=%2Fwp%2Fv2%2Fproduct_tag&post=3323"}],"curies":[{"name":"wp","href":"https:\/\/api.w.org\/{rel}","templated":true}]}}