{"id":3317,"date":"2025-10-18T22:14:21","date_gmt":"2025-10-18T22:14:21","guid":{"rendered":"https:\/\/wavexia.com\/product\/medicube-super-cica-pad-70-pqds\/"},"modified":"2026-03-10T07:30:54","modified_gmt":"2026-03-10T07:30:54","slug":"medicube-super-cica-pad-70-pqds","status":"publish","type":"product","link":"https:\/\/wavexia.com\/?product=medicube-super-cica-pad-70-pqds","title":{"rendered":"Medicube Super Cica Pad 70 Pqds"},"content":{"rendered":"<h2>Description<\/h2>\n<p>D\u00e9couvrez la puissance des Medicube Super Cica Pads, votre alli\u00e9 ultime pour une peau \u00e9clatante ! Ces pads offrent un puissant m\u00e9lange de bienfaits pour la peau sous une forme pratique et facile \u00e0 utiliser. Infus\u00e9s d\u2019extrait de Centella Asiatica, ces pads apaisent les irritations, favorisent la cicatrisation et exfolient la peau en douceur.<\/p>\n<p>Adapt\u00e9s \u00e0 tous les types de peau, y compris les peaux sensibles, ces pads constituent une solution simple mais efficace pour obtenir un teint plus lumineux et plus lisse. Ajoutez les coussinets Medicube Super Cica \u00e0 votre routine quotidienne et profitez des bienfaits d\u2019une peau plus saine et radieuse !<\/p>\n<p><strong>Ces pads:<\/strong><\/p>\n<ul>\n<li>apaise et hydrate<\/li>\n<li>convivial<\/li>\n<li>enrichi en extrait de Centella Asiatica<\/li>\n<li>pour un teint plus lumineux et plus lisse<\/li>\n<li>convient \u00e0 tous les types de peau<\/li>\n<li>sans parfum<\/li>\n<li>sans cruaut\u00e9<\/li>\n<li>v\u00e9g\u00e9talien<\/li>\n<\/ul>\n<p><strong>Comment utiliser:<\/strong><\/p>\n<ul>\n<li>Essuyez d\u00e9licatement les tampons sur votre peau propre et s\u00e8che.<\/li>\n<li>Vous pouvez ensuite utiliser l\u2019autre c\u00f4t\u00e9 du tampon pour repasser sur votre visage.<\/li>\n<li>Tapotez doucement l\u2019essence restante sur votre peau.<\/li>\n<li>Apr\u00e8s utilisation, jetez le coton.<\/li>\n<\/ul>\n<p><strong>Ingr\u00e9dients:<\/strong><br \/>Eau Butyl\u00e8ne Glycol Propanediol M\u00e9thylpropanediol 1,2-hexanediol Hydroxyac\u00e9toph\u00e9none Glyc\u00e9rine Panth\u00e9nol Glycereth-25 Pca Isost\u00e9arate Acide Salicylique Trom\u00e9thamine Biosaccharide Gomme-1 \u00c9thylhexylglyc\u00e9rine Glycereth-26 Extrait de Feuille de Melia Azadirachta Dipropyl\u00e8ne Glycol Disodium Edta Centella Asiatica Extrait Hydroxy\u00e9thylcellulose Extrait de Fleur de Melia Azadirachta Polyglyc\u00e9ryl-10 Ole j\u2019ai mang\u00e9 de la Centella Extrait de feuille d\u2019Asiatica Extrait de racine de Centella Asiatica Extrait de ferment de bacille\/soja pentyl\u00e8ne glycol Extrait de racine de Bletilla Striata Extrait d\u2019\u00e9chinac\u00e9e Purpurea Extrait de feuille de Perilla Ocymoides Mad\u00e9cassoside Ammonium Polyacryloyldimethyl Taurate Acide hyaluronique Hydrolys\u00e9 Acide hyaluronique Hyaluronate de sodium Ectoin Houttuynia Cordata Extrait Acide asiatique Asiaticoside Acide mad\u00e9cassique.<\/p>\n","protected":false},"excerpt":{"rendered":"<p>Description D\u00e9couvrez la puissance des Medicube Super Cica Pads, votre alli\u00e9 ultime pour une peau \u00e9clatante ! Ces pads offrent un puissant m\u00e9lange de bienfaits pour la peau sous une forme pratique et facile \u00e0 utiliser. Infus\u00e9s d\u2019extrait de Centella Asiatica, ces pads apaisent les irritations, favorisent la cicatrisation et exfolient la peau en douceur. [&hellip;]<\/p>\n","protected":false},"featured_media":3316,"comment_status":"open","ping_status":"closed","template":"","meta":{"content-type":"","_uag_custom_page_level_css":""},"pwb-brand":[],"product_brand":[],"product_cat":[327,349,339,328,334,345],"product_tag":[],"class_list":{"0":"post-3317","1":"product","2":"type-product","3":"status-publish","4":"has-post-thumbnail","6":"product_cat-hmizat","7":"product_cat-medicube","8":"product_cat-meilleures-ventes","9":"product_cat-nouveautes","10":"product_cat-produits-coreens","11":"product_cat-toner-pads","13":"first","14":"instock","15":"sale","16":"shipping-taxable","17":"purchasable","18":"product-type-simple"},"aioseo_notices":[],"uagb_featured_image_src":{"full":["https:\/\/wavexia.com\/wp-content\/uploads\/2025\/10\/medicube-super-cica-pad-x70.jpg",1600,1600,false],"thumbnail":["https:\/\/wavexia.com\/wp-content\/uploads\/2025\/10\/medicube-super-cica-pad-x70-150x150.jpg",150,150,true],"medium":["https:\/\/wavexia.com\/wp-content\/uploads\/2025\/10\/medicube-super-cica-pad-x70-300x300.jpg",300,300,true],"medium_large":["https:\/\/wavexia.com\/wp-content\/uploads\/2025\/10\/medicube-super-cica-pad-x70-768x768.jpg",768,768,true],"large":["https:\/\/wavexia.com\/wp-content\/uploads\/2025\/10\/medicube-super-cica-pad-x70-1024x1024.jpg",1024,1024,true],"1536x1536":["https:\/\/wavexia.com\/wp-content\/uploads\/2025\/10\/medicube-super-cica-pad-x70-1536x1536.jpg",1536,1536,true],"2048x2048":["https:\/\/wavexia.com\/wp-content\/uploads\/2025\/10\/medicube-super-cica-pad-x70.jpg",1600,1600,false],"woocommerce_archive_thumbnail":["https:\/\/wavexia.com\/wp-content\/uploads\/2025\/10\/medicube-super-cica-pad-x70-300x300.jpg",300,300,true],"woocommerce_thumbnail":["https:\/\/wavexia.com\/wp-content\/uploads\/2025\/10\/medicube-super-cica-pad-x70-300x300.jpg",300,300,true],"woocommerce_single":["https:\/\/wavexia.com\/wp-content\/uploads\/2025\/10\/medicube-super-cica-pad-x70-600x600.jpg",600,600,true],"woocommerce_gallery_thumbnail":["https:\/\/wavexia.com\/wp-content\/uploads\/2025\/10\/medicube-super-cica-pad-x70-100x100.jpg",100,100,true]},"uagb_author_info":{"display_name":"zineddine.ayoub98@gmail.com","author_link":"https:\/\/wavexia.com\/?author=0"},"uagb_comment_info":0,"uagb_excerpt":"Description D\u00e9couvrez la puissance des Medicube Super Cica Pads, votre alli\u00e9 ultime pour une peau \u00e9clatante ! Ces pads offrent un puissant m\u00e9lange de bienfaits pour la peau sous une forme pratique et facile \u00e0 utiliser. Infus\u00e9s d\u2019extrait de Centella Asiatica, ces pads apaisent les irritations, favorisent la cicatrisation et exfolient la peau en douceur.&hellip;","brands":[],"_links":{"self":[{"href":"https:\/\/wavexia.com\/index.php?rest_route=\/wp\/v2\/product\/3317","targetHints":{"allow":["GET"]}}],"collection":[{"href":"https:\/\/wavexia.com\/index.php?rest_route=\/wp\/v2\/product"}],"about":[{"href":"https:\/\/wavexia.com\/index.php?rest_route=\/wp\/v2\/types\/product"}],"replies":[{"embeddable":true,"href":"https:\/\/wavexia.com\/index.php?rest_route=%2Fwp%2Fv2%2Fcomments&post=3317"}],"wp:featuredmedia":[{"embeddable":true,"href":"https:\/\/wavexia.com\/index.php?rest_route=\/wp\/v2\/media\/3316"}],"wp:attachment":[{"href":"https:\/\/wavexia.com\/index.php?rest_route=%2Fwp%2Fv2%2Fmedia&parent=3317"}],"wp:term":[{"taxonomy":"pwb-brand","embeddable":true,"href":"https:\/\/wavexia.com\/index.php?rest_route=%2Fwp%2Fv2%2Fpwb-brand&post=3317"},{"taxonomy":"product_brand","embeddable":true,"href":"https:\/\/wavexia.com\/index.php?rest_route=%2Fwp%2Fv2%2Fproduct_brand&post=3317"},{"taxonomy":"product_cat","embeddable":true,"href":"https:\/\/wavexia.com\/index.php?rest_route=%2Fwp%2Fv2%2Fproduct_cat&post=3317"},{"taxonomy":"product_tag","embeddable":true,"href":"https:\/\/wavexia.com\/index.php?rest_route=%2Fwp%2Fv2%2Fproduct_tag&post=3317"}],"curies":[{"name":"wp","href":"https:\/\/api.w.org\/{rel}","templated":true}]}}