{"id":3308,"date":"2025-10-18T22:14:14","date_gmt":"2025-10-18T22:14:14","guid":{"rendered":"https:\/\/wavexia.com\/product\/medicube-zero-pore-one-day-serum-30-ml\/"},"modified":"2026-03-10T07:30:54","modified_gmt":"2026-03-10T07:30:54","slug":"medicube-zero-pore-one-day-serum-30-ml","status":"publish","type":"product","link":"https:\/\/wavexia.com\/?product=medicube-zero-pore-one-day-serum-30-ml","title":{"rendered":"MEDICUBE Zero Pore One Day Serum 30 ml"},"content":{"rendered":"<h2>Description<\/h2>\n<p>Le s\u00e9rum d\u2019un jour Zero Pore aide \u00e0 resserrer vos pores gr\u00e2ce \u00e0 l\u2019effet laser minimisant les pores. Il lisse et hydrate \u00e9galement la peau en une journ\u00e9e en \u00e9liminant les cellules mortes de la peau, l\u2019exc\u00e8s de s\u00e9bum et la salet\u00e9 accumul\u00e9e. 152 000 PPM d\u2019AHA + BHA + PHA \u00e0 l\u2019int\u00e9rieur minimiseront vos pores et r\u00e9duiront l\u2019exc\u00e8s de s\u00e9bum et de points noirs.<\/p>\n<p>Test\u00e9 cliniquement et prouv\u00e9 pour resserrer les pores par l\u2019Institut cor\u00e9en des sciences dermatologiques. Le complexe de myosotis \u00e0 l\u2019int\u00e9rieur rendra votre peau hydrat\u00e9e et apais\u00e9e. Il contient \u00e9galement du mouron de Jeju qui \u00e9claircira votre peau. En plus de cela, un r\u00e9cipient airless emp\u00eachera le contenu d\u2019entrer en contact avec l\u2019air et vous pourrez l\u2019utiliser de mani\u00e8re hygi\u00e9nique jusqu\u2019\u00e0 la fin de la bouteille.<\/p>\n<p><strong>AHA + BHA + PHA<\/strong><\/p>\n<p>Nettoie les pores en contr\u00f4lant le s\u00e9bum et \u00e9limine les points noirs<\/p>\n<p><strong>Extrait de myosotis<\/strong><\/p>\n<p>Effet calmant les pores tout en hydratant la peau<\/p>\n<p><strong>Extrait de mouron de Jeju<\/strong><\/p>\n<p>\u00c9claircir le teint et rendre la peau plus vivante<\/p>\n<h5>Mode d\u2019emploi<\/h5>\n<div class=\"col item\">\n<p>1. Apr\u00e8s avoir utilis\u00e9 le toner, pressez la quantit\u00e9 appropri\u00e9e de s\u00e9rum Zero Pore One Day sur la paume<br \/>2. Appliquer uniform\u00e9ment sur le visage en commen\u00e7ant par le centre vers l\u2019ext\u00e9rieur.<br \/>3. Tapotez doucement pour une meilleure absorption.<\/p>\n<p><strong><span class=\"summary__title\"><span class=\"accordion__title\">Ingr\u00e9dients<\/span><\/span><\/strong><\/p>\n<div class=\"accordion__content custom__liquid-template--20700606693711__main rte\">\n<p><span class=\"metafield-multi_line_text_field\">Eau, gluconolactone, m\u00e9thylpropanediol, glyc\u00e9rine, propanediol, trom\u00e9thamine, polyglyc\u00e9rine-3, niacinamide, 1,2-hexanediol, acide citrique, dim\u00e9thicone, butyl\u00e8ne glycol, C12-14 Pareth-12, hydroxy\u00e9thylcellulose, acide salicylique, copolym\u00e8re acryloyldim\u00e9thyltaurate\/VP d\u2019ammonium, Polyacryloyldim\u00e9thyltaurate de sodium, l\u00e9cithine, allanto\u00efne, acide lactique, acide glycolique, \u00e9thylhexylglyc\u00e9rine<\/span><\/p>\n<\/div>\n<\/div>\n","protected":false},"excerpt":{"rendered":"<p>Description Le s\u00e9rum d\u2019un jour Zero Pore aide \u00e0 resserrer vos pores gr\u00e2ce \u00e0 l\u2019effet laser minimisant les pores. Il lisse et hydrate \u00e9galement la peau en une journ\u00e9e en \u00e9liminant les cellules mortes de la peau, l\u2019exc\u00e8s de s\u00e9bum et la salet\u00e9 accumul\u00e9e. 152 000 PPM d\u2019AHA + BHA + PHA \u00e0 l\u2019int\u00e9rieur minimiseront [&hellip;]<\/p>\n","protected":false},"featured_media":3307,"comment_status":"open","ping_status":"closed","template":"","meta":{"content-type":"","_uag_custom_page_level_css":""},"pwb-brand":[],"product_brand":[],"product_cat":[327,349,328,334,338],"product_tag":[],"class_list":{"0":"post-3308","1":"product","2":"type-product","3":"status-publish","4":"has-post-thumbnail","6":"product_cat-hmizat","7":"product_cat-medicube","8":"product_cat-nouveautes","9":"product_cat-produits-coreens","10":"product_cat-serum-ampoule","12":"first","13":"instock","14":"sale","15":"shipping-taxable","16":"purchasable","17":"product-type-simple"},"aioseo_notices":[],"uagb_featured_image_src":{"full":["https:\/\/wavexia.com\/wp-content\/uploads\/2025\/10\/medicube-zero-pore-one-day-serum-30-ml.webp",800,800,false],"thumbnail":["https:\/\/wavexia.com\/wp-content\/uploads\/2025\/10\/medicube-zero-pore-one-day-serum-30-ml-150x150.webp",150,150,true],"medium":["https:\/\/wavexia.com\/wp-content\/uploads\/2025\/10\/medicube-zero-pore-one-day-serum-30-ml-300x300.webp",300,300,true],"medium_large":["https:\/\/wavexia.com\/wp-content\/uploads\/2025\/10\/medicube-zero-pore-one-day-serum-30-ml-768x768.webp",768,768,true],"large":["https:\/\/wavexia.com\/wp-content\/uploads\/2025\/10\/medicube-zero-pore-one-day-serum-30-ml.webp",800,800,false],"1536x1536":["https:\/\/wavexia.com\/wp-content\/uploads\/2025\/10\/medicube-zero-pore-one-day-serum-30-ml.webp",800,800,false],"2048x2048":["https:\/\/wavexia.com\/wp-content\/uploads\/2025\/10\/medicube-zero-pore-one-day-serum-30-ml.webp",800,800,false],"woocommerce_archive_thumbnail":["https:\/\/wavexia.com\/wp-content\/uploads\/2025\/10\/medicube-zero-pore-one-day-serum-30-ml-300x300.webp",300,300,true],"woocommerce_thumbnail":["https:\/\/wavexia.com\/wp-content\/uploads\/2025\/10\/medicube-zero-pore-one-day-serum-30-ml-300x300.webp",300,300,true],"woocommerce_single":["https:\/\/wavexia.com\/wp-content\/uploads\/2025\/10\/medicube-zero-pore-one-day-serum-30-ml-600x600.webp",600,600,true],"woocommerce_gallery_thumbnail":["https:\/\/wavexia.com\/wp-content\/uploads\/2025\/10\/medicube-zero-pore-one-day-serum-30-ml-100x100.webp",100,100,true]},"uagb_author_info":{"display_name":"zineddine.ayoub98@gmail.com","author_link":"https:\/\/wavexia.com\/?author=0"},"uagb_comment_info":0,"uagb_excerpt":"Description Le s\u00e9rum d\u2019un jour Zero Pore aide \u00e0 resserrer vos pores gr\u00e2ce \u00e0 l\u2019effet laser minimisant les pores. Il lisse et hydrate \u00e9galement la peau en une journ\u00e9e en \u00e9liminant les cellules mortes de la peau, l\u2019exc\u00e8s de s\u00e9bum et la salet\u00e9 accumul\u00e9e. 152 000 PPM d\u2019AHA + BHA + PHA \u00e0 l\u2019int\u00e9rieur minimiseront&hellip;","brands":[],"_links":{"self":[{"href":"https:\/\/wavexia.com\/index.php?rest_route=\/wp\/v2\/product\/3308","targetHints":{"allow":["GET"]}}],"collection":[{"href":"https:\/\/wavexia.com\/index.php?rest_route=\/wp\/v2\/product"}],"about":[{"href":"https:\/\/wavexia.com\/index.php?rest_route=\/wp\/v2\/types\/product"}],"replies":[{"embeddable":true,"href":"https:\/\/wavexia.com\/index.php?rest_route=%2Fwp%2Fv2%2Fcomments&post=3308"}],"wp:featuredmedia":[{"embeddable":true,"href":"https:\/\/wavexia.com\/index.php?rest_route=\/wp\/v2\/media\/3307"}],"wp:attachment":[{"href":"https:\/\/wavexia.com\/index.php?rest_route=%2Fwp%2Fv2%2Fmedia&parent=3308"}],"wp:term":[{"taxonomy":"pwb-brand","embeddable":true,"href":"https:\/\/wavexia.com\/index.php?rest_route=%2Fwp%2Fv2%2Fpwb-brand&post=3308"},{"taxonomy":"product_brand","embeddable":true,"href":"https:\/\/wavexia.com\/index.php?rest_route=%2Fwp%2Fv2%2Fproduct_brand&post=3308"},{"taxonomy":"product_cat","embeddable":true,"href":"https:\/\/wavexia.com\/index.php?rest_route=%2Fwp%2Fv2%2Fproduct_cat&post=3308"},{"taxonomy":"product_tag","embeddable":true,"href":"https:\/\/wavexia.com\/index.php?rest_route=%2Fwp%2Fv2%2Fproduct_tag&post=3308"}],"curies":[{"name":"wp","href":"https:\/\/api.w.org\/{rel}","templated":true}]}}