{"id":3292,"date":"2025-10-18T22:14:02","date_gmt":"2025-10-18T22:14:02","guid":{"rendered":"https:\/\/wavexia.com\/product\/celimax-the-vita-a-retinol-shot-tightening-serum-30ml\/"},"modified":"2026-03-10T07:30:54","modified_gmt":"2026-03-10T07:30:54","slug":"celimax-the-vita-a-retinol-shot-tightening-serum-30ml","status":"publish","type":"product","link":"https:\/\/wavexia.com\/?product=celimax-the-vita-a-retinol-shot-tightening-serum-30ml","title":{"rendered":"Celimax The Vita-A Retinol Shot Tightening Serum 30ml"},"content":{"rendered":"<h2>Description<\/h2>\n<p>Le s\u00e9rum raffermissant Celimax The Vita-A Retinol Shot est une puissante formule anti-\u00e2ge con\u00e7ue pour am\u00e9liorer l\u2019\u00e9lasticit\u00e9 de la peau et r\u00e9duire l\u2019apparence des rides et ridules. Infus\u00e9 de 0,1 % de r\u00e9tinol pur et d\u2019un puissant complexe de 9 peptides, ce s\u00e9rum am\u00e9liore la fermet\u00e9 de la peau tout en ciblant la texture irr\u00e9guli\u00e8re et les pores dilat\u00e9s.<\/p>\n<p>Les 162 000 microparticules innovantes A-Shot\u2122 p\u00e9n\u00e8trent profond\u00e9ment dans la peau, assurant une absorption maximale des ingr\u00e9dients actifs pour des r\u00e9sultats visibles. Avec 1 % de panth\u00e9nol, de vitamine E et d\u2019allanto\u00efne, il procure une hydratation en profondeur tout en apaisant la peau. Ce s\u00e9rum \u00e0 haute concentration peut provoquer une l\u00e9g\u00e8re sensation de picotement car il agit pour affiner et rajeunir la peau, la laissant fra\u00eeche, lisse et hydrat\u00e9e sans aucun r\u00e9sidu collant.<\/p>\n<p><strong>Recommand\u00e9 pour :&nbsp;<\/strong>Peaux matures, tous types de peau.<\/p>\n<p><strong>Mode d\u2019emploi :<\/strong><\/p>\n<ul>\n<li>Appliquer pendant la routine de soins de la peau du soir une quantit\u00e9 mod\u00e9r\u00e9e et uniforme sur le visage, en \u00e9vitant le contour des yeux et de la bouche.<\/li>\n<li>Tapotez l\u00e9g\u00e8rement sur la peau pour une meilleure absorption.<\/li>\n<\/ul>\n<p><strong>Avis de non-responsabilit\u00e9 :<\/strong>&nbsp;Ce produit est destin\u00e9 \u00e0 un usage nocturne uniquement et un \u00e9cran solaire doit \u00eatre appliqu\u00e9 le lendemain. En appliquer trop \u00e0 la fois peut provoquer une irritation de la peau. Une fois appliqu\u00e9, il y aura un l\u00e9ger picotement sur la peau.<\/p>\n<p><strong>Ingr\u00e9dients:<\/strong><\/p>\n<p>Eau, m\u00e9thylpropanediol, glyc\u00e9rine, 1,2-hexanediol, triglyc\u00e9ride caprylique\/caprique, panth\u00e9nol, polypropylsilsesquioxane, alcools en C14-22, st\u00e9arates de glyc\u00e9ryle, acryloyldim\u00e9thyltaurate d\u2019ammonium\/copolym\u00e8re VP, \u00e9ponge hydrolys\u00e9e, huile de graines d\u2019Helianthus annuus, acrylates\/polym\u00e8re crois\u00e9 d\u2019acrylate d\u2019alkyle en C10-30, tocoph\u00e9rol, r\u00e9tinol, allanto\u00efne, arginine, und\u00e9cane, gomme xanthane, \u00e9thylhexylglyc\u00e9rine, alkylglucoside en C12-20, lauryl glucoside, polyglyc\u00e9ryl-6 Laurate, ad\u00e9nosine, trid\u00e9cane, EDTA disodique, daucus Extrait de racine de Carota sativa, myristyl glucoside, copolym\u00e8re d\u2019acrylate de glyc\u00e9ryle\/acide acrylique, copolym\u00e8re PVM\/MA, butyl\u00e8ne glycol, b\u00eata-carot\u00e8ne, glucose, tripeptide-1, palmitoyl tripeptide-1, nonapeptide-1, hexapeptide-9, dipeptide-2, tripeptide-1 de cuivre, ac\u00e9tyl t\u00e9trapeptide-5, hexapeptide d\u2019ac\u00e9tyle-8, palmitoyl pentapeptide-4<\/p>\n","protected":false},"excerpt":{"rendered":"<p>Description Le s\u00e9rum raffermissant Celimax The Vita-A Retinol Shot est une puissante formule anti-\u00e2ge con\u00e7ue pour am\u00e9liorer l\u2019\u00e9lasticit\u00e9 de la peau et r\u00e9duire l\u2019apparence des rides et ridules. Infus\u00e9 de 0,1 % de r\u00e9tinol pur et d\u2019un puissant complexe de 9 peptides, ce s\u00e9rum am\u00e9liore la fermet\u00e9 de la peau tout en ciblant la texture [&hellip;]<\/p>\n","protected":false},"featured_media":3291,"comment_status":"open","ping_status":"closed","template":"","meta":{"content-type":"","_uag_custom_page_level_css":""},"pwb-brand":[],"product_brand":[],"product_cat":[357,333,327,328,334],"product_tag":[],"class_list":{"0":"post-3292","1":"product","2":"type-product","3":"status-publish","4":"has-post-thumbnail","6":"product_cat-anti-age-rides","7":"product_cat-celimax","8":"product_cat-hmizat","9":"product_cat-nouveautes","10":"product_cat-produits-coreens","12":"first","13":"instock","14":"sale","15":"shipping-taxable","16":"purchasable","17":"product-type-simple"},"aioseo_notices":[],"uagb_featured_image_src":{"full":["https:\/\/wavexia.com\/wp-content\/uploads\/2025\/10\/celimax-the-vita-a-retinal-shot-tightening-serum-30ml-PURESEEOUL-UK-KBeauty-shop-2_1800x1800.webp",1000,1000,false],"thumbnail":["https:\/\/wavexia.com\/wp-content\/uploads\/2025\/10\/celimax-the-vita-a-retinal-shot-tightening-serum-30ml-PURESEEOUL-UK-KBeauty-shop-2_1800x1800-150x150.webp",150,150,true],"medium":["https:\/\/wavexia.com\/wp-content\/uploads\/2025\/10\/celimax-the-vita-a-retinal-shot-tightening-serum-30ml-PURESEEOUL-UK-KBeauty-shop-2_1800x1800-300x300.webp",300,300,true],"medium_large":["https:\/\/wavexia.com\/wp-content\/uploads\/2025\/10\/celimax-the-vita-a-retinal-shot-tightening-serum-30ml-PURESEEOUL-UK-KBeauty-shop-2_1800x1800-768x768.webp",768,768,true],"large":["https:\/\/wavexia.com\/wp-content\/uploads\/2025\/10\/celimax-the-vita-a-retinal-shot-tightening-serum-30ml-PURESEEOUL-UK-KBeauty-shop-2_1800x1800.webp",1000,1000,false],"1536x1536":["https:\/\/wavexia.com\/wp-content\/uploads\/2025\/10\/celimax-the-vita-a-retinal-shot-tightening-serum-30ml-PURESEEOUL-UK-KBeauty-shop-2_1800x1800.webp",1000,1000,false],"2048x2048":["https:\/\/wavexia.com\/wp-content\/uploads\/2025\/10\/celimax-the-vita-a-retinal-shot-tightening-serum-30ml-PURESEEOUL-UK-KBeauty-shop-2_1800x1800.webp",1000,1000,false],"woocommerce_archive_thumbnail":["https:\/\/wavexia.com\/wp-content\/uploads\/2025\/10\/celimax-the-vita-a-retinal-shot-tightening-serum-30ml-PURESEEOUL-UK-KBeauty-shop-2_1800x1800-300x300.webp",300,300,true],"woocommerce_thumbnail":["https:\/\/wavexia.com\/wp-content\/uploads\/2025\/10\/celimax-the-vita-a-retinal-shot-tightening-serum-30ml-PURESEEOUL-UK-KBeauty-shop-2_1800x1800-300x300.webp",300,300,true],"woocommerce_single":["https:\/\/wavexia.com\/wp-content\/uploads\/2025\/10\/celimax-the-vita-a-retinal-shot-tightening-serum-30ml-PURESEEOUL-UK-KBeauty-shop-2_1800x1800-600x600.webp",600,600,true],"woocommerce_gallery_thumbnail":["https:\/\/wavexia.com\/wp-content\/uploads\/2025\/10\/celimax-the-vita-a-retinal-shot-tightening-serum-30ml-PURESEEOUL-UK-KBeauty-shop-2_1800x1800-100x100.webp",100,100,true]},"uagb_author_info":{"display_name":"zineddine.ayoub98@gmail.com","author_link":"https:\/\/wavexia.com\/?author=0"},"uagb_comment_info":0,"uagb_excerpt":"Description Le s\u00e9rum raffermissant Celimax The Vita-A Retinol Shot est une puissante formule anti-\u00e2ge con\u00e7ue pour am\u00e9liorer l\u2019\u00e9lasticit\u00e9 de la peau et r\u00e9duire l\u2019apparence des rides et ridules. Infus\u00e9 de 0,1 % de r\u00e9tinol pur et d\u2019un puissant complexe de 9 peptides, ce s\u00e9rum am\u00e9liore la fermet\u00e9 de la peau tout en ciblant la texture&hellip;","brands":[],"_links":{"self":[{"href":"https:\/\/wavexia.com\/index.php?rest_route=\/wp\/v2\/product\/3292","targetHints":{"allow":["GET"]}}],"collection":[{"href":"https:\/\/wavexia.com\/index.php?rest_route=\/wp\/v2\/product"}],"about":[{"href":"https:\/\/wavexia.com\/index.php?rest_route=\/wp\/v2\/types\/product"}],"replies":[{"embeddable":true,"href":"https:\/\/wavexia.com\/index.php?rest_route=%2Fwp%2Fv2%2Fcomments&post=3292"}],"wp:featuredmedia":[{"embeddable":true,"href":"https:\/\/wavexia.com\/index.php?rest_route=\/wp\/v2\/media\/3291"}],"wp:attachment":[{"href":"https:\/\/wavexia.com\/index.php?rest_route=%2Fwp%2Fv2%2Fmedia&parent=3292"}],"wp:term":[{"taxonomy":"pwb-brand","embeddable":true,"href":"https:\/\/wavexia.com\/index.php?rest_route=%2Fwp%2Fv2%2Fpwb-brand&post=3292"},{"taxonomy":"product_brand","embeddable":true,"href":"https:\/\/wavexia.com\/index.php?rest_route=%2Fwp%2Fv2%2Fproduct_brand&post=3292"},{"taxonomy":"product_cat","embeddable":true,"href":"https:\/\/wavexia.com\/index.php?rest_route=%2Fwp%2Fv2%2Fproduct_cat&post=3292"},{"taxonomy":"product_tag","embeddable":true,"href":"https:\/\/wavexia.com\/index.php?rest_route=%2Fwp%2Fv2%2Fproduct_tag&post=3292"}],"curies":[{"name":"wp","href":"https:\/\/api.w.org\/{rel}","templated":true}]}}