{"id":3287,"date":"2025-10-18T22:13:57","date_gmt":"2025-10-18T22:13:57","guid":{"rendered":"https:\/\/wavexia.com\/product\/celimax-the-vita-a-retinal-shot-tightening-booster-15ml\/"},"modified":"2026-03-10T07:30:54","modified_gmt":"2026-03-10T07:30:54","slug":"celimax-the-vita-a-retinal-shot-tightening-booster-15ml","status":"publish","type":"product","link":"https:\/\/wavexia.com\/?product=celimax-the-vita-a-retinal-shot-tightening-booster-15ml","title":{"rendered":"Celimax The Vita-a Retinal Shot Tightening Booster 15ml"},"content":{"rendered":"<h2>Description<\/h2>\n<p data-start=\"47\" data-end=\"600\">Celimax Le Vita-a Retinal Shot Tightening Booster est un puissant s\u00e9rum anti-\u00e2ge con\u00e7u pour cibler les rides, les ridules et les pores dilat\u00e9s. Infus\u00e9e de 0,1 % de r\u00e9tinal, une forme avanc\u00e9e de r\u00e9tinol, et de 3 % de MATRIXYL 3000, cette formule aide \u00e0 am\u00e9liorer l\u2019\u00e9lasticit\u00e9 de la\u00ae peau et \u00e0 favoriser une peau plus lisse et plus ferme. L\u2019inclusion d\u2019A-Shot\u2122, une fine particule con\u00e7ue pour p\u00e9n\u00e9trer dans les pores, am\u00e9liore l\u2019absorption et maximise l\u2019efficacit\u00e9 des ingr\u00e9dients actifs. Le s\u00e9rum offre une hydratation en profondeur avec 1 % de vitamine B5 Panth\u00e9nol, laissant la peau avec un fini rebondissant et jeune.<\/p>\n<h4 data-start=\"602\" data-end=\"622\">Caract\u00e9ristiques du produit&nbsp;:<\/h4>\n<ul data-start=\"624\" data-end=\"1313\">\n<li data-start=\"624\" data-end=\"778\">Formule anti-\u00e2ge : Contient 0,1 % de r\u00e9tinien pur et 3 % de MATRIXYL 3000 pour am\u00e9liorer l\u2019\u00e9lasticit\u00e9 de la\u00ae peau, r\u00e9duisant l\u2019apparence des rides et ridules.<\/li>\n<li data-start=\"780\" data-end=\"966\">Technologie d\u2019absorption avanc\u00e9e : Dispose de 20 250 A-Shot\u2122, une microparticule con\u00e7ue pour p\u00e9n\u00e9trer dans la peau et am\u00e9liorer l\u2019absorption des ingr\u00e9dients actifs pour une efficacit\u00e9 optimale.<\/li>\n<li data-start=\"968\" data-end=\"1067\">Boost d\u2019hydratation : Infus\u00e9 de 1 % de vitamine B5 Panth\u00e9nol pour hydrater et nourrir la peau en profondeur.<\/li>\n<li data-start=\"1069\" data-end=\"1207\">Technologie de microparticules raffin\u00e9e : La petite taille des particules aide \u00e0 diffuser les ingr\u00e9dients plus profond\u00e9ment dans la peau tout en r\u00e9duisant les irritations.<\/li>\n<li data-start=\"1209\" data-end=\"1313\">\n<p data-start=\"1211\" data-end=\"1313\">Utilisation nocturne uniquement : Recommand\u00e9 pour une application nocturne ; Un \u00e9cran solaire doit \u00eatre appliqu\u00e9 pendant la journ\u00e9e.<\/p>\n<\/li>\n<\/ul>\n<p><em>Fabriqu\u00e9 en Cor\u00e9e<\/em><\/p>\n<div class=\"collapsible-content__toggle\">\n<div class=\"collapsible-content__toggle-group\">\n<h5 class=\"collapsible-content__question h6\">Mode d\u2019emploi<\/h5>\n<div class=\"collapsible-content__icon no-js-hidden\"><\/div>\n<\/div>\n<div class=\"collapsible-content__answer no-js-flex\">\n<div class=\"collapsible-content__answer-inner\">\n<p><span class=\"metafield-multi_line_text_field\">Appliquez une quantit\u00e9 mod\u00e9r\u00e9e uniform\u00e9ment sur le visage lors de la routine de soins de la peau du soir et tapotez l\u00e9g\u00e8rement pour une meilleure absorption.<\/span><\/p>\n<div class=\"collapsible-content__toggle\">\n<div class=\"collapsible-content__toggle-group\">\n<h5 class=\"collapsible-content__question h6\">Ingr\u00e9dients<\/h5>\n<\/div>\n<div class=\"collapsible-content__icon no-js-hidden\"><\/div>\n<\/div>\n<div class=\"collapsible-content__answer no-js-flex\">\n<div class=\"collapsible-content__answer-inner\">\n<p><span class=\"metafield-multi_line_text_field\">Eau, butyl\u00e8ne glycol, glyc\u00e9rine, triglyc\u00e9ride caprylique\/caprique, alcool c\u00e9t\u00e9arylique, niacinamide, malate de diisost\u00e9aryle, 1,2-hexanediol, polypropylsilsesquioxane, panth\u00e9nol, olivate de c\u00e9t\u00e9aryle, glucoside de c\u00e9t\u00e9aryle, olivate de sorbitan, copolym\u00e8re d\u2019acrylate d\u2019hydroxy\u00e9thyle\/acryloyldim\u00e9thyl taurate de sodium, l\u00e9cithine, carbom\u00e8re, arginine, polym\u00e8re crois\u00e9 dim\u00e9thicone\/dim\u00e9thicone de vinyle, tocoph\u00e9rol, r\u00e9tinien (0,1&nbsp;%), gomme xanthane, \u00e9thylhexylglyc\u00e9rine, ad\u00e9nosine, isost\u00e9arate de sorbitan, lactate de sodium, \u00e9ponge hydrolys\u00e9e, EDTA disodique, polysorbate 20, acide ascorbique, glucose, palmitoyl tripeptide-1, palmitoyl t\u00e9trapeptide-7<\/span><\/p>\n<\/div>\n<\/div>\n<\/div>\n<\/div>\n<\/div>\n","protected":false},"excerpt":{"rendered":"<p>Description Celimax Le Vita-a Retinal Shot Tightening Booster est un puissant s\u00e9rum anti-\u00e2ge con\u00e7u pour cibler les rides, les ridules et les pores dilat\u00e9s. Infus\u00e9e de 0,1 % de r\u00e9tinal, une forme avanc\u00e9e de r\u00e9tinol, et de 3 % de MATRIXYL 3000, cette formule aide \u00e0 am\u00e9liorer l\u2019\u00e9lasticit\u00e9 de la\u00ae peau et \u00e0 favoriser une [&hellip;]<\/p>\n","protected":false},"featured_media":3286,"comment_status":"open","ping_status":"closed","template":"","meta":{"content-type":"","_uag_custom_page_level_css":""},"pwb-brand":[],"product_brand":[],"product_cat":[357,333,352,327,339,328,334],"product_tag":[],"class_list":{"0":"post-3287","1":"product","2":"type-product","3":"status-publish","4":"has-post-thumbnail","6":"product_cat-anti-age-rides","7":"product_cat-celimax","8":"product_cat-contour-des-yeux","9":"product_cat-hmizat","10":"product_cat-meilleures-ventes","11":"product_cat-nouveautes","12":"product_cat-produits-coreens","14":"first","15":"instock","16":"sale","17":"shipping-taxable","18":"purchasable","19":"product-type-simple"},"aioseo_notices":[],"uagb_featured_image_src":{"full":["https:\/\/wavexia.com\/wp-content\/uploads\/2025\/10\/RetinalBooster.webp",1080,1080,false],"thumbnail":["https:\/\/wavexia.com\/wp-content\/uploads\/2025\/10\/RetinalBooster-150x150.webp",150,150,true],"medium":["https:\/\/wavexia.com\/wp-content\/uploads\/2025\/10\/RetinalBooster-300x300.webp",300,300,true],"medium_large":["https:\/\/wavexia.com\/wp-content\/uploads\/2025\/10\/RetinalBooster-768x768.webp",768,768,true],"large":["https:\/\/wavexia.com\/wp-content\/uploads\/2025\/10\/RetinalBooster-1024x1024.webp",1024,1024,true],"1536x1536":["https:\/\/wavexia.com\/wp-content\/uploads\/2025\/10\/RetinalBooster.webp",1080,1080,false],"2048x2048":["https:\/\/wavexia.com\/wp-content\/uploads\/2025\/10\/RetinalBooster.webp",1080,1080,false],"woocommerce_archive_thumbnail":["https:\/\/wavexia.com\/wp-content\/uploads\/2025\/10\/RetinalBooster-300x300.webp",300,300,true],"woocommerce_thumbnail":["https:\/\/wavexia.com\/wp-content\/uploads\/2025\/10\/RetinalBooster-300x300.webp",300,300,true],"woocommerce_single":["https:\/\/wavexia.com\/wp-content\/uploads\/2025\/10\/RetinalBooster-600x600.webp",600,600,true],"woocommerce_gallery_thumbnail":["https:\/\/wavexia.com\/wp-content\/uploads\/2025\/10\/RetinalBooster-100x100.webp",100,100,true]},"uagb_author_info":{"display_name":"zineddine.ayoub98@gmail.com","author_link":"https:\/\/wavexia.com\/?author=0"},"uagb_comment_info":0,"uagb_excerpt":"Description Celimax Le Vita-a Retinal Shot Tightening Booster est un puissant s\u00e9rum anti-\u00e2ge con\u00e7u pour cibler les rides, les ridules et les pores dilat\u00e9s. Infus\u00e9e de 0,1 % de r\u00e9tinal, une forme avanc\u00e9e de r\u00e9tinol, et de 3 % de MATRIXYL 3000, cette formule aide \u00e0 am\u00e9liorer l\u2019\u00e9lasticit\u00e9 de la\u00ae peau et \u00e0 favoriser une&hellip;","brands":[],"_links":{"self":[{"href":"https:\/\/wavexia.com\/index.php?rest_route=\/wp\/v2\/product\/3287","targetHints":{"allow":["GET"]}}],"collection":[{"href":"https:\/\/wavexia.com\/index.php?rest_route=\/wp\/v2\/product"}],"about":[{"href":"https:\/\/wavexia.com\/index.php?rest_route=\/wp\/v2\/types\/product"}],"replies":[{"embeddable":true,"href":"https:\/\/wavexia.com\/index.php?rest_route=%2Fwp%2Fv2%2Fcomments&post=3287"}],"wp:featuredmedia":[{"embeddable":true,"href":"https:\/\/wavexia.com\/index.php?rest_route=\/wp\/v2\/media\/3286"}],"wp:attachment":[{"href":"https:\/\/wavexia.com\/index.php?rest_route=%2Fwp%2Fv2%2Fmedia&parent=3287"}],"wp:term":[{"taxonomy":"pwb-brand","embeddable":true,"href":"https:\/\/wavexia.com\/index.php?rest_route=%2Fwp%2Fv2%2Fpwb-brand&post=3287"},{"taxonomy":"product_brand","embeddable":true,"href":"https:\/\/wavexia.com\/index.php?rest_route=%2Fwp%2Fv2%2Fproduct_brand&post=3287"},{"taxonomy":"product_cat","embeddable":true,"href":"https:\/\/wavexia.com\/index.php?rest_route=%2Fwp%2Fv2%2Fproduct_cat&post=3287"},{"taxonomy":"product_tag","embeddable":true,"href":"https:\/\/wavexia.com\/index.php?rest_route=%2Fwp%2Fv2%2Fproduct_tag&post=3287"}],"curies":[{"name":"wp","href":"https:\/\/api.w.org\/{rel}","templated":true}]}}